{"id":2939,"date":"2021-07-23T13:28:40","date_gmt":"2021-07-23T13:28:40","guid":{"rendered":"http:\/\/www.webolto.com\/pt\/?page_id=2939"},"modified":"2021-08-20T10:02:42","modified_gmt":"2021-08-20T10:02:42","slug":"mencoes-legais","status":"publish","type":"page","link":"https:\/\/www.webolto.com\/pt\/mencoes-legais\/","title":{"rendered":"Men\u00e7\u00f5es legais"},"content":{"rendered":"<h2>Editor do s\u00edtio<\/h2>\n<p><strong>Empresa:<\/strong> HM Digital<br \/>\n<strong>Capital:<\/strong> 1.000 euros<br \/>\n<strong>N\u00ba de inscri\u00e7\u00e3o: <\/strong>Paris B 801 813 841<br \/>\n<strong>Endere\u00e7o:<\/strong> 42 RUE DE MAUBEUGE 75009 PARIS<br \/>\n<strong>Tel:<\/strong> 01 85 08 37 48<br \/>\n<strong>Endere\u00e7o de correio electr\u00f3nico:<\/strong> contact@webolto.com<br \/>\n<strong>Director da publica\u00e7\u00e3o:<\/strong> Jordane Feuillet<\/p>\n<h2>S\u00edtio anfitri\u00e3o<\/h2>\n<p><strong>Servidor anfitri\u00e3o:<\/strong> WP Engine<br \/>\n<strong>Endere\u00e7o do servidor anfitri\u00e3o: <\/strong>504 Lavaca Street, Suite 1000 Austin, Texas 78701, Estados Unidos<br \/>\n<strong>Tel:<\/strong> 1-877-973-6446<br \/>\n<strong>Correio:<\/strong> sales@wpengine.com<\/p>\n<h2>Propriedade intelectual<\/h2>\n<p>A apresenta\u00e7\u00e3o e cada elemento do website Webolto incluindo marcas, log\u00f3tipos, fotografias, nomes de dom\u00ednio, qualquer elemento gr\u00e1fico pertencem exclusivamente \u00e0 Webolto ou aos seus licenciadores e s\u00e3o protegidos pelas leis de propriedade intelectual.<\/p>\n<h2>Dados recolhidos no s\u00edtio Webolto<\/h2>\n<p>Quando se regista para os nossos servi\u00e7os, os seguintes dados s\u00e3o potencialmente recolhidos e processados: correio electr\u00f3nico, nome, apelido, endere\u00e7o(s) IP e nome de dom\u00ednio. Ao utilizar os nossos servi\u00e7os, s\u00e3o recolhidos e processados os seguintes dados: dados de liga\u00e7\u00e3o e dados de navega\u00e7\u00e3o quando os autoriza, hist\u00f3rico de encomendas, reclama\u00e7\u00f5es, incidentes, informa\u00e7\u00f5es de subscri\u00e7\u00e3o e correspond\u00eancia no nosso site. Alguns dados s\u00e3o recolhidos automaticamente como resultado das suas ac\u00e7\u00f5es no site (ver o par\u00e1grafo sobre cookies abaixo).<\/p>\n<p>Os dados submetidos n\u00e3o devem incluir dados pessoais sens\u00edveis, tais como identificadores governamentais (tais como n\u00fameros da seguran\u00e7a social, n\u00fameros da carta de condu\u00e7\u00e3o, ou n\u00fameros de identifica\u00e7\u00e3o do contribuinte), n\u00fameros completos de cart\u00f5es de cr\u00e9dito ou de contas banc\u00e1rias pessoais, registos m\u00e9dicos, ou informa\u00e7\u00f5es sobre pedidos de cuidados de sa\u00fade associados a indiv\u00edduos.<\/p>\n<h2>Destinat\u00e1rios dos seus dados<\/h2>\n<p>Os dados pessoais recolhidos de si no website destinam-se ao uso pr\u00f3prio da Webolto e podem ser transmitidos a subcontratantes que a Webolto poder\u00e1 utilizar no decurso da presta\u00e7\u00e3o dos seus servi\u00e7os. A Webolto garante o cumprimento dos requisitos de protec\u00e7\u00e3o de dados para todos os seus subcontratantes.<\/p>\n<p>A Webolto n\u00e3o vende ou aluga os seus dados pessoais a terceiros para fins de marketing, em nenhuma circunst\u00e2ncia.<\/p>\n<p>Al\u00e9m disso, a Webolto n\u00e3o divulga os seus dados pessoais a terceiros, a menos que (1) o utilizador (ou o administrador da sua conta agindo em seu nome) solicite ou autorize a divulga\u00e7\u00e3o; (2) a divulga\u00e7\u00e3o seja necess\u00e1ria para processar transac\u00e7\u00f5es ou fornecer servi\u00e7os que o utilizador tenha solicitado (i. e, (3) a Webolto seja obrigada a faz\u00ea-lo por uma autoridade governamental ou ag\u00eancia reguladora, em resposta a uma ordem judicial, intima\u00e7\u00e3o, ou outro requisito governamental ou judicial semelhante, ou para estabelecer ou defender uma ac\u00e7\u00e3o judicial; ou (4) o terceiro esteja a agir como agente ou subcontratante da Webolto na execu\u00e7\u00e3o dos Servi\u00e7os (por exemplo, a Webolto utiliza os servi\u00e7os de uma empresa de telecomunica\u00e7\u00f5es).<\/p>\n<h2>Declara\u00e7\u00e3o da CNIL<\/h2>\n<p>O processamento autom\u00e1tico de informa\u00e7\u00e3o \u00e9 actualmente objecto de uma declara\u00e7\u00e3o em curso.<br \/>\nO utilizador mant\u00e9m o direito de apresentar uma queixa por viola\u00e7\u00e3o da protec\u00e7\u00e3o dos seus dados, junto desta autoridade de controlo.<\/p>\n<h2>Cookies\/Tracking<\/h2>\n<p>Webolto utiliza geralmente cookies para melhorar e personalizar o site e\/ou para medir o p\u00fablico. Os cookies s\u00e3o ficheiros armazenados no disco r\u00edgido do seu computador enquanto navega na Internet, incluindo o site. Um cookie n\u00e3o \u00e9 utilizado para recolher dados pessoais sem o seu conhecimento, mas para registar informa\u00e7\u00f5es sobre a sua navega\u00e7\u00e3o no site que podem ser lidas directamente pela Webolto durante as suas visitas e pedidos subsequentes no site.<\/p>\n<p>Se optar por recusar todos os cookies, a sua navega\u00e7\u00e3o pode ser reduzida para aceder a determinadas p\u00e1ginas do site. Os cookies utilizados pela Webolto destinam-se a permitir ou facilitar a comunica\u00e7\u00e3o, a permitir a presta\u00e7\u00e3o de servi\u00e7os solicitados pelos utilizadores, a reconhecer utilizadores em visitas subsequentes, a garantir pagamentos que os utilizadores possam fazer, a registar a l\u00edngua falada pelos utilizadores ou outras prefer\u00eancias necess\u00e1rias para prestar o servi\u00e7o solicitado, e a permitir \u00e0 Webolto, internamente, analisar o tr\u00e1fego ou a experi\u00eancia de navega\u00e7\u00e3o dos nossos clientes nas p\u00e1ginas de informa\u00e7\u00e3o do site, a fim de melhorar o conte\u00fado, rastrear taxas de abertura, taxas de click-through e taxas de bounce a um n\u00edvel individual.<\/p>\n<p>Quando acede a sites de terceiros que anunciam no site Webolto, ou possivelmente quando visualiza esses an\u00fancios, os cookies podem ser definidos pelas empresas que servem os an\u00fancios. Tais terceiros que possam utilizar cookies como parte dos servi\u00e7os da Webolto (parceiros ou outros terceiros que forne\u00e7am conte\u00fado ou servi\u00e7os dispon\u00edveis no site da Webolto) s\u00e3o respons\u00e1veis pelos cookies que estabelecem e aplicam-se as suas pol\u00edticas de cookies. A Webolto n\u00e3o assume qualquer responsabilidade por qualquer utiliza\u00e7\u00e3o de cookies por estes terceiros. Para mais informa\u00e7\u00f5es, recomendamos-lhe que consulte directamente a pol\u00edtica de cookies do anunciante ou de terceiros.<\/p>\n<h2>Seguran\u00e7a<\/h2>\n<p>Webolto toma todas as medidas necess\u00e1rias para garantir a seguran\u00e7a e confidencialidade dos dados pessoais que recolhemos e, em particular, para evitar danos aos dados pessoais que recolhemos e impedir o acesso n\u00e3o autorizado por terceiros.<\/p>\n<p>Para este fim, a Webolto implementa medidas de seguran\u00e7a padr\u00e3o da ind\u00fastria para proteger os dados pessoais contra a divulga\u00e7\u00e3o n\u00e3o autorizada. Utilizando m\u00e9todos de encripta\u00e7\u00e3o recomendados pela ind\u00fastria, a Webolto toma as medidas necess\u00e1rias para proteger as informa\u00e7\u00f5es de pagamento e de cart\u00e3o de cr\u00e9dito.<\/p>\n<p>O acesso f\u00edsico \u00e0s nossas instala\u00e7\u00f5es, onde se encontra o nosso equipamento inform\u00e1tico, \u00e9 assegurado.<\/p>\n<p>Al\u00e9m disso, para impedir o acesso n\u00e3o autorizado, assegurar a exactid\u00e3o e a utiliza\u00e7\u00e3o adequada dos dados, Webolto implementou procedimentos electr\u00f3nicos, f\u00edsicos e de gest\u00e3o adequados para salvaguardar e preservar os dados recolhidos atrav\u00e9s dos seus servi\u00e7os.<\/p>\n<h2>Divulga\u00e7\u00e3o<\/h2>\n<p>De acordo com o Regulamento Geral de Protec\u00e7\u00e3o de Dados da UE, tem o direito a informa\u00e7\u00e3o gratuita sobre os seus dados armazenados, e o direito \u00e0 correc\u00e7\u00e3o, bloqueio ou elimina\u00e7\u00e3o desses dados. Os pedidos de informa\u00e7\u00e3o podem ser enviados para o seguinte endere\u00e7o de correio electr\u00f3nico: (contact@webolto.com). Os seus pedidos ser\u00e3o processados no prazo de 30 dias.<\/p>\n","protected":false},"excerpt":{"rendered":"<p>Editor do s\u00edtio Empresa: HM Digital Capital: 1.000 euros N\u00ba de inscri\u00e7\u00e3o: Paris B 801 813 841 Endere\u00e7o: 42 RUE DE MAUBEUGE 75009 PARIS Tel: 01 85 08 37 48 Endere\u00e7o de correio electr\u00f3nico: contact@webolto.com Director da publica\u00e7\u00e3o: Jordane Feuillet S\u00edtio anfitri\u00e3o Servidor anfitri\u00e3o: WP Engine Endere\u00e7o do servidor anfitri\u00e3o: 504 Lavaca Street, Suite 1000 [&hellip;]<\/p>\n","protected":false},"author":18,"featured_media":0,"parent":0,"menu_order":0,"comment_status":"closed","ping_status":"closed","template":"","meta":{"_acf_changed":false,"om_disable_all_campaigns":false,"_genesis_hide_title":false,"_genesis_hide_breadcrumbs":false,"_genesis_hide_singular_image":false,"_genesis_hide_footer_widgets":false,"_genesis_custom_body_class":"","_genesis_custom_post_class":"","_genesis_layout":"full-width-content","footnotes":""},"acf":[],"yoast_head":"<!-- This site is optimized with the Yoast SEO plugin v24.5 - https:\/\/yoast.com\/wordpress\/plugins\/seo\/ -->\n<title>Men\u00e7\u00f5es legais - Webolto<\/title>\n<meta name=\"robots\" content=\"index, follow, max-snippet:-1, max-image-preview:large, max-video-preview:-1\" \/>\n<link rel=\"canonical\" href=\"https:\/\/www.webolto.com\/pt\/mencoes-legais\/\" \/>\n<meta property=\"og:locale\" content=\"pt_PT\" \/>\n<meta property=\"og:type\" content=\"article\" \/>\n<meta property=\"og:title\" content=\"Men\u00e7\u00f5es legais - Webolto\" \/>\n<meta property=\"og:description\" content=\"Editor do s\u00edtio Empresa: HM Digital Capital: 1.000 euros N\u00ba de inscri\u00e7\u00e3o: Paris B 801 813 841 Endere\u00e7o: 42 RUE DE MAUBEUGE 75009 PARIS Tel: 01 85 08 37 48 Endere\u00e7o de correio electr\u00f3nico: contact@webolto.com Director da publica\u00e7\u00e3o: Jordane Feuillet S\u00edtio anfitri\u00e3o Servidor anfitri\u00e3o: WP Engine Endere\u00e7o do servidor anfitri\u00e3o: 504 Lavaca Street, Suite 1000 [&hellip;]\" \/>\n<meta property=\"og:url\" content=\"https:\/\/www.webolto.com\/pt\/mencoes-legais\/\" \/>\n<meta property=\"og:site_name\" content=\"Webolto\" \/>\n<meta property=\"article:modified_time\" content=\"2021-08-20T10:02:42+00:00\" \/>\n<meta name=\"twitter:card\" content=\"summary_large_image\" \/>\n<meta name=\"twitter:label1\" content=\"Tempo estimado de leitura\" \/>\n\t<meta name=\"twitter:data1\" content=\"5 minutos\" \/>\n<script type=\"application\/ld+json\" class=\"yoast-schema-graph\">{\"@context\":\"https:\/\/schema.org\",\"@graph\":[{\"@type\":\"WebPage\",\"@id\":\"https:\/\/www.webolto.com\/pt\/mencoes-legais\/\",\"url\":\"https:\/\/www.webolto.com\/pt\/mencoes-legais\/\",\"name\":\"Men\u00e7\u00f5es legais - Webolto\",\"isPartOf\":{\"@id\":\"https:\/\/www.webolto.com\/pt\/#website\"},\"datePublished\":\"2021-07-23T13:28:40+00:00\",\"dateModified\":\"2021-08-20T10:02:42+00:00\",\"breadcrumb\":{\"@id\":\"https:\/\/www.webolto.com\/pt\/mencoes-legais\/#breadcrumb\"},\"inLanguage\":\"pt-PT\",\"potentialAction\":[{\"@type\":\"ReadAction\",\"target\":[\"https:\/\/www.webolto.com\/pt\/mencoes-legais\/\"]}]},{\"@type\":\"BreadcrumbList\",\"@id\":\"https:\/\/www.webolto.com\/pt\/mencoes-legais\/#breadcrumb\",\"itemListElement\":[{\"@type\":\"ListItem\",\"position\":1,\"name\":\"Home\",\"item\":\"https:\/\/www.webolto.com\/pt\/\"},{\"@type\":\"ListItem\",\"position\":2,\"name\":\"Men\u00e7\u00f5es legais\"}]},{\"@type\":\"WebSite\",\"@id\":\"https:\/\/www.webolto.com\/pt\/#website\",\"url\":\"https:\/\/www.webolto.com\/pt\/\",\"name\":\"Webolto\",\"description\":\"Centro de recursos para projetos da web\",\"publisher\":{\"@id\":\"https:\/\/www.webolto.com\/pt\/#organization\"},\"potentialAction\":[{\"@type\":\"SearchAction\",\"target\":{\"@type\":\"EntryPoint\",\"urlTemplate\":\"https:\/\/www.webolto.com\/pt\/?s={search_term_string}\"},\"query-input\":{\"@type\":\"PropertyValueSpecification\",\"valueRequired\":true,\"valueName\":\"search_term_string\"}}],\"inLanguage\":\"pt-PT\"},{\"@type\":\"Organization\",\"@id\":\"https:\/\/www.webolto.com\/pt\/#organization\",\"name\":\"Webolto\",\"url\":\"https:\/\/www.webolto.com\/pt\/\",\"logo\":{\"@type\":\"ImageObject\",\"inLanguage\":\"pt-PT\",\"@id\":\"https:\/\/www.webolto.com\/pt\/#\/schema\/logo\/image\/\",\"url\":\"https:\/\/www.webolto.com\/pt\/wp-content\/uploads\/sites\/3\/2020\/05\/header-logo.png\",\"contentUrl\":\"https:\/\/www.webolto.com\/pt\/wp-content\/uploads\/sites\/3\/2020\/05\/header-logo.png\",\"width\":3237,\"height\":667,\"caption\":\"Webolto\"},\"image\":{\"@id\":\"https:\/\/www.webolto.com\/pt\/#\/schema\/logo\/image\/\"}}]}<\/script>\n<!-- \/ Yoast SEO plugin. -->","yoast_head_json":{"title":"Men\u00e7\u00f5es legais - Webolto","robots":{"index":"index","follow":"follow","max-snippet":"max-snippet:-1","max-image-preview":"max-image-preview:large","max-video-preview":"max-video-preview:-1"},"canonical":"https:\/\/www.webolto.com\/pt\/mencoes-legais\/","og_locale":"pt_PT","og_type":"article","og_title":"Men\u00e7\u00f5es legais - Webolto","og_description":"Editor do s\u00edtio Empresa: HM Digital Capital: 1.000 euros N\u00ba de inscri\u00e7\u00e3o: Paris B 801 813 841 Endere\u00e7o: 42 RUE DE MAUBEUGE 75009 PARIS Tel: 01 85 08 37 48 Endere\u00e7o de correio electr\u00f3nico: contact@webolto.com Director da publica\u00e7\u00e3o: Jordane Feuillet S\u00edtio anfitri\u00e3o Servidor anfitri\u00e3o: WP Engine Endere\u00e7o do servidor anfitri\u00e3o: 504 Lavaca Street, Suite 1000 [&hellip;]","og_url":"https:\/\/www.webolto.com\/pt\/mencoes-legais\/","og_site_name":"Webolto","article_modified_time":"2021-08-20T10:02:42+00:00","twitter_card":"summary_large_image","twitter_misc":{"Tempo estimado de leitura":"5 minutos"},"schema":{"@context":"https:\/\/schema.org","@graph":[{"@type":"WebPage","@id":"https:\/\/www.webolto.com\/pt\/mencoes-legais\/","url":"https:\/\/www.webolto.com\/pt\/mencoes-legais\/","name":"Men\u00e7\u00f5es legais - Webolto","isPartOf":{"@id":"https:\/\/www.webolto.com\/pt\/#website"},"datePublished":"2021-07-23T13:28:40+00:00","dateModified":"2021-08-20T10:02:42+00:00","breadcrumb":{"@id":"https:\/\/www.webolto.com\/pt\/mencoes-legais\/#breadcrumb"},"inLanguage":"pt-PT","potentialAction":[{"@type":"ReadAction","target":["https:\/\/www.webolto.com\/pt\/mencoes-legais\/"]}]},{"@type":"BreadcrumbList","@id":"https:\/\/www.webolto.com\/pt\/mencoes-legais\/#breadcrumb","itemListElement":[{"@type":"ListItem","position":1,"name":"Home","item":"https:\/\/www.webolto.com\/pt\/"},{"@type":"ListItem","position":2,"name":"Men\u00e7\u00f5es legais"}]},{"@type":"WebSite","@id":"https:\/\/www.webolto.com\/pt\/#website","url":"https:\/\/www.webolto.com\/pt\/","name":"Webolto","description":"Centro de recursos para projetos da web","publisher":{"@id":"https:\/\/www.webolto.com\/pt\/#organization"},"potentialAction":[{"@type":"SearchAction","target":{"@type":"EntryPoint","urlTemplate":"https:\/\/www.webolto.com\/pt\/?s={search_term_string}"},"query-input":{"@type":"PropertyValueSpecification","valueRequired":true,"valueName":"search_term_string"}}],"inLanguage":"pt-PT"},{"@type":"Organization","@id":"https:\/\/www.webolto.com\/pt\/#organization","name":"Webolto","url":"https:\/\/www.webolto.com\/pt\/","logo":{"@type":"ImageObject","inLanguage":"pt-PT","@id":"https:\/\/www.webolto.com\/pt\/#\/schema\/logo\/image\/","url":"https:\/\/www.webolto.com\/pt\/wp-content\/uploads\/sites\/3\/2020\/05\/header-logo.png","contentUrl":"https:\/\/www.webolto.com\/pt\/wp-content\/uploads\/sites\/3\/2020\/05\/header-logo.png","width":3237,"height":667,"caption":"Webolto"},"image":{"@id":"https:\/\/www.webolto.com\/pt\/#\/schema\/logo\/image\/"}}]}},"featured_image_src":null,"featured_image_src_square":null,"_links":{"self":[{"href":"https:\/\/www.webolto.com\/pt\/wp-json\/wp\/v2\/pages\/2939"}],"collection":[{"href":"https:\/\/www.webolto.com\/pt\/wp-json\/wp\/v2\/pages"}],"about":[{"href":"https:\/\/www.webolto.com\/pt\/wp-json\/wp\/v2\/types\/page"}],"author":[{"embeddable":true,"href":"https:\/\/www.webolto.com\/pt\/wp-json\/wp\/v2\/users\/18"}],"replies":[{"embeddable":true,"href":"https:\/\/www.webolto.com\/pt\/wp-json\/wp\/v2\/comments?post=2939"}],"version-history":[{"count":0,"href":"https:\/\/www.webolto.com\/pt\/wp-json\/wp\/v2\/pages\/2939\/revisions"}],"wp:attachment":[{"href":"https:\/\/www.webolto.com\/pt\/wp-json\/wp\/v2\/media?parent=2939"}],"curies":[{"name":"wp","href":"https:\/\/api.w.org\/{rel}","templated":true}]}}