{"id":2,"date":"2019-06-14T17:47:57","date_gmt":"2019-06-14T17:47:57","guid":{"rendered":"http:\/\/thefabrique.wpengine.com\/pt\/?page_id=2"},"modified":"2022-05-30T17:46:34","modified_gmt":"2022-05-30T17:46:34","slug":"sample-page","status":"publish","type":"page","link":"https:\/\/www.webolto.com\/pt\/","title":{"rendered":"Home"},"content":{"rendered":"<section class=\"slide background-light\" style=\"position: relative\">\n<div class=\"wrap\">\n<h2 class=\"title is-2 center has-text-danger\" style=\"margin: 80px 0 60px\">Elige un criador de sites web<\/h2>\n<section class=\"hero\" style=\"margin-bottom: 40px\">\n<div class=\"hero-foot\">\n<nav class=\"tabs is-fullwidth is-large\">\n<div class=\"container\">\n<ul class=\"front-none\">\n<li class=\"tab is-active\" onclick=\"openTab(event,'tab1')\"><a>Criadores de site<\/a><\/li>\n<li class=\"tab\" onclick=\"openTab(event,'tab2')\"><a>Criadores de loja virtual<\/a><\/li>\n<\/ul><\/div>\n<\/nav><\/div>\n<\/section>\n<div class=\"container\">\n<div id=\"tab1\" class=\"content-tab\">\n<p>Voc\u00ea est\u00e1 disposto a criar um site para o seu projeto? Descubra os 5 principais construtores de sites do mercado. Tudo o que voc\u00ea precisa para escolher sabiamente conhecer todos os fatos.<\/p>\n<div class=\"box\" style=\"margin-top: 40px\">\n<div>\n<h4 class=\"title is-5\" style=\"margin: 0;\">Principais criadores de sites para todos os tipos de sites<\/h4>\n<\/div>\n<div class=\"table table-light\" style=\"margin-top: 2rem;\">\n<div class=\"columns is-vcentered\">\n<div class=\"column is-narrow\">1.<\/div>\n<div class=\"column is-1 center\">\n<div class=\"builder-logo\" itemprop=\"image\">\n\t\t\t\t\t\t<a href=\"\/go\/wix\" target=\"_blank\" rel=\"nofollow noopener noreferrer\" on-page-pcr=\"true\"><br \/>\n\t\t\t\t\t\t<img decoding=\"async\" src=\"\/wp-content\/uploads\/2019\/07\/wix-100x100.svg\" alt=\"wix logo\" data-src=\"\/wp-content\/uploads\/2019\/07\/wix.svg\"\/><\/a>\n\t\t\t\t\t\t<\/div>\n<\/div>\n<div class=\"column is-2\">Wix<\/div>\n<div class=\"column is-1\">\n<div class='c100 p95 small center font50'>\n\t\t\t\t\t\t\t<span>95%<\/span>\n<div class='slice'>\n<div class='bar'><\/div>\n<div class='fill'><\/div>\n<\/div>\n<\/div>\n<\/div>\n<div class=\"column is-5\">Provavelmente o melhor construtor de sites. Mais de 20 milh\u00f5es de sites.<\/div>\n<div class=\"column\">\n\t\t\t\t\t<a class=\"button is-danger is-outlined\" style=\"margin: 0 auto\" href=\"https:\/\/www.webolto.com\/pt\/criador-sites\/analise-wix\/\">Revis\u00e3o completa<\/a>\n\t\t\t\t\t<\/div>\n<\/div>\n<div class=\"columns is-vcentered\">\n<div class=\"column is-narrow\">2.<\/div>\n<div class=\"column is-1 center\">\n<div class=\"builder-logo\" itemprop=\"image\">\n\t\t\t\t\t\t<a href=\"\/go\/wordpress\" target=\"_blank\" rel=\"nofollow noopener noreferrer\" on-page-pcr=\"true\"><br \/>\n\t\t\t\t\t\t<img decoding=\"async\" src=\"\/wp-content\/uploads\/2020\/01\/wordpress-logo-thumb.png\" alt=\"wordpress logo\" data-src=\"\/wp-content\/uploads\/2020\/01\/wordpress-logo-thumb.png\"\/><\/a>\n\t\t\t\t\t\t<\/div>\n<\/div>\n<div class=\"column is-2\">WordPress<\/div>\n<div class=\"column is-1\">\n<div class='c100 p90 small center font50'>\n\t\t\t\t\t\t\t<span>90%<\/span>\n<div class='slice'>\n<div class='bar'><\/div>\n<div class='fill'><\/div>\n<\/div>\n<\/div>\n<\/div>\n<div class=\"column is-5\">O construtor de sites mais popular do mercado.<\/div>\n<div class=\"column\">\n\t\t\t\t\t<a class=\"button is-danger is-outlined\" style=\"margin: 0 auto\" href=\"https:\/\/www.webolto.com\/pt\/criador-sites\/analise-wordpress\/\">Revision completa<\/a>\n\t\t\t\t\t<\/div>\n<\/div>\n<div class=\"columns is-vcentered\">\n<div class=\"column is-narrow\">3.<\/div>\n<div class=\"column is-1 center\">\n<div class=\"builder-logo\" itemprop=\"image\">\n\t\t\t\t\t\t<a href=\"\/go\/weebly\" target=\"_blank\" rel=\"nofollow noopener noreferrer\" on-page-pcr=\"true\"><br \/>\n\t\t\t\t\t\t<img decoding=\"async\" src=\"\/wp-content\/uploads\/2019\/07\/weebly-100x100.png\" alt=\"squarespace logo\"\/><\/a>\n\t\t\t\t\t\t<\/div>\n<\/div>\n<div class=\"column is-2\">Weebly<\/div>\n<div class=\"column is-1\">\n<div class='c100 p85 small center font50'>\n\t\t\t\t\t\t\t<span>85%<\/span>\n<div class='slice'>\n<div class='bar'><\/div>\n<div class='fill'><\/div>\n<\/div>\n<\/div>\n<\/div>\n<div class=\"column is-5\">Um dos principais criadores de sites, com uma plataforma muito f\u00e1cil e modelos flex\u00edveis.<\/div>\n<div class=\"column\">\n\t\t\t\t\t<a class=\"button is-danger is-outlined\" style=\"margin: 0 auto\" href=\"https:\/\/www.webolto.com\/pt\/criador-sites\/analise-weebly\/\">Revision completa<\/a>\n\t\t\t\t\t<\/div>\n<\/div>\n<div class=\"columns is-vcentered\">\n<div class=\"column is-narrow\">4.<\/div>\n<div class=\"column is-1 center\">\n<div class=\"builder-logo\" itemprop=\"image\">\n\t\t\t\t\t\t<a href=\"\/go\/strikingly\" target=\"_blank\" rel=\"nofollow noopener noreferrer\" on-page-pcr=\"true\"><br \/>\n\t\t\t\t\t\t<img decoding=\"async\" src=\"\/wp-content\/uploads\/2019\/07\/strikingly-100x100.png\" alt=\"squarespace logo\"\/><\/a>\n\t\t\t\t\t\t<\/div>\n<\/div>\n<div class=\"column is-2\">Strikingly<\/div>\n<div class=\"column is-1\">\n<div class='c100 p85 small center font50'>\n\t\t\t\t\t\t\t<span>85%<\/span>\n<div class='slice'>\n<div class='bar'><\/div>\n<div class='fill'><\/div>\n<\/div>\n<\/div>\n<\/div>\n<div class=\"column is-5\">Surpreendentemente, \u00e9 \u00f3timo para sites de celular e de uma p\u00e1gina.<\/div>\n<div class=\"column\">\n\t\t\t\t\t<a class=\"button is-danger is-outlined\" style=\"margin: 0 auto\" href=\"\/pt\/criador-sites\/analise-strikingly\/\">Revis\u00e3o completa<\/a>\n\t\t\t\t\t<\/div>\n<\/div>\n<div class=\"columns is-vcentered\">\n<div class=\"column is-narrow\">5.<\/div>\n<div class=\"column is-1 center\">\n<div class=\"builder-logo\" itemprop=\"image\">\n\t\t\t\t\t\t\t<a href=\"\/go\/squarespace\" target=\"_blank\" rel=\"nofollow noopener noreferrer\" on-page-pcr=\"true\"><br \/>\n\t\t\t\t\t\t\t<img decoding=\"async\" src=\"\/wp-content\/uploads\/2019\/07\/squarespace-100x100.jpg\" alt=\"squarespace logo\"\/><\/a>\n\t\t\t\t\t\t<\/div>\n<\/div>\n<div class=\"column is-2\">Squarespace<\/div>\n<div class=\"column is-1\">\n<div class='c100 p80 small center font50'>\n\t\t\t\t\t\t\t<span>80%<\/span>\n<div class='slice'>\n<div class='bar'><\/div>\n<div class='fill'><\/div>\n<\/div>\n<\/div>\n<\/div>\n<div class=\"column is-5\">Um software premium que atende \u00e0s necessidades de empresas e artistas com grande variedade de temas.<\/div>\n<div class=\"column\">\n\t\t\t\t\t\t\t<a class=\"button is-danger is-outlined\" style=\"margin: 0 auto\" href=\"\/pt\/criador-sites\/analise-squarespace\/\">Revis\u00e3o completa<\/a>\n\t\t\t\t\t\t<\/div>\n<\/div>\n<\/div>\n<\/div>\n<\/div>\n<div id=\"tab2\" class=\"content-tab\" style=\"display:none\">\n<p>Voc\u00ea encontrar\u00e1 aqui uma tabela de compara\u00e7\u00e3o dos principais fabricantes de com\u00e9rcio eletr\u00f4nico dispon\u00edveis no mercado. As melhores solu\u00e7\u00f5es de com\u00e9rcio eletr\u00f4nico est\u00e3o aqui.<\/p>\n<div class=\"box\" style=\"margin-top: 40px\">\n<div>\n<h4 class=\"title is-5\" style=\"margin: 0;\">Principais criadores de sites para sites de com\u00e9rcio eletr\u00f4nico<\/h4>\n<\/div>\n<div class=\"table table-light\" style=\"margin-top: 2rem;\">\n<div class=\"columns is-vcentered\">\n<div class=\"column is-narrow\">1.<\/div>\n<div class=\"column is-1 center\">\n<div class=\"builder-logo\" itemprop=\"image\">\n\t\t\t\t\t\t<a href=\"\/go\/shopify\" target=\"_blank\" rel=\"nofollow noopener noreferrer\" on-page-pcr=\"true\"><br \/>\n\t\t\t\t\t\t<img decoding=\"async\" src=\"\/wp-content\/uploads\/2019\/07\/shopify-100x100.png\" alt=\"shopify logo\"\/><\/a>\n\t\t\t\t\t\t<\/div>\n<\/div>\n<div class=\"column is-2\">Shopify<\/div>\n<div class=\"column is-1\">\n<div class='c100 p95 small center font50'>\n\t\t\t\t\t\t\t<span>95%<\/span>\n<div class='slice'>\n<div class='bar'><\/div>\n<div class='fill'><\/div>\n<\/div>\n<\/div>\n<\/div>\n<div class=\"column is-5\">O mais popular Ecommerce Website Builder, gra\u00e7as a uma plataforma completa e muito confi\u00e1vel.<\/div>\n<div class=\"column\">\n\t\t\t\t\t<a class=\"button is-danger is-outlined\" style=\"margin: 0 auto\" href=\"\/pt\/criar-loja-virtual\/analise-shopify\/\">Revis\u00e3o completa<\/a>\n\t\t\t\t\t<\/div>\n<\/div>\n<div class=\"columns is-vcentered\">\n<div class=\"column is-narrow\">3.<\/div>\n<div class=\"column is-1 center\">\n<div class=\"builder-logo\" itemprop=\"image\">\n\t\t\t\t\t\t<a href=\"\/go\/bigcommerce\" target=\"_blank\" rel=\"nofollow noopener noreferrer\" on-page-pcr=\"true\"><br \/>\n\t\t\t\t\t\t<img decoding=\"async\" src=\"\/wp-content\/uploads\/2019\/07\/bigcommerce-100x100.png\" alt=\"bigcommerce logo\"\/><\/a>\n\t\t\t\t\t\t<\/div>\n<\/div>\n<div class=\"column is-2\">BigCommerce<\/div>\n<div class=\"column is-1\">\n<div class='c100 p90 small center font50'>\n\t\t\t\t\t\t\t<span>90%<\/span>\n<div class='slice'>\n<div class='bar'><\/div>\n<div class='fill'><\/div>\n<\/div>\n<\/div>\n<\/div>\n<div class=\"column is-5\">Descubra uma plataforma poderosa e flex\u00edvel, ideal para varejistas.<\/div>\n<div class=\"column\">\n\t\t\t\t\t<a class=\"button is-danger is-outlined\" style=\"margin: 0 auto\" href=\"\/pt\/criar-loja-virtual\/analise-bigcommerce\/\">Revis\u00e3o completa<\/a>\n\t\t\t\t\t<\/div>\n<\/div>\n<div class=\"columns is-vcentered\">\n<div class=\"column is-narrow\">2.<\/div>\n<div class=\"column is-1 center\">\n<div class=\"builder-logo\" itemprop=\"image\">\n\t\t\t\t\t\t<a href=\"\/go\/wix\" target=\"_blank\" rel=\"nofollow noopener noreferrer\" on-page-pcr=\"true\"><br \/>\n\t\t\t\t\t\t<img decoding=\"async\" src=\"\/wp-content\/uploads\/2019\/07\/wix-100x100.svg\" alt=\"wix logo\"\/><\/a>\n\t\t\t\t\t\t<\/div>\n<\/div>\n<div class=\"column is-2\">Wix<\/div>\n<div class=\"column is-1\">\n<div class='c100 p80 small center font50'>\n\t\t\t\t\t\t\t<span>80%<\/span>\n<div class='slice'>\n<div class='bar'><\/div>\n<div class='fill'><\/div>\n<\/div>\n<\/div>\n<\/div>\n<div class=\"column is-5\">O construtor de sites mais popular tem recursos de com\u00e9rcio eletr\u00f4nico.<\/div>\n<div class=\"column\">\n\t\t\t\t\t<a class=\"button is-danger is-outlined\" style=\"margin: 0 auto\" href=\"\/pt\/criar-loja-virtual\/wix-ecommerce\/\">Revis\u00e3o completa<\/a>\n\t\t\t\t\t<\/div>\n<\/div>\n<div class=\"columns is-vcentered\">\n<div class=\"column is-narrow\">5.<\/div>\n<div class=\"column is-1 center\">\n<div class=\"builder-logo\" itemprop=\"image\">\n\t\t\t\t\t\t<a href=\"https:\/\/woocommerce.com\/\" target=\"_blank\" rel=\"nofollow noopener noreferrer\" on-page-pcr=\"true\"><br \/>\n\t\t\t\t\t\t<img decoding=\"async\" src=\"wp-content\/uploads\/2020\/01\/woocommerce.png\" alt=\"woocommerce logo\"\/><\/a>\n\t\t\t\t\t\t<\/div>\n<\/div>\n<div class=\"column is-2\">Woocommerce<\/div>\n<div class=\"column is-1\">\n<div class='c100 p80 small center font50'>\n\t\t\t\t\t\t\t<span>80%<\/span>\n<div class='slice'>\n<div class='bar'><\/div>\n<div class='fill'><\/div>\n<\/div>\n<\/div>\n<\/div>\n<div class=\"column is-5\">Um poderoso complemento de com\u00e9rcio eletr\u00f4nico, para sites do WordPress.<\/div>\n<div class=\"column\">\n\t\t\t\t\t\t<a class=\"button is-danger is-outlined\" style=\"margin: 0 auto\" href=\"https:\/\/woocommerce.com\/\">Visite o site<\/a>\n\t\t\t\t\t<\/div>\n<\/div>\n<div class=\"columns is-vcentered\">\n<div class=\"column is-narrow\">4.<\/div>\n<div class=\"column is-1 center\">\n<div class=\"builder-logo\" itemprop=\"image\">\n\t\t\t\t\t\t<a href=\"\/go\/weebly\" target=\"_blank\" rel=\"nofollow noopener noreferrer\" on-page-pcr=\"true\"><br \/>\n\t\t\t\t\t\t<img decoding=\"async\" src=\"\/wp-content\/uploads\/2019\/07\/weebly-100x100.png\" alt=\"weebly logo\"\/><\/a>\n\t\t\t\t\t\t<\/div>\n<\/div>\n<div class=\"column is-2\">Weebly<\/div>\n<div class=\"column is-1\">\n<div class='c100 p80 small center font50'>\n\t\t\t\t\t\t\t<span>80%<\/span>\n<div class='slice'>\n<div class='bar'><\/div>\n<div class='fill'><\/div>\n<\/div>\n<\/div>\n<\/div>\n<div class=\"column is-5\">Um dos principais criadores de sites, com uma plataforma muito f\u00e1cil e modelos flex\u00edveis.<\/div>\n<div class=\"column\">\n\t\t\t\t\t<a class=\"button is-danger is-outlined\" style=\"margin: 0 auto\" href=\"\/go\/weebly\">Visite o site<\/a>\n\t\t\t\t\t<\/div>\n<\/div>\n<\/div>\n<\/div>\n<\/div>\n<\/div>\n<\/div>\n<\/section>\n","protected":false},"excerpt":{"rendered":"<p>Elige un criador de sites web Criadores de site Criadores de loja virtual Voc\u00ea est\u00e1 disposto a criar um site para o seu projeto? Descubra os 5 principais construtores de sites do mercado. Tudo o que voc\u00ea precisa para escolher sabiamente conhecer todos os fatos. Principais criadores de sites para todos os tipos de sites [&hellip;]<\/p>\n","protected":false},"author":2,"featured_media":0,"parent":0,"menu_order":0,"comment_status":"closed","ping_status":"open","template":"page-templates\/fullwidth.php","meta":{"_acf_changed":false,"om_disable_all_campaigns":false,"_genesis_hide_title":false,"_genesis_hide_breadcrumbs":false,"_genesis_hide_singular_image":false,"_genesis_hide_footer_widgets":false,"_genesis_custom_body_class":"","_genesis_custom_post_class":"","_genesis_layout":"full-width-content","footnotes":""},"acf":[],"yoast_head":"<!-- This site is optimized with the Yoast SEO plugin v24.5 - https:\/\/yoast.com\/wordpress\/plugins\/seo\/ -->\n<title>Home - Webolto<\/title>\n<meta name=\"robots\" content=\"index, follow, max-snippet:-1, max-image-preview:large, max-video-preview:-1\" \/>\n<link rel=\"canonical\" href=\"https:\/\/www.webolto.com\/pt\/\" \/>\n<meta property=\"og:locale\" content=\"pt_PT\" \/>\n<meta property=\"og:type\" content=\"article\" \/>\n<meta property=\"og:title\" content=\"Home - Webolto\" \/>\n<meta property=\"og:description\" content=\"Elige un criador de sites web Criadores de site Criadores de loja virtual Voc\u00ea est\u00e1 disposto a criar um site para o seu projeto? Descubra os 5 principais construtores de sites do mercado. Tudo o que voc\u00ea precisa para escolher sabiamente conhecer todos os fatos. Principais criadores de sites para todos os tipos de sites [&hellip;]\" \/>\n<meta property=\"og:url\" content=\"https:\/\/www.webolto.com\/pt\/\" \/>\n<meta property=\"og:site_name\" content=\"Webolto\" \/>\n<meta property=\"article:modified_time\" content=\"2022-05-30T17:46:34+00:00\" \/>\n<meta name=\"twitter:card\" content=\"summary_large_image\" \/>\n<meta name=\"twitter:label1\" content=\"Tempo estimado de leitura\" \/>\n\t<meta name=\"twitter:data1\" content=\"1 minuto\" \/>\n<script type=\"application\/ld+json\" class=\"yoast-schema-graph\">{\"@context\":\"https:\/\/schema.org\",\"@graph\":[{\"@type\":\"WebPage\",\"@id\":\"https:\/\/www.webolto.com\/pt\/\",\"url\":\"https:\/\/www.webolto.com\/pt\/\",\"name\":\"Home - Webolto\",\"isPartOf\":{\"@id\":\"https:\/\/www.webolto.com\/pt\/#website\"},\"datePublished\":\"2019-06-14T17:47:57+00:00\",\"dateModified\":\"2022-05-30T17:46:34+00:00\",\"breadcrumb\":{\"@id\":\"https:\/\/www.webolto.com\/pt\/#breadcrumb\"},\"inLanguage\":\"pt-PT\",\"potentialAction\":[{\"@type\":\"ReadAction\",\"target\":[\"https:\/\/www.webolto.com\/pt\/\"]}]},{\"@type\":\"BreadcrumbList\",\"@id\":\"https:\/\/www.webolto.com\/pt\/#breadcrumb\",\"itemListElement\":[{\"@type\":\"ListItem\",\"position\":1,\"name\":\"Home\",\"item\":\"https:\/\/www.webolto.com\/pt\/\"},{\"@type\":\"ListItem\",\"position\":2,\"name\":\"Home\"}]},{\"@type\":\"WebSite\",\"@id\":\"https:\/\/www.webolto.com\/pt\/#website\",\"url\":\"https:\/\/www.webolto.com\/pt\/\",\"name\":\"Webolto\",\"description\":\"Centro de recursos para projetos da web\",\"publisher\":{\"@id\":\"https:\/\/www.webolto.com\/pt\/#organization\"},\"potentialAction\":[{\"@type\":\"SearchAction\",\"target\":{\"@type\":\"EntryPoint\",\"urlTemplate\":\"https:\/\/www.webolto.com\/pt\/?s={search_term_string}\"},\"query-input\":{\"@type\":\"PropertyValueSpecification\",\"valueRequired\":true,\"valueName\":\"search_term_string\"}}],\"inLanguage\":\"pt-PT\"},{\"@type\":\"Organization\",\"@id\":\"https:\/\/www.webolto.com\/pt\/#organization\",\"name\":\"Webolto\",\"url\":\"https:\/\/www.webolto.com\/pt\/\",\"logo\":{\"@type\":\"ImageObject\",\"inLanguage\":\"pt-PT\",\"@id\":\"https:\/\/www.webolto.com\/pt\/#\/schema\/logo\/image\/\",\"url\":\"https:\/\/www.webolto.com\/pt\/wp-content\/uploads\/sites\/3\/2020\/05\/header-logo.png\",\"contentUrl\":\"https:\/\/www.webolto.com\/pt\/wp-content\/uploads\/sites\/3\/2020\/05\/header-logo.png\",\"width\":3237,\"height\":667,\"caption\":\"Webolto\"},\"image\":{\"@id\":\"https:\/\/www.webolto.com\/pt\/#\/schema\/logo\/image\/\"}}]}<\/script>\n<!-- \/ Yoast SEO plugin. -->","yoast_head_json":{"title":"Home - Webolto","robots":{"index":"index","follow":"follow","max-snippet":"max-snippet:-1","max-image-preview":"max-image-preview:large","max-video-preview":"max-video-preview:-1"},"canonical":"https:\/\/www.webolto.com\/pt\/","og_locale":"pt_PT","og_type":"article","og_title":"Home - Webolto","og_description":"Elige un criador de sites web Criadores de site Criadores de loja virtual Voc\u00ea est\u00e1 disposto a criar um site para o seu projeto? Descubra os 5 principais construtores de sites do mercado. Tudo o que voc\u00ea precisa para escolher sabiamente conhecer todos os fatos. Principais criadores de sites para todos os tipos de sites [&hellip;]","og_url":"https:\/\/www.webolto.com\/pt\/","og_site_name":"Webolto","article_modified_time":"2022-05-30T17:46:34+00:00","twitter_card":"summary_large_image","twitter_misc":{"Tempo estimado de leitura":"1 minuto"},"schema":{"@context":"https:\/\/schema.org","@graph":[{"@type":"WebPage","@id":"https:\/\/www.webolto.com\/pt\/","url":"https:\/\/www.webolto.com\/pt\/","name":"Home - Webolto","isPartOf":{"@id":"https:\/\/www.webolto.com\/pt\/#website"},"datePublished":"2019-06-14T17:47:57+00:00","dateModified":"2022-05-30T17:46:34+00:00","breadcrumb":{"@id":"https:\/\/www.webolto.com\/pt\/#breadcrumb"},"inLanguage":"pt-PT","potentialAction":[{"@type":"ReadAction","target":["https:\/\/www.webolto.com\/pt\/"]}]},{"@type":"BreadcrumbList","@id":"https:\/\/www.webolto.com\/pt\/#breadcrumb","itemListElement":[{"@type":"ListItem","position":1,"name":"Home","item":"https:\/\/www.webolto.com\/pt\/"},{"@type":"ListItem","position":2,"name":"Home"}]},{"@type":"WebSite","@id":"https:\/\/www.webolto.com\/pt\/#website","url":"https:\/\/www.webolto.com\/pt\/","name":"Webolto","description":"Centro de recursos para projetos da web","publisher":{"@id":"https:\/\/www.webolto.com\/pt\/#organization"},"potentialAction":[{"@type":"SearchAction","target":{"@type":"EntryPoint","urlTemplate":"https:\/\/www.webolto.com\/pt\/?s={search_term_string}"},"query-input":{"@type":"PropertyValueSpecification","valueRequired":true,"valueName":"search_term_string"}}],"inLanguage":"pt-PT"},{"@type":"Organization","@id":"https:\/\/www.webolto.com\/pt\/#organization","name":"Webolto","url":"https:\/\/www.webolto.com\/pt\/","logo":{"@type":"ImageObject","inLanguage":"pt-PT","@id":"https:\/\/www.webolto.com\/pt\/#\/schema\/logo\/image\/","url":"https:\/\/www.webolto.com\/pt\/wp-content\/uploads\/sites\/3\/2020\/05\/header-logo.png","contentUrl":"https:\/\/www.webolto.com\/pt\/wp-content\/uploads\/sites\/3\/2020\/05\/header-logo.png","width":3237,"height":667,"caption":"Webolto"},"image":{"@id":"https:\/\/www.webolto.com\/pt\/#\/schema\/logo\/image\/"}}]}},"featured_image_src":null,"featured_image_src_square":null,"_links":{"self":[{"href":"https:\/\/www.webolto.com\/pt\/wp-json\/wp\/v2\/pages\/2"}],"collection":[{"href":"https:\/\/www.webolto.com\/pt\/wp-json\/wp\/v2\/pages"}],"about":[{"href":"https:\/\/www.webolto.com\/pt\/wp-json\/wp\/v2\/types\/page"}],"author":[{"embeddable":true,"href":"https:\/\/www.webolto.com\/pt\/wp-json\/wp\/v2\/users\/2"}],"replies":[{"embeddable":true,"href":"https:\/\/www.webolto.com\/pt\/wp-json\/wp\/v2\/comments?post=2"}],"version-history":[{"count":0,"href":"https:\/\/www.webolto.com\/pt\/wp-json\/wp\/v2\/pages\/2\/revisions"}],"wp:attachment":[{"href":"https:\/\/www.webolto.com\/pt\/wp-json\/wp\/v2\/media?parent=2"}],"curies":[{"name":"wp","href":"https:\/\/api.w.org\/{rel}","templated":true}]}}