{"id":945,"date":"2020-10-22T12:00:52","date_gmt":"2020-10-22T13:00:52","guid":{"rendered":"http:\/\/www.webolto.com\/es\/?page_id=945"},"modified":"2022-01-24T16:08:41","modified_gmt":"2022-01-24T17:08:41","slug":"opiniones-volusion","status":"publish","type":"page","link":"https:\/\/www.webolto.com\/es\/crear-tienda-online\/opiniones-volusion\/","title":{"rendered":"Crear un sitio web &#8211; opiniones de Volusion"},"content":{"rendered":"<p>Con la irrupci\u00f3n del Internet y la cantidad de nuevas funciones, tareas, beneficios y dificultades que vinieron con \u00e9l, se produjo toda una revoluci\u00f3n en la manera de hacer negocios y dedicarse al comercio. Muchas actividades pasaron por una evoluci\u00f3n y la competencia de mercado se torn\u00f3 variada y bastante peleada. Por ejemplo, para adquirir prendas de vestir, antes de la aparici\u00f3n de los <em>malls<\/em> y centros comerciales, en las calles pod\u00edamos encontrar boutiques y talleres donde la gente iba a ver unos cuantos modelos de ropa, se animaba a probarse un par y pues a veces compraba y a veces no. La siguiente revoluci\u00f3n se dio con las tiendas virtuales y el ecommerce. Ahora s\u00ed, con una inversi\u00f3n menor y mejor pensada se pod\u00eda mostrar mercanc\u00eda y para todos los gustos. La competencia se aterriz\u00f3 un poco m\u00e1s y dentro de este contexto, nacieron las plataformas que albergan tiendas virtuales y que ofrecen diversas cosas, en funci\u00f3n a niveles de producci\u00f3n, inversi\u00f3n, flujo, etc. As\u00ed surgi\u00f3 Volusion, una plataforma que aloja tiendas virtuales y es casi una de las primeras que pis\u00f3 fuerte en ese rubro y que se ha ido ganando un sitio importante y de renombre con el transcurso de los a\u00f1os. Naci\u00f3 en 1999 y luego de m\u00e1s de veinte a\u00f1os ya alberga alrededor de 30 mil tiendas virtuales. Acomp\u00e1\u00f1anos en este an\u00e1lisis de Volusion.<\/p>\n<p><img loading=\"lazy\" decoding=\"async\" class=\"aligncenter wp-image-928\" src=\"\/es\/wp-content\/uploads\/sites\/2\/2020\/10\/analisis-de-volusion-pagina-oficial.png\" alt=\"\" width=\"1042\" height=\"500\" srcset=\"https:\/\/www.webolto.com\/es\/wp-content\/uploads\/sites\/2\/2020\/10\/analisis-de-volusion-pagina-oficial.png 1885w, https:\/\/www.webolto.com\/es\/wp-content\/uploads\/sites\/2\/2020\/10\/analisis-de-volusion-pagina-oficial-300x144.png 300w, https:\/\/www.webolto.com\/es\/wp-content\/uploads\/sites\/2\/2020\/10\/analisis-de-volusion-pagina-oficial-1024x492.png 1024w, https:\/\/www.webolto.com\/es\/wp-content\/uploads\/sites\/2\/2020\/10\/analisis-de-volusion-pagina-oficial-768x369.png 768w, https:\/\/www.webolto.com\/es\/wp-content\/uploads\/sites\/2\/2020\/10\/analisis-de-volusion-pagina-oficial-1536x737.png 1536w\" sizes=\"(max-width: 1042px) 100vw, 1042px\" \/><\/p>\n<div class=\"bloc-tips\">\n<p><i class=\"fa fa-book\"><\/i><span class=\"title\">Resumen<\/span><\/p>\n<ul class=\"listFont iconChevron listLeft\">\n<li><a href=\"#ancre1\">An\u00e1lisis de Volusion: Ventajas y desventajas<\/a><\/li>\n<li><a href=\"#ancre2\">\u00bfDe cu\u00e1nta inversi\u00f3n hablamos?<\/a><\/li>\n<li><a href=\"#ancre3\">\u00bfHay alguna opci\u00f3n para hacerlo gratis?<\/a><\/li>\n<li><a href=\"#ancre4\">Planes disponibles en Volusion<\/a><\/li>\n<li><a href=\"#ancre5\">An\u00e1lisis de Volusion: Gesti\u00f3n de dise\u00f1o<\/a><\/li>\n<li><a href=\"#ancre6\">Opciones para eCommerce en Volusion<\/a><\/li>\n<li><a href=\"#ancre7\">\u00bfCu\u00e1n f\u00e1cil de usar es Volusion?<\/a><\/li>\n<li><a href=\"#ancre8\">\u00bfEs posible obtener buenas calificaciones y recomendaciones por mi tienda virtual en las b\u00fasqueda de Google?<\/a><\/li>\n<li><a href=\"#ancre9\">\u00bfCu\u00e1nto soporte y ayuda aporta Volusion?<\/a><\/li>\n<li><a href=\"#ancre10\">Conclusiones<\/a><\/li>\n<\/ul>\n<\/div>\n<h2 style=\"text-align: left\"><a name=\"ancre1\"><\/a>An\u00e1lisis de Volusion: Ventajas y desventajas<\/h2>\n<p>Como ya hemos mencionado, Volusion ha sido uno de los pioneros en alojar tiendas virtuales, pero hoy en d\u00eda no es el \u00fanico y la competencia es variada y fuerte porque cada p\u00e1gina ofrece diversas cosas y cada una tiene pros y contras.<\/p>\n<h3>Ventajas<\/h3>\n<ul class=\"icon-circle-plus\">\n<li>Herramientas operativas para Web Analytics<\/li>\n<\/ul>\n<p>Uno de los factores que m\u00e1s les preocupa a los \u201ccomerciantes\u201d, y al que le ponen bastante atenci\u00f3n al detalle, es el ratio de ventas y la gr\u00e1fica de comportamiento de su clientela. Si bien es cierto la motivaci\u00f3n nuclear de alguien que maneja una tienda en l\u00ednea es su nivel de ventas, es fundamental conocer el tr\u00e1fico que va entrando, las interacciones y con base en ello, generar contenido o hacer campa\u00f1as m\u00e1s agresivas para atraer m\u00e1s personas e incrementar las ventas.<\/p>\n<ul class=\"icon-circle-plus\">\n<li>Aplicaci\u00f3n para dispositivos m\u00f3viles<\/li>\n<\/ul>\n<p>Un factor importante para muchos empresarios en estos d\u00edas es poder tener movilidad y a la vez estar pendiente de sus negocios. Con los smartphones, es fundamental contar con aplicaciones que faciliten la vida y por ello Volusion no se pod\u00eda quedar atr\u00e1s. Se pueden encontrar en Google Store y la App Store y permite hacer modificaciones en ella, lo que es un alivio para quien tiene su tienda virtual y la maneja 24\/7.<\/p>\n<ul class=\"icon-circle-plus\">\n<li>Numerosos recursos<\/li>\n<\/ul>\n<p>Con el fin de lograr una mayor y mejor interacci\u00f3n con los clientes de una tienda en l\u00ednea, disponer de recursos en ella que hagan f\u00e1cil cualquier transacci\u00f3n es un plus considerable. Uno de ellos es colocar filtros personalizados para que las compras sean satisfactorias e inmediatas.<\/p>\n<h3>Desventajas<\/h3>\n<ul class=\"icon-circle-minus\">\n<li>No es tan interactiva como otras plataformas<\/li>\n<\/ul>\n<p>Si bien ya tiene un nombre ganado y es bastante conocida en el mercado, Volusion no tiene la facilidad ni explotaci\u00f3n de mercado que s\u00ed generan competidores como <a href=\"https:\/\/www.webolto.com\/go\/weebly\">Weebly<\/a> o <a href=\"https:\/\/www.webolto.com\/go\/shopify\">Shopify<\/a>. As\u00ed, es necesario que Volusion innove en sus estrategias de captar m\u00e1s empresarios y sobre todo, mantener a los que ya est\u00e1n.<\/p>\n<ul class=\"icon-circle-minus\">\n<li>No hay opci\u00f3n de crear un blog<\/li>\n<\/ul>\n<p>Adem\u00e1s de la tienda en s\u00ed, muchos gestores de tiendas virtuales aprovechan para llevar blogs con tips, datos, actualizaciones, tendencias, etc. Volusion no brinda esa opci\u00f3n, aunque s\u00ed la posibilidad de incorporar uno externo, pero ser\u00eda ideal tener un espacio para escribir dentro de la misma plataforma, pues lo hace m\u00e1s atractivo.<\/p>\n<ul class=\"icon-circle-minus\">\n<li>Costo elevado<\/li>\n<\/ul>\n<p>Visto a menudo como un dolor de cabeza a la hora de iniciar una p\u00e1gina web o una tienda virtual. No quiere decir dejar de cobrar ni poner precios por los suelos, porque si se quiere un servicio de calidad hay que hacer una inversi\u00f3n, pero s\u00ed se trata de aterrizar un poco costos y hacerlo accesible a un mayor nicho de mercado.<\/p>\n<h2 style=\"text-align: left\"><a name=\"ancre2\"><\/a>\u00bfDe cu\u00e1nta inversi\u00f3n hablamos?<\/h2>\n<p>El rango de precios en Volusion va de 29 a 299 d\u00f3lares mensuales y tiene cuatro tipos de plan (personal, profesional y empresarial, incluyendo uno que se puede personalizar a los gustos y preferencias de cada uno. Ninguno cobra por transacciones y todos cuentan con ancho de banda ilimitado. Las diferencias radican en aspectos como n\u00famero de cuentas para administradores o personal, que en la mayor la pueden manejar hasta 15 personas, mientras que la b\u00e1sica solo permite una. Otro es la cantidad de productos que se pueden poner a la venta.<\/p>\n<p><img loading=\"lazy\" decoding=\"async\" class=\"aligncenter wp-image-929\" src=\"\/es\/wp-content\/uploads\/sites\/2\/2020\/10\/analisis-de-volusion-precios.png\" alt=\"\" width=\"932\" height=\"439\" srcset=\"https:\/\/www.webolto.com\/es\/wp-content\/uploads\/sites\/2\/2020\/10\/analisis-de-volusion-precios.png 1893w, https:\/\/www.webolto.com\/es\/wp-content\/uploads\/sites\/2\/2020\/10\/analisis-de-volusion-precios-300x141.png 300w, https:\/\/www.webolto.com\/es\/wp-content\/uploads\/sites\/2\/2020\/10\/analisis-de-volusion-precios-1024x482.png 1024w, https:\/\/www.webolto.com\/es\/wp-content\/uploads\/sites\/2\/2020\/10\/analisis-de-volusion-precios-768x361.png 768w, https:\/\/www.webolto.com\/es\/wp-content\/uploads\/sites\/2\/2020\/10\/analisis-de-volusion-precios-1536x723.png 1536w\" sizes=\"(max-width: 932px) 100vw, 932px\" \/><\/p>\n<h2 style=\"text-align: left\"><a name=\"ancre3\"><\/a>\u00bfHay alguna opci\u00f3n para hacerlo gratis?<\/h2>\n<p>Volusion no ofrece planes gratuitos pero s\u00ed la alternativa de tener una <a href=\"https:\/\/www.volusion.com\/v1\/free-trial\">fase de prueba que dura 14 d\u00edas<\/a>, con el fin de que el cliente pueda ver si est\u00e1 satisfecho con todo lo que tiene la p\u00e1gina.<\/p>\n<h2 style=\"text-align: left\"><a name=\"ancre4\"><\/a>Volusion: Planes disponibles<\/h2>\n<p>Como mencionamos, Volusion tiene tres planes principales y una opci\u00f3n de personalizar los <em>features<\/em> de la plataforma. Estos son:<\/p>\n<h3>Plan Personal<\/h3>\n<p>Su costo es de 29 d\u00f3lares y debido a que es el m\u00e1s econ\u00f3mico, es tambi\u00e9n el que posee m\u00e1s limitaciones y por sus caracter\u00edsticas, est\u00e1 dirigido a quien maneja un ratio bajo de clientes y no muchos productos.<\/p>\n<h3>Plan Profesional<\/h3>\n<p>El precio de este plan es de 79 d\u00f3lares y da m\u00e1s facilidades que el plan m\u00e1s barato, sobre todo en herramientas de manejo de tienda y estad\u00edstica. Por ejemplo, permite ver cu\u00e1ntos carritos de compra no pasaron la fase de venta porque el cliente se arrepinti\u00f3 u otras razones. Se pueden vender hasta cinco mil productos y el nivel de ventas anual puede llegar hasta 100 000 d\u00f3lares.<\/p>\n<h3>Plan Empresarial<\/h3>\n<p>Una de sus mayores ventajas es el hecho de poder integrar la tienda con Amazon y Ebay y dar la opci\u00f3n de ofrecer un ilimitado n\u00famero de productos, aunque el costo es de 299 d\u00f3lares.<\/p>\n<h3>Plan Prime<\/h3>\n<p>Es uno dirigido a grandes empresas, que requieren de una atenci\u00f3n VIP y que no desean estar regidas por limitaciones dentro de la plataforma.<\/p>\n<h2 style=\"text-align: left\"><a name=\"ancre5\"><\/a>Gesti\u00f3n de dise\u00f1o en Volusion<\/h2>\n<p>En la plataforma de Volusion se pueden encontrar <em>templates<\/em> gratuitos (11 hasta ahora) y tambi\u00e9n con costo, que son m\u00e1s del doble y que cuestan 180 d\u00f3lares. Estos precios no son ajenos ni diferentes a los de otros competidores, pero su aspecto positivo es que tienen una buena estructura y est\u00e1n pensados para funcionar de manera \u00f3ptima tanto si se usa una computadora como un tel\u00e9fono m\u00f3vil.<\/p>\n<p><img loading=\"lazy\" decoding=\"async\" class=\"aligncenter wp-image-930\" src=\"\/es\/wp-content\/uploads\/sites\/2\/2020\/10\/analisis-volusion-templates.png\" alt=\"\" width=\"981\" height=\"505\" srcset=\"https:\/\/www.webolto.com\/es\/wp-content\/uploads\/sites\/2\/2020\/10\/analisis-volusion-templates.png 1877w, https:\/\/www.webolto.com\/es\/wp-content\/uploads\/sites\/2\/2020\/10\/analisis-volusion-templates-300x155.png 300w, https:\/\/www.webolto.com\/es\/wp-content\/uploads\/sites\/2\/2020\/10\/analisis-volusion-templates-1024x528.png 1024w, https:\/\/www.webolto.com\/es\/wp-content\/uploads\/sites\/2\/2020\/10\/analisis-volusion-templates-768x396.png 768w, https:\/\/www.webolto.com\/es\/wp-content\/uploads\/sites\/2\/2020\/10\/analisis-volusion-templates-1536x791.png 1536w\" sizes=\"(max-width: 981px) 100vw, 981px\" \/><\/p>\n<h2 style=\"text-align: left\"><a name=\"ancre6\"><\/a>Opciones para eCommerce en Volusion<\/h2>\n<p>Las herramientas que m\u00e1s tienden a apreciar los clientes son aquellas que dan un plus para que el crecimiento del negocio. Repasemos algunas de ellas debajo.<\/p>\n<p><img loading=\"lazy\" decoding=\"async\" class=\"aligncenter wp-image-931\" src=\"\/es\/wp-content\/uploads\/sites\/2\/2020\/10\/analisis-volusion-tienda-virtual.png\" alt=\"\" width=\"984\" height=\"493\" srcset=\"https:\/\/www.webolto.com\/es\/wp-content\/uploads\/sites\/2\/2020\/10\/analisis-volusion-tienda-virtual.png 1863w, https:\/\/www.webolto.com\/es\/wp-content\/uploads\/sites\/2\/2020\/10\/analisis-volusion-tienda-virtual-300x150.png 300w, https:\/\/www.webolto.com\/es\/wp-content\/uploads\/sites\/2\/2020\/10\/analisis-volusion-tienda-virtual-1024x513.png 1024w, https:\/\/www.webolto.com\/es\/wp-content\/uploads\/sites\/2\/2020\/10\/analisis-volusion-tienda-virtual-768x385.png 768w, https:\/\/www.webolto.com\/es\/wp-content\/uploads\/sites\/2\/2020\/10\/analisis-volusion-tienda-virtual-1536x769.png 1536w\" sizes=\"(max-width: 984px) 100vw, 984px\" \/><\/p>\n<h3>Opciones de pago<\/h3>\n<p>En Volusion hay diversas formas de pago para las tiendas virtuales (tarjetas de cr\u00e9dito, transferencias o PayPal), pero lo que engancha de su propuesta es que no cobra comisiones por las transacciones, cosa que s\u00ed sucede con otras plataformas del mercado.<\/p>\n<h3>Manejo de stock<\/h3>\n<p>Hacer un inventario de los productos y controlar el stock tambi\u00e9n es m\u00e1s llevadero, pues a cada \u00edtem se le genera un c\u00f3digo \u00fanico, adem\u00e1s de tambi\u00e9n intentar a\u00f1adir filtros de preferencias para las b\u00fasquedas.<\/p>\n<h3>Marketing<\/h3>\n<p>Dependiendo del plan adquirido, puede gozar de muchos beneficios para hacer m\u00e1s atractiva la l\u00ednea de producci\u00f3n. As\u00ed, la marca no solo se vende mediante canales tradicionales, sino que irrumpe en los mayores promotores de ventas, como Facebook, Amazon y Ebay. Con esta opci\u00f3n, se puede muchas veces hacer descuentos especiales para quien use canales de venta espec\u00edficos o ir evaluando mediante <em>surveys<\/em> c\u00f3mo se dio a conocer la tienda.<\/p>\n<h2 style=\"text-align: left\"><a name=\"ancre7\"><\/a>\u00bfCu\u00e1n f\u00e1cil de usar es Volusion?<\/h2>\n<p>Quiz\u00e1 otra desventaja de Volusion es que necesita conocimientos de creaci\u00f3n de plataformas web para poder a\u00f1adir contenido. No es una labor para un principiante ni ofrece un paso a paso de lo que hay que hacer, por lo que es mejor hacer una sociedad con alguien que s\u00ed sepa o realizar una inversi\u00f3n extra para poder gestionarlo. Dentro de este rubro, igual el tipo de contenido que se puede agregar es bastante relacionado al <em>ecommerce<\/em>. Por ello no cuenta con blogs y otro tipo de pesta\u00f1as para a\u00f1adir diferentes art\u00edculos o videos que no tengan que ver estrictamente con la tienda.<\/p>\n<h2 style=\"text-align: left\"><a name=\"ancre8\"><\/a>\u00bfEs posible obtener buenas calificaciones y recomendaciones por mi tienda virtual en las b\u00fasqueda de Google?<\/h2>\n<p>Volusion otorga direcciones de URL personalizadas y exactas para las b\u00fasquedas de Google, lo que permite una mejor identificaci\u00f3n de la tienda, pero en ocasiones tambi\u00e9n coloca al final series de letras o n\u00fameros y eso, con clientes nuevos o con poca experiencia, puede ser contraproducente. Sin embargo, s\u00ed brinda muy buenas opciones para poder hacer mediciones de las interacciones en la tienda y con base en ello, elaborar estrategias y planes que hagan que la tienda pueda incidir en aquello que todav\u00eda le falta mejorar por la plataforma y obtenga m\u00e1s r\u00e9ditos.<\/p>\n<h2 style=\"text-align: left\"><a name=\"ancre9\"><\/a>\u00bfCu\u00e1nto soporte y ayuda aporta Volusion?<\/h2>\n<p>Debido a que en este an\u00e1lisis de Volusion hemos visto una gran variedad de beneficios pero tambi\u00e9n desventajas, es importante contar con ayuda directa para absolver dudas o inconvenientes que se presenten en el portal. La atenci\u00f3n al cliente y soporte de Volusion est\u00e1n supeditados al plan adquirido. El m\u00e1s b\u00e1sico cuenta con atenci\u00f3n en l\u00ednea, mientras que el empresarial recibe atenci\u00f3n telef\u00f3nica y disponibilidad todos los d\u00edas de la semana y a toda hora. Asimismo, se pueden encontrar art\u00edculos de ayuda para poder simplificar algunas dificultades, aunque est\u00e1n todos en ingl\u00e9s.<\/p>\n<p><img loading=\"lazy\" decoding=\"async\" class=\"aligncenter wp-image-933\" src=\"\/es\/wp-content\/uploads\/sites\/2\/2020\/10\/analisis-volusion-ayuda.png\" alt=\"\" width=\"958\" height=\"496\" srcset=\"https:\/\/www.webolto.com\/es\/wp-content\/uploads\/sites\/2\/2020\/10\/analisis-volusion-ayuda.png 1883w, https:\/\/www.webolto.com\/es\/wp-content\/uploads\/sites\/2\/2020\/10\/analisis-volusion-ayuda-300x155.png 300w, https:\/\/www.webolto.com\/es\/wp-content\/uploads\/sites\/2\/2020\/10\/analisis-volusion-ayuda-1024x530.png 1024w, https:\/\/www.webolto.com\/es\/wp-content\/uploads\/sites\/2\/2020\/10\/analisis-volusion-ayuda-768x398.png 768w, https:\/\/www.webolto.com\/es\/wp-content\/uploads\/sites\/2\/2020\/10\/analisis-volusion-ayuda-1536x795.png 1536w\" sizes=\"(max-width: 958px) 100vw, 958px\" \/><\/p>\n<h2 style=\"text-align: left\"><a name=\"ancre10\"><\/a>\u00bfEs entonces Volusion recomendable?<\/h2>\n<p>Hemos comprobado que s\u00ed hay numerosos factores que la hacen confiable y es de preferencia de muchos empresarios y tambi\u00e9n se han se\u00f1alado ciertos errores o cosas por mejorar, pero que no quitan credibilidad ni un buen funcionamiento de la plataforma.<\/p>\n<p>Creemos que los usuarios ser\u00e1n capaces de tomar una decisi\u00f3n sensata y sobre todo, que se ajuste y concuerde con sus objetivos, gustos y l\u00ednea de acci\u00f3n. Como dice un conocido refr\u00e1n popular: el cliente siempre tiene la raz\u00f3n.<\/p>\n","protected":false},"excerpt":{"rendered":"<p>Con la irrupci\u00f3n del Internet y la cantidad de nuevas funciones, tareas, beneficios y dificultades que vinieron con \u00e9l, se produjo toda una revoluci\u00f3n en la manera de hacer negocios y dedicarse al comercio. Muchas actividades pasaron por una evoluci\u00f3n y la competencia de mercado se torn\u00f3 variada y bastante peleada. Por ejemplo, para adquirir [&hellip;]<\/p>\n","protected":false},"author":7,"featured_media":946,"parent":17,"menu_order":0,"comment_status":"closed","ping_status":"closed","template":"page-templates\/website-builders.php","meta":{"_acf_changed":false,"om_disable_all_campaigns":false,"_genesis_hide_title":false,"_genesis_hide_breadcrumbs":false,"_genesis_hide_singular_image":false,"_genesis_hide_footer_widgets":false,"_genesis_custom_body_class":"","_genesis_custom_post_class":"","_genesis_layout":"","footnotes":""},"acf":[],"yoast_head":"<!-- This site is optimized with the Yoast SEO plugin v24.5 - https:\/\/yoast.com\/wordpress\/plugins\/seo\/ -->\n<title>Crear un sitio web - opiniones de Volusion - Webolto<\/title>\n<meta name=\"robots\" content=\"index, follow, max-snippet:-1, max-image-preview:large, max-video-preview:-1\" \/>\n<link rel=\"canonical\" href=\"https:\/\/www.webolto.com\/es\/crear-tienda-online\/opiniones-volusion\/\" \/>\n<meta property=\"og:locale\" content=\"es_ES\" \/>\n<meta property=\"og:type\" content=\"article\" \/>\n<meta property=\"og:title\" content=\"Crear un sitio web - opiniones de Volusion - Webolto\" \/>\n<meta property=\"og:description\" content=\"Con la irrupci\u00f3n del Internet y la cantidad de nuevas funciones, tareas, beneficios y dificultades que vinieron con \u00e9l, se produjo toda una revoluci\u00f3n en la manera de hacer negocios y dedicarse al comercio. Muchas actividades pasaron por una evoluci\u00f3n y la competencia de mercado se torn\u00f3 variada y bastante peleada. Por ejemplo, para adquirir [&hellip;]\" \/>\n<meta property=\"og:url\" content=\"https:\/\/www.webolto.com\/es\/crear-tienda-online\/opiniones-volusion\/\" \/>\n<meta property=\"og:site_name\" content=\"Webolto\" \/>\n<meta property=\"article:modified_time\" content=\"2022-01-24T17:08:41+00:00\" \/>\n<meta property=\"og:image\" content=\"https:\/\/www.webolto.com\/es\/wp-content\/uploads\/sites\/2\/2020\/10\/volusion-logo-e1603136828132.png\" \/>\n\t<meta property=\"og:image:width\" content=\"200\" \/>\n\t<meta property=\"og:image:height\" content=\"155\" \/>\n\t<meta property=\"og:image:type\" content=\"image\/png\" \/>\n<meta name=\"twitter:card\" content=\"summary_large_image\" \/>\n<meta name=\"twitter:label1\" content=\"Tiempo de lectura\" \/>\n\t<meta name=\"twitter:data1\" content=\"9 minutos\" \/>\n<!-- \/ Yoast SEO plugin. -->","yoast_head_json":{"title":"Crear un sitio web - opiniones de Volusion - Webolto","robots":{"index":"index","follow":"follow","max-snippet":"max-snippet:-1","max-image-preview":"max-image-preview:large","max-video-preview":"max-video-preview:-1"},"canonical":"https:\/\/www.webolto.com\/es\/crear-tienda-online\/opiniones-volusion\/","og_locale":"es_ES","og_type":"article","og_title":"Crear un sitio web - opiniones de Volusion - Webolto","og_description":"Con la irrupci\u00f3n del Internet y la cantidad de nuevas funciones, tareas, beneficios y dificultades que vinieron con \u00e9l, se produjo toda una revoluci\u00f3n en la manera de hacer negocios y dedicarse al comercio. Muchas actividades pasaron por una evoluci\u00f3n y la competencia de mercado se torn\u00f3 variada y bastante peleada. Por ejemplo, para adquirir [&hellip;]","og_url":"https:\/\/www.webolto.com\/es\/crear-tienda-online\/opiniones-volusion\/","og_site_name":"Webolto","article_modified_time":"2022-01-24T17:08:41+00:00","og_image":[{"width":200,"height":155,"url":"https:\/\/www.webolto.com\/es\/wp-content\/uploads\/sites\/2\/2020\/10\/volusion-logo-e1603136828132.png","type":"image\/png"}],"twitter_card":"summary_large_image","twitter_misc":{"Tiempo de lectura":"9 minutos"},"schema":{"@context":"https:\/\/schema.org","@graph":[{"@type":"WebPage","@id":"https:\/\/www.webolto.com\/es\/crear-tienda-online\/opiniones-volusion\/","url":"https:\/\/www.webolto.com\/es\/crear-tienda-online\/opiniones-volusion\/","name":"Crear un sitio web - opiniones de Volusion - Webolto","isPartOf":{"@id":"https:\/\/www.webolto.com\/es\/#website"},"primaryImageOfPage":{"@id":"https:\/\/www.webolto.com\/es\/crear-tienda-online\/opiniones-volusion\/#primaryimage"},"image":{"@id":"https:\/\/www.webolto.com\/es\/crear-tienda-online\/opiniones-volusion\/#primaryimage"},"thumbnailUrl":"https:\/\/www.webolto.com\/es\/wp-content\/uploads\/sites\/2\/2020\/10\/volusion-logo-e1603136828132.png","datePublished":"2020-10-22T13:00:52+00:00","dateModified":"2022-01-24T17:08:41+00:00","breadcrumb":{"@id":"https:\/\/www.webolto.com\/es\/crear-tienda-online\/opiniones-volusion\/#breadcrumb"},"inLanguage":"es","potentialAction":[{"@type":"ReadAction","target":["https:\/\/www.webolto.com\/es\/crear-tienda-online\/opiniones-volusion\/"]}]},{"@type":"ImageObject","inLanguage":"es","@id":"https:\/\/www.webolto.com\/es\/crear-tienda-online\/opiniones-volusion\/#primaryimage","url":"https:\/\/www.webolto.com\/es\/wp-content\/uploads\/sites\/2\/2020\/10\/volusion-logo-e1603136828132.png","contentUrl":"https:\/\/www.webolto.com\/es\/wp-content\/uploads\/sites\/2\/2020\/10\/volusion-logo-e1603136828132.png","width":200,"height":155,"caption":"volusion logo"},{"@type":"BreadcrumbList","@id":"https:\/\/www.webolto.com\/es\/crear-tienda-online\/opiniones-volusion\/#breadcrumb","itemListElement":[{"@type":"ListItem","position":1,"name":"Home","item":"https:\/\/www.webolto.com\/es\/"},{"@type":"ListItem","position":2,"name":"Comparaci\u00f3n de los principales programas para crear una tienda online","item":"https:\/\/www.webolto.com\/es\/crear-tienda-online\/"},{"@type":"ListItem","position":3,"name":"Crear un sitio web &#8211; opiniones de Volusion"}]},{"@type":"WebSite","@id":"https:\/\/www.webolto.com\/es\/#website","url":"https:\/\/www.webolto.com\/es\/","name":"Webolto","description":"Centro de recursos para creadores de sitios web","publisher":{"@id":"https:\/\/www.webolto.com\/es\/#organization"},"potentialAction":[{"@type":"SearchAction","target":{"@type":"EntryPoint","urlTemplate":"https:\/\/www.webolto.com\/es\/?s={search_term_string}"},"query-input":{"@type":"PropertyValueSpecification","valueRequired":true,"valueName":"search_term_string"}}],"inLanguage":"es"},{"@type":"Organization","@id":"https:\/\/www.webolto.com\/es\/#organization","name":"Webolto","url":"https:\/\/www.webolto.com\/es\/","logo":{"@type":"ImageObject","inLanguage":"es","@id":"https:\/\/www.webolto.com\/es\/#\/schema\/logo\/image\/","url":"https:\/\/www.webolto.com\/es\/wp-content\/uploads\/sites\/2\/2020\/05\/header-logo.png","contentUrl":"https:\/\/www.webolto.com\/es\/wp-content\/uploads\/sites\/2\/2020\/05\/header-logo.png","width":3237,"height":667,"caption":"Webolto"},"image":{"@id":"https:\/\/www.webolto.com\/es\/#\/schema\/logo\/image\/"}}]}},"featured_image_src":"https:\/\/www.webolto.com\/es\/wp-content\/uploads\/sites\/2\/2020\/10\/volusion-logo-e1603136828132.png","featured_image_src_square":"https:\/\/www.webolto.com\/es\/wp-content\/uploads\/sites\/2\/2020\/10\/volusion-logo-e1603136828132.png","_links":{"self":[{"href":"https:\/\/www.webolto.com\/es\/wp-json\/wp\/v2\/pages\/945"}],"collection":[{"href":"https:\/\/www.webolto.com\/es\/wp-json\/wp\/v2\/pages"}],"about":[{"href":"https:\/\/www.webolto.com\/es\/wp-json\/wp\/v2\/types\/page"}],"author":[{"embeddable":true,"href":"https:\/\/www.webolto.com\/es\/wp-json\/wp\/v2\/users\/7"}],"replies":[{"embeddable":true,"href":"https:\/\/www.webolto.com\/es\/wp-json\/wp\/v2\/comments?post=945"}],"version-history":[{"count":0,"href":"https:\/\/www.webolto.com\/es\/wp-json\/wp\/v2\/pages\/945\/revisions"}],"up":[{"embeddable":true,"href":"https:\/\/www.webolto.com\/es\/wp-json\/wp\/v2\/pages\/17"}],"wp:featuredmedia":[{"embeddable":true,"href":"https:\/\/www.webolto.com\/es\/wp-json\/wp\/v2\/media\/946"}],"wp:attachment":[{"href":"https:\/\/www.webolto.com\/es\/wp-json\/wp\/v2\/media?parent=945"}],"curies":[{"name":"wp","href":"https:\/\/api.w.org\/{rel}","templated":true}]}}