{"id":696,"date":"2020-06-23T14:05:48","date_gmt":"2020-06-23T15:05:48","guid":{"rendered":"http:\/\/www.webolto.com\/es\/?page_id=696"},"modified":"2023-10-16T11:12:38","modified_gmt":"2023-10-16T12:12:38","slug":"recursos","status":"publish","type":"page","link":"https:\/\/www.webolto.com\/es\/recursos\/","title":{"rendered":"Plantillas descargables para negocios web"},"content":{"rendered":"<div class=\"offer\">\n<div style=\"clear: both\"><\/div>\n<section class=\"slide expertise backLight\">\n<div class=\"wrap\">\n<div class=\"content center\">\n<h2>Plantillas de documentos descargables<\/h2>\n<p class=\"font-big center\" style=\"margin: 0px auto 20px\">Descubre los recursos descargables de Webolto para la actividad digital de tu negocio.<\/p>\n<p>&nbsp;<\/p>\n<div class=\"one-third first card relative\">\n<p><img loading=\"lazy\" decoding=\"async\" src=\"https:\/\/www.webolto.com\/es\/wp-content\/uploads\/sites\/2\/2020\/06\/proyecto-de-presupuesto.png\" alt=\"Proyecto de presupuesto\" width=\"1024\" height=\"480\" \/><\/p>\n<h3>Previsi\u00f3n de presupuesto<\/h3>\n<p>Descarga la versi\u00f3n premium de nuestra plantilla en Excel de previsi\u00f3n de presupuesto de una tienda online, para dise\u00f1ar la estrategia y el plan de marketing.<\/p>\n<p><a class=\"button btnLight center\" title=\"Descargar\" href=\"https:\/\/www.webolto.com\/es\/wp-content\/uploads\/sites\/2\/2020\/06\/Previsio\u0301n-de-presupuesto.xlsx\" target=\"_blank\" rel=\"noopener noreferrer\">Descargar<\/a>\n<\/p><\/div>\n<div class=\"one-third card relative\">\n<p><img loading=\"lazy\" decoding=\"async\" src=\"https:\/\/www.webolto.com\/es\/wp-content\/uploads\/sites\/2\/2020\/06\/plantilla-de-plan-de-empresa.png\" alt=\"Plantilla de plan de empresa\" width=\"1024\" height=\"480\" \/><\/p>\n<h3>Plan de empresa de tienda online<\/h3>\n<p>Descarga nuestra plantilla en Excel de plan de empresa para start-ups de comercio electr\u00f3nico.<\/p>\n<p><a class=\"button btnLight center\" title=\"Descubrir\" href=\"https:\/\/www.webolto.com\/es\/blog\/plan-empresa-tienda-online-plantilla-excel\/\" target=\"_blank\" rel=\"noopener noreferrer\">Descubrir<\/a>\n<\/p><\/div>\n<div class=\"one-third card relative\">\n<p><img loading=\"lazy\" decoding=\"async\" src=\"https:\/\/www.webolto.com\/es\/wp-content\/uploads\/sites\/2\/2020\/06\/Especificaciones-Sitio-web.png\" alt=\"Especificaciones Sitio web\" width=\"1024\" height=\"480\" \/><\/p>\n<h3>Pliego de condiciones de un sitio web<\/h3>\n<p>Descarga nuestra lista de especificaciones de un sitio web para ofrecer un pliego de condiciones preciso al proveedor.<br \/>\n<a class=\"button btnLight center\" title=\"Descubrir\" href=\"https:\/\/www.webolto.com\/es\/blog\/pliego-condiciones-web\/#:~:text=El%20pliego%20de%20condiciones%20para%20crear%20una%20p%C3%A1gina%20web%20generalmente,fuentes%20de%20inspiraci%C3%B3n%2C%20im%C3%A1genes%20ilustrativas\" target=\"_blank\" rel=\"noopener noreferrer\">Descubrir<\/a>\n<\/p><\/div>\n<p>&nbsp;<\/p>\n<div class=\"one-third first card relative\">\n<p><img loading=\"lazy\" decoding=\"async\" src=\"https:\/\/www.webolto.com\/es\/wp-content\/uploads\/sites\/2\/2020\/06\/El-costo-de-crear-un-sitio-web-de-comercio-electro\u0301nico.png\" alt=\"costo sitio web\" width=\"1024\" height=\"480\" \/><\/p>\n<h3>Presupuesto de una tienda online<\/h3>\n<p>Estima el presupuesto que necesitar\u00e1s para crear tu sitio web de comercio electr\u00f3nico con nuestra plantilla premium de estimaci\u00f3n de costes.<br \/>\n<a class=\"button btnLight center\" title=\"Descubrir\" href=\"https:\/\/www.webolto.com\/es\/blog\/presupuesto-tienda-online-prevision\/\" target=\"_blank\" rel=\"noopener noreferrer\">Descubrir<\/a>\n<\/p><\/div>\n<div class=\"one-third card relative\">\n<p><img loading=\"lazy\" decoding=\"async\" src=\"https:\/\/www.webolto.com\/es\/wp-content\/uploads\/sites\/2\/2020\/06\/El-costo-de-crear-un-sitio-web.png\" alt=\"costo sitio web\" width=\"1024\" height=\"480\" \/><\/p>\n<h3>Coste de un sitio web<\/h3>\n<p>Estima el presupuesto que necesitar\u00e1s para crear tu sitio web con nuestra plantilla premium de c\u00e1lculo de costes de un proyecto web.<br \/>\n<a class=\"button btnLight center\" title=\"Descubrir\" href=\"https:\/\/www.webolto.com\/es\/blog\/cuanto-cuesta-crear-una-pagina-web\/\" target=\"_blank\" rel=\"noopener noreferrer\">Descubrir<\/a>\n<\/p><\/div>\n<div class=\"one-third card relative\">\n<p><img loading=\"lazy\" decoding=\"async\" src=\"https:\/\/www.webolto.com\/es\/wp-content\/uploads\/sites\/2\/2020\/06\/Plan-de-Marketing-web.png\" alt=\"plan de marketing web\" width=\"1024\" height=\"480\" \/><\/p>\n<h3>Plan de marketing web<\/h3>\n<p>Desarrolla un plan de marketing web completo para tu empresa con nuestra plantilla en Excel.<br \/>\n<a class=\"button btnLight center\" title=\"Descubrir\" href=\"https:\/\/www.webolto.com\/\/es\/blog\/plan-marketing-digital-plantilla\/\" target=\"_blank\" rel=\"noopener noreferrer\">Descubrir<\/a>\n<\/p><\/div>\n<p>&nbsp;<\/p>\n<div class=\"one-third first card relative\">\n<p><img loading=\"lazy\" decoding=\"async\" src=\"https:\/\/www.webolto.com\/es\/wp-content\/uploads\/sites\/2\/2020\/06\/tablero-de-mando-comercial.png\" alt=\"tablero de mando\" width=\"1024\" height=\"480\" \/><\/p>\n<h3>Tabl\u00f3n de datos para una tienda online<\/h3>\n<p>Construye tu propio dashboard de comercio electr\u00f3nico personalizado con la versi\u00f3n premium de nuestra plantilla en Excel.<br \/>\n<a class=\"button btnLight center\" title=\"Descubrir\" href=\"https:\/\/www.webolto.com\/es\/blog\/dashboard-para-ecommerce-guia-completa\/\" target=\"_blank\" rel=\"noopener noreferrer\">Descubrir<\/a>\n<\/p><\/div>\n<\/div>\n<\/div>\n<\/section>\n<\/div>\n","protected":false},"excerpt":{"rendered":"<p>Plantillas de documentos descargables Descubre los recursos descargables de Webolto para la actividad digital de tu negocio. &nbsp; Previsi\u00f3n de presupuesto Descarga la versi\u00f3n premium de nuestra plantilla en Excel de previsi\u00f3n de presupuesto de una tienda online, para dise\u00f1ar la estrategia y el plan de marketing. Descargar Plan de empresa de tienda online Descarga [&hellip;]<\/p>\n","protected":false},"author":2,"featured_media":0,"parent":0,"menu_order":0,"comment_status":"closed","ping_status":"closed","template":"page-templates\/fullwidth.php","meta":{"_acf_changed":false,"om_disable_all_campaigns":false,"_genesis_hide_title":false,"_genesis_hide_breadcrumbs":false,"_genesis_hide_singular_image":false,"_genesis_hide_footer_widgets":false,"_genesis_custom_body_class":"","_genesis_custom_post_class":"","_genesis_layout":"","footnotes":""},"acf":[],"yoast_head":"<!-- This site is optimized with the Yoast SEO plugin v24.5 - https:\/\/yoast.com\/wordpress\/plugins\/seo\/ -->\n<title>Plantillas descargables para negocios web - Webolto<\/title>\n<meta name=\"robots\" content=\"index, follow, max-snippet:-1, max-image-preview:large, max-video-preview:-1\" \/>\n<link rel=\"canonical\" href=\"https:\/\/www.webolto.com\/es\/recursos\/\" \/>\n<meta property=\"og:locale\" content=\"es_ES\" \/>\n<meta property=\"og:type\" content=\"article\" \/>\n<meta property=\"og:title\" content=\"Plantillas descargables para negocios web - Webolto\" \/>\n<meta property=\"og:description\" content=\"Plantillas de documentos descargables Descubre los recursos descargables de Webolto para la actividad digital de tu negocio. &nbsp; Previsi\u00f3n de presupuesto Descarga la versi\u00f3n premium de nuestra plantilla en Excel de previsi\u00f3n de presupuesto de una tienda online, para dise\u00f1ar la estrategia y el plan de marketing. Descargar Plan de empresa de tienda online Descarga [&hellip;]\" \/>\n<meta property=\"og:url\" content=\"https:\/\/www.webolto.com\/es\/recursos\/\" \/>\n<meta property=\"og:site_name\" content=\"Webolto\" \/>\n<meta property=\"article:modified_time\" content=\"2023-10-16T12:12:38+00:00\" \/>\n<meta property=\"og:image\" content=\"https:\/\/www.webolto.com\/es\/wp-content\/uploads\/sites\/2\/2020\/06\/proyecto-de-presupuesto.png\" \/>\n<meta name=\"twitter:card\" content=\"summary_large_image\" \/>\n<meta name=\"twitter:label1\" content=\"Tiempo de lectura\" \/>\n\t<meta name=\"twitter:data1\" content=\"3 minutos\" \/>\n<!-- \/ Yoast SEO plugin. -->","yoast_head_json":{"title":"Plantillas descargables para negocios web - Webolto","robots":{"index":"index","follow":"follow","max-snippet":"max-snippet:-1","max-image-preview":"max-image-preview:large","max-video-preview":"max-video-preview:-1"},"canonical":"https:\/\/www.webolto.com\/es\/recursos\/","og_locale":"es_ES","og_type":"article","og_title":"Plantillas descargables para negocios web - Webolto","og_description":"Plantillas de documentos descargables Descubre los recursos descargables de Webolto para la actividad digital de tu negocio. &nbsp; Previsi\u00f3n de presupuesto Descarga la versi\u00f3n premium de nuestra plantilla en Excel de previsi\u00f3n de presupuesto de una tienda online, para dise\u00f1ar la estrategia y el plan de marketing. Descargar Plan de empresa de tienda online Descarga [&hellip;]","og_url":"https:\/\/www.webolto.com\/es\/recursos\/","og_site_name":"Webolto","article_modified_time":"2023-10-16T12:12:38+00:00","og_image":[{"url":"https:\/\/www.webolto.com\/es\/wp-content\/uploads\/sites\/2\/2020\/06\/proyecto-de-presupuesto.png","type":"","width":"","height":""}],"twitter_card":"summary_large_image","twitter_misc":{"Tiempo de lectura":"3 minutos"},"schema":{"@context":"https:\/\/schema.org","@graph":[{"@type":"WebPage","@id":"https:\/\/www.webolto.com\/es\/recursos\/","url":"https:\/\/www.webolto.com\/es\/recursos\/","name":"Plantillas descargables para negocios web - Webolto","isPartOf":{"@id":"https:\/\/www.webolto.com\/es\/#website"},"primaryImageOfPage":{"@id":"https:\/\/www.webolto.com\/es\/recursos\/#primaryimage"},"image":{"@id":"https:\/\/www.webolto.com\/es\/recursos\/#primaryimage"},"thumbnailUrl":"https:\/\/www.webolto.com\/es\/wp-content\/uploads\/sites\/2\/2020\/06\/proyecto-de-presupuesto.png","datePublished":"2020-06-23T15:05:48+00:00","dateModified":"2023-10-16T12:12:38+00:00","breadcrumb":{"@id":"https:\/\/www.webolto.com\/es\/recursos\/#breadcrumb"},"inLanguage":"es","potentialAction":[{"@type":"ReadAction","target":["https:\/\/www.webolto.com\/es\/recursos\/"]}]},{"@type":"ImageObject","inLanguage":"es","@id":"https:\/\/www.webolto.com\/es\/recursos\/#primaryimage","url":"https:\/\/www.webolto.com\/es\/wp-content\/uploads\/sites\/2\/2020\/06\/proyecto-de-presupuesto.png","contentUrl":"https:\/\/www.webolto.com\/es\/wp-content\/uploads\/sites\/2\/2020\/06\/proyecto-de-presupuesto.png"},{"@type":"BreadcrumbList","@id":"https:\/\/www.webolto.com\/es\/recursos\/#breadcrumb","itemListElement":[{"@type":"ListItem","position":1,"name":"Home","item":"https:\/\/www.webolto.com\/es\/"},{"@type":"ListItem","position":2,"name":"Plantillas descargables para negocios web"}]},{"@type":"WebSite","@id":"https:\/\/www.webolto.com\/es\/#website","url":"https:\/\/www.webolto.com\/es\/","name":"Webolto","description":"Centro de recursos para creadores de sitios web","publisher":{"@id":"https:\/\/www.webolto.com\/es\/#organization"},"potentialAction":[{"@type":"SearchAction","target":{"@type":"EntryPoint","urlTemplate":"https:\/\/www.webolto.com\/es\/?s={search_term_string}"},"query-input":{"@type":"PropertyValueSpecification","valueRequired":true,"valueName":"search_term_string"}}],"inLanguage":"es"},{"@type":"Organization","@id":"https:\/\/www.webolto.com\/es\/#organization","name":"Webolto","url":"https:\/\/www.webolto.com\/es\/","logo":{"@type":"ImageObject","inLanguage":"es","@id":"https:\/\/www.webolto.com\/es\/#\/schema\/logo\/image\/","url":"https:\/\/www.webolto.com\/es\/wp-content\/uploads\/sites\/2\/2020\/05\/header-logo.png","contentUrl":"https:\/\/www.webolto.com\/es\/wp-content\/uploads\/sites\/2\/2020\/05\/header-logo.png","width":3237,"height":667,"caption":"Webolto"},"image":{"@id":"https:\/\/www.webolto.com\/es\/#\/schema\/logo\/image\/"}}]}},"featured_image_src":null,"featured_image_src_square":null,"_links":{"self":[{"href":"https:\/\/www.webolto.com\/es\/wp-json\/wp\/v2\/pages\/696"}],"collection":[{"href":"https:\/\/www.webolto.com\/es\/wp-json\/wp\/v2\/pages"}],"about":[{"href":"https:\/\/www.webolto.com\/es\/wp-json\/wp\/v2\/types\/page"}],"author":[{"embeddable":true,"href":"https:\/\/www.webolto.com\/es\/wp-json\/wp\/v2\/users\/2"}],"replies":[{"embeddable":true,"href":"https:\/\/www.webolto.com\/es\/wp-json\/wp\/v2\/comments?post=696"}],"version-history":[{"count":0,"href":"https:\/\/www.webolto.com\/es\/wp-json\/wp\/v2\/pages\/696\/revisions"}],"wp:attachment":[{"href":"https:\/\/www.webolto.com\/es\/wp-json\/wp\/v2\/media?parent=696"}],"curies":[{"name":"wp","href":"https:\/\/api.w.org\/{rel}","templated":true}]}}