{"id":49,"date":"2019-10-30T12:00:30","date_gmt":"2019-10-30T13:00:30","guid":{"rendered":"http:\/\/thefabrique.wpengine.com\/es\/?page_id=49"},"modified":"2023-08-28T11:36:36","modified_gmt":"2023-08-28T12:36:36","slug":"opiniones-wordpress","status":"publish","type":"page","link":"https:\/\/www.webolto.com\/es\/crear-paginas-web\/opiniones-wordpress\/","title":{"rendered":"Crear un sitio web &#8211; opiniones de WordPress.com"},"content":{"rendered":"<p>Pr\u00e1cticamente todas las opiniones de WordPress.com coinciden en que es una de las plataformas de referencia para crear un blog, con un uso bastante intuitivo. WordPress.com es una plataforma de <em>blogging<\/em> adecuada tanto para principiantes como para profesionales.<\/p>\n<p><img loading=\"lazy\" decoding=\"async\" class=\"alignnone size-large wp-image-84\" src=\"\/es\/wp-content\/uploads\/sites\/2\/2019\/09\/Wordpress-p\u00e1gina-de-inicio-1024x501.png\" alt=\"\" width=\"1024\" height=\"501\" srcset=\"https:\/\/www.webolto.com\/es\/wp-content\/uploads\/sites\/2\/2019\/09\/Wordpress-p\u00e1gina-de-inicio-1024x501.png 1024w, https:\/\/www.webolto.com\/es\/wp-content\/uploads\/sites\/2\/2019\/09\/Wordpress-p\u00e1gina-de-inicio-300x147.png 300w, https:\/\/www.webolto.com\/es\/wp-content\/uploads\/sites\/2\/2019\/09\/Wordpress-p\u00e1gina-de-inicio-768x375.png 768w, https:\/\/www.webolto.com\/es\/wp-content\/uploads\/sites\/2\/2019\/09\/Wordpress-p\u00e1gina-de-inicio.png 1129w\" sizes=\"(max-width: 1024px) 100vw, 1024px\" \/><\/p>\n<h2><strong>La diferencia entre WordPress.com y WordPress.org<\/strong><\/h2>\n<p>WordPress no es solo un editor de blogs. Es un CMS (editor de sitios web) de c\u00f3digo abierto fundado en 2003 y hoy en d\u00eda se utiliza para proyectos de todo tipo. La primera distinci\u00f3n que debes tener presente son las dos versiones de plataforma.<\/p>\n<p>En este art\u00edculo nos centraremos en <a href=\"\/es\/go\/wordpress\" target=\"_blank\" rel=\"noopener noreferrer\"><strong>WordPress.com<\/strong><\/a>. Se trata de una versi\u00f3n comercial y limitada que no requiere de grandes conocimientos t\u00e9cnicos ni de programaci\u00f3n, pero permite crear blogs bastante creativos y vistosos. Sirve al mismo tiempo de plataforma de publicaci\u00f3n en l\u00ednea y alojamiento web (<em>hosting<\/em>). Es una buena opci\u00f3n si quieres concentrarte en la creaci\u00f3n de contenido para tu p\u00e1gina.<\/p>\n<p>Normalmente, cuando hablamos de \u00abuna web creada con WordPress\u00bb, nos referimos a <a href=\"https:\/\/wordpress.org\/\" target=\"_blank\" rel=\"noopener noreferrer\"><strong>WordPress.org<\/strong><\/a>, m\u00e1s compleja y profesional. WordPress.org permite descargar la versi\u00f3n completa y original del programa de creaci\u00f3n de blogs de WordPress para instalarla en tu propio alojamiento web.<\/p>\n<p>Por tanto, en este caso es necesario adquirir un nombre de dominio y un alojamiento web por separado. Sin embargo, cuando lo hayas instalado, tendr\u00e1s un control total sobre tu sitio web. Tambi\u00e9n podr\u00e1s usar <em>plugins<\/em> y temas personalizados, utilizar servicios como Mailchimp o modificar directamente el c\u00f3digo de tu sitio.<\/p>\n<p>Si deseas controlar todos los aspectos de tu proyecto web, incluidos los t\u00e9cnicos, WordPress.org es la soluci\u00f3n m\u00e1s adaptada.<\/p>\n<h2><strong>\u00bfPara qu\u00e9 tipo de proyectos es \u00fatil WordPress.com?<\/strong><\/h2>\n<h3><strong>Blogs<\/strong><\/h3>\n<p>Como ya hemos mencionado, WordPress.com est\u00e1 pensado originalmente para este prop\u00f3sito. Por tanto, es el tipo de proyecto al que mejor se adapta. Las opiniones de WordPress.com lo sit\u00faan como uno de los mejores creadores de blogs del mercado.<\/p>\n<p>Incluye los recursos b\u00e1sicos que un blog necesita, por ejemplo:<\/p>\n<ul>\n<li>Comentarios<\/li>\n<li>Barra de b\u00fasqueda<\/li>\n<li>Botones para compartir en redes sociales<\/li>\n<li>Archivo con entradas antiguas<\/li>\n<li>B\u00fasqueda de art\u00edculos por categor\u00edas<\/li>\n<\/ul>\n<h3><strong>Empresas<\/strong><\/h3>\n<p>Las p\u00e1ginas de empresa no son el principal nicho de usuarios de WordPress.com, pero puede ser una buena opci\u00f3n para un peque\u00f1o negocio. El plan Business tiene un coste de 25 $ al mes (facturado anualmente) e incluye almacenamiento ilimitado, la posibilidad de subir temas y plugins personalizado y herramientas avanzadas para optimizar el posicionamiento en buscadores (SEO).<\/p>\n<h3><strong>Ecommerce<\/strong><\/h3>\n<p>WordPress.com tiene una funci\u00f3n espec\u00edfica de ecommerce a la que se accede con el plan Business como m\u00ednimo. La tienda de ecommerce permite el pago desde m\u00e1s de 60 pa\u00edses con proveedores como Paypal y Stripe.<\/p>\n<p>El bot\u00f3n de pago simple se admite en el plan Premium (90 $ anuales) y en el Business. Para planes m\u00e1s b\u00e1sicos, es posible a\u00f1adir un bot\u00f3n de Paypal para aceptar pagos por esta plataforma. Es necesario teclear un poco de c\u00f3digo, pero la p\u00e1gina de soporte te ayudar\u00e1 si lo necesitas.<\/p>\n<p>WordPress.com tiene un plan espec\u00edfico para ecommerce con un coste anual de 45 $ al mes (facturado anualmente).<\/p>\n<h3><strong>Personal<\/strong><\/h3>\n<p>Como su nombre indica, hay tantos proyectos personales como personas detr\u00e1s de ellos. WordPress.com se adaptar\u00e1 a algunos de ellos. Hay m\u00e1s de 300 temas para elegir, y los puedes filtrar por g\u00e9nero o estilo para facilitar la b\u00fasqueda.<\/p>\n<p>Si tu sitio no genera ingresos, a continuaci\u00f3n detallaremos las posibilidades que ofrece el plan gratuito.<\/p>\n<h2><strong>Principales ventajas y l\u00edmites de WordPress.com<\/strong><\/h2>\n<p>Las opiniones de WordPress.com indican que lo ideal es tener un poco de experiencia y soltura para manejar esta plataforma, pero no demasiada. La siguiente lista resume sus puntos fuertes y d\u00e9biles:<\/p>\n<div class=\"bloc-exec\">\n<p><span class=\"title is-6 pink uppercase\">WordPress.com: ventajas y l\u00edmites<\/span><\/p>\n<div class=\"columns\">\n<div class=\"column\">\n<p><strong>Ventajas<\/strong><\/p>\n<ul class=\"listFont iconCirclePlus\">\n<li>Temas abundantes y variados<\/li>\n<li>Bastantes recursos, incluso en la opci\u00f3n gratuita<\/li>\n<li>Una de las opciones m\u00e1s optimizadas para construir un blog<\/li>\n<li>Posibilidad de hacer crecer tu sitio web cambiando de plan<\/li>\n<\/ul>\n<\/div>\n<div class=\"column\">\n<p><strong>L\u00edmites<\/strong><\/p>\n<ul class=\"listFont iconCirclePlus\">\n<li>Curva de aprendizaje: no es la opci\u00f3n ideal para principantes<\/li>\n<li>Si usas muchos plugins, deja de ser una plataforma intuitiva<\/li>\n<li>Para integrar algunos recursos es necesario escribir en c\u00f3digo<\/li>\n<li>La versi\u00f3n b\u00e1sica no incluye editor de soltar y arrastrar<\/li>\n<\/ul>\n<\/div>\n<\/div>\n<\/div>\n<h2><strong>Ofertas y tarifas de WordPress.com<\/strong><\/h2>\n<h3><strong>\u00bfSe puede usar gratis WordPress.com?<\/strong><\/h3>\n<p>La respuesta es s\u00ed. La versi\u00f3n gratuita de WordPress.com te permitir\u00e1 empezar a usar plantillas y temas y publicar una versi\u00f3n sencilla de tu sitio web. Dispondr\u00e1s de 3 GB de almacenamiento, soporte y opciones de personalizaci\u00f3n b\u00e1sicas para tus temas.<\/p>\n<h3><strong>Las tarifas premium de WordPress.com<\/strong><\/h3>\n<p>Si deseas pasar a las opciones de pago, tienes distintas opciones en funci\u00f3n de la dimensi\u00f3n de tu negocio, tus objetivos y el crecimiento que esperas que tenga.<\/p>\n<p><img loading=\"lazy\" decoding=\"async\" class=\"alignnone size-large wp-image-79\" src=\"\/es\/wp-content\/uploads\/sites\/2\/2019\/09\/Wordpress-planes-de-pago-1024x476.png\" alt=\"Wordpress.com - planes de pago\" width=\"1024\" height=\"476\" srcset=\"https:\/\/www.webolto.com\/es\/wp-content\/uploads\/sites\/2\/2019\/09\/Wordpress-planes-de-pago-1024x476.png 1024w, https:\/\/www.webolto.com\/es\/wp-content\/uploads\/sites\/2\/2019\/09\/Wordpress-planes-de-pago-300x140.png 300w, https:\/\/www.webolto.com\/es\/wp-content\/uploads\/sites\/2\/2019\/09\/Wordpress-planes-de-pago-768x357.png 768w, https:\/\/www.webolto.com\/es\/wp-content\/uploads\/sites\/2\/2019\/09\/Wordpress-planes-de-pago.png 1885w\" sizes=\"(max-width: 1024px) 100vw, 1024px\" \/><\/p>\n<p>Recuerda que todas las tarifas se facturan anualmente.<\/p>\n<ul>\n<li><strong>Plan Personal (5 $ al mes):\u00a0<\/strong> La opci\u00f3n de pago m\u00e1s barata, pensada para proyectos personales, duplica el almacenamiento disponible (6 GB), aumenta la gama de plantillas disponible y elimina los anncios de WordPress.com, entre otras ventajas. Lo m\u00e1s interesante, sin embargo, es que WordPress te ofrece un dominio gratuito durante el primer a\u00f1o con este y con todos los dem\u00e1s plantes de pago.<\/li>\n<li><strong>Plan Premium (8 $ al mes):<\/strong> Es la opci\u00f3n que WordPress.com recomienda como web para aut\u00f3nomos. Con ella dispondr\u00e1s de bastante m\u00e1s espacio de almacenamiento (13 GB), podr\u00e1s monetizar tu web con anuncios si lo deseas, tendr\u00e1s acceso a los temas de WordPress.com sin restricciones y opciones avanzadas para personalizarlos, entre otros recursos.<\/li>\n<li><strong>Plan Business (25 $ al mes):<\/strong> Es el pack recomendado como web para peque\u00f1as empresas. Permite personalizar tu sitio web con temas y plugins personalizados, plantillas premium y de empresa sin restricciones, integraci\u00f3n de la web con Google Analytics y 200 GB de almacenamiento. Las posibilidades de monetizaci\u00f3n son m\u00e1s avanzadas con este plan y podr\u00e1s eliminar el logo de WordPress.com.<\/li>\n<li><strong>Plan Ecommerce (45 $ al mes):<\/strong> La opci\u00f3n para tiendas online de WordPress.com puede estar bien si tu negocio tiene un tama\u00f1o peque\u00f1o o intermedio. Adem\u00e1s de las funciones de los planes anteriores, incorpora las herramientas que necesitas para vender en l\u00ednea. El cat\u00e1logo de productos e ilimitado, est\u00e1 integrado con las principales empresas de trasporte y los pagos est\u00e1n aceptados en m\u00e1s de 60 pa\u00edses.<\/li>\n<\/ul>\n<h2><strong>Elegir el dise\u00f1o de tu sitio web: los temas de <\/strong><strong>WordPress.com<\/strong><\/h2>\n<p>En lo que respecta el dise\u00f1o, se sigue notando que la ra\u00edz de WordPress.com son los blogs. La mayor\u00eda de temas (lo que otros editores llaman \u00abplantillas\u00bb) se inspiran en esta estructura de sitio web.<\/p>\n<p>Las opiniones de WordPress.com en este caso destacan la variedad: la plataforma tiene m\u00e1s de 300 temas y el n\u00famero no deja de crecer. Eso s\u00ed, como en la mayor\u00eda de editores para crear tu sitio web, la variedad depende de lo que est\u00e9s dispuesto a pagar. Lo mismo ocurre con las opciones de personalizaci\u00f3n. No obstante, para esto \u00faltimo tambi\u00e9n es importante la elecci\u00f3n del tema: unos permiten personalizar m\u00e1s que otros.<\/p>\n<p><img loading=\"lazy\" decoding=\"async\" class=\"alignnone size-full wp-image-82\" src=\"\/es\/wp-content\/uploads\/sites\/2\/2019\/09\/Wordpress-temas2.png\" alt=\"\" width=\"912\" height=\"500\" srcset=\"https:\/\/www.webolto.com\/es\/wp-content\/uploads\/sites\/2\/2019\/09\/Wordpress-temas2.png 912w, https:\/\/www.webolto.com\/es\/wp-content\/uploads\/sites\/2\/2019\/09\/Wordpress-temas2-300x164.png 300w, https:\/\/www.webolto.com\/es\/wp-content\/uploads\/sites\/2\/2019\/09\/Wordpress-temas2-768x421.png 768w\" sizes=\"(max-width: 912px) 100vw, 912px\" \/><\/p>\n<p>Se pueden buscar temas en funci\u00f3n de diferentes criterios:<\/p>\n<ul>\n<li>Una caracter\u00edstica destacada (Feature): la accesibilidad, una biograf\u00eda del autor, etc.<\/li>\n<li>El tipo de dise\u00f1o (Layout)<\/li>\n<li>El n\u00famero de columnas (Column)<\/li>\n<li>El tema del sitio web (Subject): blog, negocios, anuncio, etc.<\/li>\n<li>El estilo (Style): abstracto, art\u00edstico, etc.<\/li>\n<\/ul>\n<p>Este men\u00fa por el momento est\u00e1 disponible solo en ingl\u00e9s.<\/p>\n<p>Tambi\u00e9n se pueden buscar temas por palabra clave, como \u00abwedding\u00bb, \u00abbusiness\u00bb, etc. \u00a1OJO! Este buscador por el momento no devuelve resultados en espa\u00f1ol. Al igual que ocurre con el men\u00fa de temas, es necesario introducir el t\u00e9rmino de b\u00fasqueda en ingl\u00e9s. Es posible que esta limitaci\u00f3n se corrija pr\u00f3ximamente.<\/p>\n<h3>\u00bfLos sitios de Worpress.com se adaptan a dispositivos m\u00f3viles?<\/h3>\n<p>Casi todos los temas de WordPress.com son <em>responsive<\/em>, es decir, se adaptan autom\u00e1ticamente al tipo de dispositivo que est\u00e9 utilizando el usuario. No obstante, conviene comprobarlo a la hora de elegirlo. Una forma r\u00e1pida de filtrarlos es en el men\u00fa \u00abLayout\u00bb, eligiendo la opci\u00f3n \u00abResponsive layout\u00bb.<\/p>\n<h2><strong>Crear y editar tu sitio en WordPress.com<\/strong><\/h2>\n<p>Como es costumbre, una vez elegido el tema, viene la parte m\u00e1s compleja de la construcci\u00f3n del sitio web: editarlo hasta que est\u00e9 a tu gusto.<\/p>\n<p>El editor de entradas de WordPress.com tiene dos formatos: el visual, en el que a\u00f1ades el texto y el contenido que desees desde la galer\u00eda de medios, y el HTML, en el que editas directamente el c\u00f3digo.<\/p>\n<p><img loading=\"lazy\" decoding=\"async\" class=\"alignnone size-large wp-image-83\" src=\"\/es\/wp-content\/uploads\/sites\/2\/2019\/09\/Wordpress-editor-de-contenido-1024x389.png\" alt=\"Wordpress - editor de contenido\" width=\"1024\" height=\"389\" srcset=\"https:\/\/www.webolto.com\/es\/wp-content\/uploads\/sites\/2\/2019\/09\/Wordpress-editor-de-contenido-1024x389.png 1024w, https:\/\/www.webolto.com\/es\/wp-content\/uploads\/sites\/2\/2019\/09\/Wordpress-editor-de-contenido-300x114.png 300w, https:\/\/www.webolto.com\/es\/wp-content\/uploads\/sites\/2\/2019\/09\/Wordpress-editor-de-contenido-768x292.png 768w, https:\/\/www.webolto.com\/es\/wp-content\/uploads\/sites\/2\/2019\/09\/Wordpress-editor-de-contenido.png 1176w\" sizes=\"(max-width: 1024px) 100vw, 1024px\" \/><\/p>\n<p>Por defecto, en WordPress.com no se utiliza el editor de soltar y arrastrar el contenido (<em>drag and drop<\/em>), sino que hay ir a\u00f1adi\u00e9ndolo manualmente. No obstante, hay algunos plugins que\u00a0 permiten usar WordPress como un editor de tipo soltar y arrastrar; por ejemplo: Beaver Builder o Divi.<\/p>\n<p>Las opiniones de WordPress.com se\u00f1alan la independencia entre dise\u00f1o, contenido y recursos adicionales (como plugins) como punto fuerte en la experiencia de usuario con esta plataforma. Dicho de otra forma, se puede modificar cualquiera de estos tres elementos sin afectar lo m\u00e1s m\u00ednimo a los otros dos.<\/p>\n<p>El principio es m\u00e1s sencillo de lo que parece: los archivos de medios, como im\u00e1genes y v\u00eddeos, se almacenan en una carpeta independiente. Desde ah\u00ed se a\u00f1aden a las diferentes p\u00e1ginas o entradas de blog.<\/p>\n<h2><strong>Los plugins de WordPress.com<\/strong><\/h2>\n<p>Los plugins permiten integrar funciones m\u00e1s avanzadas en tu p\u00e1gina. Por ejemplo, un formulario de contacto, recursos avanzados para mejorar el posicionamiento SEO o una traducci\u00f3n autom\u00e1tica del contenido con Google. Est\u00e1n disponibles con el plan Business<\/p>\n<p>Para a\u00f1adir un plugin de WordPress hay que abrir el men\u00fa \u00abHerramientas\u00bb y seguir las instrucciones, diferentes para cada uno de ellos. La complicaci\u00f3n viene porque los plugins se configuran desde el \u00e1rea de administrador de la p\u00e1gina, que es bastante m\u00e1s avanzada que la interfaz b\u00e1sica.<\/p>\n<p><img loading=\"lazy\" decoding=\"async\" class=\"alignnone size-full wp-image-85\" src=\"\/es\/wp-content\/uploads\/sites\/2\/2019\/09\/Wordpress-plugins.png\" alt=\"Wordpress - plugins\" width=\"844\" height=\"651\" srcset=\"https:\/\/www.webolto.com\/es\/wp-content\/uploads\/sites\/2\/2019\/09\/Wordpress-plugins.png 844w, https:\/\/www.webolto.com\/es\/wp-content\/uploads\/sites\/2\/2019\/09\/Wordpress-plugins-300x231.png 300w, https:\/\/www.webolto.com\/es\/wp-content\/uploads\/sites\/2\/2019\/09\/Wordpress-plugins-768x592.png 768w\" sizes=\"(max-width: 844px) 100vw, 844px\" \/><\/p>\n<p>En este caso, no se cumple la m\u00e1xima de que WordPress.com es m\u00e1s intuitivo que WordPress.org. Para usar una parte importante de los plugins necesitar\u00e1s ciertos conocimientos avanzados.<\/p>\n<p>Si vas a usar muchos plugins, probablemente te interesar\u00e1 m\u00e1s usar WordPress.org que WordPress.com. Como hemos indicado, WordPress.org es la versi\u00f3n de la plataforma mejor preparada para integrar funciones avanzadas en tus sitios web.<\/p>\n<h2><strong>WordPress.com y el SEO<\/strong><\/h2>\n<p>El principal recurso de WordPress.com para ayudarte a posicionar tus p\u00e1ginas en motores de b\u00fasqueda es el plugin Yoast SEO. A diferencia de otros plugins, este es bastante intuitivo. Tras introducir una frase clave objetivo, te indicar\u00e1 con un c\u00f3digo de colores (rojo, amarillo y verde) los aspectos de cada p\u00e1gina que es importante cambiar, los que admiten mejoras y los que est\u00e1n ya optimizados para tener un buen posicionamiento. Por ejemplo, te recomendar\u00e1 una densidad \u00f3ptima para la frase clave en funci\u00f3n de la longitud del texto.<\/p>\n<h2><strong>Conclusi\u00f3n: opiniones de WordPress.com de Webolto<\/strong><\/h2>\n<p>El grueso de opiniones de WordPress.com sit\u00faa a la plataforma en un t\u00e9rmino medio: es necesario tener cierta soltura y recursos, pero sin necesidad de llegar a un nivel muy profesional.<\/p>\n<p>Algunos negocios o proyectos necesitan la web principalmente como un \u00abescaparate est\u00e1tico\u00bb, ya que no tienen recursos ni tiempo para actualizarla con regularidad. Si el sitio web no es prioritario en tu proyecto, puedes valorar otros editores como <a href=\"\/es\/crear-paginas-web\/opiniones-strikingly\/\">Strikingly<\/a>.<\/p>\n<p>En cambio, tambi\u00e9n hay proyectos a los que el formato blog se adapta a la perfecci\u00f3n. Si la construcci\u00f3n de tu sitio no va a ser una etapa puntual de tu proyecto, sino que vas a disponer de tiempo y recursos para mantenerlo actualizado, WordPress.com puede ser la plataforma que est\u00e1s buscando. Si tienes energ\u00eda para dedicarle, no importa si tus conocimientos t\u00e9cnicos son limitados. WordPress.com tiene muchos recursos para ofrecerte igualmente.<\/p>\n","protected":false},"excerpt":{"rendered":"<p>Pr\u00e1cticamente todas las opiniones de WordPress.com coinciden en que es una de las plataformas de referencia para crear un blog, con un uso bastante intuitivo. WordPress.com es una plataforma de blogging adecuada tanto para principiantes como para profesionales. La diferencia entre WordPress.com y WordPress.org WordPress no es solo un editor de blogs. Es un CMS [&hellip;]<\/p>\n","protected":false},"author":2,"featured_media":133,"parent":18,"menu_order":0,"comment_status":"closed","ping_status":"closed","template":"page-templates\/website-builders.php","meta":{"_acf_changed":false,"om_disable_all_campaigns":false,"_genesis_hide_title":false,"_genesis_hide_breadcrumbs":false,"_genesis_hide_singular_image":false,"_genesis_hide_footer_widgets":false,"_genesis_custom_body_class":"","_genesis_custom_post_class":"","_genesis_layout":"","footnotes":""},"acf":[],"yoast_head":"<!-- This site is optimized with the Yoast SEO plugin v24.5 - https:\/\/yoast.com\/wordpress\/plugins\/seo\/ -->\n<title>Crear un sitio web - opiniones de Wordpress.com - Webolto<\/title>\n<meta name=\"description\" content=\"Opiniones de Wordpress.com y recomendaciones para crear un sitio web o un blog con esta plataforma: recursos, planes gratis y de pago, etc.\" \/>\n<meta name=\"robots\" content=\"index, follow, max-snippet:-1, max-image-preview:large, max-video-preview:-1\" \/>\n<link rel=\"canonical\" href=\"https:\/\/www.webolto.com\/es\/crear-paginas-web\/opiniones-wordpress\/\" \/>\n<meta property=\"og:locale\" content=\"es_ES\" \/>\n<meta property=\"og:type\" content=\"article\" \/>\n<meta property=\"og:title\" content=\"Crear un sitio web - opiniones de Wordpress.com - Webolto\" \/>\n<meta property=\"og:description\" content=\"Opiniones de Wordpress.com y recomendaciones para crear un sitio web o un blog con esta plataforma: recursos, planes gratis y de pago, etc.\" \/>\n<meta property=\"og:url\" content=\"https:\/\/www.webolto.com\/es\/crear-paginas-web\/opiniones-wordpress\/\" \/>\n<meta property=\"og:site_name\" content=\"Webolto\" \/>\n<meta property=\"article:modified_time\" content=\"2023-08-28T12:36:36+00:00\" \/>\n<meta property=\"og:image\" content=\"https:\/\/www.webolto.com\/es\/wp-content\/uploads\/sites\/2\/2019\/10\/wordpress-com-logo-e1571752104275.jpg\" \/>\n\t<meta property=\"og:image:width\" content=\"826\" \/>\n\t<meta property=\"og:image:height\" content=\"353\" \/>\n\t<meta property=\"og:image:type\" content=\"image\/jpeg\" \/>\n<meta name=\"twitter:card\" content=\"summary_large_image\" \/>\n<meta name=\"twitter:label1\" content=\"Tiempo de lectura\" \/>\n\t<meta name=\"twitter:data1\" content=\"10 minutos\" \/>\n<!-- \/ Yoast SEO plugin. -->","yoast_head_json":{"title":"Crear un sitio web - opiniones de Wordpress.com - Webolto","description":"Opiniones de Wordpress.com y recomendaciones para crear un sitio web o un blog con esta plataforma: recursos, planes gratis y de pago, etc.","robots":{"index":"index","follow":"follow","max-snippet":"max-snippet:-1","max-image-preview":"max-image-preview:large","max-video-preview":"max-video-preview:-1"},"canonical":"https:\/\/www.webolto.com\/es\/crear-paginas-web\/opiniones-wordpress\/","og_locale":"es_ES","og_type":"article","og_title":"Crear un sitio web - opiniones de Wordpress.com - Webolto","og_description":"Opiniones de Wordpress.com y recomendaciones para crear un sitio web o un blog con esta plataforma: recursos, planes gratis y de pago, etc.","og_url":"https:\/\/www.webolto.com\/es\/crear-paginas-web\/opiniones-wordpress\/","og_site_name":"Webolto","article_modified_time":"2023-08-28T12:36:36+00:00","og_image":[{"width":826,"height":353,"url":"https:\/\/www.webolto.com\/es\/wp-content\/uploads\/sites\/2\/2019\/10\/wordpress-com-logo-e1571752104275.jpg","type":"image\/jpeg"}],"twitter_card":"summary_large_image","twitter_misc":{"Tiempo de lectura":"10 minutos"},"schema":{"@context":"https:\/\/schema.org","@graph":[{"@type":"WebPage","@id":"https:\/\/www.webolto.com\/es\/crear-paginas-web\/opiniones-wordpress\/","url":"https:\/\/www.webolto.com\/es\/crear-paginas-web\/opiniones-wordpress\/","name":"Crear un sitio web - opiniones de Wordpress.com - Webolto","isPartOf":{"@id":"https:\/\/www.webolto.com\/es\/#website"},"primaryImageOfPage":{"@id":"https:\/\/www.webolto.com\/es\/crear-paginas-web\/opiniones-wordpress\/#primaryimage"},"image":{"@id":"https:\/\/www.webolto.com\/es\/crear-paginas-web\/opiniones-wordpress\/#primaryimage"},"thumbnailUrl":"https:\/\/www.webolto.com\/es\/wp-content\/uploads\/sites\/2\/2019\/10\/wordpress-com-logo-e1571752104275.jpg","datePublished":"2019-10-30T13:00:30+00:00","dateModified":"2023-08-28T12:36:36+00:00","description":"Opiniones de Wordpress.com y recomendaciones para crear un sitio web o un blog con esta plataforma: recursos, planes gratis y de pago, etc.","breadcrumb":{"@id":"https:\/\/www.webolto.com\/es\/crear-paginas-web\/opiniones-wordpress\/#breadcrumb"},"inLanguage":"es","potentialAction":[{"@type":"ReadAction","target":["https:\/\/www.webolto.com\/es\/crear-paginas-web\/opiniones-wordpress\/"]}]},{"@type":"ImageObject","inLanguage":"es","@id":"https:\/\/www.webolto.com\/es\/crear-paginas-web\/opiniones-wordpress\/#primaryimage","url":"https:\/\/www.webolto.com\/es\/wp-content\/uploads\/sites\/2\/2019\/10\/wordpress-com-logo-e1571752104275.jpg","contentUrl":"https:\/\/www.webolto.com\/es\/wp-content\/uploads\/sites\/2\/2019\/10\/wordpress-com-logo-e1571752104275.jpg","width":826,"height":353,"caption":"Wordpress com logo"},{"@type":"BreadcrumbList","@id":"https:\/\/www.webolto.com\/es\/crear-paginas-web\/opiniones-wordpress\/#breadcrumb","itemListElement":[{"@type":"ListItem","position":1,"name":"Home","item":"https:\/\/www.webolto.com\/es\/"},{"@type":"ListItem","position":2,"name":"Comparaci\u00f3n de los mejores programas para crear paginas web","item":"https:\/\/www.webolto.com\/es\/crear-paginas-web\/"},{"@type":"ListItem","position":3,"name":"Crear un sitio web &#8211; opiniones de WordPress.com"}]},{"@type":"WebSite","@id":"https:\/\/www.webolto.com\/es\/#website","url":"https:\/\/www.webolto.com\/es\/","name":"Webolto","description":"Centro de recursos para creadores de sitios web","publisher":{"@id":"https:\/\/www.webolto.com\/es\/#organization"},"potentialAction":[{"@type":"SearchAction","target":{"@type":"EntryPoint","urlTemplate":"https:\/\/www.webolto.com\/es\/?s={search_term_string}"},"query-input":{"@type":"PropertyValueSpecification","valueRequired":true,"valueName":"search_term_string"}}],"inLanguage":"es"},{"@type":"Organization","@id":"https:\/\/www.webolto.com\/es\/#organization","name":"Webolto","url":"https:\/\/www.webolto.com\/es\/","logo":{"@type":"ImageObject","inLanguage":"es","@id":"https:\/\/www.webolto.com\/es\/#\/schema\/logo\/image\/","url":"https:\/\/www.webolto.com\/es\/wp-content\/uploads\/sites\/2\/2020\/05\/header-logo.png","contentUrl":"https:\/\/www.webolto.com\/es\/wp-content\/uploads\/sites\/2\/2020\/05\/header-logo.png","width":3237,"height":667,"caption":"Webolto"},"image":{"@id":"https:\/\/www.webolto.com\/es\/#\/schema\/logo\/image\/"}}]}},"featured_image_src":"https:\/\/www.webolto.com\/es\/wp-content\/uploads\/sites\/2\/2019\/10\/wordpress-com-logo-e1571752104275.jpg","featured_image_src_square":"https:\/\/www.webolto.com\/es\/wp-content\/uploads\/sites\/2\/2019\/10\/wordpress-com-logo-e1571752104275.jpg","_links":{"self":[{"href":"https:\/\/www.webolto.com\/es\/wp-json\/wp\/v2\/pages\/49"}],"collection":[{"href":"https:\/\/www.webolto.com\/es\/wp-json\/wp\/v2\/pages"}],"about":[{"href":"https:\/\/www.webolto.com\/es\/wp-json\/wp\/v2\/types\/page"}],"author":[{"embeddable":true,"href":"https:\/\/www.webolto.com\/es\/wp-json\/wp\/v2\/users\/2"}],"replies":[{"embeddable":true,"href":"https:\/\/www.webolto.com\/es\/wp-json\/wp\/v2\/comments?post=49"}],"version-history":[{"count":0,"href":"https:\/\/www.webolto.com\/es\/wp-json\/wp\/v2\/pages\/49\/revisions"}],"up":[{"embeddable":true,"href":"https:\/\/www.webolto.com\/es\/wp-json\/wp\/v2\/pages\/18"}],"wp:featuredmedia":[{"embeddable":true,"href":"https:\/\/www.webolto.com\/es\/wp-json\/wp\/v2\/media\/133"}],"wp:attachment":[{"href":"https:\/\/www.webolto.com\/es\/wp-json\/wp\/v2\/media?parent=49"}],"curies":[{"name":"wp","href":"https:\/\/api.w.org\/{rel}","templated":true}]}}