{"id":430,"date":"2020-02-25T12:00:29","date_gmt":"2020-02-25T13:00:29","guid":{"rendered":"http:\/\/www.webolto.com\/es\/?page_id=430"},"modified":"2023-05-15T12:22:32","modified_gmt":"2023-05-15T13:22:32","slug":"opiniones-bigcommerce","status":"publish","type":"page","link":"https:\/\/www.webolto.com\/es\/crear-tienda-online\/opiniones-bigcommerce\/","title":{"rendered":"Opiniones de BigCommerce"},"content":{"rendered":"<p>Si ya es dif\u00edcil elegir un editor en l\u00ednea (o un profesional para contratar) para crear una p\u00e1gina web simple, esta decisi\u00f3n se complica a\u00fan m\u00e1s cuando esa web va a estar orientada a la venta. Ya no se trata solamente de que sea vistosa y tenga unos contenidos atractivos (aunque no deja de ser primordial, por supuesto). El componente pr\u00e1ctico tambi\u00e9n es b\u00e1sico: un buen inventario, m\u00e9todos de env\u00edo eficaces, etc.<\/p>\n<p>Para ayudarte en tu decisi\u00f3n, hoy te presentamos BigCommerce, uno de los editores de tiendas online m\u00e1s potentes del mercado.<\/p>\n<h2>\u00bfQu\u00e9 es BigCommerce?<\/h2>\n<p><a href=\"\/es\/go\/bigcommerce\" target=\"_blank\" rel=\"noopener noreferrer\"><strong>BigCommerce<\/strong><\/a> es un programa que te permite crear tu propia tienda online sin necesidad de tener conocimientos t\u00e9cnicos. Este editor te permite dise\u00f1ar tu sitio web de venta sin necesidad de conocimientos t\u00e9cnicos (no hace falta que sepas programar en HTML y CSS) y se encarga de aspectos t\u00e9cnicos como el hosting o alojamiento web. Las opiniones de usuarios de BigCommerce destacan lo intuitivo del editor y la facilidad para a\u00f1adir productos como principales puntos fuertes.<\/p>\n<p><img loading=\"lazy\" decoding=\"async\" class=\"alignnone wp-image-436 size-large\" src=\"\/es\/wp-content\/uploads\/sites\/2\/2020\/02\/BigCommerce-inicio-1024x515.jpg\" alt=\"Opiniones de BigCommerce, p\u00e1gina de inicio\" width=\"1024\" height=\"515\" srcset=\"https:\/\/www.webolto.com\/es\/wp-content\/uploads\/sites\/2\/2020\/02\/BigCommerce-inicio-1024x515.jpg 1024w, https:\/\/www.webolto.com\/es\/wp-content\/uploads\/sites\/2\/2020\/02\/BigCommerce-inicio-300x151.jpg 300w, https:\/\/www.webolto.com\/es\/wp-content\/uploads\/sites\/2\/2020\/02\/BigCommerce-inicio-768x386.jpg 768w, https:\/\/www.webolto.com\/es\/wp-content\/uploads\/sites\/2\/2020\/02\/BigCommerce-inicio-1536x773.jpg 1536w, https:\/\/www.webolto.com\/es\/wp-content\/uploads\/sites\/2\/2020\/02\/BigCommerce-inicio.jpg 1706w\" sizes=\"(max-width: 1024px) 100vw, 1024px\" \/><\/p>\n<p>Adem\u00e1s de incluir toda la infraestructura para crear un sitio web de comercio electr\u00f3nico, BigCommerce integra numerosas funcionalidades para que la facilitar la tarea de vender en l\u00ednea, que no siempre es un camino de rosas (como te contamos, por ejemplo, en nuestro art\u00edculo dedicado al plan de empresa de una tienda online). Algunos ejemplos son recursos para la optimizaci\u00f3n\u00a0SEO, integraci\u00f3n de monederos digitales de Pay\u00a0Pal, Apple\u00a0Pay, Amazon\u00a0Pay, etc.<\/p>\n<p>Algunas empresas que usan BigCommerce para sus ventas en l\u00ednea son Travelpro Luggage, Fuijitsu, Kodak, Toyota o Ben\u00a0&amp;\u00a0Jerry. En la <strong><a href=\"https:\/\/www.bigcommerce.com\/showcase\/\" target=\"_blank\" rel=\"noopener noreferrer\">p\u00e1gina de clientes de BigCommerce<\/a> <\/strong>puedes encontrar m\u00e1s.<\/p>\n<h2>Ventajas y l\u00edmites de BigCommerce<\/h2>\n<div class=\"bloc-exec\">\n<p><span class=\"title is-6 pink uppercase\">BigCommerce: ventajas y l\u00edmites<\/span><\/p>\n<div class=\"columns\">\n<div class=\"column\">\n<p><strong>Ventajas<\/strong><\/p>\n<ul class=\"icon-circle-plus\">\n<li>Recursos propios (no de terceros) de calidad para la venta en l\u00ednea<\/li>\n<li>Abundantes integraciones con empresas de env\u00edo y para vender en sitios web como Amazon, Facebook, etc.<\/li>\n<li>Venta sin comisiones, da igual el plan que elijas<\/li>\n<li>Buenos recursos para el SEO<\/li>\n<\/ul>\n<\/div>\n<div class=\"column\">\n<p><strong>L\u00edmites<\/strong><\/p>\n<ul class=\"icon-circle-minus\">\n<li>La gesti\u00f3n del carrito abandonado es cara (disponible en el plan Plus)<\/li>\n<li>Escasa variedad de plantillas de dise\u00f1o gratuitas. Muchas plantillas son muy similares entre s\u00ed<\/li>\n<li>El editor de p\u00e1ginas web no siempre es del todo intuitivo<\/li>\n<li>No hay funciones espec\u00edficas para crear tiendas online multiling\u00fces<\/li>\n<\/ul>\n<\/div>\n<\/div>\n<\/div>\n<h2>Los precios de BigCommerce<\/h2>\n<h3>\u00bfEs posible utilizar BigCommerce gratis?<\/h3>\n<p>No. Con herramientas gratuitas es posible vender algunos productos, pero si deseas crear un sitio web de venta en l\u00ednea consistente, los recursos de pago ser\u00e1n inevitables.<\/p>\n<p>En el caso de BigCommerce, el plan m\u00e1s barato cuesta 29,95\u00a0$ al mes. Fuera de ah\u00ed, la herramienta solo se puede usar gratis durante un periodo de prueba de 15\u00a0d\u00edas. Tambi\u00e9n es posible solicitar una demo para conocer bien todos los recursos de Big Commerce antes de decidir si pagas por esta herramienta o eliges otra.<\/p>\n<h3>Los planes de pago de BigCommerce<\/h3>\n<p>En BigCommerce hay que pagar, pero te est\u00e1s ahorrando muchos costes externos como hosting o servicios de dise\u00f1o. Adem\u00e1s, como indic\u00e1bamos en la introducci\u00f3n, todos los planes permiten vender un n\u00famero ilimitado de productos sin comisiones; adem\u00e1s ofrecer ancho de banda y almacenamiento ilimitado.<\/p>\n<p>Las opiniones de BigCommerce indican que es una plataforma que merece la pena si tu tienda online tiene unas m\u00ednimas expectativas de crecimiento. Tendr\u00e1s que pagar m\u00e1s que con otros editores, pero tambi\u00e9n tendr\u00e1s m\u00e1s recursos para hacer crecer tu negocio.<\/p>\n<p>Hay cuatro planes de pago en BigCommerce:<\/p>\n<p><img loading=\"lazy\" decoding=\"async\" class=\"alignnone size-full wp-image-437\" src=\"\/es\/wp-content\/uploads\/sites\/2\/2020\/02\/BigCommerce-plans-de-pago.jpg\" alt=\"\" width=\"861\" height=\"899\" srcset=\"https:\/\/www.webolto.com\/es\/wp-content\/uploads\/sites\/2\/2020\/02\/BigCommerce-plans-de-pago.jpg 861w, https:\/\/www.webolto.com\/es\/wp-content\/uploads\/sites\/2\/2020\/02\/BigCommerce-plans-de-pago-287x300.jpg 287w, https:\/\/www.webolto.com\/es\/wp-content\/uploads\/sites\/2\/2020\/02\/BigCommerce-plans-de-pago-768x802.jpg 768w\" sizes=\"(max-width: 861px) 100vw, 861px\" \/><\/p>\n<ul>\n<li>El <strong>plan Standard<\/strong> es el m\u00e1s barato, por <strong>29,95\u00a0$<\/strong> (27,61\u00a0\u20ac) al mes y te ofrece lo necesario para disponer de una tienda online de tama\u00f1o considerable. Este plan integra el pago con monederos de plataformas como Pay\u00a0Pal o Amazon\u00a0Pay. Tambi\u00e9n te permite conectar tu cuenta con eBay, Amazon o Facebook Marketplace; mostrar los gastos de env\u00edo de varios proveedores directamente; ofrecer tarjetas regalo a los clientes, etc. En otros editores hay que contratar planes m\u00e1s avanzados para tener estos recursos.<\/li>\n<li>El <strong>plan Plus<\/strong> cuesta <strong>79,95\u00a0$<\/strong> (73,72\u00a0\u20ac) al mes y permite, por ejemplo, que las compras no finalizadas por los clientes queden guardadas para la pr\u00f3xima vez que se conecten (subestimar la importancia de <a href=\"\/es\/blog\/carrito-abandonado-tienda-online\/\"><strong>los carritos abandonados<\/strong><\/a> no es buena idea); guardar los datos de las tarjetas bancarias de los clientes; y \u2013lo m\u00e1s importante en nuestra opini\u00f3n\u2013 crear grupos segmentados de consumidores para dirigirles ofertas concretas, lo que tiene un gran potencial para el marketing digital.<\/li>\n<li>El <strong>plan Pro<\/strong> supone un salto sobre todo en la dimensi\u00f3n de la empresa que gestiona la tienda, y su precio nos da una pista de ello: <strong>299,95\u00a0$<\/strong> (276,61\u00a0\u20ac) al mes. Permite gestionar vol\u00famenes de ventas de hasta 400\u00a0000\u00a0$ anuales, con una comisi\u00f3n si lo rebasas.<\/li>\n<li>El <strong>plan Enterprise<\/strong> es para grandes empresas que superan los vol\u00famenes de ventas anteriores. No se ofrece directamente en la web: sus condiciones se acuerdan en privado con el personal de BigCommerce.<\/li>\n<\/ul>\n<h2>C\u00f3mo elegir el dise\u00f1o de tu tienda online con BigCommerce<\/h2>\n<p>Al igual que la mayor\u00eda de los editores de tiendas online y sitios web, BigCommerce ofrece temas o plantillas como punto de partida para comenzar tu dise\u00f1o, que despu\u00e9s podr\u00e1s personalizar a tu gusto.<\/p>\n<p>Hay m\u00e1s de un centenar de temas, pero solo 12 son gratuitos, muchos de ellos, adem\u00e1s, similares entre s\u00ed. Por tanto, no es de extra\u00f1ar que este sea uno de los l\u00edmites se\u00f1alados por las opiniones de BigCommerce.<\/p>\n<p>Los temas de pago tienen que precios que oscilan, aproximadamente, entre 150 $ y 225 $, aunque a veces hay rebajas. Algunos de estos temas tambi\u00e9n son similares pero, con una oferta de m\u00e1s de cien, naturalmente, la variedad es mayor.<\/p>\n<p>Desde el men\u00fa izquierdo del <em>dashboard<\/em> (la p\u00e1gina principal de tu \u00e1rea de usuario) deber\u00e1s dirigirte a Tienda&gt;Selecci\u00f3n de temas. Ah\u00ed los podr\u00e1s filtrar por categor\u00edas y por si son de pago o gratis.<\/p>\n<p><img loading=\"lazy\" decoding=\"async\" class=\"alignnone wp-image-441 size-full\" src=\"\/es\/wp-content\/uploads\/sites\/2\/2020\/02\/BigCommerce-temas.jpg\" alt=\"P\u00e1gina de temas de BigCommerce\" width=\"995\" height=\"789\" srcset=\"https:\/\/www.webolto.com\/es\/wp-content\/uploads\/sites\/2\/2020\/02\/BigCommerce-temas.jpg 995w, https:\/\/www.webolto.com\/es\/wp-content\/uploads\/sites\/2\/2020\/02\/BigCommerce-temas-300x238.jpg 300w, https:\/\/www.webolto.com\/es\/wp-content\/uploads\/sites\/2\/2020\/02\/BigCommerce-temas-768x609.jpg 768w\" sizes=\"(max-width: 995px) 100vw, 995px\" \/><\/p>\n<h3>\u00bfLas plantillas de BigCommerce se adaptan a m\u00f3viles?<\/h3>\n<p>S\u00ed, todos los temas tienen un dise\u00f1o <em>responsive<\/em>, es decir, que se adapta autom\u00e1ticamente a m\u00f3viles, tabletas o cualquier dispositivo. Un truco para ver c\u00f3mo la p\u00e1gina se adapta a diferentes anchos de pantalla es reducir la anchura de la pantalla de tu navegador con el cursor. Ver\u00e1s c\u00f3mo todos los elementos de la p\u00e1gina web se reposicionan solos.<\/p>\n<p>Y, ya sabes, no minusvalores la importancia de la navegaci\u00f3n con m\u00f3vil: la mitad de las compras se efect\u00faan desde estos dispositivos.<\/p>\n<h2>Los principales recursos de BigCommerce para crear una tienda online<\/h2>\n<p>Elegir un buen dise\u00f1o y construir la web para vender es solo la mitad del camino para ponerse en marcha. Despu\u00e9s toca, como es l\u00f3gico, configurar los mecanismos de venta en l\u00ednea. Y en este aspecto es donde BigCommerce m\u00e1s tiene que ofrecer.<\/p>\n<p>El punto fuerte de este editor de tiendas online es la gran cantidad de funciones propias que incorpora. Es decir, no se trata de aplicaciones de terceros fabricantes que se integran en el sitio web, m\u00e1s frecuentes con otros editores como Shopify.<\/p>\n<h3>Los pagos en BigCommerce<\/h3>\n<p>La facilidad para aceptar pagos est\u00e1 en la cumbre de los puntos fuertes, seg\u00fan una buena parte de las opiniones de usuarios de BigCommerce.<\/p>\n<ul>\n<li>Ning\u00fan pago tiene comisiones, elijas el plan que elijas. Las \u00fanicas comisiones que te podr\u00e1n cobrar ser\u00e1n las habituales de la tarjeta bancaria.<\/li>\n<li>Los clientes pueden usar el m\u00e9todo de pago que quieran, de una larga lista que incluye m\u00e1s de 65\u00a0proveedores como PayPal, Square, Amazon\u00a0Pay, CyberSource, etc. Esta es una ventaja considerable frente a Shopify, que te obliga a usar su propia pasarela de pago si quieres evitar las comisiones.<\/li>\n<\/ul>\n<h3>Otros recursos para el comercio electr\u00f3nico<\/h3>\n<p>Adem\u00e1s de las facilidades para aceptar pagos, BigCommerce ofrece otras funcionalidades para la venta en l\u00ednea como estas:<\/p>\n<ul>\n<li><strong>Integraci\u00f3n con proveedores de env\u00edo<\/strong>: Con integraciones de proveedores de env\u00edo, es posible calcular los gastos de env\u00edo en tiempo real (u ofrecer env\u00edos gratuitos si lo deseas), imprimir etiquetas, ofrecer seguimiento del env\u00edo al consumidor, etc. Algunas empresas con las que BigCommerce trabaja son UPS, FedEx y DHL.<\/li>\n<li><strong>Integraci\u00f3n con plataformas de email marketing<\/strong>, como Mailchimp, <a href=\"\/es\/go\/sendinblue\" target=\"_blank\" rel=\"noopener noreferrer\">Brevo<\/a> o iContact.<\/li>\n<li><strong>Rese\u00f1as de productos<\/strong> escritas por los clientes.<\/li>\n<li><strong>Integraci\u00f3n de canales de venta<\/strong>, que permiten conectar tu tienda online con otras webs como eBay, Amazon, Facebook o Instagram para vender tambi\u00e9n en estas plataformas.<\/li>\n<\/ul>\n<h2>\u00bfEs f\u00e1cil usar BigCommerce?<\/h2>\n<p>Construir una tienda online bonita, con p\u00e1ginas de producto vistosas, es crucial, pero tambi\u00e9n lleva tiempo.<\/p>\n<p>Las opiniones sobre la facilidad para usar el editor de BigCommerce est\u00e1n un poco divididas. En un principio, los usuarios se\u00f1alaban algunas limitaciones en su usabilidad, pero la plataforma ha tomado nota y, desde el lanzamiento de su herramienta llamada Store Design la edici\u00f3n se ha vuelto mucho m\u00e1s intuitiva.<\/p>\n<p>Esta nueva interfaz te permite ver los cambios que efect\u00faas directamente sobre la pantalla. El principio es sencillo: a la izquierda se muestra el men\u00fa con todo lo que puedes modificar (botones, p\u00e1gina de inicios, estilos, etc.), y a la derecha la pantalla tal como la ver\u00e1 el visitante.<\/p>\n<p>Desde este men\u00fa podr\u00e1s ir probando distintas fuentes, colores, fondos, etc. y elegir lo que m\u00e1s te convenga.<\/p>\n<p><img loading=\"lazy\" decoding=\"async\" class=\"alignnone wp-image-440 size-large\" src=\"\/es\/wp-content\/uploads\/sites\/2\/2020\/02\/BigCommerce-store-design-1024x442.jpg\" alt=\"Editar p\u00e1gina web\" width=\"1024\" height=\"442\" srcset=\"https:\/\/www.webolto.com\/es\/wp-content\/uploads\/sites\/2\/2020\/02\/BigCommerce-store-design-1024x442.jpg 1024w, https:\/\/www.webolto.com\/es\/wp-content\/uploads\/sites\/2\/2020\/02\/BigCommerce-store-design-300x129.jpg 300w, https:\/\/www.webolto.com\/es\/wp-content\/uploads\/sites\/2\/2020\/02\/BigCommerce-store-design-768x331.jpg 768w, https:\/\/www.webolto.com\/es\/wp-content\/uploads\/sites\/2\/2020\/02\/BigCommerce-store-design-1536x662.jpg 1536w, https:\/\/www.webolto.com\/es\/wp-content\/uploads\/sites\/2\/2020\/02\/BigCommerce-store-design.jpg 1885w\" sizes=\"(max-width: 1024px) 100vw, 1024px\" \/><\/p>\n<h2>\u00bfC\u00f3mo se posiciona en Google una tienda online creada con BigCommerce?<\/h2>\n<p>Seguro que a estas alturas ya sabes lo importante que es que te encuentren en internet. Por suerte, las opiniones del SEO BigCommerce est\u00e1n entre los mejores. Estos son los principales recursos que ofrece la plataforma para posicionar en buscadores:<\/p>\n<ul>\n<li>Puedes editar con facilidad los t\u00edtulos y las metadescripciones de todas tus p\u00e1ginas.<\/li>\n<li>Puedes editar el archivo <a href=\"https:\/\/marketing4ecommerce.net\/que-es-robots-txt\/\" target=\"_blank\" rel=\"noopener noreferrer\"><strong>robots.txt<\/strong><\/a>, especialmente \u00fatil para indicar qu\u00e9 p\u00e1ginas no deben rastrear los buscadores.<\/li>\n<li>Es posible personalizar las URL de tus p\u00e1ginas de producto, con el estilo: <em>dominio.com\/producto-individual<\/em>. Otros editores como Shopify te obligan a mantener la estructura <em>dominio.com\/productos\/producto-individual<\/em>.<\/li>\n<\/ul>\n<h2>\u00bfC\u00f3mo obtener ayuda del soporte t\u00e9cnico de BigCommerce?<\/h2>\n<p>Como es habitual, BigCommerce ofrece en primer lugar una base de conocimientos con informaci\u00f3n bastante completa. Eso s\u00ed, solo est\u00e1 disponible en ingl\u00e9s, al igual que el resto del soporte y una parte de la interfaz de BigCommerce. Antes de contactar con un agente, la plataforma te invitar\u00e1 a encontrar tu respuesta en la base de conocimientos. Tambi\u00e9n tienen un foro donde podr\u00e1s encontrar respuestas y otras opiniones sobre las funciones de BigCommerce.<\/p>\n<p><img loading=\"lazy\" decoding=\"async\" class=\"alignnone wp-image-439 size-large\" src=\"\/es\/wp-content\/uploads\/sites\/2\/2020\/02\/BigCommerce-soporte-1024x587.jpg\" alt=\"Opiniones de BigCommerce, base de conocimientos\" width=\"1024\" height=\"587\" srcset=\"https:\/\/www.webolto.com\/es\/wp-content\/uploads\/sites\/2\/2020\/02\/BigCommerce-soporte-1024x587.jpg 1024w, https:\/\/www.webolto.com\/es\/wp-content\/uploads\/sites\/2\/2020\/02\/BigCommerce-soporte-300x172.jpg 300w, https:\/\/www.webolto.com\/es\/wp-content\/uploads\/sites\/2\/2020\/02\/BigCommerce-soporte-768x440.jpg 768w, https:\/\/www.webolto.com\/es\/wp-content\/uploads\/sites\/2\/2020\/02\/BigCommerce-soporte.jpg 1365w\" sizes=\"(max-width: 1024px) 100vw, 1024px\" \/><\/p>\n<p>Cuando creas una cuenta en BigCommerce, recibir\u00e1s varios correos electr\u00f3nicos para familiarizarte con la plataforma. Sin embargo, las opciones para contactar directamente con un agente pueden ser limitadas durante el periodo de prueba.<\/p>\n<p>Una vez que te decides por uno de los planes, ya tendr\u00e1s acceso al soporte t\u00e9cnico en su totalidad, que destaca por su eficacia si dominas el ingl\u00e9s. Te pueden atender por tel\u00e9fono, chat o correo electr\u00f3nico, las 24\u00a0horas del d\u00eda y los 7\u00a0d\u00edas de la semana.<\/p>\n<h2>Conclusi\u00f3n: las opiniones de BigCommerce de Webolto<\/h2>\n<p>Cuando hablamos espec\u00edficamente de <a href=\"\/es\/crear-tienda-online\/\"><strong>creadores de tiendas online<\/strong><\/a>, en general, nos estamos refiriendo a tiendas con un cierto volumen de negocio. BigCommerce no es ninguna excepci\u00f3n: tendr\u00e1s que asumir un desembolso m\u00ednimo de 29\u00a0$ mensuales.<\/p>\n<p>A cambio, tendr\u00e1s bastantes recursos para llevar a cabo un proyecto de comercio electr\u00f3nico ambicioso. Podemos destacar, por ejemplo, una gesti\u00f3n de inventario eficaz con todas las combinaciones de productos que desees (tallas, colores, etc.). Tampoco hemos de pasar por alto la posibilidad de vender en otras webs como eBay o Amazon ni la integraci\u00f3n con empresas de env\u00edo.<\/p>\n<p>No obstante, tambi\u00e9n es posible que est\u00e9s empezando con tu proyecto, o que quieras manejar una tienda online \u00fanicamente para ventas espor\u00e1dicas. En ese caso, te recordamos que los <a href=\"\/es\/crear-paginas-web\/\"><strong>editores de p\u00e1ginas web<\/strong><\/a> tambi\u00e9n integran funciones b\u00e1sicas de comercio electr\u00f3nico en algunos de sus planes (por ejemplo, Weebly y WordPress).<\/p>\n<p>No dejes de consultar todas las opciones y, si te siguen quedando dudas, siempre puedes aprovechar el periodo de prueba de 15\u00a0d\u00edas de BigCommerce antes de tomar la decisi\u00f3n definitiva.<\/p>\n","protected":false},"excerpt":{"rendered":"<p>Si ya es dif\u00edcil elegir un editor en l\u00ednea (o un profesional para contratar) para crear una p\u00e1gina web simple, esta decisi\u00f3n se complica a\u00fan m\u00e1s cuando esa web va a estar orientada a la venta. Ya no se trata solamente de que sea vistosa y tenga unos contenidos atractivos (aunque no deja de ser [&hellip;]<\/p>\n","protected":false},"author":2,"featured_media":442,"parent":17,"menu_order":0,"comment_status":"closed","ping_status":"closed","template":"page-templates\/website-builders.php","meta":{"_acf_changed":false,"om_disable_all_campaigns":false,"_genesis_hide_title":false,"_genesis_hide_breadcrumbs":false,"_genesis_hide_singular_image":false,"_genesis_hide_footer_widgets":false,"_genesis_custom_body_class":"","_genesis_custom_post_class":"","_genesis_layout":"","footnotes":""},"acf":[],"yoast_head":"<!-- This site is optimized with the Yoast SEO plugin v24.5 - https:\/\/yoast.com\/wordpress\/plugins\/seo\/ -->\n<title>Crear una tienda online: opiniones de BigCommerce - Webolto<\/title>\n<meta name=\"description\" content=\"Todo lo que necesitas saber para crear una tienda online con BigCommerce: principales opiniones, precios, recursos espec\u00edficos para e-commerce, etc.\" \/>\n<meta name=\"robots\" content=\"index, follow, max-snippet:-1, max-image-preview:large, max-video-preview:-1\" \/>\n<link rel=\"canonical\" href=\"https:\/\/www.webolto.com\/es\/crear-tienda-online\/opiniones-bigcommerce\/\" \/>\n<meta property=\"og:locale\" content=\"es_ES\" \/>\n<meta property=\"og:type\" content=\"article\" \/>\n<meta property=\"og:title\" content=\"Crear una tienda online: opiniones de BigCommerce - Webolto\" \/>\n<meta property=\"og:description\" content=\"Todo lo que necesitas saber para crear una tienda online con BigCommerce: principales opiniones, precios, recursos espec\u00edficos para e-commerce, etc.\" \/>\n<meta property=\"og:url\" content=\"https:\/\/www.webolto.com\/es\/crear-tienda-online\/opiniones-bigcommerce\/\" \/>\n<meta property=\"og:site_name\" content=\"Webolto\" \/>\n<meta property=\"article:modified_time\" content=\"2023-05-15T13:22:32+00:00\" \/>\n<meta property=\"og:image\" content=\"https:\/\/www.webolto.com\/es\/wp-content\/uploads\/sites\/2\/2020\/02\/BigCommerce-logo.gif\" \/>\n\t<meta property=\"og:image:width\" content=\"470\" \/>\n\t<meta property=\"og:image:height\" content=\"353\" \/>\n\t<meta property=\"og:image:type\" content=\"image\/gif\" \/>\n<meta name=\"twitter:card\" content=\"summary_large_image\" \/>\n<meta name=\"twitter:label1\" content=\"Tiempo de lectura\" \/>\n\t<meta name=\"twitter:data1\" content=\"10 minutos\" \/>\n<!-- \/ Yoast SEO plugin. -->","yoast_head_json":{"title":"Crear una tienda online: opiniones de BigCommerce - Webolto","description":"Todo lo que necesitas saber para crear una tienda online con BigCommerce: principales opiniones, precios, recursos espec\u00edficos para e-commerce, etc.","robots":{"index":"index","follow":"follow","max-snippet":"max-snippet:-1","max-image-preview":"max-image-preview:large","max-video-preview":"max-video-preview:-1"},"canonical":"https:\/\/www.webolto.com\/es\/crear-tienda-online\/opiniones-bigcommerce\/","og_locale":"es_ES","og_type":"article","og_title":"Crear una tienda online: opiniones de BigCommerce - Webolto","og_description":"Todo lo que necesitas saber para crear una tienda online con BigCommerce: principales opiniones, precios, recursos espec\u00edficos para e-commerce, etc.","og_url":"https:\/\/www.webolto.com\/es\/crear-tienda-online\/opiniones-bigcommerce\/","og_site_name":"Webolto","article_modified_time":"2023-05-15T13:22:32+00:00","og_image":[{"width":470,"height":353,"url":"https:\/\/www.webolto.com\/es\/wp-content\/uploads\/sites\/2\/2020\/02\/BigCommerce-logo.gif","type":"image\/gif"}],"twitter_card":"summary_large_image","twitter_misc":{"Tiempo de lectura":"10 minutos"},"schema":{"@context":"https:\/\/schema.org","@graph":[{"@type":"WebPage","@id":"https:\/\/www.webolto.com\/es\/crear-tienda-online\/opiniones-bigcommerce\/","url":"https:\/\/www.webolto.com\/es\/crear-tienda-online\/opiniones-bigcommerce\/","name":"Crear una tienda online: opiniones de BigCommerce - Webolto","isPartOf":{"@id":"https:\/\/www.webolto.com\/es\/#website"},"primaryImageOfPage":{"@id":"https:\/\/www.webolto.com\/es\/crear-tienda-online\/opiniones-bigcommerce\/#primaryimage"},"image":{"@id":"https:\/\/www.webolto.com\/es\/crear-tienda-online\/opiniones-bigcommerce\/#primaryimage"},"thumbnailUrl":"https:\/\/www.webolto.com\/es\/wp-content\/uploads\/sites\/2\/2020\/02\/BigCommerce-logo.gif","datePublished":"2020-02-25T13:00:29+00:00","dateModified":"2023-05-15T13:22:32+00:00","description":"Todo lo que necesitas saber para crear una tienda online con BigCommerce: principales opiniones, precios, recursos espec\u00edficos para e-commerce, etc.","breadcrumb":{"@id":"https:\/\/www.webolto.com\/es\/crear-tienda-online\/opiniones-bigcommerce\/#breadcrumb"},"inLanguage":"es","potentialAction":[{"@type":"ReadAction","target":["https:\/\/www.webolto.com\/es\/crear-tienda-online\/opiniones-bigcommerce\/"]}]},{"@type":"ImageObject","inLanguage":"es","@id":"https:\/\/www.webolto.com\/es\/crear-tienda-online\/opiniones-bigcommerce\/#primaryimage","url":"https:\/\/www.webolto.com\/es\/wp-content\/uploads\/sites\/2\/2020\/02\/BigCommerce-logo.gif","contentUrl":"https:\/\/www.webolto.com\/es\/wp-content\/uploads\/sites\/2\/2020\/02\/BigCommerce-logo.gif","width":470,"height":353,"caption":"Logo de BigCommerce"},{"@type":"BreadcrumbList","@id":"https:\/\/www.webolto.com\/es\/crear-tienda-online\/opiniones-bigcommerce\/#breadcrumb","itemListElement":[{"@type":"ListItem","position":1,"name":"Home","item":"https:\/\/www.webolto.com\/es\/"},{"@type":"ListItem","position":2,"name":"Comparaci\u00f3n de los principales programas para crear una tienda online","item":"https:\/\/www.webolto.com\/es\/crear-tienda-online\/"},{"@type":"ListItem","position":3,"name":"Opiniones de BigCommerce"}]},{"@type":"WebSite","@id":"https:\/\/www.webolto.com\/es\/#website","url":"https:\/\/www.webolto.com\/es\/","name":"Webolto","description":"Centro de recursos para creadores de sitios web","publisher":{"@id":"https:\/\/www.webolto.com\/es\/#organization"},"potentialAction":[{"@type":"SearchAction","target":{"@type":"EntryPoint","urlTemplate":"https:\/\/www.webolto.com\/es\/?s={search_term_string}"},"query-input":{"@type":"PropertyValueSpecification","valueRequired":true,"valueName":"search_term_string"}}],"inLanguage":"es"},{"@type":"Organization","@id":"https:\/\/www.webolto.com\/es\/#organization","name":"Webolto","url":"https:\/\/www.webolto.com\/es\/","logo":{"@type":"ImageObject","inLanguage":"es","@id":"https:\/\/www.webolto.com\/es\/#\/schema\/logo\/image\/","url":"https:\/\/www.webolto.com\/es\/wp-content\/uploads\/sites\/2\/2020\/05\/header-logo.png","contentUrl":"https:\/\/www.webolto.com\/es\/wp-content\/uploads\/sites\/2\/2020\/05\/header-logo.png","width":3237,"height":667,"caption":"Webolto"},"image":{"@id":"https:\/\/www.webolto.com\/es\/#\/schema\/logo\/image\/"}}]}},"featured_image_src":"https:\/\/www.webolto.com\/es\/wp-content\/uploads\/sites\/2\/2020\/02\/BigCommerce-logo.gif","featured_image_src_square":"https:\/\/www.webolto.com\/es\/wp-content\/uploads\/sites\/2\/2020\/02\/BigCommerce-logo.gif","_links":{"self":[{"href":"https:\/\/www.webolto.com\/es\/wp-json\/wp\/v2\/pages\/430"}],"collection":[{"href":"https:\/\/www.webolto.com\/es\/wp-json\/wp\/v2\/pages"}],"about":[{"href":"https:\/\/www.webolto.com\/es\/wp-json\/wp\/v2\/types\/page"}],"author":[{"embeddable":true,"href":"https:\/\/www.webolto.com\/es\/wp-json\/wp\/v2\/users\/2"}],"replies":[{"embeddable":true,"href":"https:\/\/www.webolto.com\/es\/wp-json\/wp\/v2\/comments?post=430"}],"version-history":[{"count":0,"href":"https:\/\/www.webolto.com\/es\/wp-json\/wp\/v2\/pages\/430\/revisions"}],"up":[{"embeddable":true,"href":"https:\/\/www.webolto.com\/es\/wp-json\/wp\/v2\/pages\/17"}],"wp:featuredmedia":[{"embeddable":true,"href":"https:\/\/www.webolto.com\/es\/wp-json\/wp\/v2\/media\/442"}],"wp:attachment":[{"href":"https:\/\/www.webolto.com\/es\/wp-json\/wp\/v2\/media?parent=430"}],"curies":[{"name":"wp","href":"https:\/\/api.w.org\/{rel}","templated":true}]}}