{"id":386,"date":"2023-09-19T11:29:06","date_gmt":"2023-09-19T12:29:06","guid":{"rendered":"http:\/\/www.webolto.com\/es\/?page_id=386"},"modified":"2023-09-25T05:57:40","modified_gmt":"2023-09-25T06:57:40","slug":"opiniones-site123","status":"publish","type":"page","link":"https:\/\/www.webolto.com\/es\/crear-paginas-web\/opiniones-site123\/","title":{"rendered":"Crear un sitio web \u2013 Nuestra opini\u00f3n sobre Site123"},"content":{"rendered":"<p><strong>Site123<\/strong> es un editor de p\u00e1ginas web bastante intuitivo que te interesar\u00e1 si quieres crear una web sencilla. Si algo tiene esta plataforma es que no se anda con muchos rodeos: una de las primeras preguntas que te har\u00e1 ser\u00e1 qu\u00e9 tipo de sitio web quieres crear: tienda online, blog, portafolio, etc. De ah\u00ed pasar\u00e1s r\u00e1pidamente a editar su dise\u00f1o y contenidos. Descubre nuestra opini\u00f3n sobre Site123 en detalle en este art\u00edculo.<\/p>\n<p style=\"text-align: center\"><a class=\"button\" href=\"https:\/\/es.site123.com\/\" target=\"_blank\" rel=\"noopener\">Descubrir Site123<\/a><\/p>\n<p><img loading=\"lazy\" decoding=\"async\" class=\"wp-image-396 size-large aligncenter\" src=\"\/es\/wp-content\/uploads\/sites\/2\/2020\/02\/Site123-tipo-de-web-1024x464.jpg\" alt=\"Opiniones de Site123, tipo de web\" width=\"1024\" height=\"464\" srcset=\"https:\/\/www.webolto.com\/es\/wp-content\/uploads\/sites\/2\/2020\/02\/Site123-tipo-de-web-1024x464.jpg 1024w, https:\/\/www.webolto.com\/es\/wp-content\/uploads\/sites\/2\/2020\/02\/Site123-tipo-de-web-300x136.jpg 300w, https:\/\/www.webolto.com\/es\/wp-content\/uploads\/sites\/2\/2020\/02\/Site123-tipo-de-web-768x348.jpg 768w, https:\/\/www.webolto.com\/es\/wp-content\/uploads\/sites\/2\/2020\/02\/Site123-tipo-de-web-1536x697.jpg 1536w, https:\/\/www.webolto.com\/es\/wp-content\/uploads\/sites\/2\/2020\/02\/Site123-tipo-de-web.jpg 1841w\" sizes=\"(max-width: 1024px) 100vw, 1024px\" \/><\/p>\n<p>Aunque su editor no es de soltar y arrastrar, como el de <a href=\"\/es\/crear-paginas-web\/opiniones-weebly\/\">Weebly<\/a>, apenas presenta complicaciones para usarlo. Asimismo, al construir tus p\u00e1ginas web partir\u00e1s de una de las plantillas de Site123 y tu libertad para editarla ser\u00e1 limitada. Adem\u00e1s, estas plantillas con el plan gratuito son a\u00fan m\u00e1s limitadas.<\/p>\n<p>Nuestra opini\u00f3n sobre Site123 es que se trata de un editor adecuado para particulares o peque\u00f1as empresas que necesitan tener presencia en la red r\u00e1pido y sin mucho coste. Si tu proyecto digital es m\u00e1s ambicioso, no debes pasar por alto alternativas como WordPress o <strong><a href=\"\/es\/crear-paginas-web\/opinion-hubspot-cms\/\">HubSpot CMS<\/a><\/strong>.<\/p>\n<h2>Ventajas y l\u00edmites<\/h2>\n<div class=\"bloc-exec\">\n<p><span class=\"title is-6 pink uppercase\"><a href=\"https:\/\/es.site123.com\/\" target=\"_blank\" rel=\"noopener noreferrer\">Site123<\/a>: ventajas y l\u00edmites<\/span><\/p>\n<div class=\"columns\">\n<div class=\"column\">\n<p><strong>Ventajas<\/strong><\/p>\n<ul class=\"icon-circle-plus\">\n<li>Facilidad para publicar el sitio web en varios idiomas<\/li>\n<li>Buena calidad de la atenci\u00f3n al cliente<\/li>\n<li>Editor intuitivo y f\u00e1cil de usar, id\u00f3neo para principiantes<\/li>\n<li>Buena opci\u00f3n para crear sitios web sencillos<\/li>\n<\/ul>\n<\/div>\n<div class=\"column\">\n<p><strong>L\u00edmites<\/strong><\/p>\n<ul class=\"icon-circle-minus\">\n<li>La libertad creativa con las plantillas es bastante limitada<\/li>\n<li>No se puede editar el c\u00f3digo fuente de las plantillas<\/li>\n<li>El editor es intuitivo, pero no tiene un sistema de arrastrar y soltar<\/li>\n<li>Es necesario pagar si se quiere tener acceso a la mayor\u00eda de recursos<\/li>\n<\/ul>\n<\/div>\n<\/div>\n<\/div>\n<h2>\u00bfPara qu\u00e9 tipos de p\u00e1ginas web es recomendable Site123?<\/h2>\n<p>Ya hemos indicado que Site123 es un buen editor para particulares o pymes que necesiten tener presencia en el ecosistema de internet.<\/p>\n<p>M\u00e1s concretamente, Site123 se puede adaptar bien a este tipo proyectos:<\/p>\n<h3>Webs personales y de portafolio<\/h3>\n<p>Cada vez son m\u00e1s quienes necesitan aprovechar la oportunidad de usar la red como escaparate de su trabajo: fot\u00f3grafos, artistas, dise\u00f1adores, trabajadores aut\u00f3nomos en general\u2026 Todos estos profesionales a menudo necesitan mostrar su trabajo en l\u00ednea, pero no disponen de mucho tiempo ni recursos para hacerlo. En estos <strong><a href=\"\/es\/crear-paginas-web\/ejemplos-portfolios\/\">ejemplos de portfolio<\/a><\/strong> puedes encontrar inspiraci\u00f3n para hacerlo.<\/p>\n<p>Si ese es tu caso, posiblemente Site123 sea lo mejor para ti. Este editor ofrece bastantes plantillas para crear una p\u00e1gina web de fotograf\u00eda, una galer\u00eda, un CV tradicional o creativo.<\/p>\n<h3>Tiendas online y e-commerce<\/h3>\n<p>Hemos indicado que Site123 es bueno para <strong><a href=\"\/es\/creadores-de-sitios\/12-ejemplos-paginas-web-sencillas\/\">sitios web sencillos<\/a><\/strong> y las tiendas online no suponen ninguna excepci\u00f3n: no te interesa si tienes pensado vender a gran escala.<\/p>\n<p>Las funciones espec\u00edficas de comercio electr\u00f3nico solo est\u00e1n disponibles en los planes de pago. Insistimos: solo para ventas a peque\u00f1a escala.<\/p>\n<p>Lo que s\u00ed ofrece Site123 son herramientas de marketing como llamadas a la acci\u00f3n (call to action) y algunos recursos de email marketing.<\/p>\n<h3>Blogs<\/h3>\n<p>Si deseas integrar un blog en tu <strong><a href=\"\/es\/crear-paginas-web\/que-es-un-sitio-web\/\/\">sitio web<\/a><\/strong>, Site123 ofrece plantillas bastante interesantes. Puedes incorporar funciones como un buscador interno y un lector\u00a0RSS. En cambio, si te interesa tener una secci\u00f3n de comentarios o mostrar tus entradas por categor\u00edas, no podr\u00e1s hacerlo con Site123.<\/p>\n<p>En general, si pretendes que el blog sea el eje central de tu sitio web, no debes dejar de considerar otras opciones como <a href=\"\/es\/crear-paginas-web\/opiniones-wordpress\/\">WordPress.com<\/a>. Site123 te interesar\u00e1 si quieres tener el blog como una secci\u00f3n m\u00e1s de tu sitio.<\/p>\n<h2>Ofertas y precios de Site123<\/h2>\n<h3>Utilizar Site123 gratis<\/h3>\n<p>Site123 tiene un plan gratuito, pero presenta limitaciones que debes tener presentes. En primer lugar, solo dispondr\u00e1s de 250 MB de almacenamiento; es decir, no podr\u00e1s tener en tus p\u00e1ginas web contenidos pesados como v\u00eddeos. El ancho de banda tambi\u00e9n est\u00e1 limitado a 250 GB, por lo que no podr\u00e1s tener muchos visitantes simult\u00e1neamente en tu sitio.<\/p>\n<p>Adem\u00e1s, si no contratas un plan de pago, tu sitio tendr\u00e1 que mostrar obligatoriamente el logo de Site123, lo que \u2014dependiendo del contexto\u2014 le podr\u00eda restar profesionalidad.<\/p>\n<p>Ten en cuenta que si quieres tener un dominio propio (misitio.com en lugar de misitio.site123.me) deber\u00e1s asumir ese gasto. Lo que s\u00ed podr\u00e1s hacer con el plan gratuito de Site123 es publicar todas las p\u00e1ginas web que quieras en tu sitio.<\/p>\n<h3>Los planes de pago de Site123<\/h3>\n<p>Para visualizar todos los planes de pago de Site123, tienes que <strong>iniciar sesi\u00f3n<\/strong> en la plataforma. Si te decides a elegir un plan de pago e Site123, debes tener en cuenta una cosa: la plataforma premia considerablemente la fidelidad. Tienes la opci\u00f3n de contratar cada plan por 3 meses, 1, 2 o 3\u00a0a\u00f1os, y el precio por mes disminuye de forma considerable cuando contratas un periodo m\u00e1s largo.<\/p>\n<p><img loading=\"lazy\" decoding=\"async\" class=\"alignnone size-large wp-image-3659\" src=\"https:\/\/www.webolto.com\/es\/wp-content\/uploads\/sites\/2\/2023\/09\/Site123-precios-1024x662.jpg\" alt=\"\" width=\"1024\" height=\"662\" srcset=\"https:\/\/www.webolto.com\/es\/wp-content\/uploads\/sites\/2\/2023\/09\/Site123-precios-1024x662.jpg 1024w, https:\/\/www.webolto.com\/es\/wp-content\/uploads\/sites\/2\/2023\/09\/Site123-precios-300x194.jpg 300w, https:\/\/www.webolto.com\/es\/wp-content\/uploads\/sites\/2\/2023\/09\/Site123-precios-768x496.jpg 768w, https:\/\/www.webolto.com\/es\/wp-content\/uploads\/sites\/2\/2023\/09\/Site123-precios.jpg 1403w\" sizes=\"(max-width: 1024px) 100vw, 1024px\" \/><\/p>\n<p class=\"bloc-tips\">A veces, Site123 ofrece <strong>descuentos en sus planes de pago<\/strong>, con descuentos que pueden alcanzar el 40 %, como en el momento en que tomamos esta captura de pantalla.<\/p>\n<ul>\n<li>El plan m\u00e1s barato, el <strong>B\u00e1sico<\/strong>, cuesta 8,90 \u20ac al mes si se contrata por un a\u00f1o y permite evitar las principales limitaciones del plan gratuito. El almacenamiento de 3 GB y el ancho de banda de 3 GB permiten tener m\u00e1s contenido y visitantes simult\u00e1neos, pero la marca de Site123 no desaparece. Adem\u00e1s, la plataforma te ofrece el dominio gratis durante un a\u00f1o en todos sus planes de pago.<\/li>\n<li>El plan <strong>Avanzado<\/strong> cuesta 13,77 \u20ac al mes si se contrata por un a\u00f1o. Aumenta el almacenamiento y el ancho de banda a 10 GB y ofrece la posibilidad de publicar el sitio web en dos idiomas.<\/li>\n<li>El siguiente plan es el <strong>Profesional<\/strong>, por 20,03 \u20ac al mes, cuya principal novedad es la integraci\u00f3n del comercio electr\u00f3nico y las entradas de tarjetas bancarias. Adem\u00e1s, el sitio se puede publicar en cuatro idiomas y, naturalmente, el almacenamiento y el ancho de banda aumentan. Este plan tambi\u00e9n ofrece acceso a las estad\u00edsticas del sitio web.<\/li>\n<li>Por \u00faltimo, el plan <strong>Oro<\/strong> (25 \u20ac\/mes), el m\u00e1s avanzado de todos, mejora esos par\u00e1metros y ofrece, entre otras prestaciones, servicios avanzados de e-commerce como listas de deseos y rese\u00f1as de clientes.<\/li>\n<\/ul>\n<h2>Crear una web: los dise\u00f1os de Site123<\/h2>\n<p>Uno de los puntos positivos de nuestra opini\u00f3n sobre Site123 es la variedad de plantillas de dise\u00f1o (hay m\u00e1s de 180, clasificadas seg\u00fan tem\u00e1ticas) y, sobre todo en que todas son gratis.<\/p>\n<p>Sin embargo, con el plan gratuito de Site123 solo puedes acceder a la versi\u00f3n b\u00e1sica de las plantillas. Si deseas tener m\u00e1s margen para personalizar las plantillas a tu gusto tendr\u00e1s que seleccionar un plan de pago. Ten en cuenta que no puedes acceder al c\u00f3digo fuente de la plantilla, como en otros editores como WordPress.com.<\/p>\n<p>Site123 dispone de una <a href=\"https:\/\/es.site123.com\/plantillas-web\" target=\"_blank\" rel=\"noopener noreferrer\">p\u00e1gina espec\u00edfica de plantillas<\/a>, donde las puedes encontrar agrupadas por categor\u00edas: m\u00fasica, evento, restaurante, CV, etc. Recuerda que al elegir una nueva cambias todo el dise\u00f1o de la p\u00e1gina, incluyendo las fotos. Por tanto, es recomendable seleccionarla antes de empezar a editar el resto de contenidos.<\/p>\n<p><img loading=\"lazy\" decoding=\"async\" class=\"aligncenter wp-image-391 size-large\" src=\"\/es\/wp-content\/uploads\/sites\/2\/2020\/02\/Site123-p\u00e1gina-de-plantillas-1024x481.jpg\" alt=\"Opiniones de Site123, plantillas\" width=\"1024\" height=\"481\" srcset=\"https:\/\/www.webolto.com\/es\/wp-content\/uploads\/sites\/2\/2020\/02\/Site123-p\u00e1gina-de-plantillas-1024x481.jpg 1024w, https:\/\/www.webolto.com\/es\/wp-content\/uploads\/sites\/2\/2020\/02\/Site123-p\u00e1gina-de-plantillas-300x141.jpg 300w, https:\/\/www.webolto.com\/es\/wp-content\/uploads\/sites\/2\/2020\/02\/Site123-p\u00e1gina-de-plantillas-768x361.jpg 768w, https:\/\/www.webolto.com\/es\/wp-content\/uploads\/sites\/2\/2020\/02\/Site123-p\u00e1gina-de-plantillas-1536x722.jpg 1536w, https:\/\/www.webolto.com\/es\/wp-content\/uploads\/sites\/2\/2020\/02\/Site123-p\u00e1gina-de-plantillas.jpg 1898w\" sizes=\"(max-width: 1024px) 100vw, 1024px\" \/><\/p>\n<h3>\u00bfLas plantillas de Site123 se adaptan a m\u00f3viles?<\/h3>\n<p>S\u00ed, Site123, como la mayor\u00eda de editores de p\u00e1ginas web modernos, se ha dado cuenta de la importancia de que una p\u00e1gina web sea <em>responsive<\/em> y todas sus plantillas se adaptan a m\u00f3vil, tableta o cualquier tipo de dispositivo.<\/p>\n<h2>Crear y a\u00f1adir contenidos en Site123<\/h2>\n<p>A diferencia de otros editores como Wix, <strong>Site123 no tiene un editor de soltar y arrastrar<\/strong>. Sin embargo, esto no le impide ser un editor intuitivo y f\u00e1cil de utilizar, por lo que esto es una limitaci\u00f3n bastante relativa en nuestra opini\u00f3n sobre Site123.<\/p>\n<p><img loading=\"lazy\" decoding=\"async\" class=\"aligncenter wp-image-388 size-large\" src=\"\/es\/wp-content\/uploads\/sites\/2\/2020\/02\/Site123-editor2-1024x431.jpg\" alt=\"Edici\u00f3n de contenido en Site123\" width=\"1024\" height=\"431\" srcset=\"https:\/\/www.webolto.com\/es\/wp-content\/uploads\/sites\/2\/2020\/02\/Site123-editor2-1024x431.jpg 1024w, https:\/\/www.webolto.com\/es\/wp-content\/uploads\/sites\/2\/2020\/02\/Site123-editor2-300x126.jpg 300w, https:\/\/www.webolto.com\/es\/wp-content\/uploads\/sites\/2\/2020\/02\/Site123-editor2-768x323.jpg 768w, https:\/\/www.webolto.com\/es\/wp-content\/uploads\/sites\/2\/2020\/02\/Site123-editor2-1536x646.jpg 1536w, https:\/\/www.webolto.com\/es\/wp-content\/uploads\/sites\/2\/2020\/02\/Site123-editor2.jpg 1894w\" sizes=\"(max-width: 1024px) 100vw, 1024px\" \/><\/p>\n<p>Las p\u00e1ginas web se modifican directamente desde el men\u00fa lateral izquierdo de edici\u00f3n. En \u00e9l se muestran todas las opciones disponibles para modificar el dise\u00f1o o el contenido. Por ejemplo, puedes elegir el color de fondo, la imagen de fondo, los estilos y la tipograf\u00eda\u2026 entre otros aspectos.<\/p>\n<p>Aunque todas estas opciones permiten personalizar bastante tu sitio web, te recordamos que la libertad creativa es menor que con otros editores.<\/p>\n<h2>Site123 y el SEO: c\u00f3mo hacer visible tu web en Google<\/h2>\n<p class=\"bloc-tips\"><i class=\"fa fa-book\"><\/i>\u00bfNo tienes clara la <strong><a href=\"\/es\/blog\/diferencia-entre-pagina-web-y-sitio-web><\/a>diferencia entre p\u00e1gina web y sitio web<\/strong>? Te la explicamos en detalle.<\/p>\n<p>Si est\u00e1s a punto de crear una p\u00e1gina web, es normal que esta sea una de tus principales inquietudes: te tienen que encontrar. Por eso en nuestra opini\u00f3n sobre Site123 analizamos c\u00f3mo este editor ayuda al SEO o posicionamiento en buscadores.<\/p>\n<p>Site123 te permite personalizar la URL, el t\u00edtulo y la metadescripci\u00f3n de tus p\u00e1ginas. Tendr\u00e1s que hacerlo desde el men\u00fa \u00abP\u00e1ginas\u00bb en la interfaz de edici\u00f3n del sitio, haciendo clic en el icono de la rueda dentada.<\/p>\n<p><img loading=\"lazy\" decoding=\"async\" class=\"wp-image-389 aligncenter\" src=\"\/es\/wp-content\/uploads\/sites\/2\/2020\/02\/Site123-menu-SEO.jpg\" alt=\"Men\u00fa SEO Site 123\" width=\"565\" height=\"359\" srcset=\"https:\/\/www.webolto.com\/es\/wp-content\/uploads\/sites\/2\/2020\/02\/Site123-menu-SEO.jpg 953w, https:\/\/www.webolto.com\/es\/wp-content\/uploads\/sites\/2\/2020\/02\/Site123-menu-SEO-300x191.jpg 300w, https:\/\/www.webolto.com\/es\/wp-content\/uploads\/sites\/2\/2020\/02\/Site123-menu-SEO-768x488.jpg 768w\" sizes=\"(max-width: 565px) 100vw, 565px\" \/><\/p>\n<p>Esta \u00abcarta de presentaci\u00f3n\u00bb es ya una base para que los motores de b\u00fasqueda como Google o Yahoo conozcan los contenidos de tus p\u00e1ginas.<\/p>\n<p>En cambio, a diferencia de otros editores como WordPress.com, no te permite optimizar tus p\u00e1ginas para determinadas palabras clave.<\/p>\n<h2>Nuestra opini\u00f3n sobre el servicio t\u00e9cnico de Site123<\/h2>\n<p>Site123 ofrece asistencia eficaz y r\u00e1pida por medio de chat, redes sociales, correo electr\u00f3nico una base de conocimientos con las preguntas m\u00e1s frecuentes. A diferencia de otros editores, no ofrecen asistencia por tel\u00e9fono.<\/p>\n<p>En general, los usuarios se\u00f1alan en chat como el canal m\u00e1s eficaz, aunque los tiempos de espera son un poco mayores si lo utilizas en espa\u00f1ol. Para iniciarlo no tienes m\u00e1s que hacer clic en el bot\u00f3n \u00ab\u00bfNecesitas ayuda?\u00bb en la esquina inferior derecha. En ingl\u00e9s ofrece servicio continuo 24\/7, pero en espa\u00f1ol los horarios son los siguientes seg\u00fan la hora de M\u00e9xico:<\/p>\n<p><img loading=\"lazy\" decoding=\"async\" class=\"wp-image-395 aligncenter\" src=\"\/es\/wp-content\/uploads\/sites\/2\/2020\/02\/Site123-soporte-en-espa\u00f1ol.jpg\" alt=\"Horarios de soporte t\u00e9cnico en espa\u00f1ol de Site123\" width=\"262\" height=\"416\" srcset=\"https:\/\/www.webolto.com\/es\/wp-content\/uploads\/sites\/2\/2020\/02\/Site123-soporte-en-espa\u00f1ol.jpg 331w, https:\/\/www.webolto.com\/es\/wp-content\/uploads\/sites\/2\/2020\/02\/Site123-soporte-en-espa\u00f1ol-189x300.jpg 189w\" sizes=\"(max-width: 262px) 100vw, 262px\" \/><\/p>\n<p>Tambi\u00e9n existe la posibilidad de contactar por correo electr\u00f3nico a <a href=\"mailto:info@site123.com\">info@site123.com<\/a>. Nosotros lo hemos probado con una consulta en espa\u00f1ol y nos han respondido en un poco menos de 24\u00a0horas. De nuevo, en ingl\u00e9s te puedes esperar una rapidez a\u00fan mayor.<\/p>\n<h2>Conclusi\u00f3n: nuestra opini\u00f3n sobre Site123<\/h2>\n<p>Como hemos mencionado varias veces a lo largo del art\u00edculo, nuestra opini\u00f3n sobre Site123 es que se trata de un buen <strong>editor si te interesa crear una web peque\u00f1a con rapidez y un <a href=\"\/es\/blog\/cuanto-cuesta-crear-una-pagina-web\/\" target=\"_blank\" rel=\"noopener noreferrer\">presupuesto de sitio web<\/a> limitado, aunque sea a costa de renunciar a cierta libertad creativa<\/strong>. Si te decides por este editor para tu sitio web, debes recordar que tendr\u00e1s que ajustarte a lo que te ofrecen las plantillas de dise\u00f1o, y que no podr\u00e1s editar directamente el c\u00f3digo HTML y CSS a tu gusto.<\/p>\n<p>Si tus necesidades y tu presupuesto se ajustan a estas circunstancias, estas limitaciones pueden ser irrelevantes para ti. Si no es as\u00ed, recuerda que con WordPress.com o Wix tendr\u00e1s m\u00e1s libertad creativa sin necesidad de gestionar t\u00fa mismo\/a todos los aspectos t\u00e9cnicos y de hosting de tu sitio.<\/p>\n<p>Site123 tambi\u00e9n te interesa particularmente si deseas lanzar tu sitio web en varios idiomas. En este caso, los recursos que ofrece s\u00ed superan a los de otros editores del mercado. Posiblemente un freelance o una peque\u00f1a empresa que deseen internacionalizarse sean el mejor p\u00fablico objetivo para Site123.<\/p>\n<p style=\"text-align: center\"><a class=\"button\" href=\"https:\/\/es.site123.com\/\" target=\"_blank\" rel=\"noopener\">Descubrir Site123<\/a><\/p>\n<p style=\"text-align: center\"><a class=\"button is-primary is-outlined\" href=\"\/es\/crear-paginas-web\/\">Otros programas para crear sitios web<\/a><\/p>\n","protected":false},"excerpt":{"rendered":"<p>Site123 es un editor de p\u00e1ginas web bastante intuitivo que te interesar\u00e1 si quieres crear una web sencilla. Si algo tiene esta plataforma es que no se anda con muchos rodeos: una de las primeras preguntas que te har\u00e1 ser\u00e1 qu\u00e9 tipo de sitio web quieres crear: tienda online, blog, portafolio, etc. De ah\u00ed pasar\u00e1s [&hellip;]<\/p>\n","protected":false},"author":2,"featured_media":397,"parent":18,"menu_order":0,"comment_status":"closed","ping_status":"closed","template":"page-templates\/website-builders.php","meta":{"_acf_changed":false,"om_disable_all_campaigns":false,"_genesis_hide_title":false,"_genesis_hide_breadcrumbs":false,"_genesis_hide_singular_image":false,"_genesis_hide_footer_widgets":false,"_genesis_custom_body_class":"","_genesis_custom_post_class":"","_genesis_layout":"","footnotes":""},"acf":[],"yoast_head":"<!-- This site is optimized with the Yoast SEO plugin v24.5 - https:\/\/yoast.com\/wordpress\/plugins\/seo\/ -->\n<title>Crear un sitio web \u2013 Nuestra opini\u00f3n sobre Site123 - Webolto<\/title>\n<meta name=\"description\" content=\"Nuestra opini\u00f3n sobre Site123 para crear un sitio web, un buen editor para crear una web sencilla aun perdiendo cierta libertad creativa.\" \/>\n<meta name=\"robots\" content=\"index, follow, max-snippet:-1, max-image-preview:large, max-video-preview:-1\" \/>\n<link rel=\"canonical\" href=\"https:\/\/www.webolto.com\/es\/crear-paginas-web\/opiniones-site123\/\" \/>\n<meta property=\"og:locale\" content=\"es_ES\" \/>\n<meta property=\"og:type\" content=\"article\" \/>\n<meta property=\"og:title\" content=\"Crear un sitio web \u2013 Nuestra opini\u00f3n sobre Site123 - Webolto\" \/>\n<meta property=\"og:description\" content=\"Nuestra opini\u00f3n sobre Site123 para crear un sitio web, un buen editor para crear una web sencilla aun perdiendo cierta libertad creativa.\" \/>\n<meta property=\"og:url\" content=\"https:\/\/www.webolto.com\/es\/crear-paginas-web\/opiniones-site123\/\" \/>\n<meta property=\"og:site_name\" content=\"Webolto\" \/>\n<meta property=\"article:modified_time\" content=\"2023-09-25T06:57:40+00:00\" \/>\n<meta property=\"og:image\" content=\"https:\/\/www.webolto.com\/es\/wp-content\/uploads\/sites\/2\/2020\/02\/Site123-logo-img-dest.gif\" \/>\n\t<meta property=\"og:image:width\" content=\"470\" \/>\n\t<meta property=\"og:image:height\" content=\"353\" \/>\n\t<meta property=\"og:image:type\" content=\"image\/gif\" \/>\n<meta name=\"twitter:card\" content=\"summary_large_image\" \/>\n<meta name=\"twitter:label1\" content=\"Tiempo de lectura\" \/>\n\t<meta name=\"twitter:data1\" content=\"10 minutos\" \/>\n<!-- \/ Yoast SEO plugin. -->","yoast_head_json":{"title":"Crear un sitio web \u2013 Nuestra opini\u00f3n sobre Site123 - Webolto","description":"Nuestra opini\u00f3n sobre Site123 para crear un sitio web, un buen editor para crear una web sencilla aun perdiendo cierta libertad creativa.","robots":{"index":"index","follow":"follow","max-snippet":"max-snippet:-1","max-image-preview":"max-image-preview:large","max-video-preview":"max-video-preview:-1"},"canonical":"https:\/\/www.webolto.com\/es\/crear-paginas-web\/opiniones-site123\/","og_locale":"es_ES","og_type":"article","og_title":"Crear un sitio web \u2013 Nuestra opini\u00f3n sobre Site123 - Webolto","og_description":"Nuestra opini\u00f3n sobre Site123 para crear un sitio web, un buen editor para crear una web sencilla aun perdiendo cierta libertad creativa.","og_url":"https:\/\/www.webolto.com\/es\/crear-paginas-web\/opiniones-site123\/","og_site_name":"Webolto","article_modified_time":"2023-09-25T06:57:40+00:00","og_image":[{"width":470,"height":353,"url":"https:\/\/www.webolto.com\/es\/wp-content\/uploads\/sites\/2\/2020\/02\/Site123-logo-img-dest.gif","type":"image\/gif"}],"twitter_card":"summary_large_image","twitter_misc":{"Tiempo de lectura":"10 minutos"},"schema":{"@context":"https:\/\/schema.org","@graph":[{"@type":"WebPage","@id":"https:\/\/www.webolto.com\/es\/crear-paginas-web\/opiniones-site123\/","url":"https:\/\/www.webolto.com\/es\/crear-paginas-web\/opiniones-site123\/","name":"Crear un sitio web \u2013 Nuestra opini\u00f3n sobre Site123 - Webolto","isPartOf":{"@id":"https:\/\/www.webolto.com\/es\/#website"},"primaryImageOfPage":{"@id":"https:\/\/www.webolto.com\/es\/crear-paginas-web\/opiniones-site123\/#primaryimage"},"image":{"@id":"https:\/\/www.webolto.com\/es\/crear-paginas-web\/opiniones-site123\/#primaryimage"},"thumbnailUrl":"https:\/\/www.webolto.com\/es\/wp-content\/uploads\/sites\/2\/2020\/02\/Site123-logo-img-dest.gif","datePublished":"2023-09-19T12:29:06+00:00","dateModified":"2023-09-25T06:57:40+00:00","description":"Nuestra opini\u00f3n sobre Site123 para crear un sitio web, un buen editor para crear una web sencilla aun perdiendo cierta libertad creativa.","breadcrumb":{"@id":"https:\/\/www.webolto.com\/es\/crear-paginas-web\/opiniones-site123\/#breadcrumb"},"inLanguage":"es","potentialAction":[{"@type":"ReadAction","target":["https:\/\/www.webolto.com\/es\/crear-paginas-web\/opiniones-site123\/"]}]},{"@type":"ImageObject","inLanguage":"es","@id":"https:\/\/www.webolto.com\/es\/crear-paginas-web\/opiniones-site123\/#primaryimage","url":"https:\/\/www.webolto.com\/es\/wp-content\/uploads\/sites\/2\/2020\/02\/Site123-logo-img-dest.gif","contentUrl":"https:\/\/www.webolto.com\/es\/wp-content\/uploads\/sites\/2\/2020\/02\/Site123-logo-img-dest.gif","width":470,"height":353},{"@type":"BreadcrumbList","@id":"https:\/\/www.webolto.com\/es\/crear-paginas-web\/opiniones-site123\/#breadcrumb","itemListElement":[{"@type":"ListItem","position":1,"name":"Home","item":"https:\/\/www.webolto.com\/es\/"},{"@type":"ListItem","position":2,"name":"Comparaci\u00f3n de los mejores programas para crear paginas web","item":"https:\/\/www.webolto.com\/es\/crear-paginas-web\/"},{"@type":"ListItem","position":3,"name":"Crear un sitio web \u2013 Nuestra opini\u00f3n sobre Site123"}]},{"@type":"WebSite","@id":"https:\/\/www.webolto.com\/es\/#website","url":"https:\/\/www.webolto.com\/es\/","name":"Webolto","description":"Centro de recursos para creadores de sitios web","publisher":{"@id":"https:\/\/www.webolto.com\/es\/#organization"},"potentialAction":[{"@type":"SearchAction","target":{"@type":"EntryPoint","urlTemplate":"https:\/\/www.webolto.com\/es\/?s={search_term_string}"},"query-input":{"@type":"PropertyValueSpecification","valueRequired":true,"valueName":"search_term_string"}}],"inLanguage":"es"},{"@type":"Organization","@id":"https:\/\/www.webolto.com\/es\/#organization","name":"Webolto","url":"https:\/\/www.webolto.com\/es\/","logo":{"@type":"ImageObject","inLanguage":"es","@id":"https:\/\/www.webolto.com\/es\/#\/schema\/logo\/image\/","url":"https:\/\/www.webolto.com\/es\/wp-content\/uploads\/sites\/2\/2020\/05\/header-logo.png","contentUrl":"https:\/\/www.webolto.com\/es\/wp-content\/uploads\/sites\/2\/2020\/05\/header-logo.png","width":3237,"height":667,"caption":"Webolto"},"image":{"@id":"https:\/\/www.webolto.com\/es\/#\/schema\/logo\/image\/"}}]}},"featured_image_src":"https:\/\/www.webolto.com\/es\/wp-content\/uploads\/sites\/2\/2020\/02\/Site123-logo-img-dest.gif","featured_image_src_square":"https:\/\/www.webolto.com\/es\/wp-content\/uploads\/sites\/2\/2020\/02\/Site123-logo-img-dest.gif","_links":{"self":[{"href":"https:\/\/www.webolto.com\/es\/wp-json\/wp\/v2\/pages\/386"}],"collection":[{"href":"https:\/\/www.webolto.com\/es\/wp-json\/wp\/v2\/pages"}],"about":[{"href":"https:\/\/www.webolto.com\/es\/wp-json\/wp\/v2\/types\/page"}],"author":[{"embeddable":true,"href":"https:\/\/www.webolto.com\/es\/wp-json\/wp\/v2\/users\/2"}],"replies":[{"embeddable":true,"href":"https:\/\/www.webolto.com\/es\/wp-json\/wp\/v2\/comments?post=386"}],"version-history":[{"count":0,"href":"https:\/\/www.webolto.com\/es\/wp-json\/wp\/v2\/pages\/386\/revisions"}],"up":[{"embeddable":true,"href":"https:\/\/www.webolto.com\/es\/wp-json\/wp\/v2\/pages\/18"}],"wp:featuredmedia":[{"embeddable":true,"href":"https:\/\/www.webolto.com\/es\/wp-json\/wp\/v2\/media\/397"}],"wp:attachment":[{"href":"https:\/\/www.webolto.com\/es\/wp-json\/wp\/v2\/media?parent=386"}],"curies":[{"name":"wp","href":"https:\/\/api.w.org\/{rel}","templated":true}]}}