{"id":3390,"date":"2023-06-02T16:47:45","date_gmt":"2023-06-02T17:47:45","guid":{"rendered":"https:\/\/www.webolto.com\/es\/?page_id=3390"},"modified":"2023-06-14T13:47:03","modified_gmt":"2023-06-14T14:47:03","slug":"opinion-ahrefs","status":"publish","type":"page","link":"https:\/\/www.webolto.com\/es\/seo\/opinion-ahrefs\/","title":{"rendered":"Nuestra opini\u00f3n sobre Ahrefs: herramienta SEO integral centrada en backlinks"},"content":{"rendered":"<p>Si buscas una herramienta completa y eficaz para tu trabajo de posicionamiento\u00a0SEO, Ahrefs puede ser la soluci\u00f3n que necesitas. Con an\u00e1lisis completos de enlaces entrantes, una auditor\u00eda de tu sitio web y una visi\u00f3n general de la estrategia de tus competidores, Ahrefs te permitir\u00e1 tener una visi\u00f3n general de tus acciones y las de tu competencia para comprender mejor qu\u00e9 funciona en tu estrategia y qu\u00e9 no.<\/p>\n<p style=\"text-align: center\"><a class=\"button\" href=\"https:\/\/ahrefs.com\/es\/\" target=\"_blank\" rel=\"noopener\">Descubrir Ahrefs<\/a><\/p>\n<div class=\"bloc-tips\">\n<p><i class=\"fa fa-book\"><\/i><span class=\"title is-5\">\u00cdndice<\/span><\/p>\n<ul class=\"icon-chevron\" style=\"margin-bottom: 0px\">\n<li><a href=\"#_Toc136625448\">Ahrefs, una herramienta SEO de referencia<\/a><\/li>\n<li><a href=\"#_Toc136625449\">Cinco caracter\u00edsticas de Ahrefs en detalle<\/a><\/li>\n<li><a href=\"#_Toc136625450\">Ventajas y desventajas de Ahrefs<\/a><\/li>\n<li><a href=\"#_Toc136625451\">La opini\u00f3n final de Webolto sobre Ahrefs<\/a><\/li>\n<\/ul>\n<\/div>\n<p>&nbsp;<\/p>\n<h2><a name=\"_Toc136625448\"><\/a>Ahrefs, una herramienta SEO de referencia<\/h2>\n<p>Creada en 2011, Ahrefs sigue siendo una de las mejores <strong><a href=\"\/es\/blog\/comparacion-mejores-herramientas-seo\/\">herramientas SEO<\/a><\/strong> del mercado actual. Est\u00e1 pensada para quienes ya tienen algo de experiencia en herramientas SEO, porque es tan completa que los m\u00e1s novatos pueden perderse. Si ya tienes algunos conocimientos de SEO, Ahrefs es una opci\u00f3n a la que te adaptar\u00e1s con rapidez. Cuenta con uno de los repertorios de backlinks m\u00e1s grandes que puede encontrar en el mercado, con m\u00e1s de 12\u00a0000 millones de enlaces entrantes, as\u00ed como 6000\u00a0millones de p\u00e1ginas web rastreadas a diario. Adem\u00e1s, hay muchas otras funcionalidades disponibles con esta herramienta:<\/p>\n<ul>\n<li>b\u00fasqueda de palabras clave,<\/li>\n<li>seguimiento de position,<\/li>\n<li>seguimiento general del posicionamiento\u00a0SEO,<\/li>\n<li>seguimiento de tus principales competidores,<\/li>\n<li>investigaci\u00f3n espec\u00edfica basada en el contenido<\/li>\n<li>y mucho m\u00e1s.<\/li>\n<\/ul>\n<p>En otras palabras, se puede usar para casi cualquier cosa relacionada con SEO, aunque tiene algunos inconvenientes, como la falta de informes o funcionalidades de gesti\u00f3n de palabras clave , que algunos de sus competidores s\u00ed tienen.<\/p>\n<p>A continuaci\u00f3n, vamos a ver los planes de precios que ofrece Ahrefs, antes de presentar con m\u00e1s detalle las principales caracter\u00edsticas de la herramienta. Al final, bas\u00e1ndonos en todo esto, presentaremos la opini\u00f3n sobre Ahrefs de Webolto.<\/p>\n<h3>Precios de Ahrefs<\/h3>\n<p><img loading=\"lazy\" decoding=\"async\" class=\"aligncenter wp-image-3393 size-large\" src=\"\/es\/wp-content\/uploads\/sites\/2\/2023\/06\/Precios-Ahrefs-1024x725.jpg\" alt=\"Precios de Ahrefs\" width=\"1024\" height=\"725\" srcset=\"https:\/\/www.webolto.com\/es\/wp-content\/uploads\/sites\/2\/2023\/06\/Precios-Ahrefs-1024x725.jpg 1024w, https:\/\/www.webolto.com\/es\/wp-content\/uploads\/sites\/2\/2023\/06\/Precios-Ahrefs-300x213.jpg 300w, https:\/\/www.webolto.com\/es\/wp-content\/uploads\/sites\/2\/2023\/06\/Precios-Ahrefs-768x544.jpg 768w, https:\/\/www.webolto.com\/es\/wp-content\/uploads\/sites\/2\/2023\/06\/Precios-Ahrefs.jpg 1238w\" sizes=\"(max-width: 1024px) 100vw, 1024px\" \/><\/p>\n<p>Antes de consultar los planes de precios de Ahrefs, debes saber que la plataforma ofrece una prueba de 7 d\u00edas, pero no es gratuita. Tendr\u00e1s que pagar 7\u00a0$\/\u20ac por 7\u00a0d\u00edas para tener acceso y as\u00ed probar todas las funcionalidades de esta herramienta. Si deseas suscribirte directamente a un plan de pago, tiene 4 opciones:<\/p>\n<ul>\n<li>El plan <strong>Lite<\/strong> a 89\u20ac \/ 99$ al mes. Est\u00e1 limitado a 1 usuario, pero podr\u00e1s rastrear hasta 750 palabras clave, 175 nombres de dominio o incluso configurar 5 alertas para cada enlace entrante perdido o ganado.<\/li>\n<li>A continuaci\u00f3n, el paquete <strong>Est\u00e1ndar<\/strong> por 179\u20ac\/$ al mes. De nuevo, estar\u00e1s limitado a 1 usuario. En cambio, puedes rastrear hasta 500\u00a0000 p\u00e1ginas, almacenar los datos recopilados durante 3 meses y rastrear hasta 2000 palabras clave.<\/li>\n<li>El paquete <strong>Avanzado<\/strong> a 399\u20ac\/$ al mes. Con \u00e9l, pueden conectarse 3 usuarios. Puedes rastrear 1,25 millones de p\u00e1ginas, 1750 dominios por semana y acceder a un historial completo de la posici\u00f3n de ciertas p\u00e1ginas web en las SERP.<\/li>\n<li>Por \u00faltimo, Ahrefs ofrece el plan de <strong>Entreprise<\/strong> por 899\u20ac \/ 999$ al mes, que permite que se conecten 5 usuarios diferentes. Podr\u00e1s rastrear hasta 5 millones de p\u00e1ginas, analizar 10\u00a0000 palabras clave y recibir 100 alertas por correo electr\u00f3nico de tus <em>backlinks<\/em> ganados o perdidos.<\/li>\n<\/ul>\n<h2><a name=\"_Toc136625449\"><\/a>Cinco caracter\u00edsticas de Ahrefs en detalle<\/h2>\n<p>Ahrefs aspira a posicionarse como una \u00abplataforma integral de inteligencia SEO\u00bb. Aunque el an\u00e1lisis para <strong><a href=\"\/es\/blog\/como-conseguir-backlinks-calidad-seo\/\">conseguir backlinks de calidad<\/a><\/strong> sigue siendo el principal punto fuerte de la plataforma, actualmente Ahrefs ofrece otras funcionalidades muy \u00fatiles.<\/p>\n<h3>Explorador de contenido<\/h3>\n<p>Comenzamos por presentar la funci\u00f3n \u00abContent Explorer\u00bb que te permitir\u00e1 descubrir y analizar el contenido con mejor rendimiento en tu nicho. Con Ahrefs, puedes encontrar los contenidos m\u00e1s populares y exitoso sobre un tema determinado. Despu\u00e9s, puedes ordenar tus resultados seg\u00fan el tr\u00e1fico org\u00e1nico, la popularidad de un sitio web, el valor del tr\u00e1fico org\u00e1nico o la viralidad en las redes sociales. Puedes establecer hasta 12 filtros para encontrar exactamente lo que buscas.<\/p>\n<p><img loading=\"lazy\" decoding=\"async\" class=\"aligncenter wp-image-3391 size-full\" src=\"\/es\/wp-content\/uploads\/sites\/2\/2023\/06\/filtros-content-explorer-1024x430-1.png\" alt=\"Explorador de contenido de Ahrefs\" width=\"1024\" height=\"430\" srcset=\"https:\/\/www.webolto.com\/es\/wp-content\/uploads\/sites\/2\/2023\/06\/filtros-content-explorer-1024x430-1.png 1024w, https:\/\/www.webolto.com\/es\/wp-content\/uploads\/sites\/2\/2023\/06\/filtros-content-explorer-1024x430-1-300x126.png 300w, https:\/\/www.webolto.com\/es\/wp-content\/uploads\/sites\/2\/2023\/06\/filtros-content-explorer-1024x430-1-768x323.png 768w\" sizes=\"(max-width: 1024px) 100vw, 1024px\" \/><\/p>\n<p>Con el explorador de contenido, puedes analizar, de un solo golpe de vista, la evoluci\u00f3n del n\u00famero de enlaces entrantes y el tr\u00e1fico natural en una p\u00e1gina determinada. Por \u00faltimo, tambi\u00e9n puedes seguir a tus competidores y analizar el contenido que mejor funciona. De esta forma, puedes identificar las mejores pr\u00e1cticas y aplicarlas a tu propio sitio web. En nuestra opini\u00f3n, esta es la caracter\u00edstica m\u00e1s potente y \u00fatil de Ahrefs.<\/p>\n<h3>Explorador de sitios web<\/h3>\n<p><img loading=\"lazy\" decoding=\"async\" class=\"aligncenter wp-image-3396 size-large\" src=\"\/es\/wp-content\/uploads\/sites\/2\/2023\/06\/ahrefs-site-explorer-1024x571.jpg\" alt=\"Explorador de sitios web de Ahrefs\" width=\"1024\" height=\"571\" srcset=\"https:\/\/www.webolto.com\/es\/wp-content\/uploads\/sites\/2\/2023\/06\/ahrefs-site-explorer-1024x571.jpg 1024w, https:\/\/www.webolto.com\/es\/wp-content\/uploads\/sites\/2\/2023\/06\/ahrefs-site-explorer-300x167.jpg 300w, https:\/\/www.webolto.com\/es\/wp-content\/uploads\/sites\/2\/2023\/06\/ahrefs-site-explorer-768x428.jpg 768w, https:\/\/www.webolto.com\/es\/wp-content\/uploads\/sites\/2\/2023\/06\/ahrefs-site-explorer.jpg 1188w\" sizes=\"(max-width: 1024px) 100vw, 1024px\" \/><\/p>\n<p>Con esta funci\u00f3n, puedes analizar un sitio web determinado para conocer su tr\u00e1fico org\u00e1nico y su perfil de backlinks. Cuando introduces una URL en Ahrefs, conoces los siguientes detalles:<\/p>\n<ul>\n<li><strong>Ranking de Ahrefs<\/strong>: se basa en el volumen de tr\u00e1fico org\u00e1nico que recibe un sitio web.<\/li>\n<li><strong>Valoraci\u00f3n de URL<\/strong>: determina el grado de influencia de una URL en funci\u00f3n del n\u00famero de enlaces entrantes que llevan a ella.<\/li>\n<li><strong>Valoraci\u00f3n de dominio<\/strong>: gracias al enorme repertorio de enlaces entrantes de Ahrefs, esta m\u00e9trica es m\u00e1s precisa que la autoridad de dominio de Moz.<\/li>\n<\/ul>\n<p>La herramienta tambi\u00e9n muestra un gr\u00e1fico que refleja c\u00f3mo la cantidad de enlaces entrantes y dominios de referencia ha mejorado con el tiempo en un sitio web determinado. Tambi\u00e9n tendr\u00e1s acceso a un gr\u00e1fico que muestra la evoluci\u00f3n del tr\u00e1fico org\u00e1nico. Te ayudar\u00e1 a visualizar de qu\u00e9 forma ha adquirido tr\u00e1fico el sitio web a lo largo del tiempo. Tambi\u00e9n puedes determinar el tr\u00e1fico de b\u00fasqueda de un siti webo en un momento dado.<\/p>\n<h3>Explorador de palabras clave<\/h3>\n<p>Gracias a la funci\u00f3n Keywords Explorer de Ahrefs, podr\u00e1s analizar palabras clave en grandes vol\u00famenes para medir el tr\u00e1fico potencial de cada una. Si tienes una herramienta para <strong><a href=\"\/es\/blog\/buscar-palabras-clave-seo\/\">buscar palabras clave<\/a><\/strong>, probablemente se quede obsoleta porque esta caracter\u00edstica de Ahrefs es muy potente.<\/p>\n<p><img loading=\"lazy\" decoding=\"async\" class=\"aligncenter wp-image-3392 size-full\" src=\"\/es\/wp-content\/uploads\/sites\/2\/2023\/06\/keywords-explorer-ahrefs-1024x465-1.png\" alt=\"Explorador de palabras clave de Ahrefs\" width=\"1024\" height=\"465\" srcset=\"https:\/\/www.webolto.com\/es\/wp-content\/uploads\/sites\/2\/2023\/06\/keywords-explorer-ahrefs-1024x465-1.png 1024w, https:\/\/www.webolto.com\/es\/wp-content\/uploads\/sites\/2\/2023\/06\/keywords-explorer-ahrefs-1024x465-1-300x136.png 300w, https:\/\/www.webolto.com\/es\/wp-content\/uploads\/sites\/2\/2023\/06\/keywords-explorer-ahrefs-1024x465-1-768x349.png 768w\" sizes=\"(max-width: 1024px) 100vw, 1024px\" \/><\/p>\n<p>Cuando introduces una palabra clave, Ahrefs calcular\u00e1 el nivel de dificultad que presenta. Esto es muy \u00fatil para que decidas si merece la pena o no intentar posicionarse en esa b\u00fasqueda concreta.<\/p>\n<p>Tambi\u00e9n te ofrecer\u00e1 un volumen de b\u00fasquedas mensuales locales y globales, junto con otras m\u00e9tricas como CPC, tasa de retorno, tr\u00e1fico potencial, temas relacionados (beta), sugerencias de b\u00fasqueda y palabras clave relacionadas (palabras clave LSI). Keywords Explorer brinda datos de 171 pa\u00edses.<\/p>\n<h3>Seguimiento de rango<\/h3>\n<p>Con la funci\u00f3n Rank Tracker de Ahrefs, podr\u00e1s realizar un seguimiento de tu posici\u00f3n y la de tus competidores en los motores de b\u00fasqueda de m\u00e1s de 170 pa\u00edses.<\/p>\n<p><img loading=\"lazy\" decoding=\"async\" class=\"aligncenter wp-image-3395 size-large\" src=\"\/es\/wp-content\/uploads\/sites\/2\/2023\/06\/ahrefs-rank-tracker-1024x573.jpg\" alt=\"Rank Tracker de Ahrefs\" width=\"1024\" height=\"573\" srcset=\"https:\/\/www.webolto.com\/es\/wp-content\/uploads\/sites\/2\/2023\/06\/ahrefs-rank-tracker-1024x573.jpg 1024w, https:\/\/www.webolto.com\/es\/wp-content\/uploads\/sites\/2\/2023\/06\/ahrefs-rank-tracker-300x168.jpg 300w, https:\/\/www.webolto.com\/es\/wp-content\/uploads\/sites\/2\/2023\/06\/ahrefs-rank-tracker-768x430.jpg 768w, https:\/\/www.webolto.com\/es\/wp-content\/uploads\/sites\/2\/2023\/06\/ahrefs-rank-tracker.jpg 1085w\" sizes=\"(max-width: 1024px) 100vw, 1024px\" \/><\/p>\n<p>El procedimiento para ello es muy sencillo:<\/p>\n<ul>\n<li>Comienza por introducir o importar una lista de palabras clave.<\/li>\n<li>Despu\u00e9s, deber\u00e1s agregar una lista de pa\u00edses para cada palabra clave.<\/li>\n<li>Finalmente, ingresa las URL que te interesa comparar.<\/li>\n<\/ul>\n<p>Ahrefs se pondr\u00e1 a trabajar para obtener los datos que est\u00e1 buscando. Gracias al seguimiento de posici\u00f3n, puedes analizar y medir f\u00e1cilmente tus esfuerzos y progreso en t\u00e9rminos de SEO. Obtendr\u00e1s el porcentaje de clics ganados gracias al tr\u00e1fico org\u00e1nico, tu posici\u00f3n media en un determinado buscador o la distribuci\u00f3n de posiciones a trav\u00e9s de grupos predefinidos.<\/p>\n<h3>Auditor\u00eda del sitio web<\/h3>\n<p>Con la funcionalidad Site Audit de Ahrefs, puedes realizar una <strong><a href=\"\/es\/blog\/pasos-auditoria-seo-ux-web\/\">auditor\u00eda SEO de tu sitio web<\/a><\/strong> precisa para conocer su rendimiento y analizar los puntos que debes mejorar.<\/p>\n<p><img loading=\"lazy\" decoding=\"async\" class=\"aligncenter wp-image-3394 size-large\" src=\"\/es\/wp-content\/uploads\/sites\/2\/2023\/06\/site-audit-ahrefs-1024x569.jpg\" alt=\"Auditor\u00eda SEO de un sitio web\" width=\"1024\" height=\"569\" srcset=\"https:\/\/www.webolto.com\/es\/wp-content\/uploads\/sites\/2\/2023\/06\/site-audit-ahrefs-1024x569.jpg 1024w, https:\/\/www.webolto.com\/es\/wp-content\/uploads\/sites\/2\/2023\/06\/site-audit-ahrefs-300x167.jpg 300w, https:\/\/www.webolto.com\/es\/wp-content\/uploads\/sites\/2\/2023\/06\/site-audit-ahrefs-768x427.jpg 768w, https:\/\/www.webolto.com\/es\/wp-content\/uploads\/sites\/2\/2023\/06\/site-audit-ahrefs.jpg 1079w\" sizes=\"(max-width: 1024px) 100vw, 1024px\" \/><\/p>\n<p>Para usar esta funcionalidad, debes introducir la URL de tu sitio web y dejar que suceda \u00abla magia\u00bb. Ahrefs analizar\u00e1 todas las p\u00e1ginas de tu sitio web y, para concluir este an\u00e1lisis, te dar\u00e1 una puntuaci\u00f3n general de SEO que tendr\u00e1 en cuenta las mejores pr\u00e1cticas que est\u00e1s aplicando, pero tambi\u00e9n los problemas detectados en tu sitio web en t\u00e9rminos de SEO. La herramienta puede analizar hasta 100 problemas de SEO como:<\/p>\n<ul>\n<li>Rendimiento general (velocidad de la p\u00e1gina, CSS o HTML demasiado grandes)<\/li>\n<li>Falta de etiquetas HTML, etiquetas demasiado largas, etc.<\/li>\n<li>Calidad general del contenido, como recuento de palabras o p\u00e1ginas duplicadas<\/li>\n<li>Enlaces entrantes y salientes, problemas de enlaces nofollow<\/li>\n<li>Problemas con im\u00e1genes, CSS, etc.<\/li>\n<\/ul>\n<p>En resumen, esta funcionalidad de Site Audit es muy \u00fatil para que puedas detectar y solucionar todos tus problemas relacionados con el posicionamiento natural.<\/p>\n<h2><a name=\"_Toc136625450\"><\/a>Ventajas y desventajas de Ahrefs<\/h2>\n<p>Despu\u00e9s de consultar las principales p\u00e1ginas de rese\u00f1as de la red para conocer la opini\u00f3n de Ahrefs de otros usuarios. Bas\u00e1ndonos en ellas y en nuestra experiencia, hemos seleccionado los principales puntos fuertes y d\u00e9biles de Ahrefs:<\/p>\n<ul class=\"icon-circle-plus\">\n<li>Es la herramienta de referencia cuando se trata de an\u00e1lisis de enlaces entrantes. Ahrefs tiene una enorme base de datos y te ofrecer\u00e1 informaci\u00f3n precisa sobre la actividad de tu competencia.<\/li>\n<li>La b\u00fasqueda de palabras clave es el paso m\u00e1s importante en cualquier campa\u00f1a de SEO. Ahrefs te ayudar\u00e1 a encontrar la palabra clave perfecta para posicionarte lo m\u00e1s arriba posible en las b\u00fasquedas de Google.<\/li>\n<li>Resulta ideal para analizar a tu competencia. La posibilidad de visualizar a varios competidores a la vez para ver si tienen backlinks que t\u00fa no tienes tambi\u00e9n es genial.<\/li>\n<li>Los \u00edndices UR y DR son excelentes para medir los resultados de tu trabajo de SEO.<\/li>\n<\/ul>\n<ul class=\"icon-circle-minus\">\n<li>La cantidad de datos recopilados es tan grande que necesitar\u00e1s tiempo y algo de experiencia para analizar todo correctamente.<\/li>\n<li>Tendr\u00e1s que usar un plan caro para tener m\u00e1s de un usuario.<\/li>\n<li>No hay prueba gratuita disponible. Probar la herramienta durante 7 d\u00edas te costar\u00e1 7$. Los precios posteriores pueden ser elevados para empresas con recursos modestos.<\/li>\n<\/ul>\n<h2><a name=\"_Toc136625451\"><\/a>La opini\u00f3n final de Webolto sobre Ahrefs<\/h2>\n<p>Nuestra opini\u00f3n de Ahrefs es que se trata de una gran herramienta donde encontrar\u00e1s todas las funcionalidades importantes del SEO en un solo lugar.<\/p>\n<p>Sin embargo, tambi\u00e9n debemos lanzar una advertencia: la gran cantidad de informaci\u00f3n generada por Ahrefs y proporcionada al usuario puede ser bastante confusa, especialmente para los nuevos usuarios. Por ello, recomendamos que los usuarios se tomen su tiempo para aprender y comprender los datos recopilados. De esta manera, ser\u00e1 m\u00e1s f\u00e1cil analizarlos llevar tu estrategia de SEO y marketing a niveles superiores.<\/p>\n<p>En cualquier caso, Ahrefs es una herramienta que \u2014bien usada\u2014 te permitir\u00e1 aventajar a tu competencia. Gracias a su enorme base de datos de backlinks y las estad\u00edsticas detalladas que proporciona, Arhefs es, sencillamente, una herramienta impresionante.<\/p>\n<div class=\"bloc-tips\">\n<p><i class=\"fa fa-book\"><\/i><span class=\"title is-5\">Descubre m\u00e1s sobre posicionamiento SEO<\/span><\/p>\n<ul>\n<li><a href=\"\/es\/seo\/\">Centro de recursos sobre SEO<\/a><\/li>\n<li><a href=\"\/es\/seo\/para-que-sirve-semrush\/\">An\u00e1lisis de Semrush<\/a><\/li>\n<li><a href=\"\/es\/seo\/capullo-semantico\/\">El capullo sem\u00e1ntico en SEO para optimizar tus enlaces internos<\/a><\/li>\n<li><a href=\"\/es\/seo\/intencion-busqueda-seo\/\">Intenci\u00f3n de b\u00fasqueda en SEO: gu\u00eda completa<\/a><\/li>\n<\/ul>\n<\/div>\n<p>&nbsp;<\/p>\n","protected":false},"excerpt":{"rendered":"<p>Si buscas una herramienta completa y eficaz para tu trabajo de posicionamiento\u00a0SEO, Ahrefs puede ser la soluci\u00f3n que necesitas. Con an\u00e1lisis completos de enlaces entrantes, una auditor\u00eda de tu sitio web y una visi\u00f3n general de la estrategia de tus competidores, Ahrefs te permitir\u00e1 tener una visi\u00f3n general de tus acciones y las de tu [&hellip;]<\/p>\n","protected":false},"author":5,"featured_media":3397,"parent":3319,"menu_order":0,"comment_status":"closed","ping_status":"closed","template":"","meta":{"_acf_changed":false,"om_disable_all_campaigns":false,"_genesis_hide_title":false,"_genesis_hide_breadcrumbs":false,"_genesis_hide_singular_image":false,"_genesis_hide_footer_widgets":false,"_genesis_custom_body_class":"","_genesis_custom_post_class":"","_genesis_layout":"","footnotes":""},"acf":[],"yoast_head":"<!-- This site is optimized with the Yoast SEO plugin v24.5 - https:\/\/yoast.com\/wordpress\/plugins\/seo\/ -->\n<title>Nuestra opini\u00f3n sobre la herramiena SEO Ahrefs - Webolto<\/title>\n<meta name=\"description\" content=\"Dessubre nuestra opini\u00f3n de Ahrefs, una herramienta SEO con una gran base de datos para analizar backlinks y estad\u00edsticas.\" \/>\n<meta name=\"robots\" content=\"index, follow, max-snippet:-1, max-image-preview:large, max-video-preview:-1\" \/>\n<link rel=\"canonical\" href=\"https:\/\/www.webolto.com\/es\/seo\/opinion-ahrefs\/\" \/>\n<meta property=\"og:locale\" content=\"es_ES\" \/>\n<meta property=\"og:type\" content=\"article\" \/>\n<meta property=\"og:title\" content=\"Nuestra opini\u00f3n sobre la herramiena SEO Ahrefs - Webolto\" \/>\n<meta property=\"og:description\" content=\"Dessubre nuestra opini\u00f3n de Ahrefs, una herramienta SEO con una gran base de datos para analizar backlinks y estad\u00edsticas.\" \/>\n<meta property=\"og:url\" content=\"https:\/\/www.webolto.com\/es\/seo\/opinion-ahrefs\/\" \/>\n<meta property=\"og:site_name\" content=\"Webolto\" \/>\n<meta property=\"article:modified_time\" content=\"2023-06-14T14:47:03+00:00\" \/>\n<meta property=\"og:image\" content=\"https:\/\/www.webolto.com\/es\/wp-content\/uploads\/sites\/2\/2023\/06\/Ahrefs-affiche.jpg\" \/>\n\t<meta property=\"og:image:width\" content=\"470\" \/>\n\t<meta property=\"og:image:height\" content=\"353\" \/>\n\t<meta property=\"og:image:type\" content=\"image\/jpeg\" \/>\n<meta name=\"twitter:card\" content=\"summary_large_image\" \/>\n<meta name=\"twitter:label1\" content=\"Tiempo de lectura\" \/>\n\t<meta name=\"twitter:data1\" content=\"9 minutos\" \/>\n<!-- \/ Yoast SEO plugin. -->","yoast_head_json":{"title":"Nuestra opini\u00f3n sobre la herramiena SEO Ahrefs - Webolto","description":"Dessubre nuestra opini\u00f3n de Ahrefs, una herramienta SEO con una gran base de datos para analizar backlinks y estad\u00edsticas.","robots":{"index":"index","follow":"follow","max-snippet":"max-snippet:-1","max-image-preview":"max-image-preview:large","max-video-preview":"max-video-preview:-1"},"canonical":"https:\/\/www.webolto.com\/es\/seo\/opinion-ahrefs\/","og_locale":"es_ES","og_type":"article","og_title":"Nuestra opini\u00f3n sobre la herramiena SEO Ahrefs - Webolto","og_description":"Dessubre nuestra opini\u00f3n de Ahrefs, una herramienta SEO con una gran base de datos para analizar backlinks y estad\u00edsticas.","og_url":"https:\/\/www.webolto.com\/es\/seo\/opinion-ahrefs\/","og_site_name":"Webolto","article_modified_time":"2023-06-14T14:47:03+00:00","og_image":[{"width":470,"height":353,"url":"https:\/\/www.webolto.com\/es\/wp-content\/uploads\/sites\/2\/2023\/06\/Ahrefs-affiche.jpg","type":"image\/jpeg"}],"twitter_card":"summary_large_image","twitter_misc":{"Tiempo de lectura":"9 minutos"},"schema":{"@context":"https:\/\/schema.org","@graph":[{"@type":"WebPage","@id":"https:\/\/www.webolto.com\/es\/seo\/opinion-ahrefs\/","url":"https:\/\/www.webolto.com\/es\/seo\/opinion-ahrefs\/","name":"Nuestra opini\u00f3n sobre la herramiena SEO Ahrefs - Webolto","isPartOf":{"@id":"https:\/\/www.webolto.com\/es\/#website"},"primaryImageOfPage":{"@id":"https:\/\/www.webolto.com\/es\/seo\/opinion-ahrefs\/#primaryimage"},"image":{"@id":"https:\/\/www.webolto.com\/es\/seo\/opinion-ahrefs\/#primaryimage"},"thumbnailUrl":"https:\/\/www.webolto.com\/es\/wp-content\/uploads\/sites\/2\/2023\/06\/Ahrefs-affiche.jpg","datePublished":"2023-06-02T17:47:45+00:00","dateModified":"2023-06-14T14:47:03+00:00","description":"Dessubre nuestra opini\u00f3n de Ahrefs, una herramienta SEO con una gran base de datos para analizar backlinks y estad\u00edsticas.","breadcrumb":{"@id":"https:\/\/www.webolto.com\/es\/seo\/opinion-ahrefs\/#breadcrumb"},"inLanguage":"es","potentialAction":[{"@type":"ReadAction","target":["https:\/\/www.webolto.com\/es\/seo\/opinion-ahrefs\/"]}]},{"@type":"ImageObject","inLanguage":"es","@id":"https:\/\/www.webolto.com\/es\/seo\/opinion-ahrefs\/#primaryimage","url":"https:\/\/www.webolto.com\/es\/wp-content\/uploads\/sites\/2\/2023\/06\/Ahrefs-affiche.jpg","contentUrl":"https:\/\/www.webolto.com\/es\/wp-content\/uploads\/sites\/2\/2023\/06\/Ahrefs-affiche.jpg","width":470,"height":353},{"@type":"BreadcrumbList","@id":"https:\/\/www.webolto.com\/es\/seo\/opinion-ahrefs\/#breadcrumb","itemListElement":[{"@type":"ListItem","position":1,"name":"Home","item":"https:\/\/www.webolto.com\/es\/"},{"@type":"ListItem","position":2,"name":"Centro de recursos sobre SEO: las claves del posicionamiento en buscadores","item":"https:\/\/www.webolto.com\/es\/seo\/"},{"@type":"ListItem","position":3,"name":"Nuestra opini\u00f3n sobre Ahrefs: herramienta SEO integral centrada en backlinks"}]},{"@type":"WebSite","@id":"https:\/\/www.webolto.com\/es\/#website","url":"https:\/\/www.webolto.com\/es\/","name":"Webolto","description":"Centro de recursos para creadores de sitios web","publisher":{"@id":"https:\/\/www.webolto.com\/es\/#organization"},"potentialAction":[{"@type":"SearchAction","target":{"@type":"EntryPoint","urlTemplate":"https:\/\/www.webolto.com\/es\/?s={search_term_string}"},"query-input":{"@type":"PropertyValueSpecification","valueRequired":true,"valueName":"search_term_string"}}],"inLanguage":"es"},{"@type":"Organization","@id":"https:\/\/www.webolto.com\/es\/#organization","name":"Webolto","url":"https:\/\/www.webolto.com\/es\/","logo":{"@type":"ImageObject","inLanguage":"es","@id":"https:\/\/www.webolto.com\/es\/#\/schema\/logo\/image\/","url":"https:\/\/www.webolto.com\/es\/wp-content\/uploads\/sites\/2\/2020\/05\/header-logo.png","contentUrl":"https:\/\/www.webolto.com\/es\/wp-content\/uploads\/sites\/2\/2020\/05\/header-logo.png","width":3237,"height":667,"caption":"Webolto"},"image":{"@id":"https:\/\/www.webolto.com\/es\/#\/schema\/logo\/image\/"}}]}},"featured_image_src":"https:\/\/www.webolto.com\/es\/wp-content\/uploads\/sites\/2\/2023\/06\/Ahrefs-affiche.jpg","featured_image_src_square":"https:\/\/www.webolto.com\/es\/wp-content\/uploads\/sites\/2\/2023\/06\/Ahrefs-affiche.jpg","_links":{"self":[{"href":"https:\/\/www.webolto.com\/es\/wp-json\/wp\/v2\/pages\/3390"}],"collection":[{"href":"https:\/\/www.webolto.com\/es\/wp-json\/wp\/v2\/pages"}],"about":[{"href":"https:\/\/www.webolto.com\/es\/wp-json\/wp\/v2\/types\/page"}],"author":[{"embeddable":true,"href":"https:\/\/www.webolto.com\/es\/wp-json\/wp\/v2\/users\/5"}],"replies":[{"embeddable":true,"href":"https:\/\/www.webolto.com\/es\/wp-json\/wp\/v2\/comments?post=3390"}],"version-history":[{"count":0,"href":"https:\/\/www.webolto.com\/es\/wp-json\/wp\/v2\/pages\/3390\/revisions"}],"up":[{"embeddable":true,"href":"https:\/\/www.webolto.com\/es\/wp-json\/wp\/v2\/pages\/3319"}],"wp:featuredmedia":[{"embeddable":true,"href":"https:\/\/www.webolto.com\/es\/wp-json\/wp\/v2\/media\/3397"}],"wp:attachment":[{"href":"https:\/\/www.webolto.com\/es\/wp-json\/wp\/v2\/media?parent=3390"}],"curies":[{"name":"wp","href":"https:\/\/api.w.org\/{rel}","templated":true}]}}