{"id":3385,"date":"2023-05-30T09:14:31","date_gmt":"2023-05-30T10:14:31","guid":{"rendered":"https:\/\/www.webolto.com\/es\/?page_id=3385"},"modified":"2023-06-09T15:54:55","modified_gmt":"2023-06-09T16:54:55","slug":"capullo-semantico","status":"publish","type":"page","link":"https:\/\/www.webolto.com\/es\/seo\/capullo-semantico\/","title":{"rendered":"El capullo sem\u00e1ntico en SEO para optimizar tus enlaces internos"},"content":{"rendered":"<p>El capullo sem\u00e1ntico en SEO es una t\u00e9cnica potente para mejorar el posicionamiento de tu sitio web en buscadores. La populariz\u00f3 el experto SEO franc\u00e9s Laurent Bourelly y a menudo se considera de forma err\u00f3nea que es una metodolog\u00eda \u00fanicamente accesible a los expertos, esta t\u00e9cnica consiste en dise\u00f1ar una estructura interna para tu sitio web que est\u00e9 optimizada para el SEO, y al mismo tiempo favorezca la navegaci\u00f3n para los usuarios.<\/p>\n<h2>Uso de enlaces internos y externos<\/h2>\n<p>De forma esquem\u00e1tica, el SEO se reduce en \u00faltima instancia a dos criterios: contenido y enlaces. La optimizaci\u00f3n <em>on-page<\/em> consiste en identificar las palabras clave o consultas sobre las que posicionarse, ubicarlas en las \u00e1reas estrat\u00e9gicas de las p\u00e1ginas y producir contenido rico y con relevancia sem\u00e1ntica.<\/p>\n<p>La implantaci\u00f3n de enlaces se basa en dos pilares: enlaces externos y enlaces internos. Los <strong><a href=\"\/es\/blog\/como-conseguir-backlinks-calidad-seo\/\">enlaces entrantes externos o backlinks<\/a><\/strong>\u00a0provienen de sitios web externos. Conseguir enlaces constituye un pilar importante de la estrategia SEO y puedes encontrar m\u00e1s informaci\u00f3n sobre este aspecto ya se ha tratado en un art\u00edculo dedicado a conseguir backlinks.<\/p>\n<p>Un enlace interno es un enlace que conecta dos p\u00e1ginas del mismo sitio web, y todos estos enlaces internos constituyen la malla interna (tambi\u00e9n llamada red de enlaces internos).<\/p>\n<p>La optimizaci\u00f3n de estos enlaces internos tiene dos objetivos:<\/p>\n<ul>\n<li>Facilitar una navegaci\u00f3n fluida dentro del sitio web<\/li>\n<li>Aumentar el posicionamiento del sitio web<\/li>\n<\/ul>\n<p>Los enlaces internos y externos mejoran el SEO a trav\u00e9s del mismo mecanismo: la optimizaci\u00f3n del PageRank.<\/p>\n<h2>PageRank: distribuirlo bien para optimizar tu SEO<\/h2>\n<p>El PageRank, o \u00edndice de popularidad, es una puntuaci\u00f3n entre 0 y 10 que Google asigna a cada p\u00e1gina de un sitio web. El PageRank sigue siendo uno de los principales criterios del algoritmo de relevancia de Google en la actualidad.<\/p>\n<p>Esta puntuaci\u00f3n, que desde 2016 <a href=\"https:\/\/www.flat101.es\/blog\/seo\/adios-pagerank-google\/\" target=\"_blank\" rel=\"noopener\">no es posible conocer con precisi\u00f3n<\/a>, depende del n\u00famero y la calidad de los enlaces que dirigen a una p\u00e1gina web. Cada p\u00e1gina transmite una parte de su PageRank a las p\u00e1ginas a las que enlaza. Para que una p\u00e1gina tenga un buen \u00edndice de popularidad, otras p\u00e1ginas con un buen PageRank deben incluir enlaces a ella.<\/p>\n<p>Una buena red de enlaces internos permitir\u00e1 distribuir bien este PageRank entre las diferentes p\u00e1ginas del sitio web y favorecer las p\u00e1ginas importantes. La p\u00e1gina de inicio del sitio web suele ser la que tiene el mejor PageRank, porque recibe la mayor\u00eda de los enlaces externos. La malla interna permitir\u00e1 repartir el \u00edndice de popularidad de esta p\u00e1gina de inicio a las p\u00e1ginas con contenidos que quieras promocionar.<\/p>\n<p>Para conocer una estimaci\u00f3n del PageRank, puedes utilizar la herramienta ofrecida por <a href=\"https:\/\/es.majestic.com\/\" target=\"_blank\" rel=\"noopener\">Majestic SEO<\/a>. El flujo de citas corresponde aproximadamente al PageRank multiplicado por 10. Por tanto, un flujo de citas de 25 corresponder\u00e1 a un PageRank entre 2 y 3.<\/p>\n<p>Ahora que conoces el principio del PageRank, veremos c\u00f3mo crear la malla interna de tu sitio para distribuirlo adecuadamente.<\/p>\n<h2>Enlaces estructurales y contextuales<\/h2>\n<p>Hay dos tipos de enlaces internos: los enlaces estructurales y contextuales. Los <strong>enlaces estructurales<\/strong> forman parte de la estructura de la p\u00e1gina, se pueden situar en los men\u00fas, el pie de p\u00e1gina, el encabezado o la ruta de navegaci\u00f3n. Google puede reconocer estos enlaces con gran facilidad: son los mismos en todas las p\u00e1ginas del sitio web.<\/p>\n<p>Los <strong>enlaces contextuales<\/strong> se sit\u00faan directamente en la p\u00e1gina, ya sea en un t\u00edtulo o en un p\u00e1rrafo. Por lo general, llevan a otra p\u00e1gina del mismo tema y sirven para proporcionar informaci\u00f3n adicional o complementar la informaci\u00f3n.<\/p>\n<h2>\u00bfC\u00f3mo configurar correctamente los enlaces contextuales?<\/h2>\n<p>Los enlaces contextuales son muy \u00fatiles para que el PageRank circule entre tus p\u00e1ginas. Para esto, debes asegurarte de dos cosas:<\/p>\n<p>Optimizar el texto ancla del enlace: El ancla del enlace es el texto en el que se inserta el enlace, es decir, sobre el que hay que hacer clic. Un ancla de enlace optimizada contiene una expresi\u00f3n con relaci\u00f3n tem\u00e1tica con la p\u00e1gina. De hecho, Google usa las palabras ubicadas en el ancla del enlace para identificar la tem\u00e1tica de la p\u00e1gina de destino. Es preferible un texto ancla de enlace coherente con la p\u00e1gina de destino del enlace. Por ejemplo, recomendarte que leas nuestro art\u00edculo sobre <a href=\"\/es\/blog\/pasos-auditoria-seo-ux-web\/\">10 pasos para realizar una auditor\u00eda SEO y UX de tu web<\/a> es mucho m\u00e1s beneficioso para nuestro SEO que decirte que debes <a href=\"\/es\/blog\/pasos-auditoria-seo-ux-web\/\">hacer clic aqu\u00ed<\/a>.<\/p>\n<p>Usa vocabulario que guarde relaci\u00f3n sem\u00e1ntica con el enlace: adem\u00e1s de analizar el ancla del enlace, Google se fijar\u00e1 en el texto ubicado alrededor del ancla. El uso de un vocabulario pertinente y rico te permitir\u00e1 contextualizar tus enlaces.<\/p>\n<p>Ahora podemos abordar el punto clave: \u00bfqu\u00e9 estructura debes seguir para definir tu malla de enlaces internos seg\u00fan tu capullo sem\u00e1ntico en SEO?<\/p>\n<h2>Enlaces internos basados en el capullo sem\u00e1ntico en SEO<\/h2>\n<p>El capullo sem\u00e1ntico en SEO, teorizado y popularizado por el franc\u00e9s Laurent Bourelly, es una t\u00e9cnica de enlaces internos muy eficaz tanto desde el punto de vista del usuario como de posicionamiento SEO.<\/p>\n<p>El capullo sem\u00e1ntico se define por una malla interna construida sobre un esquema de \u00e1rbol en el que los enlaces entre las p\u00e1ginas se realizan de forma muy precisa para destacar determinadas p\u00e1ginas estrat\u00e9gicas.<\/p>\n<p>Concretamente, este esquema tendr\u00e1 3 niveles:<\/p>\n<ul>\n<li>Una p\u00e1gina principal o p\u00e1gina \u00edndex. Es la p\u00e1gina que encabeza la estructura de \u00e1rbol.<\/li>\n<li>P\u00e1ginas mixtas, que se utilizan para potenciar el posicionamiento SEO de la p\u00e1gina principal. Tambi\u00e9n llamadas p\u00e1ginas secundarias, est\u00e1n vinculadas entre s\u00ed, pero tambi\u00e9n con la p\u00e1gina principal.<\/li>\n<li>P\u00e1ginas complementarias, que potencian las p\u00e1ginas mixtas. Estas \u00abp\u00e1ginas hijas\u00bb tambi\u00e9n est\u00e1n vinculadas entre s\u00ed.<\/li>\n<\/ul>\n<p>Puedes continuar a\u00f1adiendo niveles a este esquema si quieres profundizar en la estructura del \u00e1rbol (en un sitio web que ofrezca mucho contenido, por ejemplo).<\/p>\n<p>Los enlaces entre las diferentes p\u00e1ginas se contextualizar\u00e1n como hemos indicado anteriormente.<\/p>\n<h2>Aplicaci\u00f3n pr\u00e1ctica: crear el capullo sem\u00e1ntico SEO de tu sitio web<\/h2>\n<p>En primer lugar, debes compartimentar tus p\u00e1ginas seg\u00fan tu tem\u00e1tica. Por ejemplo, para un sitio de comercio electr\u00f3nico, una buena manera de clasificar ser\u00eda razonar desde el punto de vista del usuario y proponer tem\u00e1ticas por grupos de edad. Tambi\u00e9n es posible la compartimentaci\u00f3n por tipo de producto.<\/p>\n<p>Para este paso, es posible utilizar una herramienta de mapas mentales para ver las cosas con mayor claridad, como <a href=\"https:\/\/coggle.it\/\" target=\"_blank\" rel=\"noopener\">Coggle<\/a> o <a href=\"http:\/\/freemind.sourceforge.net\/\" target=\"_blank\" rel=\"noopener\">FreeMind<\/a>.<\/p>\n<p>Por ejemplo, un sitio que ofrece campamentos de verano podr\u00eda estructurar sus contenidos de la siguiente forma:<\/p>\n<p><img loading=\"lazy\" decoding=\"async\" class=\"aligncenter wp-image-3386 \" src=\"https:\/\/www.webolto.com\/es\/wp-content\/uploads\/sites\/2\/2023\/05\/Arbol-de-paginas-web-capullo-semantico.jpg\" alt=\"Ejemplo de esquema de capullo sem\u00e1ntico SEO\" width=\"785\" height=\"663\" srcset=\"https:\/\/www.webolto.com\/es\/wp-content\/uploads\/sites\/2\/2023\/05\/Arbol-de-paginas-web-capullo-semantico.jpg 889w, https:\/\/www.webolto.com\/es\/wp-content\/uploads\/sites\/2\/2023\/05\/Arbol-de-paginas-web-capullo-semantico-300x253.jpg 300w, https:\/\/www.webolto.com\/es\/wp-content\/uploads\/sites\/2\/2023\/05\/Arbol-de-paginas-web-capullo-semantico-768x649.jpg 768w\" sizes=\"(max-width: 785px) 100vw, 785px\" \/><\/p>\n<p>En este ejemplo, la p\u00e1gina principal est\u00e1 dedicada a los campamentos de verano en general, mientras que las p\u00e1ginas mixtas presentan los diferentes temas, periodos y lugares disponibles. Por \u00faltimo, las p\u00e1ginas complementarias proporcionan m\u00e1s informaci\u00f3n sobre cada categor\u00eda.<\/p>\n<p>Por tanto, el segundo paso es agregar enlaces entre las p\u00e1ginas. Para comprender d\u00f3nde colocar los enlaces en las p\u00e1ginas, puedes ayudarte de la siguiente infograf\u00eda (en franc\u00e9s):<\/p>\n<p style=\"text-align: center\"><em>Haz clic sobre la imagen para visualizarla en grande<\/em><a href=\"https:\/\/www.webolto.com\/es\/wp-content\/uploads\/sites\/2\/2023\/05\/cocon-semantique-infographie-big.jpg\" target=\"_blank\" rel=\"noopener\"><img loading=\"lazy\" decoding=\"async\" class=\"aligncenter wp-image-3387\" src=\"https:\/\/www.webolto.com\/es\/wp-content\/uploads\/sites\/2\/2023\/05\/cocon-semantique-infographie-big-332x1024.jpg\" alt=\"Infograf\u00eda en franc\u00e9s de enlaces internos SEO para construir el capullo sem\u00e1ntico\" width=\"384\" height=\"1184\" srcset=\"https:\/\/www.webolto.com\/es\/wp-content\/uploads\/sites\/2\/2023\/05\/cocon-semantique-infographie-big-332x1024.jpg 332w, https:\/\/www.webolto.com\/es\/wp-content\/uploads\/sites\/2\/2023\/05\/cocon-semantique-infographie-big-97x300.jpg 97w, https:\/\/www.webolto.com\/es\/wp-content\/uploads\/sites\/2\/2023\/05\/cocon-semantique-infographie-big-768x2367.jpg 768w, https:\/\/www.webolto.com\/es\/wp-content\/uploads\/sites\/2\/2023\/05\/cocon-semantique-infographie-big-498x1536.jpg 498w, https:\/\/www.webolto.com\/es\/wp-content\/uploads\/sites\/2\/2023\/05\/cocon-semantique-infographie-big-665x2048.jpg 665w, https:\/\/www.webolto.com\/es\/wp-content\/uploads\/sites\/2\/2023\/05\/cocon-semantique-infographie-big-scaled.jpg 831w\" sizes=\"(max-width: 384px) 100vw, 384px\" \/><\/a><\/p>\n<h2>Eficacia del capullo sem\u00e1ntico: ejemplos<\/h2>\n<p>El te\u00f3rico del capullo sem\u00e1ntico Laurent Bourelly cre\u00f3 un peque\u00f1o campo sem\u00e1ntico en franc\u00e9s, disponible aqu\u00ed: http:\/\/www.laurentbourrelly.com\/guide\/<\/p>\n<p>En su d\u00eda, los resultados de b\u00fasqueda en franc\u00e9s eran muy buenos:<\/p>\n<ul>\n<li>Fue 1.\u00ba en \u00ab guide r\u00e9f\u00e9rencement \u00bb (ahora cay\u00f3 al 9.\u00ba\u00a0puesto)<\/li>\n<li>2.\u00ba en \u00ab guide r\u00e9f\u00e9renceur \u00bb (lo mantiene)<\/li>\n<li>Fue 2.\u00ba en \u00ab guide SEO \u00bb (actualmente ha salido de la primera p\u00e1gina de la SERP)<\/li>\n<\/ul>\n<p>Por tanto, podemos sacar la conclusi\u00f3n de que las p\u00e1ginas de este capullo sem\u00e1ntico se posicionan muy bien en motores de b\u00fasqueda como Google con solo 3 sitios web de referencia y 20 enlaces entrantes. En cualquier caso, el capullo sem\u00e1ntico debe complementarse con las t\u00e9cnicas de posicionamiento\u00a0SEO habituales.<\/p>\n<p>Otro ejemplo de un capullo sem\u00e1ntico es la <a href=\"https:\/\/www.eskimoz.es\/posicionamiento-seo\/\" target=\"_blank\" rel=\"noopener\">gu\u00eda de SEO<\/a> en el sitio web de Eskimoz.<\/p>\n<h2>Conclusi\u00f3n sobre el uso del capullo sem\u00e1ntico<\/h2>\n<p>En definitiva, el capullo sem\u00e1ntico es una herramienta que te permitir\u00e1 estructurar tu sitio web para obtener el m\u00e1ximo rendimiento en distribuci\u00f3n de tu PageRank. Esta t\u00e9cnica se debe utilizar de forma conjunta con los grandes pilares del SEO (contenidos optimizados y enlaces externos).<\/p>\n<p>Si est\u00e1s creando tu sitio web, te recomendamos particularmente tener presente esta t\u00e9cnica. Siempre es m\u00e1s f\u00e1cil apoyarse sobre unos cimientos s\u00f3lidos, con un sitio web optimizado para el SEO desde un primer momento.<\/p>\n<div class=\"bloc-tips\"><i class=\"fa fa-book\"><\/i><span class=\"title is-5\">Descubre m\u00e1s sobre SEO<\/span><br \/>\nHay muchos recursos a tu disposici\u00f3n en el capullo sem\u00e1ntico de Webolto sobre SEO:\n<ul>\n<li><a href=\"\/es\/seo\">Centro de recursos sobre SEO<\/a><\/li>\n<li><a href=\"\/es\/seo\/guia-seo-local\/\">Gu\u00eda para optimizar el posicionamiento SEO local de tu empresa<\/a><\/li>\n<li><a href=\"\/es\/blog\/comparacion-mejores-herramientas-seo\/\">Comparaci\u00f3n de las mejores herramientas\u00a0SEO<\/a><\/li>\n<li><a href=\"\/es\/seo\/intencion-busqueda-seo\/\">Intenci\u00f3n de b\u00fasqueda en SEO: gu\u00eda completa<\/a><\/li>\n<\/ul>\n<\/div>\n","protected":false},"excerpt":{"rendered":"<p>El capullo sem\u00e1ntico en SEO es una t\u00e9cnica potente para mejorar el posicionamiento de tu sitio web en buscadores. La populariz\u00f3 el experto SEO franc\u00e9s Laurent Bourelly y a menudo se considera de forma err\u00f3nea que es una metodolog\u00eda \u00fanicamente accesible a los expertos, esta t\u00e9cnica consiste en dise\u00f1ar una estructura interna para tu sitio [&hellip;]<\/p>\n","protected":false},"author":5,"featured_media":3388,"parent":3319,"menu_order":0,"comment_status":"closed","ping_status":"closed","template":"","meta":{"_acf_changed":false,"om_disable_all_campaigns":false,"_genesis_hide_title":false,"_genesis_hide_breadcrumbs":false,"_genesis_hide_singular_image":false,"_genesis_hide_footer_widgets":false,"_genesis_custom_body_class":"","_genesis_custom_post_class":"","_genesis_layout":"","footnotes":""},"acf":[],"yoast_head":"<!-- This site is optimized with the Yoast SEO plugin v24.5 - https:\/\/yoast.com\/wordpress\/plugins\/seo\/ -->\n<title>El capullo sem\u00e1ntico: t\u00e9cnica SEO de enlaces internos - Webolto<\/title>\n<meta name=\"description\" content=\"El capullo sem\u00e1ntico es una t\u00e9cnica SEO consistente en crear un malla de enlaces internos con relaci\u00f3n tem\u00e1tica entre s\u00ed. Descubre m\u00e1s.\" \/>\n<meta name=\"robots\" content=\"index, follow, max-snippet:-1, max-image-preview:large, max-video-preview:-1\" \/>\n<link rel=\"canonical\" href=\"https:\/\/www.webolto.com\/es\/seo\/capullo-semantico\/\" \/>\n<meta property=\"og:locale\" content=\"es_ES\" \/>\n<meta property=\"og:type\" content=\"article\" \/>\n<meta property=\"og:title\" content=\"El capullo sem\u00e1ntico: t\u00e9cnica SEO de enlaces internos - Webolto\" \/>\n<meta property=\"og:description\" content=\"El capullo sem\u00e1ntico es una t\u00e9cnica SEO consistente en crear un malla de enlaces internos con relaci\u00f3n tem\u00e1tica entre s\u00ed. Descubre m\u00e1s.\" \/>\n<meta property=\"og:url\" content=\"https:\/\/www.webolto.com\/es\/seo\/capullo-semantico\/\" \/>\n<meta property=\"og:site_name\" content=\"Webolto\" \/>\n<meta property=\"article:modified_time\" content=\"2023-06-09T16:54:55+00:00\" \/>\n<meta property=\"og:image\" content=\"https:\/\/www.webolto.com\/es\/wp-content\/uploads\/sites\/2\/2023\/05\/capullo-semantico-seo-affiche.jpg\" \/>\n\t<meta property=\"og:image:width\" content=\"470\" \/>\n\t<meta property=\"og:image:height\" content=\"353\" \/>\n\t<meta property=\"og:image:type\" content=\"image\/jpeg\" \/>\n<meta name=\"twitter:card\" content=\"summary_large_image\" \/>\n<meta name=\"twitter:label1\" content=\"Tiempo de lectura\" \/>\n\t<meta name=\"twitter:data1\" content=\"7 minutos\" \/>\n<!-- \/ Yoast SEO plugin. -->","yoast_head_json":{"title":"El capullo sem\u00e1ntico: t\u00e9cnica SEO de enlaces internos - Webolto","description":"El capullo sem\u00e1ntico es una t\u00e9cnica SEO consistente en crear un malla de enlaces internos con relaci\u00f3n tem\u00e1tica entre s\u00ed. Descubre m\u00e1s.","robots":{"index":"index","follow":"follow","max-snippet":"max-snippet:-1","max-image-preview":"max-image-preview:large","max-video-preview":"max-video-preview:-1"},"canonical":"https:\/\/www.webolto.com\/es\/seo\/capullo-semantico\/","og_locale":"es_ES","og_type":"article","og_title":"El capullo sem\u00e1ntico: t\u00e9cnica SEO de enlaces internos - Webolto","og_description":"El capullo sem\u00e1ntico es una t\u00e9cnica SEO consistente en crear un malla de enlaces internos con relaci\u00f3n tem\u00e1tica entre s\u00ed. Descubre m\u00e1s.","og_url":"https:\/\/www.webolto.com\/es\/seo\/capullo-semantico\/","og_site_name":"Webolto","article_modified_time":"2023-06-09T16:54:55+00:00","og_image":[{"width":470,"height":353,"url":"https:\/\/www.webolto.com\/es\/wp-content\/uploads\/sites\/2\/2023\/05\/capullo-semantico-seo-affiche.jpg","type":"image\/jpeg"}],"twitter_card":"summary_large_image","twitter_misc":{"Tiempo de lectura":"7 minutos"},"schema":{"@context":"https:\/\/schema.org","@graph":[{"@type":"WebPage","@id":"https:\/\/www.webolto.com\/es\/seo\/capullo-semantico\/","url":"https:\/\/www.webolto.com\/es\/seo\/capullo-semantico\/","name":"El capullo sem\u00e1ntico: t\u00e9cnica SEO de enlaces internos - Webolto","isPartOf":{"@id":"https:\/\/www.webolto.com\/es\/#website"},"primaryImageOfPage":{"@id":"https:\/\/www.webolto.com\/es\/seo\/capullo-semantico\/#primaryimage"},"image":{"@id":"https:\/\/www.webolto.com\/es\/seo\/capullo-semantico\/#primaryimage"},"thumbnailUrl":"https:\/\/www.webolto.com\/es\/wp-content\/uploads\/sites\/2\/2023\/05\/capullo-semantico-seo-affiche.jpg","datePublished":"2023-05-30T10:14:31+00:00","dateModified":"2023-06-09T16:54:55+00:00","description":"El capullo sem\u00e1ntico es una t\u00e9cnica SEO consistente en crear un malla de enlaces internos con relaci\u00f3n tem\u00e1tica entre s\u00ed. Descubre m\u00e1s.","breadcrumb":{"@id":"https:\/\/www.webolto.com\/es\/seo\/capullo-semantico\/#breadcrumb"},"inLanguage":"es","potentialAction":[{"@type":"ReadAction","target":["https:\/\/www.webolto.com\/es\/seo\/capullo-semantico\/"]}]},{"@type":"ImageObject","inLanguage":"es","@id":"https:\/\/www.webolto.com\/es\/seo\/capullo-semantico\/#primaryimage","url":"https:\/\/www.webolto.com\/es\/wp-content\/uploads\/sites\/2\/2023\/05\/capullo-semantico-seo-affiche.jpg","contentUrl":"https:\/\/www.webolto.com\/es\/wp-content\/uploads\/sites\/2\/2023\/05\/capullo-semantico-seo-affiche.jpg","width":470,"height":353},{"@type":"BreadcrumbList","@id":"https:\/\/www.webolto.com\/es\/seo\/capullo-semantico\/#breadcrumb","itemListElement":[{"@type":"ListItem","position":1,"name":"Home","item":"https:\/\/www.webolto.com\/es\/"},{"@type":"ListItem","position":2,"name":"Centro de recursos sobre SEO: las claves del posicionamiento en buscadores","item":"https:\/\/www.webolto.com\/es\/seo\/"},{"@type":"ListItem","position":3,"name":"El capullo sem\u00e1ntico en SEO para optimizar tus enlaces internos"}]},{"@type":"WebSite","@id":"https:\/\/www.webolto.com\/es\/#website","url":"https:\/\/www.webolto.com\/es\/","name":"Webolto","description":"Centro de recursos para creadores de sitios web","publisher":{"@id":"https:\/\/www.webolto.com\/es\/#organization"},"potentialAction":[{"@type":"SearchAction","target":{"@type":"EntryPoint","urlTemplate":"https:\/\/www.webolto.com\/es\/?s={search_term_string}"},"query-input":{"@type":"PropertyValueSpecification","valueRequired":true,"valueName":"search_term_string"}}],"inLanguage":"es"},{"@type":"Organization","@id":"https:\/\/www.webolto.com\/es\/#organization","name":"Webolto","url":"https:\/\/www.webolto.com\/es\/","logo":{"@type":"ImageObject","inLanguage":"es","@id":"https:\/\/www.webolto.com\/es\/#\/schema\/logo\/image\/","url":"https:\/\/www.webolto.com\/es\/wp-content\/uploads\/sites\/2\/2020\/05\/header-logo.png","contentUrl":"https:\/\/www.webolto.com\/es\/wp-content\/uploads\/sites\/2\/2020\/05\/header-logo.png","width":3237,"height":667,"caption":"Webolto"},"image":{"@id":"https:\/\/www.webolto.com\/es\/#\/schema\/logo\/image\/"}}]}},"featured_image_src":"https:\/\/www.webolto.com\/es\/wp-content\/uploads\/sites\/2\/2023\/05\/capullo-semantico-seo-affiche.jpg","featured_image_src_square":"https:\/\/www.webolto.com\/es\/wp-content\/uploads\/sites\/2\/2023\/05\/capullo-semantico-seo-affiche.jpg","_links":{"self":[{"href":"https:\/\/www.webolto.com\/es\/wp-json\/wp\/v2\/pages\/3385"}],"collection":[{"href":"https:\/\/www.webolto.com\/es\/wp-json\/wp\/v2\/pages"}],"about":[{"href":"https:\/\/www.webolto.com\/es\/wp-json\/wp\/v2\/types\/page"}],"author":[{"embeddable":true,"href":"https:\/\/www.webolto.com\/es\/wp-json\/wp\/v2\/users\/5"}],"replies":[{"embeddable":true,"href":"https:\/\/www.webolto.com\/es\/wp-json\/wp\/v2\/comments?post=3385"}],"version-history":[{"count":0,"href":"https:\/\/www.webolto.com\/es\/wp-json\/wp\/v2\/pages\/3385\/revisions"}],"up":[{"embeddable":true,"href":"https:\/\/www.webolto.com\/es\/wp-json\/wp\/v2\/pages\/3319"}],"wp:featuredmedia":[{"embeddable":true,"href":"https:\/\/www.webolto.com\/es\/wp-json\/wp\/v2\/media\/3388"}],"wp:attachment":[{"href":"https:\/\/www.webolto.com\/es\/wp-json\/wp\/v2\/media?parent=3385"}],"curies":[{"name":"wp","href":"https:\/\/api.w.org\/{rel}","templated":true}]}}