{"id":3305,"date":"2023-04-25T08:55:14","date_gmt":"2023-04-25T09:55:14","guid":{"rendered":"https:\/\/www.webolto.com\/es\/?page_id=3305"},"modified":"2023-04-25T08:55:14","modified_gmt":"2023-04-25T09:55:14","slug":"cronograma-gestion-proyectos","status":"publish","type":"page","link":"https:\/\/www.webolto.com\/es\/gestion-de-proyectos\/cronograma-gestion-proyectos\/","title":{"rendered":"El papel estructural del cronograma en la gesti\u00f3n de proyectos"},"content":{"rendered":"<p>La gesti\u00f3n de proyectos es una tarea compleja cuyo \u00e9xito se basa en una planificaci\u00f3n rigurosa. El cronograma de gesti\u00f3n de proyectos es una herramienta esencial para planificar y realizar un seguimiento de las tareas, los plazos, los recursos y las relaciones de interdependencia del proyecto. En este art\u00edculo, vamos a definir qu\u00e9 es un cronograma de gesti\u00f3n de proyectos, describir su contenido y funci\u00f3n, y aprender a usarlo de manera efectiva.<\/p>\n<div class=\"bloc-tips\">\n<p><i class=\"fa fa-book\"><\/i><span class=\"title is-5\">\u00cdndice<\/span><\/p>\n<ul class=\"icon-chevron\" style=\"margin-bottom: 0px\">\n<li><a href=\"#_Toc133314189\">En resumen: lo m\u00e1s b\u00e1sico que debes recordar<\/a><\/li>\n<li><a href=\"#_Toc133314190\">\u00bfQu\u00e9 es un cronograma de gesti\u00f3n de proyectos?<\/a><\/li>\n<li><a href=\"#_Toc133314191\">Contenido de un cronograma de gesti\u00f3n de proyectos<\/a><\/li>\n<li><a href=\"#_Toc133314192\">Funci\u00f3n del cronograma en la gesti\u00f3n de proyectos<\/a><\/li>\n<li><a href=\"#_Toc133314193\">\u00bfC\u00f3mo fijar un buen cronograma de gesti\u00f3n de proyectos?<\/a><\/li>\n<li><a href=\"#_Toc133314194\">Cronograma de gesti\u00f3n de proyectos: preguntas frecuentes<\/a><\/li>\n<\/ul>\n<\/div>\n<p>&nbsp;<\/p>\n<h2><a name=\"_Toc133314189\"><\/a>En resumen: lo m\u00e1s b\u00e1sico que debes recordar<\/h2>\n<ul>\n<li>Un cronograma de gesti\u00f3n de proyectos tiene muchos beneficios que te permiten alcanzar tus objetivos de manera m\u00e1s eficiente.<\/li>\n<li>Te permite organizar todos los pasos y los recursos necesarios.<\/li>\n<li>Ofrece una visi\u00f3n general del proyecto y de las diferentes etapas que lo componen.<\/li>\n<li>Para ser efectivo, debe cumplir con diferentes criterios en t\u00e9rminos de contenido y buenas pr\u00e1cticas de uso.<\/li>\n<\/ul>\n<h2><a name=\"_Toc133314190\"><\/a>\u00bfQu\u00e9 es un cronograma de gesti\u00f3n de proyectos?<\/h2>\n<h3>Definici\u00f3n de cronograma de gesti\u00f3n de proyectos<\/h3>\n<p>Un calendario o cronograma de gesti\u00f3n de proyectos una herramienta que permite <strong>planificar las diferentes etapas y tareas de un proyecto, as\u00ed como los plazos<\/strong> de cada una de ellas . Se utiliza para definir las fechas de inicio y fin de cada actividad, las relaciones de interdependencia entre tareas, los plazos y los recursos necesarios para completar el proyecto.<\/p>\n<p>El cronograma a menudo se representa como un gr\u00e1fico con la forma de un diagrama de Gantt, como en el siguiente ejemplo creado con Trello:<\/p>\n<p><img loading=\"lazy\" decoding=\"async\" class=\"aligncenter wp-image-2791 size-large\" src=\"\/es\/wp-content\/uploads\/sites\/2\/2022\/11\/outils-retroplanning-exemple-trello-2-1024x613.png\" alt=\"Cronograma de proyecto creado con Trello\" width=\"1024\" height=\"613\" srcset=\"https:\/\/www.webolto.com\/es\/wp-content\/uploads\/sites\/2\/2022\/11\/outils-retroplanning-exemple-trello-2-1024x613.png 1024w, https:\/\/www.webolto.com\/es\/wp-content\/uploads\/sites\/2\/2022\/11\/outils-retroplanning-exemple-trello-2-300x179.png 300w, https:\/\/www.webolto.com\/es\/wp-content\/uploads\/sites\/2\/2022\/11\/outils-retroplanning-exemple-trello-2-768x459.png 768w, https:\/\/www.webolto.com\/es\/wp-content\/uploads\/sites\/2\/2022\/11\/outils-retroplanning-exemple-trello-2.png 1170w\" sizes=\"(max-width: 1024px) 100vw, 1024px\" \/><\/p>\n<h3>\u00bfPor qu\u00e9 es buena idea utilizar un cronograma al gestionar un proyecto?<\/h3>\n<p>Vamos a repasar 7 buenas razones para usar un calendario de trabajo bien elaborado al planificar y administrar tu proyecto:<\/p>\n<ol>\n<li>Te permite <strong>planificar de manera efectiva las diferentes tareas<\/strong> que debes realizar y los plazos que has de respetar para cada tarea. Esto te ayuda a organizar mejor el proyecto y minimizar el riesgo de retrasos o excesos presupuestarios.<\/li>\n<li>Asimismo, facilita la <strong>visualizaci\u00f3n de los recursos necesarios<\/strong> para cada tarea, lo que permite gestionar mejor los recursos disponibles y optimizar su uso. Tambi\u00e9n puede ayudar a identificar posibles carencias de recursos y abordarlas r\u00e1pidamente.<\/li>\n<li>Ayuda a definir con claridad los <strong>plazos de entrega intermedios y finales<\/strong>. Esto te permite controlar mejor el progreso del proyecto, verificar que avanza seg\u00fan lo previsto y tomar medidas si no es el caso.<\/li>\n<li>Con un cronograma podr\u00e1s <strong>coordinar<\/strong> <strong>mejor los diferentes equipos<\/strong> que intervienen en el proyecto. De esta forma se pueden distribuir mejor las tareas, seguir el progreso de cada equipo y facilitar la comunicaci\u00f3n entre sus miembros.<\/li>\n<li>Consigues <strong>anticipar mejor los riesgos de retrasos<\/strong> y tomar medidas preventivas para minimizarlos o, en el peor de los casos, remediarlos. Esto ayuda a minimizar los retrasos y mantener el proyecto en marcha.<\/li>\n<li>Tambi\u00e9n ayuda a <strong>comprender mejor las diferentes etapas del proyecto<\/strong> y optimizarlas para mejorar la eficiencia y la productividad del equipo.<\/li>\n<li>Posibilita el <strong>intercambio de informaci\u00f3n relativa al proyecto<\/strong>, en particular la que se refiere a los plazos, las tareas a realizar y los recursos necesarios. Esto puede mejorar la comunicaci\u00f3n entre los miembros del equipo y evitar malentendidos.<\/li>\n<\/ol>\n<p class=\"bloc-tips\"><i class=\"fa fa-book\"><\/i>Un cronograma de proyecto es una <a href=\"\/es\/gestion-de-proyectos\/herramientas-retroplanning\/\">herramienta de retroplanning<\/a> imprescindible.<\/p>\n<h2><a name=\"_Toc133314191\"><\/a>Contenido de un cronograma de gesti\u00f3n de proyectos.<\/h2>\n<p>El contenido de un cronograma de gesti\u00f3n depende del tipo de proyecto y su complejidad. Sin embargo, como regla general, debe incluir lo siguiente:<\/p>\n<ul>\n<li><strong>Lista de tareas<\/strong>: es la lista de actividades necesarias para alcanzar los objetivos del proyecto. Esta lista debe ser detallada y precisa. Puede elaborarse con la ayuda de <a href=\"\/es\/gestion-de-proyectos\/aplicaciones-listas-tareas-pendientes\/\">aplicaciones para crear listas de tareas pendientes<\/a>.<\/li>\n<li><strong>Plazos<\/strong>: indican las fechas de inicio y fin previstas de cada tarea.<\/li>\n<li><strong>Dependencias entre tareas<\/strong>: las relaciones de interdependencia describen los v\u00ednculos entre diferentes tareas. Sirven para determinar qu\u00e9 tareas deben completarse antes de que otras puedan comenzar.<\/li>\n<li><strong>Recursos<\/strong>: elementos necesarios para llevar a cabo las tareas. Pueden ser personas, equipos, suministros y\/o materias primas.<\/li>\n<li><strong>Hitos<\/strong>: eventos importantes en el desarrollo del proyecto. Pueden marcar el final de una etapa, la finalizaci\u00f3n de una tarea clave, la entrega de un producto, etc.<\/li>\n<li><strong>Presupuesto<\/strong>: estimaci\u00f3n de los costes vinculados a la realizaci\u00f3n del proyecto.<\/li>\n<\/ul>\n<p class=\"bloc-tips\"><i class=\"fa fa-book\"><\/i>Para ayudarte a construir y llevar el seguimiento de tu calendario, descubre nuestra selecci\u00f3n de las mejores <a href=\"\/es\/gestion-de-proyectos\/mejores-software-gestion-proyectos\/\">software de gesti\u00f3n de proyectos<\/a>.<\/p>\n<h2><a name=\"_Toc133314192\"><\/a>Funci\u00f3n del cronograma en la gesti\u00f3n de proyectos<\/h2>\n<p>Esta herramienta de planificaci\u00f3n ofrece varias ventajas para el \u00e9xito de tu proyecto. En primer lugar, te permite planificar las actividades y los recursos necesarios para completar el proyecto. Adem\u00e1s, te ayuda a identificar dependencias entre las diferentes tareas y organizarlas en un orden l\u00f3gico.<\/p>\n<p>Gracias al cronograma, tambi\u00e9n podr\u00e1s facilitar la toma de decisiones y la gesti\u00f3n de los cambios al tener una visi\u00f3n general de las actividades del proyecto. Adem\u00e1s, este calendario te permite seguir el progreso del proyecto y asegurarte de que se cumplan los plazos. Por \u00faltimo, es una herramienta de comunicaci\u00f3n con las partes involucradas importante, que proporciona una visi\u00f3n detallada del proyecto al detallar los horizontes temporales.<\/p>\n<p><img loading=\"lazy\" decoding=\"async\" class=\"aligncenter wp-image-2759 size-large\" src=\"\/es\/wp-content\/uploads\/sites\/2\/2022\/10\/Monday-sales-actividades-1024x394.jpg\" alt=\"Ejemplo de cronograma de proyecto creado con Monday.com\" width=\"1024\" height=\"394\" srcset=\"https:\/\/www.webolto.com\/es\/wp-content\/uploads\/sites\/2\/2022\/10\/Monday-sales-actividades-1024x394.jpg 1024w, https:\/\/www.webolto.com\/es\/wp-content\/uploads\/sites\/2\/2022\/10\/Monday-sales-actividades-300x115.jpg 300w, https:\/\/www.webolto.com\/es\/wp-content\/uploads\/sites\/2\/2022\/10\/Monday-sales-actividades-768x295.jpg 768w, https:\/\/www.webolto.com\/es\/wp-content\/uploads\/sites\/2\/2022\/10\/Monday-sales-actividades-1536x591.jpg 1536w, https:\/\/www.webolto.com\/es\/wp-content\/uploads\/sites\/2\/2022\/10\/Monday-sales-actividades.jpg 1820w\" sizes=\"(max-width: 1024px) 100vw, 1024px\" \/><\/p>\n<p style=\"text-align: center\"><em>Un ejemplo de cronograma de proyecto realizado con <strong><a href=\"\/es\/gestion-de-proyectos\/nuestra-opinion-de-monday-com-para-la-gestion-empresarial\/\">Monday.com<\/a><\/strong><\/em><\/p>\n<h2><a name=\"_Toc133314193\"><\/a>\u00bfC\u00f3mo fijar un buen cronograma de gesti\u00f3n de proyectos?<\/h2>\n<p>En primer lugar, debes <strong>involucrar a tus equipos de trabajo: su participaci\u00f3n es fundamental <\/strong>en el desarrollo del cronograma del proyecto. Todos los miembros del equipo deben participar para garantizar que se integran todas las tareas necesarias y que los plazos para realizarlas son realistas. Involucrar al equipo es una oportunidad para fomentar la colaboraci\u00f3n y la implicaci\u00f3n de todos en el proyecto.<\/p>\n<p>No por mucho correr amanece m\u00e1s temprano. Los plazos deben ser realistas y adecuados para que el proyecto sea viable. <strong>Evita los plazos demasiado ajustados, ya que pueden causar un estr\u00e9s innecesario<\/strong> a los miembros del equipo y demoras en la entrega del proyecto. Ten en cuenta los recursos necesarios para cada tarea y la duraci\u00f3n \u00f3ptima para completarla correctamente. Si los plazos ajustados son inevitables, aseg\u00farate de comunicar con claridad las expectativas y los riesgos que conlleva al equipo y a las partes involucradas.<\/p>\n<p><strong>Tu cronograma debe actualizarse cada poco para reflejar el estado actual del proyecto<\/strong>. As\u00ed se garantiza que todas las tareas se completan a tiempo, que los recursos est\u00e1n disponibles y que se tienen en cuenta las dependencias. Las actualizaciones peri\u00f3dicas del cronograma tambi\u00e9n ayudan a controlar el progreso del proyecto y tomar medidas correctivas si es necesario.<\/p>\n<p>Finalmente, recuerda que la comunicaci\u00f3n es un pilar esencial de la gesti\u00f3n de proyectos. <strong>El cronograma debe compartirse con el equipo y las partes involucradas<\/strong> para que puedan realizar un seguimiento del progreso del proyecto. Al comunicarte regularmente con los miembros del equipo, los clientes y los dem\u00e1s actores, tambi\u00e9n puedes solucionar posibles problemas, responder preguntas y ponerlos al d\u00eda sobre los cambios o ajustes necesarios.<\/p>\n<p class=\"bloc-tips\"><i class=\"fa fa-book\"><\/i>Para hacer el mejor uso de su cronograma de gesti\u00f3n de proyectos, descubre <a href=\"\/es\/gestion-de-proyectos\/ciclo-vida-proyecto\/\">las 5 fases clave del ciclo de vida de un proyecto<\/a>.<\/p>\n<h2><a name=\"_Toc133314194\"><\/a>Cronograma de gesti\u00f3n de proyectos: preguntas frecuentes<\/h2>\n<h3>\u00bfQu\u00e9 es un cronograma de gesti\u00f3n de proyectos?<\/h3>\n<p>Es un calendario de trabajo que te permite planificar y organizar las tareas, plazos, recursos y dependencias de un proyecto.<\/p>\n<h3>\u00bfCu\u00e1l es su funci\u00f3n?<\/h3>\n<p>Su funci\u00f3n es ayudar a los equipos a gestionar con eficacia un proyecto mediante la planificaci\u00f3n de las tareas que hay que realizar, los recursos necesarios, los plazos a cumplir y las relaciones de dependencia entre tareas que se deben en cuenta. Tambi\u00e9n permite seguir el progreso del proyecto y tomar medidas correctivas si es necesario.<\/p>\n<h3>\u00bfCu\u00e1l es su contenido?<\/h3>\n<p>El contenido de un cronograma de gesti\u00f3n de proyectos incluye la duraci\u00f3n de las diferentes tareas que hay que realizar con su respectiva duraci\u00f3n, los recursos necesarios para cada tarea, los plazos que se deben respetar, las dependencias entre las diferentes tareas y los hitos importantes del proyecto.<\/p>\n<h3>\u00bfC\u00f3mo se representa?<\/h3>\n<p>La representaci\u00f3n de un cronograma de proyecto debe ser lo m\u00e1s visual posible. Lo m\u00e1s habitual es usar un gr\u00e1fico con el formato de diagrama de Gantt, aunque hay otras opciones como tablas que tambi\u00e9n se usan con frecuencia.<\/p>\n<h3>\u00bfC\u00f3mo utilizar bien un calendario de gesti\u00f3n de proyectos?<\/h3>\n<p>Para usar un cronograma de manera efectiva en la gesti\u00f3n de proyectos, es importante involucrar al equipo, establecer plazos realistas, actualizar el cronograma con regularidad y comunicarse con el equipo y las partes involucradas.<\/p>\n<h3>\u00bfC\u00f3mo se actualiza un cronograma de gesti\u00f3n de proyectos?<\/h3>\n<p>Un cronograma debe actualizarse peri\u00f3dicamente para reflejar el estado actual del proyecto. Esto se hace integrando la informaci\u00f3n sobre las tareas del proyecto, su duraci\u00f3n, los recursos y las dependencias.<\/p>\n<h3>\u00bfCu\u00e1les son los beneficios de usar un cronograma en la gesti\u00f3n de proyectos?<\/h3>\n<p>Los beneficios son muchos, incluyendo la planificaci\u00f3n eficaz de tareas, la gesti\u00f3n de recursos, el cumplimiento de los plazos, la coordinaci\u00f3n de equipos, la reducci\u00f3n de retrasos, la optimizaci\u00f3n de procesos y la mejora de la comunicaci\u00f3n.<\/p>\n<h3>\u00bfQu\u00e9 riesgos puede suponer un cronograma en la gesti\u00f3n de proyectos?<\/h3>\n<p>Los principales riesgos son: plazos incumplidos, recursos insuficientes, planificaci\u00f3n inadecuada, tareas mal definidas, coordinaci\u00f3n insuficiente y comunicaci\u00f3n ineficaz. Para minimizar estos riesgos, es importante usar el calendario de trabajo de manera efectiva en la gesti\u00f3n de proyectos y llevar el seguimiento de su progreso con regularidad, corrigiendo lo que sea necesario.<\/p>\n","protected":false},"excerpt":{"rendered":"<p>La gesti\u00f3n de proyectos es una tarea compleja cuyo \u00e9xito se basa en una planificaci\u00f3n rigurosa. El cronograma de gesti\u00f3n de proyectos es una herramienta esencial para planificar y realizar un seguimiento de las tareas, los plazos, los recursos y las relaciones de interdependencia del proyecto. En este art\u00edculo, vamos a definir qu\u00e9 es un [&hellip;]<\/p>\n","protected":false},"author":5,"featured_media":3307,"parent":2598,"menu_order":0,"comment_status":"closed","ping_status":"closed","template":"","meta":{"_acf_changed":false,"om_disable_all_campaigns":false,"_genesis_hide_title":false,"_genesis_hide_breadcrumbs":false,"_genesis_hide_singular_image":false,"_genesis_hide_footer_widgets":false,"_genesis_custom_body_class":"","_genesis_custom_post_class":"","_genesis_layout":"","footnotes":""},"acf":[],"yoast_head":"<!-- This site is optimized with the Yoast SEO plugin v24.5 - https:\/\/yoast.com\/wordpress\/plugins\/seo\/ -->\n<title>El papel del cronograma en la gesti\u00f3n de proyectos - Webolto<\/title>\n<meta name=\"description\" content=\"Un cronograma de gesti\u00f3n de proyectos permite planificar las diferentes etapas, tareas y recursos para que el trabajo sea m\u00e1s eficiente.\" \/>\n<meta name=\"robots\" content=\"index, follow, max-snippet:-1, max-image-preview:large, max-video-preview:-1\" \/>\n<link rel=\"canonical\" href=\"https:\/\/www.webolto.com\/es\/gestion-de-proyectos\/cronograma-gestion-proyectos\/\" \/>\n<meta property=\"og:locale\" content=\"es_ES\" \/>\n<meta property=\"og:type\" content=\"article\" \/>\n<meta property=\"og:title\" content=\"El papel del cronograma en la gesti\u00f3n de proyectos - Webolto\" \/>\n<meta property=\"og:description\" content=\"Un cronograma de gesti\u00f3n de proyectos permite planificar las diferentes etapas, tareas y recursos para que el trabajo sea m\u00e1s eficiente.\" \/>\n<meta property=\"og:url\" content=\"https:\/\/www.webolto.com\/es\/gestion-de-proyectos\/cronograma-gestion-proyectos\/\" \/>\n<meta property=\"og:site_name\" content=\"Webolto\" \/>\n<meta property=\"og:image\" content=\"https:\/\/www.webolto.com\/es\/wp-content\/uploads\/sites\/2\/2023\/04\/gestion-proyectos-affiche-calendario.jpg\" \/>\n\t<meta property=\"og:image:width\" content=\"470\" \/>\n\t<meta property=\"og:image:height\" content=\"353\" \/>\n\t<meta property=\"og:image:type\" content=\"image\/jpeg\" \/>\n<meta name=\"twitter:card\" content=\"summary_large_image\" \/>\n<meta name=\"twitter:label1\" content=\"Tiempo de lectura\" \/>\n\t<meta name=\"twitter:data1\" content=\"8 minutos\" \/>\n<!-- \/ Yoast SEO plugin. -->","yoast_head_json":{"title":"El papel del cronograma en la gesti\u00f3n de proyectos - Webolto","description":"Un cronograma de gesti\u00f3n de proyectos permite planificar las diferentes etapas, tareas y recursos para que el trabajo sea m\u00e1s eficiente.","robots":{"index":"index","follow":"follow","max-snippet":"max-snippet:-1","max-image-preview":"max-image-preview:large","max-video-preview":"max-video-preview:-1"},"canonical":"https:\/\/www.webolto.com\/es\/gestion-de-proyectos\/cronograma-gestion-proyectos\/","og_locale":"es_ES","og_type":"article","og_title":"El papel del cronograma en la gesti\u00f3n de proyectos - Webolto","og_description":"Un cronograma de gesti\u00f3n de proyectos permite planificar las diferentes etapas, tareas y recursos para que el trabajo sea m\u00e1s eficiente.","og_url":"https:\/\/www.webolto.com\/es\/gestion-de-proyectos\/cronograma-gestion-proyectos\/","og_site_name":"Webolto","og_image":[{"width":470,"height":353,"url":"https:\/\/www.webolto.com\/es\/wp-content\/uploads\/sites\/2\/2023\/04\/gestion-proyectos-affiche-calendario.jpg","type":"image\/jpeg"}],"twitter_card":"summary_large_image","twitter_misc":{"Tiempo de lectura":"8 minutos"},"schema":{"@context":"https:\/\/schema.org","@graph":[{"@type":"WebPage","@id":"https:\/\/www.webolto.com\/es\/gestion-de-proyectos\/cronograma-gestion-proyectos\/","url":"https:\/\/www.webolto.com\/es\/gestion-de-proyectos\/cronograma-gestion-proyectos\/","name":"El papel del cronograma en la gesti\u00f3n de proyectos - Webolto","isPartOf":{"@id":"https:\/\/www.webolto.com\/es\/#website"},"primaryImageOfPage":{"@id":"https:\/\/www.webolto.com\/es\/gestion-de-proyectos\/cronograma-gestion-proyectos\/#primaryimage"},"image":{"@id":"https:\/\/www.webolto.com\/es\/gestion-de-proyectos\/cronograma-gestion-proyectos\/#primaryimage"},"thumbnailUrl":"https:\/\/www.webolto.com\/es\/wp-content\/uploads\/sites\/2\/2023\/04\/gestion-proyectos-affiche-calendario.jpg","datePublished":"2023-04-25T09:55:14+00:00","description":"Un cronograma de gesti\u00f3n de proyectos permite planificar las diferentes etapas, tareas y recursos para que el trabajo sea m\u00e1s eficiente.","breadcrumb":{"@id":"https:\/\/www.webolto.com\/es\/gestion-de-proyectos\/cronograma-gestion-proyectos\/#breadcrumb"},"inLanguage":"es","potentialAction":[{"@type":"ReadAction","target":["https:\/\/www.webolto.com\/es\/gestion-de-proyectos\/cronograma-gestion-proyectos\/"]}]},{"@type":"ImageObject","inLanguage":"es","@id":"https:\/\/www.webolto.com\/es\/gestion-de-proyectos\/cronograma-gestion-proyectos\/#primaryimage","url":"https:\/\/www.webolto.com\/es\/wp-content\/uploads\/sites\/2\/2023\/04\/gestion-proyectos-affiche-calendario.jpg","contentUrl":"https:\/\/www.webolto.com\/es\/wp-content\/uploads\/sites\/2\/2023\/04\/gestion-proyectos-affiche-calendario.jpg","width":470,"height":353},{"@type":"BreadcrumbList","@id":"https:\/\/www.webolto.com\/es\/gestion-de-proyectos\/cronograma-gestion-proyectos\/#breadcrumb","itemListElement":[{"@type":"ListItem","position":1,"name":"Home","item":"https:\/\/www.webolto.com\/es\/"},{"@type":"ListItem","position":2,"name":"Gu\u00eda completa de gesti\u00f3n de proyectos: definici\u00f3n, m\u00e9todos, herramientas y etapas","item":"https:\/\/www.webolto.com\/es\/gestion-de-proyectos\/"},{"@type":"ListItem","position":3,"name":"El papel estructural del cronograma en la gesti\u00f3n de proyectos"}]},{"@type":"WebSite","@id":"https:\/\/www.webolto.com\/es\/#website","url":"https:\/\/www.webolto.com\/es\/","name":"Webolto","description":"Centro de recursos para creadores de sitios web","publisher":{"@id":"https:\/\/www.webolto.com\/es\/#organization"},"potentialAction":[{"@type":"SearchAction","target":{"@type":"EntryPoint","urlTemplate":"https:\/\/www.webolto.com\/es\/?s={search_term_string}"},"query-input":{"@type":"PropertyValueSpecification","valueRequired":true,"valueName":"search_term_string"}}],"inLanguage":"es"},{"@type":"Organization","@id":"https:\/\/www.webolto.com\/es\/#organization","name":"Webolto","url":"https:\/\/www.webolto.com\/es\/","logo":{"@type":"ImageObject","inLanguage":"es","@id":"https:\/\/www.webolto.com\/es\/#\/schema\/logo\/image\/","url":"https:\/\/www.webolto.com\/es\/wp-content\/uploads\/sites\/2\/2020\/05\/header-logo.png","contentUrl":"https:\/\/www.webolto.com\/es\/wp-content\/uploads\/sites\/2\/2020\/05\/header-logo.png","width":3237,"height":667,"caption":"Webolto"},"image":{"@id":"https:\/\/www.webolto.com\/es\/#\/schema\/logo\/image\/"}}]}},"featured_image_src":"https:\/\/www.webolto.com\/es\/wp-content\/uploads\/sites\/2\/2023\/04\/gestion-proyectos-affiche-calendario.jpg","featured_image_src_square":"https:\/\/www.webolto.com\/es\/wp-content\/uploads\/sites\/2\/2023\/04\/gestion-proyectos-affiche-calendario.jpg","_links":{"self":[{"href":"https:\/\/www.webolto.com\/es\/wp-json\/wp\/v2\/pages\/3305"}],"collection":[{"href":"https:\/\/www.webolto.com\/es\/wp-json\/wp\/v2\/pages"}],"about":[{"href":"https:\/\/www.webolto.com\/es\/wp-json\/wp\/v2\/types\/page"}],"author":[{"embeddable":true,"href":"https:\/\/www.webolto.com\/es\/wp-json\/wp\/v2\/users\/5"}],"replies":[{"embeddable":true,"href":"https:\/\/www.webolto.com\/es\/wp-json\/wp\/v2\/comments?post=3305"}],"version-history":[{"count":0,"href":"https:\/\/www.webolto.com\/es\/wp-json\/wp\/v2\/pages\/3305\/revisions"}],"up":[{"embeddable":true,"href":"https:\/\/www.webolto.com\/es\/wp-json\/wp\/v2\/pages\/2598"}],"wp:featuredmedia":[{"embeddable":true,"href":"https:\/\/www.webolto.com\/es\/wp-json\/wp\/v2\/media\/3307"}],"wp:attachment":[{"href":"https:\/\/www.webolto.com\/es\/wp-json\/wp\/v2\/media?parent=3305"}],"curies":[{"name":"wp","href":"https:\/\/api.w.org\/{rel}","templated":true}]}}