{"id":3230,"date":"2023-04-05T12:08:15","date_gmt":"2023-04-05T13:08:15","guid":{"rendered":"https:\/\/www.webolto.com\/es\/?page_id=3230"},"modified":"2023-04-06T12:11:53","modified_gmt":"2023-04-06T13:11:53","slug":"ciclo-vida-proyecto","status":"publish","type":"page","link":"https:\/\/www.webolto.com\/es\/gestion-de-proyectos\/ciclo-vida-proyecto\/","title":{"rendered":"Las 5 fases clave del ciclo de vida de un proyecto"},"content":{"rendered":"<p>Cada proyecto sigue una trayectoria espec\u00edfica, que se puede dividir en diferentes fases clave: esto es lo que se conoce como ciclo de vida de un proyecto. Comprender estas fases de un proyecto es fundamental para su \u00e9xito, ya que te permite planificar, organizar y controlar mejor las diferentes tareas.<\/p>\n<p>En este art\u00edculo, vamos a explorar las cinco fases clave del ciclo de vida de un proyecto. Analizaremos qu\u00e9 sucede en cada etapa, para ayudarte a entender mejor c\u00f3mo llevar a cabo una <a href=\"\/es\/gestion-de-proyectos\/\">gesti\u00f3n de proyectos<\/a> eficaz.<\/p>\n<div class=\"bloc-tips\">\n<p><i class=\"fa fa-book\"><\/i><span class=\"title is-5\">\u00cdndice<\/span><\/p>\n<ul class=\"icon-chevron\" style=\"margin-bottom: 0px\">\n<li><a href=\"#_Toc131682636\">Ciclo de vida de un proyecto: \u00bfa qu\u00e9 nos referimos? [Definici\u00f3n]<\/a><\/li>\n<li><a href=\"#_Toc131682637\">Fase 1: Dise\u00f1o del proyecto<\/a><\/li>\n<li><a href=\"#_Toc131682638\">Fase 2: Planificaci\u00f3n del proyecto<\/a><\/li>\n<li><a href=\"#_Toc131682639\">Fase 3: Ejecuci\u00f3n del proyecto<\/a><\/li>\n<li><a href=\"#_Toc131682640\">Fase 4: Seguimiento y control<\/a><\/li>\n<li><a href=\"#_Toc131682641\">Fase 5: Cierre<\/a><\/li>\n<li><a href=\"#_Toc131682642\">Ciclo de vida de un proyecto: glosario<\/a><\/li>\n<\/ul>\n<\/div>\n<h2><a name=\"_Toc131682636\"><\/a>Ciclo de vida de un proyecto: \u00bfa qu\u00e9 nos referimos? [Definici\u00f3n]<\/h2>\n<p>El ciclo de vida de un proyecto es la serie de etapas o fases cronol\u00f3gicas por las que pasa un proyecto desde su inicio hasta su cierre. Estas etapas se suelen definir seg\u00fan los objetivos y resultados esperados en cada fase del proyecto.<\/p>\n<p><img loading=\"lazy\" decoding=\"async\" class=\"aligncenter wp-image-3231 size-full\" src=\"\/es\/wp-content\/uploads\/sites\/2\/2023\/04\/cycle-vie-projet.jpg\" alt=\"Fases del ciclo de vida de un proyecto\" width=\"768\" height=\"493\" srcset=\"https:\/\/www.webolto.com\/es\/wp-content\/uploads\/sites\/2\/2023\/04\/cycle-vie-projet.jpg 768w, https:\/\/www.webolto.com\/es\/wp-content\/uploads\/sites\/2\/2023\/04\/cycle-vie-projet-300x193.jpg 300w\" sizes=\"(max-width: 768px) 100vw, 768px\" \/><\/p>\n<p>Hay varios modelos de ciclo de vida de un proyecto, pero la mayor\u00eda incluye las siguientes etapas:<\/p>\n<ol>\n<li><strong>Dise\u00f1o<\/strong> del proyecto: corresponde con la identificaci\u00f3n de las necesidades y objetivos del proyecto, la definici\u00f3n del alcance del proyecto y el desarrollo de un plan inicial de desarrollo.<\/li>\n<li><strong>Planificaci\u00f3n<\/strong>: esta fase consiste en desarrollar un plan de proyecto detallado que identifica las tareas que se deben realizar, los recursos requeridos, los plazos y los costes estimados.<\/li>\n<li><strong>Ejecuci\u00f3n<\/strong>: implementaci\u00f3n del plan del proyecto ejecutando las tareas se\u00f1aladas en la fase de planificaci\u00f3n.<\/li>\n<li><strong>Seguimiento y control<\/strong> de resultados del proyecto, realizando ajustes si es necesario. Esta fase tambi\u00e9n tiene el objetivo de garantizar la satisfacci\u00f3n de todas las partes involucradas en el proyecto.<\/li>\n<li><strong>Cierre<\/strong> del proyecto: es decir, la conclusi\u00f3n del proyecto, la finalizaci\u00f3n de todas las tareas, la verificaci\u00f3n de resultados y el cierre administrativo del proyecto.<\/li>\n<\/ol>\n<p class=\"bloc-tips\"><i class=\"fa fa-book\"><\/i>Descubre los diferentes <a href=\"\/es\/gestion-de-proyectos\/gestion-proyectos-web\/\">m\u00e9todos de gesti\u00f3n de proyectos<\/a> y nuestros consejos para adaptarlos a tu empresa. El art\u00edculo enlazado se centra en un proyecto web, pero la metodolog\u00eda se puede aplicar a otros tipos de proyectos tambi\u00e9n.<\/p>\n<h2><a name=\"_Toc131682637\"><\/a>Fase 1: Dise\u00f1o del proyecto<\/h2>\n<p>Esta fase consiste en definir los objetivos y especificaciones del proyecto, formar equipos, establecer presupuestos y plazos y asignar recursos. Los pasos principales de esta fase incluyen:<\/p>\n<ul>\n<li>Estudio de <strong>viabilidad<\/strong>: este paso supone una evaluaci\u00f3n de las diferentes opciones y recursos disponibles para sacar adelante el proyecto. Consiste en determinar si el proyecto es factible y rentable, y tomar una decisi\u00f3n fundamentada sobre si\/c\u00f3mo llevarlo a cabo.<\/li>\n<li>Definici\u00f3n de <strong>objetivos<\/strong> y especificaciones: Este paso consiste en identificar los objetivos del proyecto, los resultados esperados y los criterios que determinar\u00e1n su \u00e9xito. Tambi\u00e9n se utiliza para definir las especificaciones del proyecto, como las caracter\u00edsticas, el rendimiento, los est\u00e1ndares de calidad, los plazos y los costos.<\/li>\n<li>Evaluaci\u00f3n de <strong>riesgos<\/strong>: consiste en identificar los riesgos potenciales del proyecto, evaluar la probabilidad de que se produzcan y su impacto, as\u00ed como desarrollar estrategias para gestionarlos o evitarlos.<\/li>\n<li>Identificaci\u00f3n de las <strong>partes implicadas o <em>stakehoders<\/em><\/strong>: un proyecto tiene diferentes personas y equipos que van a participar de distintas formas en \u00e9l (p.\u00a0ej.: clientes, usuarios, patrocinadores, proveedores, direcci\u00f3n de la empresa, miembros del equipo). Lejos de dar esto por sentado, es necesario tomarse un tiempo para identificarlas, definir sus necesidades y expectativas espec\u00edficas, y la atribuci\u00f3n de roles y responsabilidades individuales.<\/li>\n<li><strong>Formaci\u00f3n<\/strong> de los equipos: consiste en seleccionar y capacitar a los miembros del equipo que trabajar\u00e1n en el proyecto. Esto incluye la organizaci\u00f3n de funciones y responsabilidades, la planificaci\u00f3n de las habilidades y los recursos necesarios y la implantaci\u00f3n de planes de comunicaci\u00f3n y colaboraci\u00f3n.<\/li>\n<\/ul>\n<h2><a name=\"_Toc131682638\"><\/a>Fase 2: Planificaci\u00f3n del proyecto<\/h2>\n<p>La planificaci\u00f3n del proyecto implica desarrollar una metodolog\u00eda de trabajo detallada, identificar los recursos necesarios para cada paso, establecer plazos y planificar los costes. Para gestionar el proyecto, necesitas:<\/p>\n<ul>\n<li>Definir el plan de trabajo, lo que implica gestionar las actividades, tareas y entregables necesarios para completar el proyecto. Se utiliza para determinar el orden l\u00f3gico de los pasos, las relaciones de interdependencia entre las tareas y la duraci\u00f3n estimada de cada una de ellas.<\/li>\n<li>Estimar el presupuesto asociado con cada etapa del proyecto, incluyendo los costes de recursos humanos, suministros, equipos y servicios externos. Esto ayuda a determinar el presupuesto general del proyecto y desarrollar estrategias para gestionar los costos.<\/li>\n<li>Planificar los cronogramas, es decir, identificar las fechas de inicio y finalizaci\u00f3n para cada etapa del proyecto, as\u00ed como las fechas en las que deben estar listos los entregables y la fecha de finalizaci\u00f3n del proyecto.<\/li>\n<li>Identificar los riesgos potenciales del proyecto y evaluar su probabilidad e impacto, lo que permitir\u00e1 desarrollar estrategias para sortearlos.<\/li>\n<li>Planificar los recursos necesarios para cada etapa del proyecto<\/li>\n<\/ul>\n<h2><a name=\"_Toc131682639\"><\/a>Fase 3: Ejecuci\u00f3n del proyecto<\/h2>\n<p>La fase de ejecuci\u00f3n de un proyecto es el per\u00edodo durante el que se llevan a cabo los procesos y tareas previstas en la fase anterior (planificaci\u00f3n). Esta fase \u00abnuclear\u00bb suele ser la m\u00e1s larga e intensa del ciclo de vida de un proyecto. El hito que marca su inicio es el <strong>lanzamiento oficial del proyecto<\/strong>, con la distribuci\u00f3n de informaci\u00f3n clara \u2014y ya definida\u2014 a todas las partes implicadas sobre los objetivos, los entregables, el cronograma y las funciones y responsabilidades de cada uno.<\/p>\n<h2><a name=\"_Toc131682640\"><\/a>Fase 4: Seguimiento y control<\/h2>\n<p>Durante y despu\u00e9s de la fase de ejecuci\u00f3n, se eval\u00faan los resultados del trabajo para asegurar que los entregables respondan a las expectativas de las partes implicadas y que se hayan alcanzado los objetivos del proyecto. Esto implica llevar un seguimiento de los plazos, el presupuesto, la calidad y la satisfacci\u00f3n de los <em>stakeholders<\/em>.<\/p>\n<p>Las principales tareas de esta fase de seguimiento y control son:<\/p>\n<ul>\n<li>Seguimiento de plazos y costes: seguimiento del avance del proyecto en relaci\u00f3n a los plazos y presupuestos establecidos.<\/li>\n<li>Control de calidad: asegurar que el proyecto cumple con los est\u00e1ndares de calidad exigidos.<\/li>\n<li>Gesti\u00f3n de riesgos: seguimiento y gesti\u00f3n de los riesgos potenciales que puedan afectar al proyecto.<\/li>\n<li>Comunicaci\u00f3n con los stakeholders: informar a los distintos actores del proyecto del estado de avance y asegurar su satisfacci\u00f3n.<\/li>\n<\/ul>\n<p>En este art\u00edculo, presentamos esta fase despu\u00e9s de la ejecuci\u00f3n, para diferenciar ambos procesos. No obstante, tambi\u00e9n se pueden establecer ciclos de seguimiento y control intermedio del proyecto mientras se est\u00e1 ejecutando. Esto es particularmente frecuente cuando se usa una <a href=\"\/es\/gestion-de-proyectos\/metodo-scrum-agile\/\">metodolog\u00eda \u00e1gil como Scrum<\/a>, y permite corregir lo que no est\u00e9 funcionando antes de que sea demasiado tarde.<\/p>\n<h2><a name=\"_Toc131682641\"><\/a>Fase 5: Cierre<\/h2>\n<p>La fase de cierre marca el final del proyecto. Este paso es crucial porque sirve para asegurarse de que todas las tareas se han completado y el proyecto se considera completo. Las principales tareas de esta fase son:<\/p>\n<ul>\n<li>Verificaci\u00f3n de la finalizaci\u00f3n de cada tarea: garantizar que todas las tareas se hayan completado seg\u00fan el plan del proyecto.<\/li>\n<li>Evaluaci\u00f3n de resultados: evaluar los resultados del proyecto en relaci\u00f3n con los objetivos iniciales.<\/li>\n<li>Documentaci\u00f3n: recopilar y archivar toda la informaci\u00f3n relativa al proyecto.<\/li>\n<li>Retornos y aprendizaje: extraer lecciones del proyecto, identificar buenas pr\u00e1cticas y aspectos mejorables para futuros proyectos.<\/li>\n<li>Cierre administrativo: cierre de cuentas y cierre de contratos con proveedores y dem\u00e1s partes involucradas.<\/li>\n<\/ul>\n<p class=\"bloc-tips\"><i class=\"fa fa-book\"><\/i>Para facilitar la gesti\u00f3n de tu proyecto, descubre nuestra comparaci\u00f3n de las <a href=\"\/es\/gestion-de-proyectos\/mejores-software-gestion-proyectos\/\">mejores herramientas de gesti\u00f3n de proyectos<\/a>.<\/p>\n<h2><a name=\"_Toc131682642\"><\/a>Ciclo de vida de un proyecto: glosario<\/h2>\n<ul>\n<li><strong>Dise\u00f1o<\/strong>: fase inicial del proyecto, durante la que el equipo establece los objetivos, las especificaciones y el plan general del proyecto.<\/li>\n<li><strong>Planificaci\u00f3n<\/strong>: fase en la que se identifican las tareas individuales del proyecto, se asignan los recursos necesarios, se establecen plazos y se desarrollan planes de contingencia.<\/li>\n<li><strong>Ejecuci\u00f3n<\/strong>: fase de implementaci\u00f3n del plan, que consiste en llevar a cabo las tareas individuales y controlar el progreso del proyecto.<\/li>\n<li><strong>Seguimiento y control<\/strong>: proceso de la gesti\u00f3n de proyectos consistente en el control del progreso por parte del equipo del proyecto, la identificaci\u00f3n las desviaciones frente al plan inicial, la evaluaci\u00f3n de riesgos y la adopci\u00f3n de medidas para remediar lo que no est\u00e9 funcionando.<\/li>\n<li><strong>Cierre<\/strong>: fase final del proyecto, durante la cual el equipo del proyecto finaliza todas las actividades restantes, eval\u00faa los resultados del proyecto y archiva los documentos del proyecto.<\/li>\n<li><strong>Entregables<\/strong>: productos tangibles o intangibles que deben entregarse como parte del proyecto.<\/li>\n<li><strong>Entregable final<\/strong>: producto final del proyecto que cumple con los requisitos y especificaciones establecidas en el marco del proyecto.<\/li>\n<li><strong>Cronograma<\/strong> : calendario que establece plazos para cada etapa del proyecto e identifica los puntos de control donde se evaluar\u00e1 el progreso del proyecto.<\/li>\n<li><strong>Presupuesto<\/strong>: costes totales estimados del proyecto, incluidos los costos de mano de obra, de suministros y equipos y los de los servicios subcontratados.<\/li>\n<li><strong>Riesgos<\/strong>: eventos imprevistos que pueden afectar a la buena marcha del proyecto y que requieren planes de contingencia para minimizar su impacto.<\/li>\n<li><strong>Partes involucradas o <em>stakeholders<\/em><\/strong>: individuos y organizaciones afectadas por los resultados del proyecto y\/o que tienen un impacto patente en \u00e9l.<\/li>\n<li><strong>Gesti\u00f3n de<\/strong> <strong><em>stakeholders<\/em><\/strong>: gesti\u00f3n de las relaciones con las partes involucradas, incluida la comunicaci\u00f3n, la negociaci\u00f3n y la resoluci\u00f3n de conflictos.<\/li>\n<li><strong>Plan de comunicaci\u00f3n<\/strong>: plan en el que se detalla la informaci\u00f3n que se comunicar\u00e1, las personas a las que se informar\u00e1 de cada aspecto y el calendario de comunicaci\u00f3n a lo largo del proyecto.<\/li>\n<li><strong>Evaluaci\u00f3n del desempe\u00f1o<\/strong>: an\u00e1lisis del progreso real del proyecto en comparaci\u00f3n con el plan del proyecto e identificaci\u00f3n de los desajustes que requieren una acci\u00f3n correctiva.<\/li>\n<li><strong>Aprendizaje organizacional<\/strong>: proceso de identificar lecciones aprendidas durante el proyecto e incorporar esas ense\u00f1anzas en proyectos futuros.<\/li>\n<\/ul>\n","protected":false},"excerpt":{"rendered":"<p>Cada proyecto sigue una trayectoria espec\u00edfica, que se puede dividir en diferentes fases clave: esto es lo que se conoce como ciclo de vida de un proyecto. Comprender estas fases de un proyecto es fundamental para su \u00e9xito, ya que te permite planificar, organizar y controlar mejor las diferentes tareas. En este art\u00edculo, vamos a [&hellip;]<\/p>\n","protected":false},"author":5,"featured_media":3232,"parent":2598,"menu_order":0,"comment_status":"closed","ping_status":"closed","template":"","meta":{"_acf_changed":false,"om_disable_all_campaigns":false,"_genesis_hide_title":false,"_genesis_hide_breadcrumbs":false,"_genesis_hide_singular_image":false,"_genesis_hide_footer_widgets":false,"_genesis_custom_body_class":"","_genesis_custom_post_class":"","_genesis_layout":"","footnotes":""},"acf":[],"yoast_head":"<!-- This site is optimized with the Yoast SEO plugin v24.5 - https:\/\/yoast.com\/wordpress\/plugins\/seo\/ -->\n<title>Las 5 fases clave del ciclo de vida de un proyecto - Webolto<\/title>\n<meta name=\"description\" content=\"Recorremos las cinco fases clave del ciclo de vida de un proyecto: dise\u00f1o, planificaci\u00f3n, ejecuci\u00f3n, seguimiento y cierre del proyecto.\" \/>\n<meta name=\"robots\" content=\"index, follow, max-snippet:-1, max-image-preview:large, max-video-preview:-1\" \/>\n<link rel=\"canonical\" href=\"https:\/\/www.webolto.com\/es\/gestion-de-proyectos\/ciclo-vida-proyecto\/\" \/>\n<meta property=\"og:locale\" content=\"es_ES\" \/>\n<meta property=\"og:type\" content=\"article\" \/>\n<meta property=\"og:title\" content=\"Las 5 fases clave del ciclo de vida de un proyecto - Webolto\" \/>\n<meta property=\"og:description\" content=\"Recorremos las cinco fases clave del ciclo de vida de un proyecto: dise\u00f1o, planificaci\u00f3n, ejecuci\u00f3n, seguimiento y cierre del proyecto.\" \/>\n<meta property=\"og:url\" content=\"https:\/\/www.webolto.com\/es\/gestion-de-proyectos\/ciclo-vida-proyecto\/\" \/>\n<meta property=\"og:site_name\" content=\"Webolto\" \/>\n<meta property=\"article:modified_time\" content=\"2023-04-06T13:11:53+00:00\" \/>\n<meta property=\"og:image\" content=\"https:\/\/www.webolto.com\/es\/wp-content\/uploads\/sites\/2\/2023\/04\/ciclo-vida-proyecto.jpg\" \/>\n\t<meta property=\"og:image:width\" content=\"470\" \/>\n\t<meta property=\"og:image:height\" content=\"353\" \/>\n\t<meta property=\"og:image:type\" content=\"image\/jpeg\" \/>\n<meta name=\"twitter:card\" content=\"summary_large_image\" \/>\n<meta name=\"twitter:label1\" content=\"Tiempo de lectura\" \/>\n\t<meta name=\"twitter:data1\" content=\"8 minutos\" \/>\n<!-- \/ Yoast SEO plugin. -->","yoast_head_json":{"title":"Las 5 fases clave del ciclo de vida de un proyecto - Webolto","description":"Recorremos las cinco fases clave del ciclo de vida de un proyecto: dise\u00f1o, planificaci\u00f3n, ejecuci\u00f3n, seguimiento y cierre del proyecto.","robots":{"index":"index","follow":"follow","max-snippet":"max-snippet:-1","max-image-preview":"max-image-preview:large","max-video-preview":"max-video-preview:-1"},"canonical":"https:\/\/www.webolto.com\/es\/gestion-de-proyectos\/ciclo-vida-proyecto\/","og_locale":"es_ES","og_type":"article","og_title":"Las 5 fases clave del ciclo de vida de un proyecto - Webolto","og_description":"Recorremos las cinco fases clave del ciclo de vida de un proyecto: dise\u00f1o, planificaci\u00f3n, ejecuci\u00f3n, seguimiento y cierre del proyecto.","og_url":"https:\/\/www.webolto.com\/es\/gestion-de-proyectos\/ciclo-vida-proyecto\/","og_site_name":"Webolto","article_modified_time":"2023-04-06T13:11:53+00:00","og_image":[{"width":470,"height":353,"url":"https:\/\/www.webolto.com\/es\/wp-content\/uploads\/sites\/2\/2023\/04\/ciclo-vida-proyecto.jpg","type":"image\/jpeg"}],"twitter_card":"summary_large_image","twitter_misc":{"Tiempo de lectura":"8 minutos"},"schema":{"@context":"https:\/\/schema.org","@graph":[{"@type":"WebPage","@id":"https:\/\/www.webolto.com\/es\/gestion-de-proyectos\/ciclo-vida-proyecto\/","url":"https:\/\/www.webolto.com\/es\/gestion-de-proyectos\/ciclo-vida-proyecto\/","name":"Las 5 fases clave del ciclo de vida de un proyecto - Webolto","isPartOf":{"@id":"https:\/\/www.webolto.com\/es\/#website"},"primaryImageOfPage":{"@id":"https:\/\/www.webolto.com\/es\/gestion-de-proyectos\/ciclo-vida-proyecto\/#primaryimage"},"image":{"@id":"https:\/\/www.webolto.com\/es\/gestion-de-proyectos\/ciclo-vida-proyecto\/#primaryimage"},"thumbnailUrl":"https:\/\/www.webolto.com\/es\/wp-content\/uploads\/sites\/2\/2023\/04\/ciclo-vida-proyecto.jpg","datePublished":"2023-04-05T13:08:15+00:00","dateModified":"2023-04-06T13:11:53+00:00","description":"Recorremos las cinco fases clave del ciclo de vida de un proyecto: dise\u00f1o, planificaci\u00f3n, ejecuci\u00f3n, seguimiento y cierre del proyecto.","breadcrumb":{"@id":"https:\/\/www.webolto.com\/es\/gestion-de-proyectos\/ciclo-vida-proyecto\/#breadcrumb"},"inLanguage":"es","potentialAction":[{"@type":"ReadAction","target":["https:\/\/www.webolto.com\/es\/gestion-de-proyectos\/ciclo-vida-proyecto\/"]}]},{"@type":"ImageObject","inLanguage":"es","@id":"https:\/\/www.webolto.com\/es\/gestion-de-proyectos\/ciclo-vida-proyecto\/#primaryimage","url":"https:\/\/www.webolto.com\/es\/wp-content\/uploads\/sites\/2\/2023\/04\/ciclo-vida-proyecto.jpg","contentUrl":"https:\/\/www.webolto.com\/es\/wp-content\/uploads\/sites\/2\/2023\/04\/ciclo-vida-proyecto.jpg","width":470,"height":353},{"@type":"BreadcrumbList","@id":"https:\/\/www.webolto.com\/es\/gestion-de-proyectos\/ciclo-vida-proyecto\/#breadcrumb","itemListElement":[{"@type":"ListItem","position":1,"name":"Home","item":"https:\/\/www.webolto.com\/es\/"},{"@type":"ListItem","position":2,"name":"Gu\u00eda completa de gesti\u00f3n de proyectos: definici\u00f3n, m\u00e9todos, herramientas y etapas","item":"https:\/\/www.webolto.com\/es\/gestion-de-proyectos\/"},{"@type":"ListItem","position":3,"name":"Las 5 fases clave del ciclo de vida de un proyecto"}]},{"@type":"WebSite","@id":"https:\/\/www.webolto.com\/es\/#website","url":"https:\/\/www.webolto.com\/es\/","name":"Webolto","description":"Centro de recursos para creadores de sitios web","publisher":{"@id":"https:\/\/www.webolto.com\/es\/#organization"},"potentialAction":[{"@type":"SearchAction","target":{"@type":"EntryPoint","urlTemplate":"https:\/\/www.webolto.com\/es\/?s={search_term_string}"},"query-input":{"@type":"PropertyValueSpecification","valueRequired":true,"valueName":"search_term_string"}}],"inLanguage":"es"},{"@type":"Organization","@id":"https:\/\/www.webolto.com\/es\/#organization","name":"Webolto","url":"https:\/\/www.webolto.com\/es\/","logo":{"@type":"ImageObject","inLanguage":"es","@id":"https:\/\/www.webolto.com\/es\/#\/schema\/logo\/image\/","url":"https:\/\/www.webolto.com\/es\/wp-content\/uploads\/sites\/2\/2020\/05\/header-logo.png","contentUrl":"https:\/\/www.webolto.com\/es\/wp-content\/uploads\/sites\/2\/2020\/05\/header-logo.png","width":3237,"height":667,"caption":"Webolto"},"image":{"@id":"https:\/\/www.webolto.com\/es\/#\/schema\/logo\/image\/"}}]}},"featured_image_src":"https:\/\/www.webolto.com\/es\/wp-content\/uploads\/sites\/2\/2023\/04\/ciclo-vida-proyecto.jpg","featured_image_src_square":"https:\/\/www.webolto.com\/es\/wp-content\/uploads\/sites\/2\/2023\/04\/ciclo-vida-proyecto.jpg","_links":{"self":[{"href":"https:\/\/www.webolto.com\/es\/wp-json\/wp\/v2\/pages\/3230"}],"collection":[{"href":"https:\/\/www.webolto.com\/es\/wp-json\/wp\/v2\/pages"}],"about":[{"href":"https:\/\/www.webolto.com\/es\/wp-json\/wp\/v2\/types\/page"}],"author":[{"embeddable":true,"href":"https:\/\/www.webolto.com\/es\/wp-json\/wp\/v2\/users\/5"}],"replies":[{"embeddable":true,"href":"https:\/\/www.webolto.com\/es\/wp-json\/wp\/v2\/comments?post=3230"}],"version-history":[{"count":0,"href":"https:\/\/www.webolto.com\/es\/wp-json\/wp\/v2\/pages\/3230\/revisions"}],"up":[{"embeddable":true,"href":"https:\/\/www.webolto.com\/es\/wp-json\/wp\/v2\/pages\/2598"}],"wp:featuredmedia":[{"embeddable":true,"href":"https:\/\/www.webolto.com\/es\/wp-json\/wp\/v2\/media\/3232"}],"wp:attachment":[{"href":"https:\/\/www.webolto.com\/es\/wp-json\/wp\/v2\/media?parent=3230"}],"curies":[{"name":"wp","href":"https:\/\/api.w.org\/{rel}","templated":true}]}}