{"id":3211,"date":"2023-03-21T09:34:35","date_gmt":"2023-03-21T10:34:35","guid":{"rendered":"https:\/\/www.webolto.com\/es\/?page_id=3211"},"modified":"2023-03-21T09:37:47","modified_gmt":"2023-03-21T10:37:47","slug":"plan-de-crm","status":"publish","type":"page","link":"https:\/\/www.webolto.com\/es\/crm\/plan-de-crm\/","title":{"rendered":"Plan de CRM: c\u00f3mo redactar las especificaciones de tu proyecto"},"content":{"rendered":"<p>Un plan de CRM (Customer Relationship Management) es un un documento esencial que incluye las especificaciones para implantar la herramienta de gesti\u00f3n de las relaciones con los clientes de tu empresa. Te permite concretar los objetivos, funcionalidades y especificaciones t\u00e9cnicas de tu futura herramienta de CRM, seg\u00fan tus necesidades y las de tu empresa. De esta forma, si solicitar presupuestos para integrar un CRM a distintos proveedores, podr\u00e1s definir con claridad qu\u00e9 requisitos tiene tu proyecto.<\/p>\n<p>Redactar un plan de CRM requiere una reflexi\u00f3n cuidadosa sobre tus objetivos comerciales y c\u00f3mo deseas interactuar con tus clientes. Este art\u00edculo te detallar\u00e1 por qu\u00e9 es importante escribir especificaciones de CRM y c\u00f3mo hacerlo de manera efectiva.<\/p>\n<div class=\"bloc-tips\">\n<p><i class=\"fa fa-book\"><\/i><span class=\"title is-5\">\u00cdndice<\/span><\/p>\n<ul class=\"icon-chevron\" style=\"margin-bottom: 0px\">\n<li><a href=\"#_Toc130289590\">Por qu\u00e9 es buena idea redactar un plan de CRM<\/a><\/li>\n<li><a href=\"#_Toc130289591\">\u00bfQu\u00e9 debe contener el pliego de especificaciones de un CRM?<\/a><\/li>\n<li><a href=\"#_Toc130289592\">Tres consejos para que tu plan de CRM sea exitoso<\/a><\/li>\n<\/ul>\n<\/div>\n<p>&nbsp;<\/p>\n<h2><a name=\"_Toc130289590\"><\/a>Por qu\u00e9 es buena idea redactar un plan de CRM<\/h2>\n<p>Puede parecer una p\u00e9rdida de tiempo ponerse a trabajar cuando ya vas a asumir un coste con un proveedor externo. Pero se trata de una inversi\u00f3n a largo plazo.<\/p>\n<p>Las especificaciones recogidas en un plan de CRM definen las necesidades, expectativas y objetivos de una empresa en su b\u00fasqueda de una plataforma tecnol\u00f3gica para apoyar su gesti\u00f3n de relaciones con los clientes. Se trata de un documento particularmente frecuente en el contexto de licitaciones, dirigido a los fabricantes de software, para encontrar un software de CRM adaptado a tu empresa.<\/p>\n<p><img loading=\"lazy\" decoding=\"async\" class=\"aligncenter wp-image-2908 size-large\" src=\"\/es\/wp-content\/uploads\/sites\/2\/2022\/12\/definicion-crm-ejemplo-zendesk-1024x675.png\" alt=\"Interfaz de CRM de Zendesk\" width=\"1024\" height=\"675\" srcset=\"https:\/\/www.webolto.com\/es\/wp-content\/uploads\/sites\/2\/2022\/12\/definicion-crm-ejemplo-zendesk-1024x675.png 1024w, https:\/\/www.webolto.com\/es\/wp-content\/uploads\/sites\/2\/2022\/12\/definicion-crm-ejemplo-zendesk-300x198.png 300w, https:\/\/www.webolto.com\/es\/wp-content\/uploads\/sites\/2\/2022\/12\/definicion-crm-ejemplo-zendesk-768x506.png 768w, https:\/\/www.webolto.com\/es\/wp-content\/uploads\/sites\/2\/2022\/12\/definicion-crm-ejemplo-zendesk.png 1198w\" sizes=\"(max-width: 1024px) 100vw, 1024px\" \/><\/p>\n<p style=\"text-align: center\"><em>Interfaz de CRM de Zendesk<\/em><\/p>\n<p>En pocas palabras, el plan de especificaciones de un CRM tiene como objetivos:<\/p>\n<ul>\n<li>Contextualizar el <strong><a href=\"\/es\/crm\/proyecto-crm-implementacion\/\">proyecto de CRM<\/a><\/strong> en el marco de la empresa, su sector de actividad y sus ambiciones.<\/li>\n<li>Estructurar las necesidades de la empresa en t\u00e9rminos de CRM.<\/li>\n<li>Identificar las necesidades espec\u00edficas que necesitas cubrir con tu CRM y, por tanto, las principales funcionalidades que tendr\u00e1 que ofrecer la herramienta que elijas.<\/li>\n<li>Asegurarte de tener objetivos y una visi\u00f3n del proyecto compartida por todos los equipos utilizar\u00e1n la soluci\u00f3n de CRM implementada.<\/li>\n<\/ul>\n<h2><a name=\"_Toc130289591\"><\/a>\u00bfQu\u00e9 debe contener el pliego de especificaciones de un CRM?<\/h2>\n<p>El plan de especificaciones de un CRM tiene una extensi\u00f3n variable, normalmente entre 10 y 15 p\u00e1ginas. Est\u00e1 estructurado y compuesto por diferentes partes que permiten presentar la empresa, las necesidades del CRM y los detalles m\u00e1s t\u00e9cnicos del proyecto como el presupuesto y el n\u00famero de usuarios.<\/p>\n<p>A continuaci\u00f3n, desgranamos las diferentes partes que deben contener sus especificaciones.<\/p>\n<h3>Presentaci\u00f3n de la empresa, su contexto (organizaci\u00f3n, sistema de informaci\u00f3n) y objetivos<\/h3>\n<p>En esta primera parte, debes describir tu organizaci\u00f3n y su funcionamiento para ayudar al experto o al editor de software consultado a comprender mejor el contexto de su negocio y sus necesidades. Para ello, puedes apoyarte en las siguientes preguntas:<\/p>\n<ul>\n<li>\u00bfCu\u00e1l es el tama\u00f1o de tu empresa?<\/li>\n<li>\u00bfC\u00f3mo se organiza tu empresa, cu\u00e1les son los principales departamentos que necesitar\u00e1n una herramienta de CRM (ventas, marketing, atenci\u00f3n al cliente, etc.)?<\/li>\n<li>\u00bfC\u00f3mo se realiza la venta de productos o servicios?, \u00bfqu\u00e9 canales predominan?<\/li>\n<li>\u00bfCu\u00e1ntas personas realizan acciones relacionadas con CRM dentro de tu empresa?<\/li>\n<li>\u00bfLos empleados asumen las acciones de CRM de manera interna o est\u00e1n subcontratadas a un proveedor de servicios?<\/li>\n<li>\u00bfQui\u00e9nes son los clientes de la empresa?, \u00bfopera preferentemente en el sector B2B o B2C?<\/li>\n<li>\u00bfCu\u00e1l es el sector de actividad de la empresa?<\/li>\n<li>\u00bfYa existen acciones de gesti\u00f3n de relaciones con los clientes dentro de la empresa? En caso afirmativo, \u00bfcu\u00e1les?<\/li>\n<li>\u00bfCu\u00e1les son tus objetivos de CRM? \u00bfTienes alguna expectativa espec\u00edfica, por ejemplo, para aumentar la productividad del equipo de trabajo, llevar el seguimiento de clientes o mejorar su fidelizaci\u00f3n?<\/li>\n<\/ul>\n<h3>Descripci\u00f3n de casos de uso de CRM y funcionalidades buscadas<\/h3>\n<p>Es una de las partes m\u00e1s importantes de tu plan de CRM, que tiene como objetivo detallar las metodolog\u00edas de trabajo y las caracter\u00edsticas principales que esperas del software de CRM. La respuesta a estas diferentes preguntas tambi\u00e9n te permitir\u00e1 evaluar la madurez de tu empresa en t\u00e9rminos de CRM.<\/p>\n<p>Incluso m\u00e1s all\u00e1 de las funcionalidades, siempre es buena idea tomar cierta altura de miras y preguntarte abiertamente por qu\u00e9 necesitas una herramienta de CRM, \u00bfpara qu\u00e9 te servir\u00e1 realmente? Para ello, puedes tratar de dar respuesta a las siguientes preguntas al redactar tu documento:<\/p>\n<ul>\n<li>\u00bfQu\u00e9 <strong><a href=\"\/es\/crm\/estrategia-crm\/\">estrategia de CRM<\/a><\/strong> pretendes seguir?<\/li>\n<li>\u00bfC\u00f3mo quieres almacenar tus datos de CRM? \u00bfExisten interconexiones entre tus herramientas?<\/li>\n<li>\u00bfQu\u00e9 integraciones necesitas con tus herramientas y soluciones actuales?<\/li>\n<li>\u00bfCon cu\u00e1ntos contactos tienes que tratar? \u00bfC\u00f3mo se almacena la informaci\u00f3n actualmente? \u00bfA trav\u00e9s de qu\u00e9 canales?<\/li>\n<li>\u00bfQu\u00e9 <strong><a href=\"\/es\/crm\/caracteristicas-crm\/\">caracter\u00edsticas de CRM<\/a><\/strong> son prioritarias para tu empresa? \u00bfNecesitas, por ejemplo, una funci\u00f3n de informes?<\/li>\n<li>\u00bfQu\u00e9 dificultades encuentras con tus herramientas actuales que te impulsan a recurrir a una nueva soluci\u00f3n para administrar su CRM?<\/li>\n<\/ul>\n<h3>Presentaci\u00f3n de los detalles del proyecto (actores, hoja de ruta, presupuesto)<\/h3>\n<p>Esta \u00faltima parte de las especificaciones se centra m\u00e1s en la organizaci\u00f3n del proyecto de CRM, los equipos implicados, el nombramiento de un gestor de proyectos y el presupuesto que deseas destinar a la b\u00fasqueda de una herramienta inform\u00e1tica.<\/p>\n<h4>Organizaci\u00f3n del proyecto<\/h4>\n<p>\u00bfQuieres implantar una gesti\u00f3n de proyectos \u00e1gil? Si es as\u00ed, \u00bfqu\u00e9 m\u00e9todos usar\u00e1s? Tambi\u00e9n debes nombrar un gestor de proyectos a cargo de encontrar la soluci\u00f3n, que ser\u00e1 la persona de contacto prioritaria con los distintos fabricantes y podr\u00e1 mantener reuniones peri\u00f3dicas sobre el progreso del proyecto con todos los equipos involucrados.<\/p>\n<h4>Equipos involucrados en el proyecto<\/h4>\n<p>Es importante favorecer la comunicaci\u00f3n entre los futuros usuarios de las herramientas de CRM y el responsable del departamento de inform\u00e1tica en tus intercambios y en la redacci\u00f3n del plan de CRM. Viven en sus propias carnes las necesidades a las que est\u00e1s dando respuesta y podr\u00e1n expresar con claridad las carencias o los aspectos mejorables de tu estrategia de CRM.<\/p>\n<p>Tambi\u00e9n debes asegurarte de formar a los equipos necesarios en las nuevas herramientas para facilitar su manejo. Al fin y al cabo, los resultados de la herramienta depender\u00e1n de su adopci\u00f3n por parte de los empleados que las usan.<\/p>\n<div class=\"bloc-tips\"><i class=\"fa fa-lightbulb\"><\/i><strong>El consejo extra de Webolto<\/strong><br \/>\nIntegra al menos un representante de todos los departamentos que vayan a utilizar las herramientas de CRM en sus intercambios, por ejemplo: un jefe de ventas, un director de marketing, un responsable de atenci\u00f3n al cliente, etc. Tambi\u00e9n podr\u00e1s preguntarte si necesitas subcontratar una parte de las competencias que necesitar\u00e1s para sacar partido a la herramienta o a su mantenimiento.<\/div>\n<h4>Hoja de ruta<\/h4>\n<p>\u00bfCu\u00e1les son los principales pasos de tu proyecto de CRM (definici\u00f3n de necesidades, b\u00fasqueda y selecci\u00f3n de proveedor, implementaci\u00f3n)? \u00bfPara qu\u00e9 fecha definitiva deseas tener implementada la nueva herramienta de CRM? \u00bfQu\u00e9 procesos de validaci\u00f3n y direcci\u00f3n seguir\u00e1s a lo largo del proyecto? Por ejemplo, una actualizaci\u00f3n semanal o mensual para llevar el seguimiento del progreso del proyecto.<\/p>\n<h4>Presupuesto<\/h4>\n<p>\u00bfDe qu\u00e9 dotaci\u00f3n presupuestaria dispones para tu herramienta de CRM? Es aconsejable diferenciar el presupuesto dedicado a implementar la tecnolog\u00eda en s\u00ed \u2014el <strong><a href=\"\/es\/crm\/precio-crm\/\">precio del CRM<\/a><\/strong>\u2014 del presupuesto para la ejecuci\u00f3n del proyecto de forma global.<\/p>\n<p><img loading=\"lazy\" decoding=\"async\" class=\"alignnone wp-image-2976 size-large\" src=\"\/es\/wp-content\/uploads\/sites\/2\/2023\/01\/noCRM-precios-mensuales-1024x662.jpg\" alt=\"Ejemplo de precios de noCRM\" width=\"1024\" height=\"662\" srcset=\"https:\/\/www.webolto.com\/es\/wp-content\/uploads\/sites\/2\/2023\/01\/noCRM-precios-mensuales-1024x662.jpg 1024w, https:\/\/www.webolto.com\/es\/wp-content\/uploads\/sites\/2\/2023\/01\/noCRM-precios-mensuales-300x194.jpg 300w, https:\/\/www.webolto.com\/es\/wp-content\/uploads\/sites\/2\/2023\/01\/noCRM-precios-mensuales-768x496.jpg 768w, https:\/\/www.webolto.com\/es\/wp-content\/uploads\/sites\/2\/2023\/01\/noCRM-precios-mensuales.jpg 1408w\" sizes=\"(max-width: 1024px) 100vw, 1024px\" \/><\/p>\n<p style=\"text-align: center\"><em>Ejemplo de precios mensuales de <a href=\"http:\/\/noCRM.io\" target=\"_blank\" rel=\"noopener\">noCRM<\/a><\/em><\/p>\n<h4>Restricciones t\u00e9cnicas<\/h4>\n<p>Esta secci\u00f3n es una oportunidad para especificar si tienes restricciones t\u00e9cnicas o necesidades particulares, particularmente en t\u00e9rminos de seguridad de datos.<\/p>\n<h2><a name=\"_Toc130289592\"><\/a>Tres consejos para que tu plan de CRM sea exitoso<\/h2>\n<p>Adem\u00e1s de la informaci\u00f3n necesaria que debes incluir en tu plan de especificaciones de CRM, le brindamos algunos consejos relevantes para ayudarlo a redactar el documento m\u00e1s completo y efectivo para la b\u00fasqueda de su soluci\u00f3n CRM.<\/p>\n<h3>Consejo #1: analiza el estado actual de tu estrategia de CRM<\/h3>\n<p>Antes de comenzar a crear tu plan de CRM y sus especificaciones t\u00e9cnicas, aseg\u00farate de analizar todos los procesos de venta y gesti\u00f3n de la relaci\u00f3n con los clientes existentes dentro de la empresa, tanto si ya usas un software de CRM como si a\u00fan no lo haces. F\u00edjate en tu estrategia, desde la recopilaci\u00f3n de datos hasta el contacto con prospectos y clientes, la automatizaci\u00f3n, el ecosistema digital actual, etc.<\/p>\n<p>Este primer paso debe permitirte identificar con claridad lo que funciona bien en las acciones de CRM de la empresa y lo que a\u00fan debe mejorarse o simplemente perfeccionarse. Para determinar esto, puedes realizar entrevistas a tus equipos de trabajo, enviar cuestionarios por correo electr\u00f3nico u organizar un taller para discutir estos temas y definir los objetivos de la futura herramienta de CRM.<\/p>\n<h3>Consejo #2: efect\u00faa un primer an\u00e1lisis de mercado<\/h3>\n<p>Investiga el mercado de los <strong><a href=\"\/es\/crm\/seleccion-de-software-de-crm-eficaces-para-pymes\/\">software y herramientas de CRM<\/a><\/strong> y comienza a crear una lista de herramientas digitales que pueden satisfacer tus necesidades funcionales y de automatizaci\u00f3n, ajust\u00e1ndose a tu presupuesto. Este an\u00e1lisis breve de los sitios web de los fabricantes te permitir\u00e1 efectuar una primera selecci\u00f3n, en particular entre las herramientas dedicadas a las pymes, las que son m\u00e1s adecuadas para un gran empresa y las especializadas para \u00e1mbitos espec\u00edficos como las asociaciones o cuyas funcionalidades son 100\u00a0% comerciales.<\/p>\n<h3>Consejo #3: trabaja con un equipo multidisciplinar<\/h3>\n<p>Como intuir\u00e1s despu\u00e9s de leer nuestro art\u00edculo, redactar tu plan de CRM en solitario, sin pedir la opini\u00f3n de los dem\u00e1s miembros del equipo que usar\u00e1n la tecnolog\u00eda de CRM, es una mala idea. Es necesario comparar tu punto de vista y las necesidades que has identificado con las de los equipos de gesti\u00f3n de relaciones con los clientes, que pueden ser los departamentos de ventas, comunicaci\u00f3n, marketing, postventa, etc.<\/p>\n<p>Este equipo te acompa\u00f1ar\u00e1 en los procesos de concreci\u00f3n de necesidades y objetivos y, por tanto, en la redacci\u00f3n de las especificaciones. Su presencia tambi\u00e9n ser\u00e1 importante en todas las etapas del proyecto para elegir un proveedor, configurar las herramientas y validarlas. Cuando identifiques a tu equipo de acompa\u00f1amiento, aseg\u00farate de definir claramente las funciones de cada persona: \u00bfqui\u00e9n gestiona el proyecto?, \u00bfqui\u00e9n toma las decisiones?, \u00bfqui\u00e9n les da seguimiento?, \u00bfqui\u00e9n se encarga simplemente de dar su punto de vista basado en su experiencia?<\/p>\n<h3>Consejo #4: crea una tabla comparativa sobre las herramientas de CRM<\/h3>\n<p>Esta tabla comparativa debe incluir todas las funcionalidades que necesitas para tu futura herramienta, listadas por orden de prioridad. El objetivo es comparar la cobertura funcional de las diferentes soluciones, as\u00ed como tus necesidades (por ejemplo, n\u00famero de usuarios) y otra informaci\u00f3n adicional (dificultad de manejo de la herramienta, formaci\u00f3n requerida) y el precio para tomar la decisi\u00f3n m\u00e1s acertada para tu tecnolog\u00eda de CRM.<\/p>\n<div class=\"bloc-tips\"><i class=\"fa fa-lightbulb\"><\/i><strong>El consejo extra de Webolto<\/strong><br \/>\nAl elegir tu plataforma de CRM, t\u00f3mate el tiempo necesario para identificar sus necesidades de la empresa a largo plazo. De esta forma podr\u00e1s invertir en una herramienta con beneficios duraderos que acompa\u00f1ar\u00e1 a tu negocio durante varios a\u00f1os, aunque tu empresa y tu estrategia de CRM evolucionen y ganen fuerza en el futuro.<\/div>\n","protected":false},"excerpt":{"rendered":"<p>Un plan de CRM (Customer Relationship Management) es un un documento esencial que incluye las especificaciones para implantar la herramienta de gesti\u00f3n de las relaciones con los clientes de tu empresa. Te permite concretar los objetivos, funcionalidades y especificaciones t\u00e9cnicas de tu futura herramienta de CRM, seg\u00fan tus necesidades y las de tu empresa. De [&hellip;]<\/p>\n","protected":false},"author":5,"featured_media":2907,"parent":2760,"menu_order":0,"comment_status":"closed","ping_status":"closed","template":"","meta":{"_acf_changed":false,"om_disable_all_campaigns":false,"_genesis_hide_title":false,"_genesis_hide_breadcrumbs":false,"_genesis_hide_singular_image":false,"_genesis_hide_footer_widgets":false,"_genesis_custom_body_class":"","_genesis_custom_post_class":"","_genesis_layout":"","footnotes":""},"acf":[],"yoast_head":"<!-- This site is optimized with the Yoast SEO plugin v24.5 - https:\/\/yoast.com\/wordpress\/plugins\/seo\/ -->\n<title>Plan de CRM: c\u00f3mo redactar las especificaciones de tu proyecto - Webolto<\/title>\n<meta name=\"description\" content=\"Un plan de CRM incluye las especificaciones t\u00e9cnicas, objetivos y funcionalidades de la herramienta de gesti\u00f3n de relaciones con clientes.\" \/>\n<meta name=\"robots\" content=\"index, follow, max-snippet:-1, max-image-preview:large, max-video-preview:-1\" \/>\n<link rel=\"canonical\" href=\"https:\/\/www.webolto.com\/es\/crm\/plan-de-crm\/\" \/>\n<meta property=\"og:locale\" content=\"es_ES\" \/>\n<meta property=\"og:type\" content=\"article\" \/>\n<meta property=\"og:title\" content=\"Plan de CRM: c\u00f3mo redactar las especificaciones de tu proyecto - Webolto\" \/>\n<meta property=\"og:description\" content=\"Un plan de CRM incluye las especificaciones t\u00e9cnicas, objetivos y funcionalidades de la herramienta de gesti\u00f3n de relaciones con clientes.\" \/>\n<meta property=\"og:url\" content=\"https:\/\/www.webolto.com\/es\/crm\/plan-de-crm\/\" \/>\n<meta property=\"og:site_name\" content=\"Webolto\" \/>\n<meta property=\"article:modified_time\" content=\"2023-03-21T10:37:47+00:00\" \/>\n<meta property=\"og:image\" content=\"https:\/\/www.webolto.com\/es\/wp-content\/uploads\/sites\/2\/2022\/12\/crm-affiche.jpg\" \/>\n\t<meta property=\"og:image:width\" content=\"470\" \/>\n\t<meta property=\"og:image:height\" content=\"353\" \/>\n\t<meta property=\"og:image:type\" content=\"image\/jpeg\" \/>\n<meta name=\"twitter:card\" content=\"summary_large_image\" \/>\n<meta name=\"twitter:label1\" content=\"Tiempo de lectura\" \/>\n\t<meta name=\"twitter:data1\" content=\"9 minutos\" \/>\n<!-- \/ Yoast SEO plugin. -->","yoast_head_json":{"title":"Plan de CRM: c\u00f3mo redactar las especificaciones de tu proyecto - Webolto","description":"Un plan de CRM incluye las especificaciones t\u00e9cnicas, objetivos y funcionalidades de la herramienta de gesti\u00f3n de relaciones con clientes.","robots":{"index":"index","follow":"follow","max-snippet":"max-snippet:-1","max-image-preview":"max-image-preview:large","max-video-preview":"max-video-preview:-1"},"canonical":"https:\/\/www.webolto.com\/es\/crm\/plan-de-crm\/","og_locale":"es_ES","og_type":"article","og_title":"Plan de CRM: c\u00f3mo redactar las especificaciones de tu proyecto - Webolto","og_description":"Un plan de CRM incluye las especificaciones t\u00e9cnicas, objetivos y funcionalidades de la herramienta de gesti\u00f3n de relaciones con clientes.","og_url":"https:\/\/www.webolto.com\/es\/crm\/plan-de-crm\/","og_site_name":"Webolto","article_modified_time":"2023-03-21T10:37:47+00:00","og_image":[{"width":470,"height":353,"url":"https:\/\/www.webolto.com\/es\/wp-content\/uploads\/sites\/2\/2022\/12\/crm-affiche.jpg","type":"image\/jpeg"}],"twitter_card":"summary_large_image","twitter_misc":{"Tiempo de lectura":"9 minutos"},"schema":{"@context":"https:\/\/schema.org","@graph":[{"@type":"WebPage","@id":"https:\/\/www.webolto.com\/es\/crm\/plan-de-crm\/","url":"https:\/\/www.webolto.com\/es\/crm\/plan-de-crm\/","name":"Plan de CRM: c\u00f3mo redactar las especificaciones de tu proyecto - Webolto","isPartOf":{"@id":"https:\/\/www.webolto.com\/es\/#website"},"primaryImageOfPage":{"@id":"https:\/\/www.webolto.com\/es\/crm\/plan-de-crm\/#primaryimage"},"image":{"@id":"https:\/\/www.webolto.com\/es\/crm\/plan-de-crm\/#primaryimage"},"thumbnailUrl":"https:\/\/www.webolto.com\/es\/wp-content\/uploads\/sites\/2\/2022\/12\/crm-affiche.jpg","datePublished":"2023-03-21T10:34:35+00:00","dateModified":"2023-03-21T10:37:47+00:00","description":"Un plan de CRM incluye las especificaciones t\u00e9cnicas, objetivos y funcionalidades de la herramienta de gesti\u00f3n de relaciones con clientes.","breadcrumb":{"@id":"https:\/\/www.webolto.com\/es\/crm\/plan-de-crm\/#breadcrumb"},"inLanguage":"es","potentialAction":[{"@type":"ReadAction","target":["https:\/\/www.webolto.com\/es\/crm\/plan-de-crm\/"]}]},{"@type":"ImageObject","inLanguage":"es","@id":"https:\/\/www.webolto.com\/es\/crm\/plan-de-crm\/#primaryimage","url":"https:\/\/www.webolto.com\/es\/wp-content\/uploads\/sites\/2\/2022\/12\/crm-affiche.jpg","contentUrl":"https:\/\/www.webolto.com\/es\/wp-content\/uploads\/sites\/2\/2022\/12\/crm-affiche.jpg","width":470,"height":353,"caption":"Definici\u00f3n de CRM"},{"@type":"BreadcrumbList","@id":"https:\/\/www.webolto.com\/es\/crm\/plan-de-crm\/#breadcrumb","itemListElement":[{"@type":"ListItem","position":1,"name":"Home","item":"https:\/\/www.webolto.com\/es\/"},{"@type":"ListItem","position":2,"name":"Gu\u00eda b\u00e1sica sobre los CRM: definici\u00f3n, software y precios","item":"https:\/\/www.webolto.com\/es\/crm\/"},{"@type":"ListItem","position":3,"name":"Plan de CRM: c\u00f3mo redactar las especificaciones de tu proyecto"}]},{"@type":"WebSite","@id":"https:\/\/www.webolto.com\/es\/#website","url":"https:\/\/www.webolto.com\/es\/","name":"Webolto","description":"Centro de recursos para creadores de sitios web","publisher":{"@id":"https:\/\/www.webolto.com\/es\/#organization"},"potentialAction":[{"@type":"SearchAction","target":{"@type":"EntryPoint","urlTemplate":"https:\/\/www.webolto.com\/es\/?s={search_term_string}"},"query-input":{"@type":"PropertyValueSpecification","valueRequired":true,"valueName":"search_term_string"}}],"inLanguage":"es"},{"@type":"Organization","@id":"https:\/\/www.webolto.com\/es\/#organization","name":"Webolto","url":"https:\/\/www.webolto.com\/es\/","logo":{"@type":"ImageObject","inLanguage":"es","@id":"https:\/\/www.webolto.com\/es\/#\/schema\/logo\/image\/","url":"https:\/\/www.webolto.com\/es\/wp-content\/uploads\/sites\/2\/2020\/05\/header-logo.png","contentUrl":"https:\/\/www.webolto.com\/es\/wp-content\/uploads\/sites\/2\/2020\/05\/header-logo.png","width":3237,"height":667,"caption":"Webolto"},"image":{"@id":"https:\/\/www.webolto.com\/es\/#\/schema\/logo\/image\/"}}]}},"featured_image_src":"https:\/\/www.webolto.com\/es\/wp-content\/uploads\/sites\/2\/2022\/12\/crm-affiche.jpg","featured_image_src_square":"https:\/\/www.webolto.com\/es\/wp-content\/uploads\/sites\/2\/2022\/12\/crm-affiche.jpg","_links":{"self":[{"href":"https:\/\/www.webolto.com\/es\/wp-json\/wp\/v2\/pages\/3211"}],"collection":[{"href":"https:\/\/www.webolto.com\/es\/wp-json\/wp\/v2\/pages"}],"about":[{"href":"https:\/\/www.webolto.com\/es\/wp-json\/wp\/v2\/types\/page"}],"author":[{"embeddable":true,"href":"https:\/\/www.webolto.com\/es\/wp-json\/wp\/v2\/users\/5"}],"replies":[{"embeddable":true,"href":"https:\/\/www.webolto.com\/es\/wp-json\/wp\/v2\/comments?post=3211"}],"version-history":[{"count":0,"href":"https:\/\/www.webolto.com\/es\/wp-json\/wp\/v2\/pages\/3211\/revisions"}],"up":[{"embeddable":true,"href":"https:\/\/www.webolto.com\/es\/wp-json\/wp\/v2\/pages\/2760"}],"wp:featuredmedia":[{"embeddable":true,"href":"https:\/\/www.webolto.com\/es\/wp-json\/wp\/v2\/media\/2907"}],"wp:attachment":[{"href":"https:\/\/www.webolto.com\/es\/wp-json\/wp\/v2\/media?parent=3211"}],"curies":[{"name":"wp","href":"https:\/\/api.w.org\/{rel}","templated":true}]}}