{"id":3188,"date":"2023-03-10T14:37:50","date_gmt":"2023-03-10T15:37:50","guid":{"rendered":"https:\/\/www.webolto.com\/es\/?page_id=3188"},"modified":"2023-03-10T14:37:50","modified_gmt":"2023-03-10T15:37:50","slug":"capacitacion-ventas","status":"publish","type":"page","link":"https:\/\/www.webolto.com\/es\/crm\/capacitacion-ventas\/","title":{"rendered":"Capacitaci\u00f3n de ventas: definici\u00f3n, proceso, herramientas y m\u00e9todos"},"content":{"rendered":"<p>\u00bfBuscas mejorar los resultados de tu equipo de ventas? Implementar un proceso de capacitaci\u00f3n de ventas te puede interesar. Esta estrategia global permite fortalecer las habilidades de tus representantes comerciales, identificar oportunidades de venta y aumentar la tasa de conversi\u00f3n de prospectos en clientes.<\/p>\n<p>En este art\u00edculo, podr\u00e1s descubrir los procesos clave, las herramientas esenciales y m\u00e9todos de implantaci\u00f3n para maximizar los resultados de tu equipo de ventas.<\/p>\n<div class=\"bloc-tips\"><i class=\"fa fa-book\"><\/i><span class=\"title is-5\">\u00cdndice<\/span>\n<ul class=\"icon-chevron\" style=\"margin-bottom: 0px\">\n<li><a href=\"#_Toc129357136\">Definici\u00f3n sencilla de capacitaci\u00f3n de ventas<\/a><\/li>\n<li><a href=\"#_Toc129357137\">Los 5 procesos de capacitaci\u00f3n de ventas<\/a><\/li>\n<li><a href=\"#_Toc129357138\">Herramientas de capacitaci\u00f3n de ventas<\/a><\/li>\n<li><a href=\"#_Toc129357139\">\u00bfC\u00f3mo implementar la capacitaci\u00f3n de ventas en tu empresa?<\/a><\/li>\n<li><a href=\"#_Toc129357140\">Preguntas frecuentes sobre la capacitaci\u00f3n de ventas<\/a><\/li>\n<\/ul>\n<\/div>\n<p>&nbsp;<\/p>\n<h2><a name=\"_Toc129357136\"><\/a>Definici\u00f3n sencilla de capacitaci\u00f3n de ventas<\/h2>\n<p>Capacitaci\u00f3n de ventas o <em>Sales Enablement<\/em> es un t\u00e9rmino que describe los procesos, las herramientas y las t\u00e9cnicas utilizadas para ayudar a los equipos comerciales a comprender mejor a sus clientes, identificar oportunidades y alcanzar m\u00e1s ventas. Su objetivo es mejorar las habilidades y la productividad de los vendedores, as\u00ed como aumentar la tasa de conversi\u00f3n de prospectos en clientes. A menudo utiliza datos de tu <strong><a href=\"\/es\/crm\">CRM<\/a><\/strong> para optimizar el rendimiento del equipo de ventas.<\/p>\n<p>Tambi\u00e9n puede incluir aplicaciones como gesti\u00f3n de correo electr\u00f3nico, an\u00e1lisis de datos, capacitaci\u00f3n, aplicaciones de seguimiento del desempe\u00f1o y contenido para que los comerciales se preparen mejor para sus reuniones con clientes.<\/p>\n<h2><a name=\"_Toc129357137\"><\/a>Los 5 procesos de capacitaci\u00f3n de ventas<\/h2>\n<p>Las estrategias de capacitaci\u00f3n de ventas est\u00e1n dise\u00f1adas para que tus equipos de vendedores cierren m\u00e1s ventas de manera efectiva. Por tanto, los procesos deben estructurarse bien para lograr los objetivos comerciales establecidos.<\/p>\n<h3>#1 Formaci\u00f3n<\/h3>\n<p>La formaci\u00f3n de los vendedores es un paso esencial para mejorar su conocimiento de sus productos y servicios. Las formaciones tambi\u00e9n ayudan a fortalecer sus habilidades de ventas. Pueden incluir cursos en l\u00ednea, seminarios web o cursos espec\u00edficos de ventas, as\u00ed como capacitaci\u00f3n en grupos peque\u00f1os para un aprendizaje personalizado.<\/p>\n<h3>#2 Gesti\u00f3n de las relaciones con clientes<\/h3>\n<p>El uso de una herramienta de CRM te permite centralizar toda la informaci\u00f3n que tienes sobre tus clientes y prospectos. De este modo, puedes conocerlos mejor, anticiparte a sus necesidades y monitorear tus interacciones con ellos. Puedes identificar f\u00e1cilmente tus oportunidades de venta y aumentar tu volumen de negocio.<\/p>\n<p class=\"bloc-tips\"><i class=\"fa fa-book\"><\/i>Descubre nuestro art\u00edculo dedicado a las <a href=\"\/es\/crm\/caracteristicas-crm\/\">caracter\u00edsticas del software de CRM<\/a>.<\/p>\n<h3>#3 An\u00e1lisis de datos<\/h3>\n<p>Analizar la informaci\u00f3n que tienes sobre tus clientes y sobre las oportunidades de venta te permite identificar las necesidades de tus interlocutores y seguir su recorrido de compra. De esta forma, sabr\u00e1s cu\u00e1ndo es prudente cotizar, interactuar con los prospectos y proporcionar las respuestas adecuadas que los lleven a comprar.<\/p>\n<h3>#4 Seguimiento del rendimiento<\/h3>\n<p>Es importante llevar un seguimiento del rendimiento de tus equipos de ventas para identificar \u00e1reas de mejora y medir la eficacia de los procesos de capacitaci\u00f3n de ventas. Puedes basarte en m\u00e9tricas como las tasas de conversi\u00f3n, tasas de cierre y tasas de satisfacci\u00f3n de la clientela.<\/p>\n<h3>#5 Comunicaci\u00f3n<\/h3>\n<p>Los procesos de comunicaci\u00f3n ayudan a mantener una relaci\u00f3n efectiva entre los equipos de ventas y los clientes. Esta comunicaci\u00f3n pasa por todos los canales posibles adaptados a tus clientes. Pueden ser correos electr\u00f3nicos, conversaci\u00f3n a trav\u00e9s del chat en l\u00ednea, redes sociales o aplicaciones de colaboraci\u00f3n interna para intercambios B2B o internos entre tus propios equipos.<\/p>\n<h2><a name=\"_Toc129357138\"><\/a>Herramientas de capacitaci\u00f3n de ventas<\/h2>\n<p>Para mantener estrategias de capacitaci\u00f3n de ventas eficaces, es esencial contar con plataformas espec\u00edficas, como un software de CRM s\u00f3lido y un m\u00f3dulo fiable de generaci\u00f3n de prospectos.<\/p>\n<h3>Herramientas de CRM<\/h3>\n<p>Las herramientas de CRM est\u00e1n muy presentes en todas las empresas. Se trata de plataformas estrat\u00e9gicas que te permiten centralizar toda la informaci\u00f3n y conocer a tus interlocutores como la palma de tu mano. Para que tu CRM sea efectivo en la estrategia de capacitaci\u00f3n de ventas, debes elegir la herramienta adecuada y usarla de la manera correcta.<\/p>\n<p>Un CRM no solo debe servir para analizar tus resultados de ventas y los de tus empleados. Ante todo, debe ayudar a vender a tus equipos en su d\u00eda a d\u00eda, ya sea en la oficina o en reuniones externas.<\/p>\n<p><img loading=\"lazy\" decoding=\"async\" class=\"alignnone size-large wp-image-3074\" src=\"\/es\/wp-content\/uploads\/sites\/2\/2023\/02\/Freshdesk-1024x549.jpg\" alt=\"\" width=\"1024\" height=\"549\" srcset=\"https:\/\/www.webolto.com\/es\/wp-content\/uploads\/sites\/2\/2023\/02\/Freshdesk-1024x549.jpg 1024w, https:\/\/www.webolto.com\/es\/wp-content\/uploads\/sites\/2\/2023\/02\/Freshdesk-300x161.jpg 300w, https:\/\/www.webolto.com\/es\/wp-content\/uploads\/sites\/2\/2023\/02\/Freshdesk-768x412.jpg 768w, https:\/\/www.webolto.com\/es\/wp-content\/uploads\/sites\/2\/2023\/02\/Freshdesk.jpg 1427w\" sizes=\"(max-width: 1024px) 100vw, 1024px\" \/><\/p>\n<p style=\"text-align: center\">CRM de Freshdesk<\/p>\n<h3>Herramientas de generaci\u00f3n de leads<\/h3>\n<p>Las plataformas de generaci\u00f3n de prospectos ayudan a tus representantes de ventas en una de las tareas m\u00e1s delicadas y que consumen m\u00e1s tiempo: encontrar prospectos cualificados. Adoptan diferentes formatos, incluyendo:<\/p>\n<ul>\n<li>Aplicaciones de generaci\u00f3n de listas de prospectos como los rastreadores de LinkedIn, de verificaci\u00f3n de email y de administraci\u00f3n de listas de prospectos.<\/li>\n<li>Software de email marketing y mensajer\u00eda en redes sociales que te permite automatizar el env\u00edo de emails y mensajes a tus prospectos.<\/li>\n<li>Soluciones de automatizaci\u00f3n del marketing con las que es posible identificar y convertir a tus visitantes en prospectos o clientes.<\/li>\n<\/ul>\n<h3>Herramientas de ayuda a la venta<\/h3>\n<p>Se trata de plataformas en las que se apoyan los vendedores para contactar y conocer bien a su clientela con el fin de cerrar sus ventas. Incluyen principalmente:<\/p>\n<ul>\n<li>Formaci\u00f3n y argumentos<\/li>\n<li>Aplicaciones de creaci\u00f3n de contenido para el manejo de documentos de presentaci\u00f3n y landing pages<\/li>\n<li>Recursos de comunicaci\u00f3n que faciliten los intercambios con tus prospectos<\/li>\n<li>Programas de videoconferencia para reuniones virtuales especialmente extendidas en la actualidad.<\/li>\n<\/ul>\n<h2><a name=\"_Toc129357139\"><\/a>\u00bfC\u00f3mo implementar la capacitaci\u00f3n de ventas en tu empresa?<\/h2>\n<h3>Estructura tu ciclo de ventas<\/h3>\n<p>Para comenzar, debes conocer todas las etapas del proceso de compra de tu cliente. Es necesario identificar los diferentes grados de cualificaci\u00f3n de prospectos y oportunidades para definir las distintas fases de negociaci\u00f3n, que pueden desencadenar una venta. Conocer tu ciclo de ventas te permite conocer las mejores pr\u00e1cticas comerciales para implementar con \u00e9xito en tu negocio y seleccionar las herramientas adecuadas.<\/p>\n<h3>Forma a tus vendedores<\/h3>\n<p>Garantizar la formaci\u00f3n continua de tu equipo de ventas le permite ser m\u00e1s eficiente. Tus comerciales necesitan conocer sus productos y servicios como la palma de su mano. El mercado tambi\u00e9n est\u00e1 en constante cambio, por lo que los equipos comerciales han de estar informados sobre las nuevas expectativas de los clientes y los productos que ofrece la competencia. Con la digitalizaci\u00f3n de las empresas tambi\u00e9n est\u00e1n surgiendo nuevos m\u00e9todos de negocio, como el <em>inbound sales<\/em>.<\/p>\n<p>Cualquier novedad representa la oportunidad de ofrecer a tus equipos comerciales una nueva formaci\u00f3n, que les permitir\u00e1 actualizar sus conocimientos. Estas acciones de capacitaci\u00f3n de ventas se pueden realizar en grupos reducidos, con el fin de adaptarse a las necesidades de cada empleado. Tambi\u00e9n pueden adoptar el formato de seminarios o webinars para las novedades \u00a0que todos tus comerciales necesiten conocer.<\/p>\n<p class=\"bloc-tips\"><i class=\"fa fa-book\"><\/i>Descubre nuestra selecci\u00f3n de los <a href=\"\/es\/crm\/seleccion-de-software-de-crm-eficaces-para-pymes\/\">mejores software de CRM para pymes<\/a>.<\/p>\n<h3>Configurar un equipo de capacitaci\u00f3n de ventas<\/h3>\n<p>No necesitas contratar un equipo de capacitaci\u00f3n de ventas espec\u00edfico. Los gerentes de ventas con buenas capacidades de liderazgo pueden asumir esta tarea. Tambi\u00e9n puedes pedir a diferentes miembros de tus equipos de ventas y marketing que identifiquen las fortalezas y debilidades de tus resultados comerciales. Al trabajar <em>sobre el terreno<\/em>, estos colaboradores de campo pueden identificar r\u00e1pidamente las debilidades que est\u00e1n frenando tus ventas.<\/p>\n<h2><a name=\"_Toc129357140\"><\/a>Preguntas frecuentes sobre la capacitaci\u00f3n de ventas<\/h2>\n<h3>\u00bfQu\u00e9 es la capacitaci\u00f3n de ventas?<\/h3>\n<p>La capacitaci\u00f3n de ventas (o <em>Sales Enablement<\/em> en ingl\u00e9s) define los procesos, las herramientas y las tecnolog\u00edas que un vendedor necesita para conocer mejor a sus clientes, identificar oportunidades y cerrar ventas. El objetivo es potenciar sus habilidades de prospecci\u00f3n y venta, y as\u00ed aumentar la productividad de tu equipo comercial.<\/p>\n<h3>\u00bfCu\u00e1les son las ventajas de una estrategia de capacitaci\u00f3n de ventas?<\/h3>\n<p>Las ventajas de implementar una estrategia de capacitaci\u00f3n de ventas son sobre todo:<\/p>\n<ul>\n<li>mejor rendimiento de los comerciales,<\/li>\n<li>aumento de ventas,<\/li>\n<li>reducci\u00f3n de costos,<\/li>\n<li>mayor satisfacci\u00f3n del cliente,<\/li>\n<li>comunicaci\u00f3n mejorada,<\/li>\n<li>reducci\u00f3n en los tiempos de respuesta.<\/li>\n<\/ul>\n<h3>\u00bfQu\u00e9 herramientas se utilizan habitualmente en la capacitaci\u00f3n de ventas?<\/h3>\n<p>Los recursos m\u00e1s com\u00fanmente usados en la capacitaci\u00f3n de ventas incluyen herramientas de administraci\u00f3n de correo electr\u00f3nico, seguimiento de resultados, formaci\u00f3n, m\u00f3dulo de gesti\u00f3n de relaciones con los clientes (CRM), an\u00e1lisis de datos y creaci\u00f3n de contenido.<\/p>\n<h3>\u00bfCu\u00e1l es la diferencia entre capacitaci\u00f3n de ventas y la venta en s\u00ed?<\/h3>\n<p>La capacitaci\u00f3n de ventas es una estrategia integral que tiene como objetivo mejorar las habilidades y la productividad de los vendedores mediante el uso de procesos, aplicaciones y tecnolog\u00edas espec\u00edficas. La venta es el acto de vender un producto o servicio a un cliente.<\/p>\n<h3>\u00bfEs posible implementar una estrategia de capacitaci\u00f3n de ventas sin herramientas tecnol\u00f3gicas?<\/h3>\n<p>Es posible implementar una estrategia de habilitaci\u00f3n de ventas sin plataformas tecnol\u00f3gicas, pero el uso de software espec\u00edfico puede contribuir a que los procesos sean m\u00e1s eficientes y f\u00e1ciles de seguir.<\/p>\n","protected":false},"excerpt":{"rendered":"<p>\u00bfBuscas mejorar los resultados de tu equipo de ventas? Implementar un proceso de capacitaci\u00f3n de ventas te puede interesar. Esta estrategia global permite fortalecer las habilidades de tus representantes comerciales, identificar oportunidades de venta y aumentar la tasa de conversi\u00f3n de prospectos en clientes. En este art\u00edculo, podr\u00e1s descubrir los procesos clave, las herramientas esenciales [&hellip;]<\/p>\n","protected":false},"author":5,"featured_media":3189,"parent":2760,"menu_order":0,"comment_status":"closed","ping_status":"closed","template":"","meta":{"_acf_changed":false,"om_disable_all_campaigns":false,"_genesis_hide_title":false,"_genesis_hide_breadcrumbs":false,"_genesis_hide_singular_image":false,"_genesis_hide_footer_widgets":false,"_genesis_custom_body_class":"","_genesis_custom_post_class":"","_genesis_layout":"","footnotes":""},"acf":[],"yoast_head":"<!-- This site is optimized with the Yoast SEO plugin v24.5 - https:\/\/yoast.com\/wordpress\/plugins\/seo\/ -->\n<title>Capacitaci\u00f3n de ventas: qu\u00e9 es, herramientas y m\u00e9todos - Webolto<\/title>\n<meta name=\"description\" content=\"La capacitaci\u00f3n de ventas o Sales Enablement permite a los comerciales conocer a sus clientes, identificar oportunidades y cerrar ventas.\" \/>\n<meta name=\"robots\" content=\"index, follow, max-snippet:-1, max-image-preview:large, max-video-preview:-1\" \/>\n<link rel=\"canonical\" href=\"https:\/\/www.webolto.com\/es\/crm\/capacitacion-ventas\/\" \/>\n<meta property=\"og:locale\" content=\"es_ES\" \/>\n<meta property=\"og:type\" content=\"article\" \/>\n<meta property=\"og:title\" content=\"Capacitaci\u00f3n de ventas: qu\u00e9 es, herramientas y m\u00e9todos - Webolto\" \/>\n<meta property=\"og:description\" content=\"La capacitaci\u00f3n de ventas o Sales Enablement permite a los comerciales conocer a sus clientes, identificar oportunidades y cerrar ventas.\" \/>\n<meta property=\"og:url\" content=\"https:\/\/www.webolto.com\/es\/crm\/capacitacion-ventas\/\" \/>\n<meta property=\"og:site_name\" content=\"Webolto\" \/>\n<meta property=\"og:image\" content=\"https:\/\/www.webolto.com\/es\/wp-content\/uploads\/sites\/2\/2023\/03\/crm-digital-affiche.jpg\" \/>\n\t<meta property=\"og:image:width\" content=\"470\" \/>\n\t<meta property=\"og:image:height\" content=\"353\" \/>\n\t<meta property=\"og:image:type\" content=\"image\/jpeg\" \/>\n<meta name=\"twitter:card\" content=\"summary_large_image\" \/>\n<meta name=\"twitter:label1\" content=\"Tiempo de lectura\" \/>\n\t<meta name=\"twitter:data1\" content=\"7 minutos\" \/>\n<!-- \/ Yoast SEO plugin. -->","yoast_head_json":{"title":"Capacitaci\u00f3n de ventas: qu\u00e9 es, herramientas y m\u00e9todos - Webolto","description":"La capacitaci\u00f3n de ventas o Sales Enablement permite a los comerciales conocer a sus clientes, identificar oportunidades y cerrar ventas.","robots":{"index":"index","follow":"follow","max-snippet":"max-snippet:-1","max-image-preview":"max-image-preview:large","max-video-preview":"max-video-preview:-1"},"canonical":"https:\/\/www.webolto.com\/es\/crm\/capacitacion-ventas\/","og_locale":"es_ES","og_type":"article","og_title":"Capacitaci\u00f3n de ventas: qu\u00e9 es, herramientas y m\u00e9todos - Webolto","og_description":"La capacitaci\u00f3n de ventas o Sales Enablement permite a los comerciales conocer a sus clientes, identificar oportunidades y cerrar ventas.","og_url":"https:\/\/www.webolto.com\/es\/crm\/capacitacion-ventas\/","og_site_name":"Webolto","og_image":[{"width":470,"height":353,"url":"https:\/\/www.webolto.com\/es\/wp-content\/uploads\/sites\/2\/2023\/03\/crm-digital-affiche.jpg","type":"image\/jpeg"}],"twitter_card":"summary_large_image","twitter_misc":{"Tiempo de lectura":"7 minutos"},"schema":{"@context":"https:\/\/schema.org","@graph":[{"@type":"WebPage","@id":"https:\/\/www.webolto.com\/es\/crm\/capacitacion-ventas\/","url":"https:\/\/www.webolto.com\/es\/crm\/capacitacion-ventas\/","name":"Capacitaci\u00f3n de ventas: qu\u00e9 es, herramientas y m\u00e9todos - Webolto","isPartOf":{"@id":"https:\/\/www.webolto.com\/es\/#website"},"primaryImageOfPage":{"@id":"https:\/\/www.webolto.com\/es\/crm\/capacitacion-ventas\/#primaryimage"},"image":{"@id":"https:\/\/www.webolto.com\/es\/crm\/capacitacion-ventas\/#primaryimage"},"thumbnailUrl":"https:\/\/www.webolto.com\/es\/wp-content\/uploads\/sites\/2\/2023\/03\/crm-digital-affiche.jpg","datePublished":"2023-03-10T15:37:50+00:00","description":"La capacitaci\u00f3n de ventas o Sales Enablement permite a los comerciales conocer a sus clientes, identificar oportunidades y cerrar ventas.","breadcrumb":{"@id":"https:\/\/www.webolto.com\/es\/crm\/capacitacion-ventas\/#breadcrumb"},"inLanguage":"es","potentialAction":[{"@type":"ReadAction","target":["https:\/\/www.webolto.com\/es\/crm\/capacitacion-ventas\/"]}]},{"@type":"ImageObject","inLanguage":"es","@id":"https:\/\/www.webolto.com\/es\/crm\/capacitacion-ventas\/#primaryimage","url":"https:\/\/www.webolto.com\/es\/wp-content\/uploads\/sites\/2\/2023\/03\/crm-digital-affiche.jpg","contentUrl":"https:\/\/www.webolto.com\/es\/wp-content\/uploads\/sites\/2\/2023\/03\/crm-digital-affiche.jpg","width":470,"height":353},{"@type":"BreadcrumbList","@id":"https:\/\/www.webolto.com\/es\/crm\/capacitacion-ventas\/#breadcrumb","itemListElement":[{"@type":"ListItem","position":1,"name":"Home","item":"https:\/\/www.webolto.com\/es\/"},{"@type":"ListItem","position":2,"name":"Gu\u00eda b\u00e1sica sobre los CRM: definici\u00f3n, software y precios","item":"https:\/\/www.webolto.com\/es\/crm\/"},{"@type":"ListItem","position":3,"name":"Capacitaci\u00f3n de ventas: definici\u00f3n, proceso, herramientas y m\u00e9todos"}]},{"@type":"WebSite","@id":"https:\/\/www.webolto.com\/es\/#website","url":"https:\/\/www.webolto.com\/es\/","name":"Webolto","description":"Centro de recursos para creadores de sitios web","publisher":{"@id":"https:\/\/www.webolto.com\/es\/#organization"},"potentialAction":[{"@type":"SearchAction","target":{"@type":"EntryPoint","urlTemplate":"https:\/\/www.webolto.com\/es\/?s={search_term_string}"},"query-input":{"@type":"PropertyValueSpecification","valueRequired":true,"valueName":"search_term_string"}}],"inLanguage":"es"},{"@type":"Organization","@id":"https:\/\/www.webolto.com\/es\/#organization","name":"Webolto","url":"https:\/\/www.webolto.com\/es\/","logo":{"@type":"ImageObject","inLanguage":"es","@id":"https:\/\/www.webolto.com\/es\/#\/schema\/logo\/image\/","url":"https:\/\/www.webolto.com\/es\/wp-content\/uploads\/sites\/2\/2020\/05\/header-logo.png","contentUrl":"https:\/\/www.webolto.com\/es\/wp-content\/uploads\/sites\/2\/2020\/05\/header-logo.png","width":3237,"height":667,"caption":"Webolto"},"image":{"@id":"https:\/\/www.webolto.com\/es\/#\/schema\/logo\/image\/"}}]}},"featured_image_src":"https:\/\/www.webolto.com\/es\/wp-content\/uploads\/sites\/2\/2023\/03\/crm-digital-affiche.jpg","featured_image_src_square":"https:\/\/www.webolto.com\/es\/wp-content\/uploads\/sites\/2\/2023\/03\/crm-digital-affiche.jpg","_links":{"self":[{"href":"https:\/\/www.webolto.com\/es\/wp-json\/wp\/v2\/pages\/3188"}],"collection":[{"href":"https:\/\/www.webolto.com\/es\/wp-json\/wp\/v2\/pages"}],"about":[{"href":"https:\/\/www.webolto.com\/es\/wp-json\/wp\/v2\/types\/page"}],"author":[{"embeddable":true,"href":"https:\/\/www.webolto.com\/es\/wp-json\/wp\/v2\/users\/5"}],"replies":[{"embeddable":true,"href":"https:\/\/www.webolto.com\/es\/wp-json\/wp\/v2\/comments?post=3188"}],"version-history":[{"count":0,"href":"https:\/\/www.webolto.com\/es\/wp-json\/wp\/v2\/pages\/3188\/revisions"}],"up":[{"embeddable":true,"href":"https:\/\/www.webolto.com\/es\/wp-json\/wp\/v2\/pages\/2760"}],"wp:featuredmedia":[{"embeddable":true,"href":"https:\/\/www.webolto.com\/es\/wp-json\/wp\/v2\/media\/3189"}],"wp:attachment":[{"href":"https:\/\/www.webolto.com\/es\/wp-json\/wp\/v2\/media?parent=3188"}],"curies":[{"name":"wp","href":"https:\/\/api.w.org\/{rel}","templated":true}]}}