{"id":3180,"date":"2023-03-08T13:13:43","date_gmt":"2023-03-08T14:13:43","guid":{"rendered":"https:\/\/www.webolto.com\/es\/?page_id=3180"},"modified":"2023-07-08T07:16:20","modified_gmt":"2023-07-08T08:16:20","slug":"estrategia-crm","status":"publish","type":"page","link":"https:\/\/www.webolto.com\/es\/crm\/estrategia-crm\/","title":{"rendered":"Estrategia de CRM: problemas, mejores pr\u00e1cticas y m\u00e9todos"},"content":{"rendered":"<p>Son varios los factores que contribuyen al crecimiento de un negocio. La estrategia de CRM forma parte de ellos y no exageramos si decimos que puede suponer una palanca crucial para el desarrollo de tu estructura. Al fin y al cabo, estamos hablando de las relaciones que mantienes con tus clientes, es decir, uno de los pilares de tus ventas.<\/p>\n<p>Un <strong><a href=\"\/es\/crm\/\">CRM<\/a><\/strong>, adem\u00e1s de contribuir a la lealtad de sus clientes, tambi\u00e9n puede ayudarte a ganar nuevos prospectos. Por ello, merece la pena invertir algunos recursos en esto, tanto de tiempo como de presupuesto. En este art\u00edculo, Webolto te gu\u00eda para construir una estrategia de CRM eficaz y escalable.<\/p>\n<div class=\"bloc-tips\">\n<p><i class=\"fa fa-book\"><\/i><span class=\"title is-5\">\u00cdndice<\/span><\/p>\n<ul class=\"icon-chevron\" style=\"margin-bottom: 0px\">\n<li><a href=\"#_Toc129175674\">Por qu\u00e9 es buena idea implementar una estrategia para tu CRM<\/a><\/li>\n<li><a href=\"#_Toc129175675\">Las 7 ventajas de implantar una estrategia CRM en tu empresa<\/a><\/li>\n<li><a href=\"#_Toc129175676\">Los ingredientes de una buena estrategia de CRM<\/a><\/li>\n<li><a href=\"#_Toc129175677\">Construir una estrategia de CRM en 7 pasos<\/a><\/li>\n<\/ul>\n<\/div>\n<p>&nbsp;<\/p>\n<h2><a name=\"_Toc129175674\"><\/a>Por qu\u00e9 es buena idea implementar una estrategia para tu CRM<\/h2>\n<h3>Visi\u00f3n a largo plazo<\/h3>\n<p>Si deseas que tu negocio prospere durante a 10 a\u00f1os vista, \u00a1te conviene pensar a largo plazo! Justamente, una estrategia de CRM se ajusta totalmente a esta visi\u00f3n. Implica el uso de un software de CRM, pero no se limita a eso. La definici\u00f3n de objetivos espec\u00edficos para abordar la relaci\u00f3n con tus clientes y prospectos tambi\u00e9n desempe\u00f1a un papel crucial.<\/p>\n<h3>Generar m\u00e1s ingresos<\/h3>\n<p>Establecer una estrategia de CRM consiste en estructurar la empresa de tal manera que cultive relaciones s\u00f3lidas con sus clientes. Los beneficios son numerosos, empezando por mejorar la experiencia del cliente, lo que contribuir\u00e1 a la buena reputaci\u00f3n de tu empresa.<\/p>\n<p>Un boca a boca que hable bien de tu marca es una apuesta segura que te permita desarrollar a\u00fan m\u00e1s tu clientela. Invertir en una estrategia de CRM bien dise\u00f1ada se traducir\u00e1 en una mayor generaci\u00f3n de ingresos.<\/p>\n<h2><a name=\"_Toc129175675\"><\/a>Las 7 ventajas de implantar una estrategia de CRM en tu empresa<\/h2>\n<h3>#1 Ahorrar tiempo<\/h3>\n<p>Un CRM facilita una mejor organizaci\u00f3n de la informaci\u00f3n le permite encontrar r\u00e1pidamente la informaci\u00f3n que est\u00e1 buscando. Se trata de evitar intercambios superfluos con los diferentes miembros del equipo: todo est\u00e1 estructurado y centralizado en la herramienta.<\/p>\n<h3>#2 Reunir informaci\u00f3n<\/h3>\n<p>Cuando necesitas acceder a un dato sobre un cliente, es importante acceder a \u00e9l con rapidez y solvencia. En un CRM, todos los datos de los clientes se encuentran en un solo lugar. Por tanto, tienes acceso f\u00e1cil a sus datos de contacto, sus movimientos en el t\u00fanel de ventas y tambi\u00e9n su historial de compras.<\/p>\n<h3>#3 Comprender las necesidades de tus clientes<\/h3>\n<p>Una vista completa del perfil de sus clientes te permite identificarlos r\u00e1pidamente y ofrecerles productos adecuados para ellos.<\/p>\n<h3>#4 Identificar patrones de compra<\/h3>\n<p>Cuanta m\u00e1s informaci\u00f3n accesible tengas sobre los clientes, mejor podr\u00e1s segmentarlos seg\u00fan perfiles de compradores. De esta forma, se puede trabajar con una gesti\u00f3n global y a mayor escala.<\/p>\n<h3>#5 Priorizar prospectos<\/h3>\n<p>Los elementos disponibles en tu base de datos de clientes te permiten determinar a qu\u00e9 compradores concretos debes dirigirte en cada caso. Puede ser porque tienen un alto potencial de para cerrar una venta, o por el contrario, porque tienen una percepci\u00f3n que cuestiona tu negocio.<\/p>\n<h3>#6 Mejorar el trabajo en equipo entre tus empleados<\/h3>\n<p>Cada departamento tiene acceso al nivel de informaci\u00f3n que necesita. Esto limita las relaciones de dependencia excesiva y los posibles conflictos. La cohesi\u00f3n entre los departamentos de ventas, marketing y atenci\u00f3n al cliente se refuerza con la integraci\u00f3n de la <strong><a href=\"\/es\/crm\/capacitacion-ventas\/\">capacitaci\u00f3n de ventas<\/a><\/strong>.<\/p>\n<h3>#7 Adoptar una estrategia basada en datos<\/h3>\n<p>Implementar una estrategia de CRM te permite estructurar los datos de la clientela y las ventas. La gesti\u00f3n de datos es m\u00e1s ordenada y fiable y, por tanto, el tratamiento de la informaci\u00f3n se vuelve m\u00e1s procesable.<\/p>\n<p class=\"bloc-tips\"><i class=\"fa fa-book\"><\/i>Descubre m\u00e1s sobre las <a href=\"\/es\/crm\/ventajas-crm\/\">ventajas de un CRM<\/a><\/p>\n<p><img loading=\"lazy\" decoding=\"async\" class=\"aligncenter wp-image-3181 size-large\" src=\"\/es\/wp-content\/uploads\/sites\/2\/2023\/03\/Estrategia-CRM-funcionalidades-Monday-1024x763.jpg\" alt=\"Funcionalidades de Monday para la estrategia de CRM\" width=\"1024\" height=\"763\" srcset=\"https:\/\/www.webolto.com\/es\/wp-content\/uploads\/sites\/2\/2023\/03\/Estrategia-CRM-funcionalidades-Monday-1024x763.jpg 1024w, https:\/\/www.webolto.com\/es\/wp-content\/uploads\/sites\/2\/2023\/03\/Estrategia-CRM-funcionalidades-Monday-300x224.jpg 300w, https:\/\/www.webolto.com\/es\/wp-content\/uploads\/sites\/2\/2023\/03\/Estrategia-CRM-funcionalidades-Monday-768x572.jpg 768w, https:\/\/www.webolto.com\/es\/wp-content\/uploads\/sites\/2\/2023\/03\/Estrategia-CRM-funcionalidades-Monday.jpg 1212w\" sizes=\"(max-width: 1024px) 100vw, 1024px\" \/><\/p>\n<p style=\"text-align: center\"><em>Funcionalidades de <a href=\"https:\/\/monday.com\/lang\/es\/crm\" target=\"_blank\" rel=\"noopener\">Monday Sales CRM<\/a><\/em><\/p>\n<h2><a name=\"_Toc129175676\"><\/a>Los ingredientes de una buena estrategia de CRM<\/h2>\n<p>Acabamos de ver que la implementaci\u00f3n de una estrategia de CRM puede tener muchos beneficios, pero en ning\u00fan caso van a \u00abcaer del cielo\u00bb. Ahora, es necesario saber c\u00f3mo implantar el sistema correctamente.<\/p>\n<p>Como cualquier proyecto, la <a href=\"\/es\/crm\/proyecto-crm-implementacion\/\">implementaci\u00f3n de un CRM<\/a> en una empresa no se puede improvisar. En esta secci\u00f3n, veremos qu\u00e9 factores resultan cruciales.<\/p>\n<h3>#1 Un buen conocimiento de la empresa<\/h3>\n<p>T\u00f3mate el tiempo de analizar el tama\u00f1o y el progreso del negocio. Piensa tambi\u00e9n en los pr\u00f3ximos pasos que debes seguir. Por ejemplo, si ves que tu negocio puede crecer significativamente o tener alg\u00fan pico de actividad en los pr\u00f3ximos meses, planifica con anticipaci\u00f3n. Todo esto se plasmar\u00e1 en un <a href=\"\/es\/crm\/plan-de-crm\/\">plan de CRM<\/a> adecuado que te servir\u00e1 como punto de partida para el contacto con fabricantes si es oportuno y su implementaci\u00f3n.<\/p>\n<p>Aseg\u00farate de que la soluci\u00f3n que elijas sea escalable, es decir, que se pueda adaptar f\u00e1cilmente si la empresa crece de golpe. Esto te permitir\u00e1 escoger una estrategia de CRM adecuada y sostenible.<\/p>\n<h3>#2 Identificaci\u00f3n de necesidades y objetivos<\/h3>\n<p>Si calzas la talla 40, no elegir\u00edas unos zapatos del 43, \u00bfverdad? Pues este principio tambi\u00e9n se aplica al mundo de los negocios. Es necesario tener claras las necesidades de tu empresa y trabajar en torno a ellas. Una empresa en fase de crecimiento no tendr\u00e1 los mismos objetivos que un negocio que est\u00e9 arrancando.<\/p>\n<h3>#3 Visi\u00f3n clara del recorrido del cliente<\/h3>\n<p>F\u00edjate en el recorrido de tus clientes. \u00bfDe d\u00f3nde provienen? \u00bfA qu\u00e9 se dedican? En tu sitio web, \u00bfen qu\u00e9 p\u00e1gina(s) pasan m\u00e1s tiempo? \u00bfDesde qu\u00e9 p\u00e1gina abandonan tu sitio web? Identificar los perfiles y patrones de conducta de tus usuarios te ayudar\u00e1 en gran medida a definir tu estrategia de CRM. Podr\u00e1s ofrecer una soluci\u00f3n que responda a las expectativas de tus clientes:<\/p>\n<ul>\n<li>Trabajar en aspectos susceptibles de mejora.<\/li>\n<li>Continuar e incluso mejorar los puntos fuertes de tu empresa.<\/li>\n<\/ul>\n<h3>#4 Conocimiento preciso de tus clientes ideales<\/h3>\n<p>Esta idea se basa en la noci\u00f3n de personas. Para implementar una estrategia de CRM efectiva, es importante no solo comprender qui\u00e9nes son sus clientes, sino tambi\u00e9n qui\u00e9nes le gustar\u00eda tener. \u00bfCu\u00e1l es tu perfil de cliente ideal? \u00bfC\u00f3mo su negocio satisface efectivamente sus necesidades?<\/p>\n<h3>#5 Comparaci\u00f3n de los diferentes software de CRM<\/h3>\n<p class=\"bloc-tips\"><i class=\"fa fa-book\"><\/i>Como indicamos en nuestra comparativa de los <a href=\"\/es\/crm\/comparacion-software-crm-gratis\/\">mejores software de CRM <strong>gratuitos<\/strong> para aut\u00f3nomos y pymes<\/a>, \u00a1lo mejor es comparar! T\u00f3mate un tiempo para crear una lista de las diferentes plataformas que se pueden adaptar a las necesidades de tus equipos.<\/p>\n<p><img loading=\"lazy\" decoding=\"async\" class=\"aligncenter wp-image-2815 size-large\" src=\"\/es\/wp-content\/uploads\/sites\/2\/2022\/11\/zoho-crm-muestra-1024x483.jpg\" alt=\"Muestra de an\u00e1lisis de datos con Zoho CRM\" width=\"1024\" height=\"483\" srcset=\"https:\/\/www.webolto.com\/es\/wp-content\/uploads\/sites\/2\/2022\/11\/zoho-crm-muestra-1024x483.jpg 1024w, https:\/\/www.webolto.com\/es\/wp-content\/uploads\/sites\/2\/2022\/11\/zoho-crm-muestra-300x142.jpg 300w, https:\/\/www.webolto.com\/es\/wp-content\/uploads\/sites\/2\/2022\/11\/zoho-crm-muestra-768x362.jpg 768w, https:\/\/www.webolto.com\/es\/wp-content\/uploads\/sites\/2\/2022\/11\/zoho-crm-muestra-1536x725.jpg 1536w, https:\/\/www.webolto.com\/es\/wp-content\/uploads\/sites\/2\/2022\/11\/zoho-crm-muestra.jpg 1892w\" sizes=\"(max-width: 1024px) 100vw, 1024px\" \/><\/p>\n<p style=\"text-align: center\"><em>Muestra de an\u00e1lisis de datos con Zoho CRM<\/em><\/p>\n<h2><a name=\"_Toc129175677\"><\/a>Construir una estrategia de CRM en 7 pasos<\/h2>\n<p>Aunque las nociones anteriores sin duda te ayudar\u00e1n a construir su estrategia de CRM, sigue siendo importante adaptarla a tus necesidades. Estos son los diferentes pasos para ayudarte con este proceso:<\/p>\n<h3>#1 Identifica tus objetivos<\/h3>\n<p>Dado que las empresas tienen diferentes etapas de desarrollo, es importante identificar con claridad tus objetivos. \u00bfEs la estrategia CRM una forma de generar nuevos leads? \u00bfPara retener a sus clientes actuales? \u00bfPara mejorar la percepci\u00f3n que sus clientes tienen de su empresa? La estrategia de CRM que vas a adoptar girar\u00e1 en torno a tus objetivos. Para cada empresa, son diferentes.<\/p>\n<h3>#2 Realiza un an\u00e1lisis interno<\/h3>\n<p>Dedica tiempo y energ\u00eda a identificar las dificultades a los que se enfrenta tu negocio. Elaborar una lista de lo que funciona y lo que no permitir\u00e1 a tus equipos comprender que la implementaci\u00f3n de una plataforma de CRM no es simplemente \u00abun software m\u00e1s\u00bb, sino un recurso integral que puede ayudar al negocio a superar estos desaf\u00edos.<\/p>\n<h3>#3 Comprende el recorrido del cliente<\/h3>\n<p>Ya hemos visto que el estudio del recorrido del cliente es fundamental para identificar posibles puntos de mejora. Entender cada paso del proceso de venta y, sobre todo, lo que puede suponer un bloqueo para tus usuarios te permitir\u00e1 crear estrategias efectivas. Adem\u00e1s, es una excelente forma de identificar oportunidades perdidas para aprovecharlas en el futuro.<\/p>\n<h3>#4 Toma conciencia de los valores que transmite tu empresa<\/h3>\n<p>Muy a menudo, un cliente no solo compra por el producto ofrecido. Como posiblemente imaginabas, tambi\u00e9n tienen en cuenta los valores que transmiten las empresas. Identifica tu identidad corporativa y desarr\u00f3llala. \u00bfC\u00f3mo te perciben tus clientes?, \u00bfpor qu\u00e9 aspectos muestran reconocimiento o aprobaci\u00f3n?, \u00bfqu\u00e9 ofreces diferente de tus competidores? Para realizar este an\u00e1lisis, debes mantenerte al tanto de lo que hacen tus competidores y de cualquier novedad en tu mercado.<\/p>\n<h3>#5 Selecciona la plataforma adecuada<\/h3>\n<p>Elegir la herramienta adecuada que dar\u00e1 soporte a tu estrategia de CRM no es una decisi\u00f3n que se tome a la ligera. Adem\u00e1s, elegir la misma herramienta que tu competidor o la mayoritaria en el sector no resultar\u00e1 necesariamente una buena idea. La plataforma de CRM puede traer cambios significativos, as\u00ed que no tengas miedo de invertir tiempo y dinero para encontrar el software adecuado para ti.<\/p>\n<p>Ser\u00e1n criterios pertinentes en esta selecci\u00f3n:<\/p>\n<ul>\n<li>Analizar las necesidades de tu negocio<\/li>\n<li>Crear una lista realista de sus expectativas de estas herramientas<\/li>\n<li>Comparar la tecnolog\u00eda disponible en el mercado<\/li>\n<li>Analizar los <a href=\"\/es\/crm\/precio-crm\/\">precios de CRM<\/a> que te interesen<\/li>\n<li>Examinar las rese\u00f1as, poni\u00e9ndote en contacto con los clientes si es necesario<\/li>\n<li>Pedir opini\u00f3n a los equipos sobre las herramientas preseleccionadas, plantearles tus preguntas<\/li>\n<li>Solicitar versiones de prueba y demostraciones de las herramientas<\/li>\n<\/ul>\n<p>Para ayudarte a seleccionar la herramienta de CRM ideal, descubre nuestra selecci\u00f3n de los <a href=\"\/es\/crm\/seleccion-de-software-de-crm-eficaces-para-pymes\/\">10 mejores software de CRM para pymes<\/a>.<\/p>\n<h3>#6 Estructurar los procesos de implementaci\u00f3n<\/h3>\n<p>Una buena implementaci\u00f3n de la estrategia CRM no debe descuidar la etapa de integraci\u00f3n, cuando el software ya est\u00e1 instalado en el entorno digital de la organizaci\u00f3n. \u00a1Nada m\u00e1s frustrante que los equipos se vean incapaces de manejarla o se pierdan al usarla!<\/p>\n<p>Para evitar esto, la comunicaci\u00f3n es tu aliada. Planifica per\u00edodos de formaci\u00f3n, incluso de \u00abcambio de mentalidad\u00bb. Involucra a sus equipos: p\u00eddeles su opini\u00f3n, aseg\u00farate de que sacan el m\u00e1ximo partido a la herramienta. Comparte con ellos la importancia de tener un CRM completo y actualizado. Por \u00faltimo, no olvides migrar tus datos: es una operaci\u00f3n puede llevar varias semanas o incluso meses.<\/p>\n<h3>#7 Supervisar los resultados<\/h3>\n<p>Crea rutinas para medir que todo est\u00e1 funcionando como se espera. Identifica indicadores de rendimiento (KPI) relevantes para tu actividad, cuyo seguimiento ayudar\u00e1 a motivar a tus equipos. Por ejemplo, controlar la proporci\u00f3n de clientes nuevos o recurrentes es una gesti\u00f3n que puede guiar tu estrategia comercial.<\/p>\n<p class=\"bloc-tips\"><i class=\"fa fa-book\"><\/i>\u00bfTe faltan ideas para crear tu estrategia de CRM? Aqu\u00ed puedes encontrar algunos ejemplos de <a href=\"\/es\/crm\/ejemplos-estrategias-crm\/\">estrategias de CRM de marketing inspiradoras<\/a>.<\/p>\n<p>No nos vamos a enga\u00f1ar: construir una estrategia de CRM necesariamente requerir\u00e1 tiempo y dinero. Por otro lado, los beneficios econ\u00f3micos y para tu imagen de marca son tales que la inversi\u00f3n probablemente mecer\u00e1 la pena.<\/p>\n<p>Seguir procesos estructurados es importante para implementar correctamente tu estrategia de CRM. Como en todo proyecto digital, debes empezar por identificar tus necesidades. Despu\u00e9s viene la selecci\u00f3n e instalaci\u00f3n del software de CRM m\u00e1s adecuado. Por \u00faltimo, no descuides una etapa crucial: analizar los resultados que te permitir\u00e1n medir el \u00e9xito de tu proyecto y continuar mejor\u00e1ndolo con el tiempo.<\/p>\n","protected":false},"excerpt":{"rendered":"<p>Son varios los factores que contribuyen al crecimiento de un negocio. La estrategia de CRM forma parte de ellos y no exageramos si decimos que puede suponer una palanca crucial para el desarrollo de tu estructura. Al fin y al cabo, estamos hablando de las relaciones que mantienes con tus clientes, es decir, uno de [&hellip;]<\/p>\n","protected":false},"author":5,"featured_media":2907,"parent":2760,"menu_order":0,"comment_status":"closed","ping_status":"closed","template":"","meta":{"_acf_changed":false,"om_disable_all_campaigns":false,"_genesis_hide_title":false,"_genesis_hide_breadcrumbs":false,"_genesis_hide_singular_image":false,"_genesis_hide_footer_widgets":false,"_genesis_custom_body_class":"","_genesis_custom_post_class":"","_genesis_layout":"","footnotes":""},"acf":[],"yoast_head":"<!-- This site is optimized with the Yoast SEO plugin v24.5 - https:\/\/yoast.com\/wordpress\/plugins\/seo\/ -->\n<title>Estrategia de CRM: las mejores pr\u00e1cticas y m\u00e9todos - Webolto<\/title>\n<meta name=\"description\" content=\"Una estrategia de CRM es un proceso estructurado consistente en implementar un software para mejorar las ventas de un negocio. Descubre m\u00e1s.\" \/>\n<meta name=\"robots\" content=\"index, follow, max-snippet:-1, max-image-preview:large, max-video-preview:-1\" \/>\n<link rel=\"canonical\" href=\"https:\/\/www.webolto.com\/es\/crm\/estrategia-crm\/\" \/>\n<meta property=\"og:locale\" content=\"es_ES\" \/>\n<meta property=\"og:type\" content=\"article\" \/>\n<meta property=\"og:title\" content=\"Estrategia de CRM: las mejores pr\u00e1cticas y m\u00e9todos - Webolto\" \/>\n<meta property=\"og:description\" content=\"Una estrategia de CRM es un proceso estructurado consistente en implementar un software para mejorar las ventas de un negocio. Descubre m\u00e1s.\" \/>\n<meta property=\"og:url\" content=\"https:\/\/www.webolto.com\/es\/crm\/estrategia-crm\/\" \/>\n<meta property=\"og:site_name\" content=\"Webolto\" \/>\n<meta property=\"article:modified_time\" content=\"2023-07-08T08:16:20+00:00\" \/>\n<meta property=\"og:image\" content=\"https:\/\/www.webolto.com\/es\/wp-content\/uploads\/sites\/2\/2022\/12\/crm-affiche.jpg\" \/>\n\t<meta property=\"og:image:width\" content=\"470\" \/>\n\t<meta property=\"og:image:height\" content=\"353\" \/>\n\t<meta property=\"og:image:type\" content=\"image\/jpeg\" \/>\n<meta name=\"twitter:card\" content=\"summary_large_image\" \/>\n<meta name=\"twitter:label1\" content=\"Tiempo de lectura\" \/>\n\t<meta name=\"twitter:data1\" content=\"9 minutos\" \/>\n<!-- \/ Yoast SEO plugin. -->","yoast_head_json":{"title":"Estrategia de CRM: las mejores pr\u00e1cticas y m\u00e9todos - Webolto","description":"Una estrategia de CRM es un proceso estructurado consistente en implementar un software para mejorar las ventas de un negocio. Descubre m\u00e1s.","robots":{"index":"index","follow":"follow","max-snippet":"max-snippet:-1","max-image-preview":"max-image-preview:large","max-video-preview":"max-video-preview:-1"},"canonical":"https:\/\/www.webolto.com\/es\/crm\/estrategia-crm\/","og_locale":"es_ES","og_type":"article","og_title":"Estrategia de CRM: las mejores pr\u00e1cticas y m\u00e9todos - Webolto","og_description":"Una estrategia de CRM es un proceso estructurado consistente en implementar un software para mejorar las ventas de un negocio. Descubre m\u00e1s.","og_url":"https:\/\/www.webolto.com\/es\/crm\/estrategia-crm\/","og_site_name":"Webolto","article_modified_time":"2023-07-08T08:16:20+00:00","og_image":[{"width":470,"height":353,"url":"https:\/\/www.webolto.com\/es\/wp-content\/uploads\/sites\/2\/2022\/12\/crm-affiche.jpg","type":"image\/jpeg"}],"twitter_card":"summary_large_image","twitter_misc":{"Tiempo de lectura":"9 minutos"},"schema":{"@context":"https:\/\/schema.org","@graph":[{"@type":"WebPage","@id":"https:\/\/www.webolto.com\/es\/crm\/estrategia-crm\/","url":"https:\/\/www.webolto.com\/es\/crm\/estrategia-crm\/","name":"Estrategia de CRM: las mejores pr\u00e1cticas y m\u00e9todos - Webolto","isPartOf":{"@id":"https:\/\/www.webolto.com\/es\/#website"},"primaryImageOfPage":{"@id":"https:\/\/www.webolto.com\/es\/crm\/estrategia-crm\/#primaryimage"},"image":{"@id":"https:\/\/www.webolto.com\/es\/crm\/estrategia-crm\/#primaryimage"},"thumbnailUrl":"https:\/\/www.webolto.com\/es\/wp-content\/uploads\/sites\/2\/2022\/12\/crm-affiche.jpg","datePublished":"2023-03-08T14:13:43+00:00","dateModified":"2023-07-08T08:16:20+00:00","description":"Una estrategia de CRM es un proceso estructurado consistente en implementar un software para mejorar las ventas de un negocio. Descubre m\u00e1s.","breadcrumb":{"@id":"https:\/\/www.webolto.com\/es\/crm\/estrategia-crm\/#breadcrumb"},"inLanguage":"es","potentialAction":[{"@type":"ReadAction","target":["https:\/\/www.webolto.com\/es\/crm\/estrategia-crm\/"]}]},{"@type":"ImageObject","inLanguage":"es","@id":"https:\/\/www.webolto.com\/es\/crm\/estrategia-crm\/#primaryimage","url":"https:\/\/www.webolto.com\/es\/wp-content\/uploads\/sites\/2\/2022\/12\/crm-affiche.jpg","contentUrl":"https:\/\/www.webolto.com\/es\/wp-content\/uploads\/sites\/2\/2022\/12\/crm-affiche.jpg","width":470,"height":353,"caption":"Definici\u00f3n de CRM"},{"@type":"BreadcrumbList","@id":"https:\/\/www.webolto.com\/es\/crm\/estrategia-crm\/#breadcrumb","itemListElement":[{"@type":"ListItem","position":1,"name":"Home","item":"https:\/\/www.webolto.com\/es\/"},{"@type":"ListItem","position":2,"name":"Gu\u00eda b\u00e1sica sobre los CRM: definici\u00f3n, software y precios","item":"https:\/\/www.webolto.com\/es\/crm\/"},{"@type":"ListItem","position":3,"name":"Estrategia de CRM: problemas, mejores pr\u00e1cticas y m\u00e9todos"}]},{"@type":"WebSite","@id":"https:\/\/www.webolto.com\/es\/#website","url":"https:\/\/www.webolto.com\/es\/","name":"Webolto","description":"Centro de recursos para creadores de sitios web","publisher":{"@id":"https:\/\/www.webolto.com\/es\/#organization"},"potentialAction":[{"@type":"SearchAction","target":{"@type":"EntryPoint","urlTemplate":"https:\/\/www.webolto.com\/es\/?s={search_term_string}"},"query-input":{"@type":"PropertyValueSpecification","valueRequired":true,"valueName":"search_term_string"}}],"inLanguage":"es"},{"@type":"Organization","@id":"https:\/\/www.webolto.com\/es\/#organization","name":"Webolto","url":"https:\/\/www.webolto.com\/es\/","logo":{"@type":"ImageObject","inLanguage":"es","@id":"https:\/\/www.webolto.com\/es\/#\/schema\/logo\/image\/","url":"https:\/\/www.webolto.com\/es\/wp-content\/uploads\/sites\/2\/2020\/05\/header-logo.png","contentUrl":"https:\/\/www.webolto.com\/es\/wp-content\/uploads\/sites\/2\/2020\/05\/header-logo.png","width":3237,"height":667,"caption":"Webolto"},"image":{"@id":"https:\/\/www.webolto.com\/es\/#\/schema\/logo\/image\/"}}]}},"featured_image_src":"https:\/\/www.webolto.com\/es\/wp-content\/uploads\/sites\/2\/2022\/12\/crm-affiche.jpg","featured_image_src_square":"https:\/\/www.webolto.com\/es\/wp-content\/uploads\/sites\/2\/2022\/12\/crm-affiche.jpg","_links":{"self":[{"href":"https:\/\/www.webolto.com\/es\/wp-json\/wp\/v2\/pages\/3180"}],"collection":[{"href":"https:\/\/www.webolto.com\/es\/wp-json\/wp\/v2\/pages"}],"about":[{"href":"https:\/\/www.webolto.com\/es\/wp-json\/wp\/v2\/types\/page"}],"author":[{"embeddable":true,"href":"https:\/\/www.webolto.com\/es\/wp-json\/wp\/v2\/users\/5"}],"replies":[{"embeddable":true,"href":"https:\/\/www.webolto.com\/es\/wp-json\/wp\/v2\/comments?post=3180"}],"version-history":[{"count":0,"href":"https:\/\/www.webolto.com\/es\/wp-json\/wp\/v2\/pages\/3180\/revisions"}],"up":[{"embeddable":true,"href":"https:\/\/www.webolto.com\/es\/wp-json\/wp\/v2\/pages\/2760"}],"wp:featuredmedia":[{"embeddable":true,"href":"https:\/\/www.webolto.com\/es\/wp-json\/wp\/v2\/media\/2907"}],"wp:attachment":[{"href":"https:\/\/www.webolto.com\/es\/wp-json\/wp\/v2\/media?parent=3180"}],"curies":[{"name":"wp","href":"https:\/\/api.w.org\/{rel}","templated":true}]}}