{"id":3038,"date":"2023-01-30T01:59:40","date_gmt":"2023-01-30T02:59:40","guid":{"rendered":"http:\/\/www.webolto.com\/es\/?page_id=3038"},"modified":"2023-03-03T08:29:16","modified_gmt":"2023-03-03T09:29:16","slug":"atencion-al-cliente","status":"publish","type":"page","link":"https:\/\/www.webolto.com\/es\/atencion-al-cliente\/","title":{"rendered":"Todo sobre el servicio de atenci\u00f3n al cliente: definici\u00f3n, gu\u00edas, comparaciones y herramientas"},"content":{"rendered":"<p>Todos sabemos que las empresas deben ofrecer una atenci\u00f3n al cliente adecuada. El servicio de asistencia debe ser capaz de responder a las solicitudes y quejas de diferentes prospectos o clientes. Como bien sabemos, es fundamental mantener bajo control las relaciones con el cliente porque sus impresiones, seg\u00fan sean positivas o negativas, tienen un gran impacto en el rendimiento del negocio y su imagen de marca.<\/p>\n<p>Sin embargo, a partir de un cierto nivel de desarrollo de la empresa, se vuelve complicado gestionar manualmente un volumen cada vez mayor de consultas de clientes. Por ello, hoy en d\u00eda, son muchas las empresas que desarrollan una estrategia para organizar estas respuestas y optan por automatizar sus procesos, gracias a la ayuda de una <strong><a href=\"\/es\/crm\/\">herramienta de CRM<\/a><\/strong> espec\u00edfica para este prop\u00f3sito.<\/p>\n<p>Probablemente ya hayas o\u00eddo los t\u00e9rminos \u00abHelpdesk\u00bb o \u00absoporte t\u00e9cnico\u00bb en alguna ocasi\u00f3n, tal vez sin saber realmente qu\u00e9 es. Es muy sencillo: el soporte t\u00e9cnico es la gesti\u00f3n de la atenci\u00f3n al cliente dentro de las empresas. Se trata de un software que se utiliza para gestionar los flujos de atenci\u00f3n al cliente y facilitar la tramitaci\u00f3n de las consultas.<\/p>\n<p>Por tanto, se trata de uno de los servicios clave que constituyen la gesti\u00f3n de las relaciones con los clientes.<\/p>\n<div class=\"bloc-tips\">\n<p><i class=\"fa fa-book\"><\/i><span class=\"title is-5\">\u00cdndice<\/span><\/p>\n<ul class=\"icon-chevron\" style=\"margin-bottom: 0px\">\n<li><a href=\"#_Toc125704773\">\u00bfQu\u00e9 es un servicio de atenci\u00f3n al cliente?<\/a><\/li>\n<li><a href=\"#_Toc125704774\">Ventajas de la atenci\u00f3n al cliente informatizada<\/a><\/li>\n<li><a href=\"#_Toc125704775\">Funcionalidades b\u00e1sicas de los software de atenci\u00f3n al cliente<\/a><\/li>\n<li><a href=\"#recursos\">Recursos para tu servicio de atenci\u00f3n al cliente<\/a><\/li>\n<\/ul>\n<\/div>\n<h2><a name=\"_Toc125704773\"><\/a>\u00bfQu\u00e9 es un servicio de atenci\u00f3n al cliente?<\/h2>\n<p>El servicio de <strong>atenci\u00f3n al cliente<\/strong>, <strong>soporte t\u00e9cnico <\/strong>o <strong>helpdesk<\/strong> hace referencia a la gesti\u00f3n de las consultas y reclamaciones de los clientes dentro de una empresa. Tambi\u00e9n se le puede llamar \u00abcentro de asistencia t\u00e9cnica\u00bb. Este servicio est\u00e1 \u00edntegramente consagrado a atender a los clientes y ofrecer respuestas a sus consultas o quejas. Su objetivo principal es proporcionar informaci\u00f3n concreta y aportar soluciones t\u00e9cnicas a los problemas que puedan tener.<\/p>\n<p>Por extensi\u00f3n, la atenci\u00f3n al cliente o soporte t\u00e9cnico tambi\u00e9n designan las herramientas que permiten gestionar de forma centralizada todas estas consultas. Puede tratarse de llamadas telef\u00f3nicas, tickets, chat, correos electr\u00f3nicos, mensajes en redes sociales&#8230; El servicio al cliente tambi\u00e9n puede incluir una base de conocimientos actualizada que responda a las preguntas frecuentes de los clientes. A menudo, el helpdesk representa el principal medio de comunicaci\u00f3n entre la empresa y sus clientes, de ah\u00ed su importancia.<\/p>\n<p>Hoy en d\u00eda, es dif\u00edcil que un cliente se acepte de buen grado una espera de muchos minutos para obtener la informaci\u00f3n que necesita. Un servicio de atenci\u00f3n al cliente lento y poco reactiva es un billete de ida para que los prospectos se vayan a la competencia.<\/p>\n<p>Cuando el n\u00famero de clientes de una empresa es considerable, el servicio al cliente puede suponer una carga de trabajo importante. Por eso, muchas empresas hoy en d\u00eda centralizan la gesti\u00f3n de consultas usando una soluci\u00f3n inform\u00e1tica: un software de atenci\u00f3n al cliente.<\/p>\n<p style=\"text-align: center\"><img loading=\"lazy\" decoding=\"async\" class=\"alignnone wp-image-3039 size-full\" src=\"\/es\/wp-content\/uploads\/sites\/2\/2023\/01\/helpdesk-canales.png\" alt=\"Canales del servicio de atenci\u00f3n al cliente\" width=\"690\" height=\"394\" srcset=\"https:\/\/www.webolto.com\/es\/wp-content\/uploads\/sites\/2\/2023\/01\/helpdesk-canales.png 690w, https:\/\/www.webolto.com\/es\/wp-content\/uploads\/sites\/2\/2023\/01\/helpdesk-canales-300x171.png 300w\" sizes=\"(max-width: 690px) 100vw, 690px\" \/><\/p>\n<p style=\"text-align: center\">La gesti\u00f3n de la atenci\u00f3n al cliente debe incluir todos los canales. Fuente: <a href=\"https:\/\/blog.ifs.com\/2020\/09\/why-you-need-an-omnichannel-service-desk\/\">Ifs.com<\/a><\/p>\n<h2><a name=\"_Toc125704774\"><\/a>Ventajas de la atenci\u00f3n al cliente informatizada<\/h2>\n<p>Usar un software especializado para el servicio de atenci\u00f3n al cliente se traduce en un aumento considerable de la eficacia y, por tanto, m\u00e1s facilidades para dejar una impresi\u00f3n positiva en los clientes. Las ventajas de un sistema de este tipo son numerosas.<\/p>\n<ul>\n<li>Ahorro de tiempo y dinero gracias a un aumento de la productividad de los agentes nada desde\u00f1able.<\/li>\n<li>Centralizaci\u00f3n de datos para optimizar el seguimiento y la gesti\u00f3n de las consultas de los clientes, antes y despu\u00e9s de la compra.<\/li>\n<li>Capacidad de priorizar las solicitudes trasmitirlas autom\u00e1ticamente al departamento apropiado para su tratamiento.<\/li>\n<li>Identificaci\u00f3n de aspectos y \u00e1reas que necesitan mejoras gracias al seguimiento de las solicitudes recurrentes. De hecho, el servicio al cliente puede servir para recopilar las preferencias y expectativas de los usuarios. Se trata de datos muy \u00fatiles para la planificaci\u00f3n y el desarrollo de nuevos servicios o productos.<\/li>\n<li>Transparencia y comunicaci\u00f3n fluida entre la empresa y el cliente.<\/li>\n<li>Asimismo, la automatizaci\u00f3n del helpdesk permite controlar el nivel de satisfacci\u00f3n de los clientes y, por tanto, tomar las medidas necesarias.<\/li>\n<\/ul>\n<p>Los clientes solo quieren una cosa: que su solicitud se resuelva con rapidez. El objetivo de la empresa ser\u00e1 responder a esta necesidad, minimizando el tiempo dedicado a la misma. Si la consulta del cliente requiere un estudio m\u00e1s detenido, no dudes en mantenerlo informado de las diversas actualizaciones en su tratamiento. Tambi\u00e9n puedes permitirle que se mantenga en contacto cuando quiera, por ejemplo, a trav\u00e9s de un sistema de tickets.<\/p>\n<p>Despu\u00e9s, estos tickets se pueden clasificar seg\u00fan su importancia y asignar a las personas competentes. As\u00ed, los agentes pueden especializarse y desempe\u00f1ar un trabajo m\u00e1s interesante, que corresponda con su nivel y sus competencias, y nuevas responsabilidades.<\/p>\n<p>Los agentes de atenci\u00f3n al cliente se liberan de las tareas repetitivas para centrarse en lo esencial, es decir, resolver un problema t\u00e9cnico o guiar al consumidor. La informaci\u00f3n que necesita est\u00e1 centralizada y accesible para todos los agentes. La empresa est\u00e1 al tanto de los tiempos de respuesta de cada uno y, de esta forma, intercambia a los agentes seg\u00fan su eficiencia y su capacidad para responder a los distintos tipos de consultas de clientes.<\/p>\n<p>Por todas estas razones, la configuraci\u00f3n de un helpdesk automatizado es una opci\u00f3n interesante para cualquier empresa en crecimiento que desee fidelizar a sus clientes.<\/p>\n<h2><a name=\"_Toc125704775\"><\/a>Funcionalidades b\u00e1sicas de los software de atenci\u00f3n al cliente<\/h2>\n<p>La automatizaci\u00f3n del soporte t\u00e9cnico se puede gestionar a trav\u00e9s de un software (tambi\u00e9n llamado Customer Service CRM), que centraliza y simplifica el procesamiento de las consultas de los clientes. Estas son las funciones esenciales de un <strong><a href=\"\/es\/atencion-al-cliente\/software-atencion-cliente\/\">software de atenci\u00f3n al cliente<\/a><\/strong>:<\/p>\n<h3>Sistema de tickets multicanal<\/h3>\n<p>Cuanto mayor sea el tama\u00f1o de tu empresa, mayor volumen de consultar recibir\u00e1s. Si tienes diferentes canales de comunicaci\u00f3n, el seguimiento de todas estas consultas y ofrecer respuestas adecuadas no tardar\u00e1 en volverse complicado. Mantener un servicio multicanal consume bastante tiempo y recursos, porque es necesario formar a los agentes para cada uno de los canales utilizados.<\/p>\n<p>La herramienta de atenci\u00f3n al cliente centraliza los datos en una \u00fanica plataforma, lo que facilita mucho la tarea y ganar una claridad considerable. Por ejemplo, un agente tendr\u00e1 la opci\u00f3n de responder al correo electr\u00f3nico de un cliente, comunicarse con \u00e9l por tel\u00e9fono o conversar directamente con \u00e9l a trav\u00e9s de un sistema de chat o en redes sociales. Estos software suelen estar dise\u00f1ados para navegar r\u00e1pidamente en un hilo de conversaciones que pueden ser numerosas. Si es necesaria una asistencia t\u00e9cnica, estos intercambios pueden transformarse en tickets y transmitirse a los equipos correspondientes.<\/p>\n<h3>Mejor colaboraci\u00f3n<\/h3>\n<p>El sistema de tickets, que usan la mayor\u00eda de los software de atenci\u00f3n al cliente, permite mejorar la colaboraci\u00f3n entre los agentes de servicio de atenci\u00f3n al cliente. En concreto, es posible involucrar a otro equipo en uno de tus tickets, mientras sigues dando seguimiento a la incidencia, crear sub-tickets para resolver problemas menores, asociar tickets para que todos puedan recibir las actualizaciones que les incumben.<\/p>\n<p>Los equipos t\u00e9cnicos y el servicio postventa pueden disfrutar de una plataforma completa y totalmente centralizada, lo que mejora la fluidez entre todos.<\/p>\n<h3>Automatizaci\u00f3n de tareas repetitivas<\/h3>\n<p>Una de las principales ventajas del software de atenci\u00f3n al cliente es el ahorro de tiempo al automatizar las tareas rutinarias y repetitivas. Los agentes s\u00f3lo tienen a su disposici\u00f3n consultas a las que pueden dar respuesta, ordenadas y priorizadas por orden de importancia. El trabajo del agente se simplifica y ahora puede centrarse en dar respuesta a las consultas del cliente.<\/p>\n<p>El servicio de atenci\u00f3n al cliente recibe una alerta ante cualquier comentario o interacci\u00f3n del cliente. Algunas herramientas hasta permiten automatizar la solicitud de informaci\u00f3n a otros equipos, envi\u00e1ndoles una notificaci\u00f3n cuando su experiencia es necesario en un caso particular.<\/p>\n<h3>Informes muy completos<\/h3>\n<p>Cualquier software de atenci\u00f3n al cliente que se precie ofrecer\u00e1 un an\u00e1lisis de datos centralizado y la creaci\u00f3n de informes relevantes. Puedes analizar las respuestas de tus operadores para implementar nuevas estrategias y de esta forma aumentar la satisfacci\u00f3n de tus consumidores. Desde el informe b\u00e1sico predefinido por la plataforma hasta informes precisos espec\u00edficos para tu empresa: \u00a1las posibilidades son infinitas!<\/p>\n<p style=\"text-align: center\"><img loading=\"lazy\" decoding=\"async\" class=\"aligncenter wp-image-3040 size-full\" src=\"\/es\/wp-content\/uploads\/sites\/2\/2023\/01\/helpdesk-reporting-1024x662-1.png\" alt=\"Generaci\u00f3n de informes de Zendesk\" width=\"1024\" height=\"662\" srcset=\"https:\/\/www.webolto.com\/es\/wp-content\/uploads\/sites\/2\/2023\/01\/helpdesk-reporting-1024x662-1.png 1024w, https:\/\/www.webolto.com\/es\/wp-content\/uploads\/sites\/2\/2023\/01\/helpdesk-reporting-1024x662-1-300x194.png 300w, https:\/\/www.webolto.com\/es\/wp-content\/uploads\/sites\/2\/2023\/01\/helpdesk-reporting-1024x662-1-768x497.png 768w\" sizes=\"(max-width: 1024px) 100vw, 1024px\" \/><\/p>\n<p style=\"text-align: center\">Los software CRM de atenci\u00f3n al cliente ofrecen funciones de generaci\u00f3n de informes avanzadas. Ejemplo: Zendesk.<\/p>\n<p>Podr\u00e1s seleccionar los datos m\u00e1s interesantes para analizar, dejar a un lado los dem\u00e1s y as\u00ed obtener informes \u00fatiles y concretos para aumentar la eficiencia de tus agentes. S\u00e9 transparente con tus equipos y dales los recursos que necesitan para mejorar su rendimiento. Esta es una funci\u00f3n popular para los usuarios de herramientas de soporte t\u00e9cnico.<\/p>\n<h3>Personalizaci\u00f3n avanzada<\/h3>\n<p>Por \u00faltimo, adem\u00e1s de ofrecer una experiencia integral y, a menudo, id\u00f3nea, los software de servicio t\u00e9cnico pueden personalizarse para adaptarse mejor a la realidad de tu empresa. Se trata de un aspecto importante del servicio de atenci\u00f3n al cliente, porque debe ser coherente con tu imagen de marca. \u00bfC\u00f3mo quieres interactuar con tus clientes? El software es solo una herramienta y debe integrarse dentro de una estrategia m\u00e1s global.<\/p>\n<p>Seg\u00fan las capacidades del software, podr\u00e1s personalizar la interfaz y el dise\u00f1o para que los clientes y agentes puedan usar una \u00fanica plataforma que sea coherente con tu sitio web o identidad visual.<\/p>\n<h2><a name=\"recursos\"><\/a>Recursos para tu servicio de atenci\u00f3n al cliente<\/h2>\n<div class=\"bloc-tips\">\n<p><i class=\"fa fa-book\"><\/i><span class=\"title is-5\">Recursos de Webolto para la atenci\u00f3n al cliente<\/span><\/p>\n<ul>\n<li><a href=\"\/es\/atencion-al-cliente\/software-atencion-cliente\/\">Los 10 mejores software de atenci\u00f3n al cliente: \u00a1nuestras claves para elegir el mejor!<\/a><\/li>\n<li><a href=\"\/es\/atencion-al-cliente\/software-servicio-posventa\/\">Los 10 mejores software de servicio posventa<\/a><\/li>\n<li><a href=\"\/es\/atencion-al-cliente\/gestion-tickets-atencion-cliente\/\">Gesti\u00f3n de tickets de atenci\u00f3n al cliente: gu\u00eda b\u00e1sica para ponerse en marcha<\/a><\/li>\n<\/ul>\n<\/div>\n","protected":false},"excerpt":{"rendered":"<p>Todos sabemos que las empresas deben ofrecer una atenci\u00f3n al cliente adecuada. El servicio de asistencia debe ser capaz de responder a las solicitudes y quejas de diferentes prospectos o clientes. Como bien sabemos, es fundamental mantener bajo control las relaciones con el cliente porque sus impresiones, seg\u00fan sean positivas o negativas, tienen un gran [&hellip;]<\/p>\n","protected":false},"author":5,"featured_media":3042,"parent":0,"menu_order":0,"comment_status":"closed","ping_status":"closed","template":"","meta":{"_acf_changed":false,"om_disable_all_campaigns":false,"_genesis_hide_title":false,"_genesis_hide_breadcrumbs":false,"_genesis_hide_singular_image":false,"_genesis_hide_footer_widgets":false,"_genesis_custom_body_class":"","_genesis_custom_post_class":"","_genesis_layout":"","footnotes":""},"acf":[],"yoast_head":"<!-- This site is optimized with the Yoast SEO plugin v24.5 - https:\/\/yoast.com\/wordpress\/plugins\/seo\/ -->\n<title>Todo sobre el servicio de atenci\u00f3n al cliente: gu\u00edas y software - Webolto<\/title>\n<meta name=\"description\" content=\"Muchas empresas en crecimiento necesitan un software para automatizar el servicio de atenci\u00f3n al cliente y ganar eficiencia.\" \/>\n<meta name=\"robots\" content=\"index, follow, max-snippet:-1, max-image-preview:large, max-video-preview:-1\" \/>\n<link rel=\"canonical\" href=\"https:\/\/www.webolto.com\/es\/atencion-al-cliente\/\" \/>\n<meta property=\"og:locale\" content=\"es_ES\" \/>\n<meta property=\"og:type\" content=\"article\" \/>\n<meta property=\"og:title\" content=\"Todo sobre el servicio de atenci\u00f3n al cliente: gu\u00edas y software - Webolto\" \/>\n<meta property=\"og:description\" content=\"Muchas empresas en crecimiento necesitan un software para automatizar el servicio de atenci\u00f3n al cliente y ganar eficiencia.\" \/>\n<meta property=\"og:url\" content=\"https:\/\/www.webolto.com\/es\/atencion-al-cliente\/\" \/>\n<meta property=\"og:site_name\" content=\"Webolto\" \/>\n<meta property=\"article:modified_time\" content=\"2023-03-03T09:29:16+00:00\" \/>\n<meta property=\"og:image\" content=\"https:\/\/www.webolto.com\/es\/wp-content\/uploads\/sites\/2\/2023\/01\/atencion-al-cliente-affiche.jpg\" \/>\n\t<meta property=\"og:image:width\" content=\"470\" \/>\n\t<meta property=\"og:image:height\" content=\"353\" \/>\n\t<meta property=\"og:image:type\" content=\"image\/jpeg\" \/>\n<meta name=\"twitter:card\" content=\"summary_large_image\" \/>\n<meta name=\"twitter:label1\" content=\"Tiempo de lectura\" \/>\n\t<meta name=\"twitter:data1\" content=\"8 minutos\" \/>\n<!-- \/ Yoast SEO plugin. -->","yoast_head_json":{"title":"Todo sobre el servicio de atenci\u00f3n al cliente: gu\u00edas y software - Webolto","description":"Muchas empresas en crecimiento necesitan un software para automatizar el servicio de atenci\u00f3n al cliente y ganar eficiencia.","robots":{"index":"index","follow":"follow","max-snippet":"max-snippet:-1","max-image-preview":"max-image-preview:large","max-video-preview":"max-video-preview:-1"},"canonical":"https:\/\/www.webolto.com\/es\/atencion-al-cliente\/","og_locale":"es_ES","og_type":"article","og_title":"Todo sobre el servicio de atenci\u00f3n al cliente: gu\u00edas y software - Webolto","og_description":"Muchas empresas en crecimiento necesitan un software para automatizar el servicio de atenci\u00f3n al cliente y ganar eficiencia.","og_url":"https:\/\/www.webolto.com\/es\/atencion-al-cliente\/","og_site_name":"Webolto","article_modified_time":"2023-03-03T09:29:16+00:00","og_image":[{"width":470,"height":353,"url":"https:\/\/www.webolto.com\/es\/wp-content\/uploads\/sites\/2\/2023\/01\/atencion-al-cliente-affiche.jpg","type":"image\/jpeg"}],"twitter_card":"summary_large_image","twitter_misc":{"Tiempo de lectura":"8 minutos"},"schema":{"@context":"https:\/\/schema.org","@graph":[{"@type":"WebPage","@id":"https:\/\/www.webolto.com\/es\/atencion-al-cliente\/","url":"https:\/\/www.webolto.com\/es\/atencion-al-cliente\/","name":"Todo sobre el servicio de atenci\u00f3n al cliente: gu\u00edas y software - Webolto","isPartOf":{"@id":"https:\/\/www.webolto.com\/es\/#website"},"primaryImageOfPage":{"@id":"https:\/\/www.webolto.com\/es\/atencion-al-cliente\/#primaryimage"},"image":{"@id":"https:\/\/www.webolto.com\/es\/atencion-al-cliente\/#primaryimage"},"thumbnailUrl":"https:\/\/www.webolto.com\/es\/wp-content\/uploads\/sites\/2\/2023\/01\/atencion-al-cliente-affiche.jpg","datePublished":"2023-01-30T02:59:40+00:00","dateModified":"2023-03-03T09:29:16+00:00","description":"Muchas empresas en crecimiento necesitan un software para automatizar el servicio de atenci\u00f3n al cliente y ganar eficiencia.","breadcrumb":{"@id":"https:\/\/www.webolto.com\/es\/atencion-al-cliente\/#breadcrumb"},"inLanguage":"es","potentialAction":[{"@type":"ReadAction","target":["https:\/\/www.webolto.com\/es\/atencion-al-cliente\/"]}]},{"@type":"ImageObject","inLanguage":"es","@id":"https:\/\/www.webolto.com\/es\/atencion-al-cliente\/#primaryimage","url":"https:\/\/www.webolto.com\/es\/wp-content\/uploads\/sites\/2\/2023\/01\/atencion-al-cliente-affiche.jpg","contentUrl":"https:\/\/www.webolto.com\/es\/wp-content\/uploads\/sites\/2\/2023\/01\/atencion-al-cliente-affiche.jpg","width":470,"height":353},{"@type":"BreadcrumbList","@id":"https:\/\/www.webolto.com\/es\/atencion-al-cliente\/#breadcrumb","itemListElement":[{"@type":"ListItem","position":1,"name":"Home","item":"https:\/\/www.webolto.com\/es\/"},{"@type":"ListItem","position":2,"name":"Todo sobre el servicio de atenci\u00f3n al cliente: definici\u00f3n, gu\u00edas, comparaciones y herramientas"}]},{"@type":"WebSite","@id":"https:\/\/www.webolto.com\/es\/#website","url":"https:\/\/www.webolto.com\/es\/","name":"Webolto","description":"Centro de recursos para creadores de sitios web","publisher":{"@id":"https:\/\/www.webolto.com\/es\/#organization"},"potentialAction":[{"@type":"SearchAction","target":{"@type":"EntryPoint","urlTemplate":"https:\/\/www.webolto.com\/es\/?s={search_term_string}"},"query-input":{"@type":"PropertyValueSpecification","valueRequired":true,"valueName":"search_term_string"}}],"inLanguage":"es"},{"@type":"Organization","@id":"https:\/\/www.webolto.com\/es\/#organization","name":"Webolto","url":"https:\/\/www.webolto.com\/es\/","logo":{"@type":"ImageObject","inLanguage":"es","@id":"https:\/\/www.webolto.com\/es\/#\/schema\/logo\/image\/","url":"https:\/\/www.webolto.com\/es\/wp-content\/uploads\/sites\/2\/2020\/05\/header-logo.png","contentUrl":"https:\/\/www.webolto.com\/es\/wp-content\/uploads\/sites\/2\/2020\/05\/header-logo.png","width":3237,"height":667,"caption":"Webolto"},"image":{"@id":"https:\/\/www.webolto.com\/es\/#\/schema\/logo\/image\/"}}]}},"featured_image_src":"https:\/\/www.webolto.com\/es\/wp-content\/uploads\/sites\/2\/2023\/01\/atencion-al-cliente-affiche.jpg","featured_image_src_square":"https:\/\/www.webolto.com\/es\/wp-content\/uploads\/sites\/2\/2023\/01\/atencion-al-cliente-affiche.jpg","_links":{"self":[{"href":"https:\/\/www.webolto.com\/es\/wp-json\/wp\/v2\/pages\/3038"}],"collection":[{"href":"https:\/\/www.webolto.com\/es\/wp-json\/wp\/v2\/pages"}],"about":[{"href":"https:\/\/www.webolto.com\/es\/wp-json\/wp\/v2\/types\/page"}],"author":[{"embeddable":true,"href":"https:\/\/www.webolto.com\/es\/wp-json\/wp\/v2\/users\/5"}],"replies":[{"embeddable":true,"href":"https:\/\/www.webolto.com\/es\/wp-json\/wp\/v2\/comments?post=3038"}],"version-history":[{"count":0,"href":"https:\/\/www.webolto.com\/es\/wp-json\/wp\/v2\/pages\/3038\/revisions"}],"wp:featuredmedia":[{"embeddable":true,"href":"https:\/\/www.webolto.com\/es\/wp-json\/wp\/v2\/media\/3042"}],"wp:attachment":[{"href":"https:\/\/www.webolto.com\/es\/wp-json\/wp\/v2\/media?parent=3038"}],"curies":[{"name":"wp","href":"https:\/\/api.w.org\/{rel}","templated":true}]}}