{"id":2923,"date":"2022-12-17T11:07:09","date_gmt":"2022-12-17T12:07:09","guid":{"rendered":"http:\/\/www.webolto.com\/es\/?page_id=2923"},"modified":"2023-11-10T09:51:33","modified_gmt":"2023-11-10T10:51:33","slug":"especificaciones-funcionales-proyecto","status":"publish","type":"page","link":"https:\/\/www.webolto.com\/es\/gestion-de-proyectos\/especificaciones-funcionales-proyecto\/","title":{"rendered":"Especificaciones funcionales de un proyecto: qu\u00e9 son y c\u00f3mo redactarlas"},"content":{"rendered":"<p>En la gesti\u00f3n de proyectos, las especificaciones funcionales de un proyecto son fundamentales para definir las expectativas y requisitos funcionales del producto final. Asimismo, permiten comprender el contexto del proyecto (sus objetivos, las caracter\u00edsticas de la empresa que realiza el trabajo, los plazos y presupuestos que se deben respetar, as\u00ed como los actores que intervienen en los procesos).<\/p>\n<p>Se complementan con las especificaciones t\u00e9cnicas, que describen la forma de desarrollar cada funcionalidad del producto final. Estos dos documentos juntos sirven como referencia para todas las partes involucradas en el proceso, tanto interna como externamente.<\/p>\n<p>Es un documento que no deber\u00eda faltar cuando se trabaja en colaboraci\u00f3n con diferentes equipos y organizaciones; y te vamos a ayudar a elaborarlo. \u00a1Descubre c\u00f3mo redactar las especificaciones funcionales y descarga nuestras plantillas que te servir\u00e1n como referencia para iniciar tu trabajo!<\/p>\n<div class=\"bloc-tips\">\n<p><i class=\"fa fa-book\"><\/i><span class=\"title is-5\">\u00cdndice<\/span><\/p>\n<ul class=\"icon-chevron\" style=\"margin-bottom: 0px\">\n<li><a href=\"#_Toc122172476\">Qu\u00e9 son las especificaciones funcionales de un proyecto<\/a><\/li>\n<li><a href=\"#_Toc122172477\">Los dos tipos de especificaciones de un proyecto<\/a><\/li>\n<li><a href=\"#_Toc122172478\">Contenido de las especificaciones funcionales de un proyecto<\/a><\/li>\n<li><a href=\"#_Toc122172479\">Descarga nuestras plantillas de especificaciones<\/a><\/li>\n<li><a href=\"#_Toc122172480\">Preguntas frecuentes sobre las especificaciones funcionales de un proyecto<\/a><\/li>\n<\/ul>\n<\/div>\n<h2><a name=\"_Toc122172476\"><\/a>Qu\u00e9 son las especificaciones funcionales de un proyecto<\/h2>\n<p>Un pliego de condiciones, requerimientos o <strong><a href=\"\/es\/gestion-de-proyectos\/redactar-especificaciones-proyecto\/\">especificaciones de un proyecto<\/a><\/strong> es un documento en el que se expresan con claridad todos los detalles de un proyecto (expectativas, necesidades, especificidades, presupuestos, plazos, etc.). Evita cualquier ambig\u00fcedad entre los diferentes actores que intervienen en \u00e9l, particularmente entre el contratista y el promotor.<\/p>\n<p>Este documento, que suele estar redactado o supervisado por el director\/a del proyecto, puede tener valor contractual. Cada una de las partes (en particular, el proveedor) se compromete a respetar los t\u00e9rminos y plazos indicados en las especificaciones.<\/p>\n<p>Los requerimientos funcionales tienen dos objetivos esenciales y muy diferenciados:<\/p>\n<ul>\n<li>Es una herramienta que ayuda al director\/a, a cargo del dise\u00f1o del proyecto, a <strong>definir sus necesidades<\/strong> y formalizarlas adecuadamente. Los proyectos siempre comienzan expresando una necesidad (<em>necesito crear un sitio web, implantar una aplicaci\u00f3n, etc.<\/em>), que se plasma en la redacci\u00f3n de un pliego de condiciones.<\/li>\n<li>Es una herramienta que permite al contratista principal (el proveedor de servicios que lleva a cabo el trabajo) <strong>comprender al detalle las necesidades de su cliente<\/strong>. Se utiliza en licitaciones para seleccionar a los proveedores de servicios. Las especificaciones sirven como soporte para los intercambios entre los diversos actores.<\/li>\n<\/ul>\n<p class=\"bloc-tips\"><i class=\"fa fa-book\"><\/i><strong>Para saber m\u00e1s<\/strong>: Descubre nuestra <strong><a href=\"\/es\/gestion-de-proyectos\/\">gu\u00eda completa de gesti\u00f3n de proyectos<\/a><\/strong>.<\/p>\n<h2><a name=\"_Toc122172477\"><\/a>Los dos tipos de especificaciones de un proyecto<\/h2>\n<p>Para algunos proyectos, especialmente los del \u00e1mbito tecnol\u00f3gico, se realiza una distinci\u00f3n entre las especificaciones funcionales y las t\u00e9cnicas.<\/p>\n<h3>Las especificaciones funcionales<\/h3>\n<p>Los requerimientos funcionales formalizan con precisi\u00f3n las expectativas del cliente y lo que espera del producto final. Presentan el contexto del proyecto, la empresa que lo lleva a cabo (su sistema inform\u00e1tico, su organizaci\u00f3n, sus h\u00e1bitos de trabajo, etc.), los objetivos y las necesidades funcionales que debe cubrir.<\/p>\n<p>Este documento tambi\u00e9n puede aportar informaci\u00f3n a los proveedores sobre el cronograma previsto, el presupuesto, los diversos actores que participan en el proyecto, el modelo de colaboraci\u00f3n deseado, los m\u00e9todos y herramientas que se usar\u00e1n para llevar el seguimiento (<strong><a href=\"\/es\/gestion-de-proyectos\/mejores-software-gestion-proyectos\/\">software de gesti\u00f3n de proyectos<\/a><\/strong> o comunicaci\u00f3n, por ejemplo).<\/p>\n<p>Tambi\u00e9n puedes reservar parte de tus requerimientos para los aspectos clave que creas que definen el \u00e9xito de tu proyecto. Esto permite a las partes interesadas comprender por completo tus prioridades para convertirlas tambi\u00e9n en las suyas.<\/p>\n<h3>Las especificaciones t\u00e9cnicas<\/h3>\n<p>Las <strong><a href=\"\/es\/gestion-de-proyectos\/especificaciones-tecnicas-proyecto\/\">especificaciones t\u00e9cnicas<\/a><\/strong> son un complemento de las funcionales. Si es necesario, se redactan para describir c\u00f3mo desarrollar el producto id\u00f3neo para el usuario final. Se utilizan para:<\/p>\n<ul>\n<li>Definir las restricciones t\u00e9cnicas de la empresa y\/o del proyecto (entorno, procedimientos, restricciones de seguridad, etc.);<\/li>\n<li>Indicar las especificidades t\u00e9cnicas que se esperan del producto (idioma utilizado, software, copias de seguridad, etc.)<\/li>\n<\/ul>\n<p>Si tu empresa no est\u00e1 especializada en el sector tecnol\u00f3gico, es posible que no tengas informaci\u00f3n para abordar todos los puntos anteriores. Intenta aportar al menos algunas nociones y no dejes de pedir a los proveedores sus propuestas de requisitos t\u00e9cnicos antes de empezar el proyecto.<\/p>\n<p class=\"bloc-tips\"><i class=\"fa fa-book\"><\/i>Descubre<strong> <a href=\"\/es\/gestion-de-proyectos\/herramientas-retroplanning\/\">las 7 mejores herramientas de retroplanning para tus proyectos<\/a><\/strong><\/p>\n<h2><a name=\"_Toc122172478\"><\/a>Contenido de las especificaciones funcionales de un proyecto<\/h2>\n<p>Una especificaci\u00f3n funcional es parte esencial del dise\u00f1o de proyectos. Debe contener informaci\u00f3n necesaria para todas las partes involucradas de una u otra forma en \u00e9l.<\/p>\n<h3>1 \u2013 Presentaci\u00f3n del proyecto y su contexto<\/h3>\n<p>Esta primera parte tiene como objetivo definir las l\u00edneas principales de tu proyecto, sus principales actores y el contexto en el que nace surge. Presentar\u00e1s:<\/p>\n<ul>\n<li>La empresa, su actividad y su forma de funcionamiento<\/li>\n<li>El objetivo de tu proyecto<\/li>\n<li>Las personas que participan activamente en \u00e9l<\/li>\n<li>Los interlocutores prioritarios en cada departamento implicado<\/li>\n<li>La competencia existente para tu proyecto<\/li>\n<\/ul>\n<p>Si est\u00e1s desarrollando el proyecto de manera interna, podr\u00e1s pasar por alto cierta informaci\u00f3n, como la presentaci\u00f3n de la empresa y sus diferentes departamentos. En cambio, si conf\u00edas la totalidad o parte del trabajo a proveedores externos, aseg\u00farate de que toda la informaci\u00f3n quede clara. Una buena comprensi\u00f3n de los proyectos y su contexto es esencial para evitar cualquier confusi\u00f3n o interpretaci\u00f3n err\u00f3nea.<\/p>\n<h3>2 \u2013 Definici\u00f3n de las necesidades<\/h3>\n<p>En esta segunda parte, expresar\u00e1s con precisi\u00f3n las necesidades a las que responde tu proyecto. En este punto, el objetivo es aportar la mayor precisi\u00f3n posible, independientemente de la persona o compa\u00f1\u00eda a la que te dirijas. Debes identificar y explicar:<\/p>\n<ul>\n<li>Tus expectativas<\/li>\n<li>Las funciones que necesitas<\/li>\n<li>Las integraciones de software necesarias si se trata de un proyecto inform\u00e1tico o digital<\/li>\n<li>La compatibilidad que necesitas con otros soportes a partir de los cuales se puede utilizar la soluci\u00f3n desarrollada<\/li>\n<\/ul>\n<p>Una formulaci\u00f3n de necesidades bien detallada estructura y dirige tu proyecto en la direcci\u00f3n correcta.<\/p>\n<h3>3 \u2013 Traducci\u00f3n de las necesidades en requisitos funcionales<\/h3>\n<p>Despu\u00e9s de haber definido tu proyecto y necesidades, es hora de delimitar las funciones esenciales que debe tener la soluci\u00f3n (software o aplicaci\u00f3n m\u00f3vil) o el sitio web que se va a desarrollar.<\/p>\n<p>Es necesario definir las acciones que permite cada elemento (p\u00e1ginas, botones, pesta\u00f1as, etc.). Si tu aplicaci\u00f3n, software o sitio web tiene un back office, tambi\u00e9n debes describirlo con precisi\u00f3n, identificar sus diferentes roles y los diferentes grados de derechos de acceso.<\/p>\n<p>Si ya hay planificadas varias versiones de tu proyecto, tambi\u00e9n debes indicarlas una a una. Para ilustrar tus requisitos funcionales con claridad, puedes elaborar una plantilla a mano o con un software especializado.<\/p>\n<p>Nuevamente, si tu empresa es una pyme sin muchos conocimientos tecnol\u00f3gicos, puedes <em>dejarte guiar<\/em> por los proveedores para concretar esta parte de las especificaciones. Lo importante ser\u00e1 que aportes en la medida de lo posible unos apuntes iniciales de lo que necesitas y, sobre todo, que los proveedores acuerden contigo cada requisito funcional (esta vez s\u00ed, con precisi\u00f3n) antes de aprobar el proyecto y ponerlo en marcha.<\/p>\n<h3>4 \u2013 Recursos y limitaciones<\/h3>\n<p>En las especificaciones funcionales de un proyecto, siempre es importante indicar las limitaciones m\u00e1s o menos evidentes a las que tu empresa hace frente:<\/p>\n<ul>\n<li>Las <strong>limitaciones presupuestarias<\/strong> deben especificarse seg\u00fan las distintas partidas de gasto.<\/li>\n<li>Las <strong>limitaciones temporales<\/strong> definen las principales etapas de tu proyecto y tus plazos deseados o imperativos.<\/li>\n<li>Las <strong>restricciones legales<\/strong> generalmente se redactan o verifican por el departamento legal de la empresa o por sus gestores administrativos.<\/li>\n<li>Las <strong>restricciones t\u00e9cnicas<\/strong> vinculan el proyecto a herramientas digitales, de software o f\u00edsicas que ya utilizas y con las que tu soluci\u00f3n debe estar disponible.<\/li>\n<li>Las <strong>restricciones log\u00edsticas<\/strong>, como la disponibilidad de ciertos componentes en stock, tambi\u00e9n pueden afectar a tu proyecto.<\/li>\n<\/ul>\n<p>Tambi\u00e9n debes enumerar todos los recursos materiales y humanos que necesitas. Ser\u00e1 importante establecer la distinci\u00f3n entre los recursos que ya tienes y los que tendr\u00e1s que movilizar.<\/p>\n<p class=\"bloc-tips\"><i class=\"fa fa-book\"><\/i>Hemos dedicado un art\u00edculo a los diferentes <strong><a href=\"\/es\/blog\/gestion-proyectos-web\/\">m\u00e9todos de gesti\u00f3n de proyectos web<\/a><\/strong> que probablemente te resulte \u00fatil. \u00a1No dejes de consultarlo si te dispones a crear o redise\u00f1ar un sitio web!<\/p>\n<h2><a name=\"_Toc122172479\"><\/a>Descarga nuestra plantilla de especificaciones para crear un sitio web y una aplicaci\u00f3n m\u00f3vil<\/h2>\n<p>Redactar las especificaciones a partir de un modelo listo para usar ahorra mucho tiempo y te ayudar\u00e1 a concretar lo que estamos viendo en este art\u00edculo. Con nuestro documento descargable, no tienes que preocuparte por el dise\u00f1o, la estructura, etc. Te concentras en lo esencial: el contenido, es decir, expresar lo que necesitas.<\/p>\n<p>Webolto ha creado dos modelos de pliegos de especialmente adaptados a los proyectos web. La buena noticia es que todos <a href=\"\/es\/recursos\">nuestros recursos descargables<\/a> son gratuitos. Disfr\u00fatalos \ud83d\ude42<\/p>\n<p>Estos son los dos modelos de especificaciones que ofrecemos:<\/p>\n<ul>\n<li><a href=\"\/es\/blog\/pliego-condiciones-web\/\">Ejemplo de pliego de condiciones para crear un sitio web<\/a><\/li>\n<li><a href=\"\/es\/blog\/desarrollo-aplicaciones-moviles-especificaciones\/\">Desarrollo de aplicaciones m\u00f3viles: c\u00f3mo redactar las especificaciones<\/a><\/li>\n<\/ul>\n<p class=\"bloc-tips\"><i class=\"fa fa-book\"><\/i>Descubre todas nuestras plantillas de <strong><a href=\"\/es\/recursos\/\">recursos digitales para negocios emergentes<\/a><\/strong>.<\/p>\n<h2><a name=\"_Toc122172480\"><\/a>Preguntas frecuentes sobre las especificaciones funcionales de un proyecto<\/h2>\n<h3>\u00bfC\u00f3mo elaborar un pliego de especificaciones funcionales?<\/h3>\n<p>Las especificaciones funcionales son un documento de referencia que debe prepararse con precisi\u00f3n y coherencia. Para redactarlo, puedes usar como base una plantilla de pliego de condiciones descargable gratuita. Estas plantillas est\u00e1n formateadas para facilitar la redacci\u00f3n de las especificaciones y son personalizables.<\/p>\n<h3>\u00bfPara qu\u00e9 sirven las especificaciones funcionales de un proyecto?<\/h3>\n<p>Las especificaciones funcionales permiten al director\/a del proyecto establecer una definici\u00f3n clara de los l\u00edmites de tu proyecto, expresando todas las necesidades y expectativas. Tambi\u00e9n le permiten comunicarse con las partes involucradas internas o externas, para que todos los actores entiendan bien el proyecto.<\/p>\n<p>\u00bfCu\u00e1les son los 4 componentes de las especificaciones funcionales?<\/p>\n<p>Una pliego de condiciones o especificaciones se divide en las siguientes partes:<\/p>\n<ul>\n<li>La definici\u00f3n del proyecto y su contexto<\/li>\n<li>La definici\u00f3n de las necesidades precisas, o la expresi\u00f3n funcional de esas necesidades.<\/li>\n<li>Cada requisito funcional para cubrir esas necesidades.<\/li>\n<li>Los recursos (disponibles o no) y las limitaciones que a las que est\u00e1 sujeto tu proyecto.<\/li>\n<\/ul>\n<h3>\u00bfQui\u00e9n redacta las especificaciones funcionales?<\/h3>\n<p>El director\/a del proyecto redacta las especificaciones funcionales. Tambi\u00e9n es posible que lo haga un empleado o gestor a quien se le ha detallado el proyecto con anterioridad. Asimismo, puedes contar con un gestor de proyectos interno que siga el progreso de principio a fin y redacte las especificaciones funcionales.<\/p>\n<h3>\u00bfCu\u00e1l es la diferencia entre las especificaciones funcionales y las especificaciones t\u00e9cnicas?<\/h3>\n<p>Las especificaciones funcionales de un proyecto especifican las necesidades que debe satisfacer el producto final, mientras que las especificaciones t\u00e9cnicas detallan la forma en que el producto puede satisfacer las necesidades del usuario. Por lo general, las especificaciones t\u00e9cnicas complementan a las funcionales.<\/p>\n<div class=\"bloc-tips\"><i class=\"fa fa-book\"><\/i><span class=\"title is-5\">Otros recursos de Webolto<\/span><br \/>\nDescubre m\u00e1s art\u00edculos para ayudarte con la gesti\u00f3n de tus proyectos:\n<ul>\n<li><a href=\"\/es\/gestion-de-proyectos\/programas-hacer-plan-negocios\/\">Los 8 mejores programas para hacer un plan de negocios (gratis y de pago)<\/a><\/li>\n<li><a href=\"\/es\/blog\/desarrollo-pagina-web-agencia\/\">C\u00f3mo seguir el desarrollo de una p\u00e1gina web encargada a una agencia<\/a><\/li>\n<li><a href=\"\/es\/gestion-de-proyectos\/herramientas-mejorar-productividad\/\">15 herramientas para mejorar la productividad en tu empresa<\/a><\/li>\n<\/ul>\n<\/div>\n","protected":false},"excerpt":{"rendered":"<p>En la gesti\u00f3n de proyectos, las especificaciones funcionales de un proyecto son fundamentales para definir las expectativas y requisitos funcionales del producto final. Asimismo, permiten comprender el contexto del proyecto (sus objetivos, las caracter\u00edsticas de la empresa que realiza el trabajo, los plazos y presupuestos que se deben respetar, as\u00ed como los actores que intervienen [&hellip;]<\/p>\n","protected":false},"author":5,"featured_media":1261,"parent":2598,"menu_order":0,"comment_status":"closed","ping_status":"closed","template":"","meta":{"_acf_changed":false,"om_disable_all_campaigns":false,"_genesis_hide_title":false,"_genesis_hide_breadcrumbs":false,"_genesis_hide_singular_image":false,"_genesis_hide_footer_widgets":false,"_genesis_custom_body_class":"","_genesis_custom_post_class":"","_genesis_layout":"","footnotes":""},"acf":[],"yoast_head":"<!-- This site is optimized with the Yoast SEO plugin v24.5 - https:\/\/yoast.com\/wordpress\/plugins\/seo\/ -->\n<title>Qu\u00e9 son las especificaciones funcionales de un proyecto - Webolto<\/title>\n<meta name=\"description\" content=\"Las especificaciones funcionales de un proyecto sirven para reflejar tus expectativas como cliente. Descubre c\u00f3mo redactarlas con precisi\u00f3n.\" \/>\n<meta name=\"robots\" content=\"index, follow, max-snippet:-1, max-image-preview:large, max-video-preview:-1\" \/>\n<link rel=\"canonical\" href=\"https:\/\/www.webolto.com\/es\/gestion-de-proyectos\/especificaciones-funcionales-proyecto\/\" \/>\n<meta property=\"og:locale\" content=\"es_ES\" \/>\n<meta property=\"og:type\" content=\"article\" \/>\n<meta property=\"og:title\" content=\"Qu\u00e9 son las especificaciones funcionales de un proyecto - Webolto\" \/>\n<meta property=\"og:description\" content=\"Las especificaciones funcionales de un proyecto sirven para reflejar tus expectativas como cliente. Descubre c\u00f3mo redactarlas con precisi\u00f3n.\" \/>\n<meta property=\"og:url\" content=\"https:\/\/www.webolto.com\/es\/gestion-de-proyectos\/especificaciones-funcionales-proyecto\/\" \/>\n<meta property=\"og:site_name\" content=\"Webolto\" \/>\n<meta property=\"article:modified_time\" content=\"2023-11-10T10:51:33+00:00\" \/>\n<meta property=\"og:image\" content=\"https:\/\/www.webolto.com\/es\/wp-content\/uploads\/sites\/2\/2021\/02\/crear-un-sitio-web.jpg\" \/>\n\t<meta property=\"og:image:width\" content=\"470\" \/>\n\t<meta property=\"og:image:height\" content=\"353\" \/>\n\t<meta property=\"og:image:type\" content=\"image\/jpeg\" \/>\n<meta name=\"twitter:card\" content=\"summary_large_image\" \/>\n<meta name=\"twitter:label1\" content=\"Tiempo de lectura\" \/>\n\t<meta name=\"twitter:data1\" content=\"9 minutos\" \/>\n<!-- \/ Yoast SEO plugin. -->","yoast_head_json":{"title":"Qu\u00e9 son las especificaciones funcionales de un proyecto - Webolto","description":"Las especificaciones funcionales de un proyecto sirven para reflejar tus expectativas como cliente. Descubre c\u00f3mo redactarlas con precisi\u00f3n.","robots":{"index":"index","follow":"follow","max-snippet":"max-snippet:-1","max-image-preview":"max-image-preview:large","max-video-preview":"max-video-preview:-1"},"canonical":"https:\/\/www.webolto.com\/es\/gestion-de-proyectos\/especificaciones-funcionales-proyecto\/","og_locale":"es_ES","og_type":"article","og_title":"Qu\u00e9 son las especificaciones funcionales de un proyecto - Webolto","og_description":"Las especificaciones funcionales de un proyecto sirven para reflejar tus expectativas como cliente. Descubre c\u00f3mo redactarlas con precisi\u00f3n.","og_url":"https:\/\/www.webolto.com\/es\/gestion-de-proyectos\/especificaciones-funcionales-proyecto\/","og_site_name":"Webolto","article_modified_time":"2023-11-10T10:51:33+00:00","og_image":[{"width":470,"height":353,"url":"https:\/\/www.webolto.com\/es\/wp-content\/uploads\/sites\/2\/2021\/02\/crear-un-sitio-web.jpg","type":"image\/jpeg"}],"twitter_card":"summary_large_image","twitter_misc":{"Tiempo de lectura":"9 minutos"},"schema":{"@context":"https:\/\/schema.org","@graph":[{"@type":"WebPage","@id":"https:\/\/www.webolto.com\/es\/gestion-de-proyectos\/especificaciones-funcionales-proyecto\/","url":"https:\/\/www.webolto.com\/es\/gestion-de-proyectos\/especificaciones-funcionales-proyecto\/","name":"Qu\u00e9 son las especificaciones funcionales de un proyecto - Webolto","isPartOf":{"@id":"https:\/\/www.webolto.com\/es\/#website"},"primaryImageOfPage":{"@id":"https:\/\/www.webolto.com\/es\/gestion-de-proyectos\/especificaciones-funcionales-proyecto\/#primaryimage"},"image":{"@id":"https:\/\/www.webolto.com\/es\/gestion-de-proyectos\/especificaciones-funcionales-proyecto\/#primaryimage"},"thumbnailUrl":"https:\/\/www.webolto.com\/es\/wp-content\/uploads\/sites\/2\/2021\/02\/crear-un-sitio-web.jpg","datePublished":"2022-12-17T12:07:09+00:00","dateModified":"2023-11-10T10:51:33+00:00","description":"Las especificaciones funcionales de un proyecto sirven para reflejar tus expectativas como cliente. Descubre c\u00f3mo redactarlas con precisi\u00f3n.","breadcrumb":{"@id":"https:\/\/www.webolto.com\/es\/gestion-de-proyectos\/especificaciones-funcionales-proyecto\/#breadcrumb"},"inLanguage":"es","potentialAction":[{"@type":"ReadAction","target":["https:\/\/www.webolto.com\/es\/gestion-de-proyectos\/especificaciones-funcionales-proyecto\/"]}]},{"@type":"ImageObject","inLanguage":"es","@id":"https:\/\/www.webolto.com\/es\/gestion-de-proyectos\/especificaciones-funcionales-proyecto\/#primaryimage","url":"https:\/\/www.webolto.com\/es\/wp-content\/uploads\/sites\/2\/2021\/02\/crear-un-sitio-web.jpg","contentUrl":"https:\/\/www.webolto.com\/es\/wp-content\/uploads\/sites\/2\/2021\/02\/crear-un-sitio-web.jpg","width":470,"height":353},{"@type":"BreadcrumbList","@id":"https:\/\/www.webolto.com\/es\/gestion-de-proyectos\/especificaciones-funcionales-proyecto\/#breadcrumb","itemListElement":[{"@type":"ListItem","position":1,"name":"Home","item":"https:\/\/www.webolto.com\/es\/"},{"@type":"ListItem","position":2,"name":"Gu\u00eda completa de gesti\u00f3n de proyectos: definici\u00f3n, m\u00e9todos, herramientas y etapas","item":"https:\/\/www.webolto.com\/es\/gestion-de-proyectos\/"},{"@type":"ListItem","position":3,"name":"Especificaciones funcionales de un proyecto: qu\u00e9 son y c\u00f3mo redactarlas"}]},{"@type":"WebSite","@id":"https:\/\/www.webolto.com\/es\/#website","url":"https:\/\/www.webolto.com\/es\/","name":"Webolto","description":"Centro de recursos para creadores de sitios web","publisher":{"@id":"https:\/\/www.webolto.com\/es\/#organization"},"potentialAction":[{"@type":"SearchAction","target":{"@type":"EntryPoint","urlTemplate":"https:\/\/www.webolto.com\/es\/?s={search_term_string}"},"query-input":{"@type":"PropertyValueSpecification","valueRequired":true,"valueName":"search_term_string"}}],"inLanguage":"es"},{"@type":"Organization","@id":"https:\/\/www.webolto.com\/es\/#organization","name":"Webolto","url":"https:\/\/www.webolto.com\/es\/","logo":{"@type":"ImageObject","inLanguage":"es","@id":"https:\/\/www.webolto.com\/es\/#\/schema\/logo\/image\/","url":"https:\/\/www.webolto.com\/es\/wp-content\/uploads\/sites\/2\/2020\/05\/header-logo.png","contentUrl":"https:\/\/www.webolto.com\/es\/wp-content\/uploads\/sites\/2\/2020\/05\/header-logo.png","width":3237,"height":667,"caption":"Webolto"},"image":{"@id":"https:\/\/www.webolto.com\/es\/#\/schema\/logo\/image\/"}}]}},"featured_image_src":"https:\/\/www.webolto.com\/es\/wp-content\/uploads\/sites\/2\/2021\/02\/crear-un-sitio-web.jpg","featured_image_src_square":"https:\/\/www.webolto.com\/es\/wp-content\/uploads\/sites\/2\/2021\/02\/crear-un-sitio-web.jpg","_links":{"self":[{"href":"https:\/\/www.webolto.com\/es\/wp-json\/wp\/v2\/pages\/2923"}],"collection":[{"href":"https:\/\/www.webolto.com\/es\/wp-json\/wp\/v2\/pages"}],"about":[{"href":"https:\/\/www.webolto.com\/es\/wp-json\/wp\/v2\/types\/page"}],"author":[{"embeddable":true,"href":"https:\/\/www.webolto.com\/es\/wp-json\/wp\/v2\/users\/5"}],"replies":[{"embeddable":true,"href":"https:\/\/www.webolto.com\/es\/wp-json\/wp\/v2\/comments?post=2923"}],"version-history":[{"count":0,"href":"https:\/\/www.webolto.com\/es\/wp-json\/wp\/v2\/pages\/2923\/revisions"}],"up":[{"embeddable":true,"href":"https:\/\/www.webolto.com\/es\/wp-json\/wp\/v2\/pages\/2598"}],"wp:featuredmedia":[{"embeddable":true,"href":"https:\/\/www.webolto.com\/es\/wp-json\/wp\/v2\/media\/1261"}],"wp:attachment":[{"href":"https:\/\/www.webolto.com\/es\/wp-json\/wp\/v2\/media?parent=2923"}],"curies":[{"name":"wp","href":"https:\/\/api.w.org\/{rel}","templated":true}]}}