{"id":2902,"date":"2022-12-07T15:42:28","date_gmt":"2022-12-07T16:42:28","guid":{"rendered":"http:\/\/www.webolto.com\/es\/?page_id=2902"},"modified":"2022-12-07T15:42:28","modified_gmt":"2022-12-07T16:42:28","slug":"crm-social","status":"publish","type":"page","link":"https:\/\/www.webolto.com\/es\/crm\/crm-social\/","title":{"rendered":"CRM social: c\u00f3mo gestionar las relaciones con los clientes en las redes sociales"},"content":{"rendered":"<p>Con la popularizaci\u00f3n de las redes sociales, han surgido las plataformas de CRM social, o S-CRM para Customer Relationship Management. Emplean una metodolog\u00eda similar a la de un CRM gen\u00e9rico, pero aplicada al \u00e1mbito de las redes sociales. El CRM social tiene como objetivo mejorar la calidad de las relaciones con los clientes aprovechando las posibilidades que ofrecen las redes sociales como Instagram, Twitter o Facebook.<\/p>\n<div class=\"bloc-tips\">\n<p><i class=\"fa fa-book\"><\/i><span class=\"title is-5\">\u00cdndice<\/span><\/p>\n<ul class=\"icon-chevron\" style=\"margin-bottom: 0px\">\n<li><a href=\"#_Toc121325642\">CRM social: \u00bfde qu\u00e9 hablamos exactamente?<\/a><\/li>\n<li><a href=\"#_Toc121325643\">6 ventajas de integrar las redes sociales en la gesti\u00f3n de relaciones con los clientes<\/a><\/li>\n<li><a href=\"#_Toc121325644\">Los retos del CRM social o S-CRM<\/a><\/li>\n<\/ul>\n<\/div>\n<h2><a name=\"_Toc121325642\"><\/a>CRM social: \u00bfde qu\u00e9 hablamos exactamente?<\/h2>\n<p>El CRM social busca integrar las redes sociales como plataformas integral de gesti\u00f3n de relaciones con los clientes, para complementar otras herramientas m\u00e1s tradicionales como el correo electr\u00f3nico. Los consumidores utilizan las redes sociales de forma natural y cada vez con m\u00e1s frecuencia, por lo que son un canal de comunicaci\u00f3n imprescindible para facilitar los intercambios con la marca. Por ejemplo, pueden servir para gestionar devoluciones, opiniones sobre pedidos, solicitudes de informaci\u00f3n o compensaci\u00f3n, etc. Por tanto, con un CRM social, las marcas podr\u00e1n interactuar directamente con sus clientes en sus redes sociales favoritas, como Twitter o Instagram.<\/p>\n<p>Frente a una plataforma tradicional de gesti\u00f3n de relaciones con clientes, el CRM social se basa en una comunicaci\u00f3n \u00e1gil y tiene como objetivo crear una conversaci\u00f3n entre los prospectos, los consumidores y las empresas. Este tipo de <strong><a href=\"\/es\/crm\/\">CRM<\/a><\/strong> facilita que las empresas presenten sus proposiciones de valor y sus productos en intercambios de t\u00fa a t\u00fa. Para elegir la <strong><a href=\"\/es\/crm\/ejemplos-estrategias-crm\/\">estrategia de CRM<\/a><\/strong> adecuada y las prioridades m\u00e1s adecuadas, debes definir tus objetivos corporativos en cuanto a la adquisici\u00f3n, relaci\u00f3n con los clientes y fidelizaci\u00f3n.<\/p>\n<h3>\u00bfCu\u00e1les son los objetivos de un CRM social?<\/h3>\n<p><img loading=\"lazy\" decoding=\"async\" class=\"alignnone wp-image-2904 size-large\" src=\"\/es\/wp-content\/uploads\/sites\/2\/2022\/12\/objetivos-social-crm-1024x576.jpg\" alt=\"Objetivos del CRM social\" width=\"1024\" height=\"576\" srcset=\"https:\/\/www.webolto.com\/es\/wp-content\/uploads\/sites\/2\/2022\/12\/objetivos-social-crm-1024x576.jpg 1024w, https:\/\/www.webolto.com\/es\/wp-content\/uploads\/sites\/2\/2022\/12\/objetivos-social-crm-300x169.jpg 300w, https:\/\/www.webolto.com\/es\/wp-content\/uploads\/sites\/2\/2022\/12\/objetivos-social-crm-768x432.jpg 768w, https:\/\/www.webolto.com\/es\/wp-content\/uploads\/sites\/2\/2022\/12\/objetivos-social-crm-1536x864.jpg 1536w, https:\/\/www.webolto.com\/es\/wp-content\/uploads\/sites\/2\/2022\/12\/objetivos-social-crm.jpg 1920w\" sizes=\"(max-width: 1024px) 100vw, 1024px\" \/><\/p>\n<p>El CRM social da respuesta a tres objetivos principales, situando al cliente en el centro de tu estrategia:<\/p>\n<ul>\n<li><strong>Aumentar la interacci\u00f3n de tu comunidad de usuarios:<\/strong> mediante el uso de publicaciones y mensajes que permitan a los usuarios interactuar y expresarse en l\u00ednea. Esta interacci\u00f3n supondr\u00e1 la generaci\u00f3n de nuevos leads cualificados.<\/li>\n<li><strong>Mejorar la atenci\u00f3n al cliente<\/strong>: para brindar soporte t\u00e9cnico a los clientes y configurar herramientas espec\u00edficas, incluidas las conversacionales. De esta forma puedes responder con m\u00e1s rapidez a las peticiones de tus clientes y prospectos. Al ofrecer respuestas consistentes, tambi\u00e9n mejorar\u00e1 la fidelidad de sus clientes.<\/li>\n<li><strong>Aumentar las ventas<\/strong>: recopilando y analizando los datos de los consumidores y con un seguimiento de su recorrido de compra para comprender mejor sus objeciones y motivaciones. As\u00ed, es posible optimizar las etapas del recorrido del cliente para fomentar las ventas.<\/li>\n<\/ul>\n<h2><a name=\"_Toc121325643\"><\/a>6 ventajas de integrar las redes sociales en la gesti\u00f3n de relaciones con los clientes<\/h2>\n<p>Para mejorar su servicio al cliente, aumentar tus ventas, etc., el CRM social tiene numerosas ventajas. A\u00a0continuaci\u00f3n, vamos a ver las m\u00e1s destacadas:<\/p>\n<h3>Personalizar tus mensajes<\/h3>\n<p>Al hablar con el cliente o prospecto, debemos evitar los mensajes demasiado gen\u00e9ricos que realmente \u00abno les dicen nada relevante\u00bb. Al tener acceso a la informaci\u00f3n de las redes sociales y las interacciones previas entre tus consumidores y tu marca, podr\u00e1s ofrecer contenido personalizado, adaptado a la fase de recorrido del cliente en la que se encuentre cada persona. De este modo, podr\u00e1s atraer a tus objetivos y prospectos con mayor facilidad.<\/p>\n<h3>Aumentar tu capacidad de respuesta<\/h3>\n<p>Los internautas \u2014en la web tambi\u00e9n pero sobre todo en las redes sociales\u2014 est\u00e1n acostumbrados a encontrar la informaci\u00f3n que buscan en unos pocos clics y esperan recibir respuestas r\u00e1pidas, casi inmediatas, de las empresas con las que contactan. La capacidad de respuesta a los mensajes es, por tanto, un criterio esencial para usar el CRM social. Al identificar con claridad el mensaje del usuario y el contexto en el que se produce, podr\u00e1s comprender r\u00e1pidamente qu\u00e9 necesita el usuario y responderle a trav\u00e9s de la plataforma adecuada.<\/p>\n<p>Una buena capacidad de respuesta permite:<\/p>\n<ul>\n<li>Mejorar la atenci\u00f3n al cliente<\/li>\n<li>Tener una mejor percepci\u00f3n e imagen de la marca en l\u00ednea<\/li>\n<\/ul>\n<p>Para mejorar tu capacidad y tiempo de respuesta, puedes usar en muchas <strong><a href=\"\/es\/crm\/comparacion-software-crm-gratis\/\">herramientas gratuitas de CRM<\/a><\/strong> y administraci\u00f3n de redes sociales como <a href=\"https:\/\/www.hootsuite.com\/es\" target=\"_blank\" rel=\"noopener noreferrer\">HootSuite<\/a>.<\/p>\n<h3>Automatizar tus acciones<\/h3>\n<p>Las redes sociales te permiten automatizar acciones que son cruciales para tu estrategia de marketing, por ejemplo:<\/p>\n<ul>\n<li>Un chatbot inicia la conversaci\u00f3n con los consumidores que buscan informaci\u00f3n sobre un producto o quieren llevar el seguimiento de su pedido.<\/li>\n<li>Con las herramientas adaptadas de gesti\u00f3n de redes sociales, tambi\u00e9n podr\u00e1s crear tickets y asignarlos a las personas espec\u00edficas de tus equipos para responder con eficacia a menciones, mensajes privados y comentarios en poco tiempo.<\/li>\n<\/ul>\n<p>La automatizaci\u00f3n tambi\u00e9n te permite a\u00f1adir a tus prospectos con mayor potencial de conversi\u00f3n directamente a sus contactos. Por ejemplo, puedes agregar a su lista de contactos a todas las personas que te han enviado un mensaje privado en las redes sociales.<\/p>\n<p>La automatizaci\u00f3n te ayudar\u00e1 a reducir los errores manuales y liberar\u00e1 tiempo en tu negocio para concentrarte en las tareas de mayor valor a\u00f1adido. Para esto, existen muchos software, como Hubspot, que puedes encontrar en la lista de los mejores software de CRM para pymes.<\/p>\n<h3>Mejorar la experiencia de usuario<\/h3>\n<p>Gracias a las interacciones de las diferentes redes sociales que uses, tendr\u00e1s una visi\u00f3n integral de tus intercambios con los clientes en los diferentes puntos de contacto donde recopilas informaci\u00f3n sobre ellos. Al tener un conocimiento preciso del feedback del cliente (antes, durante y despu\u00e9s de las ventas), los puntos de contacto con tu negocio y los comentarios de los clientes sobre cada uno de ellos (experiencia positiva, mejorable o negativa), podr\u00e1s determinar los puntos de bloqueo o fricci\u00f3n.<\/p>\n<p>Con estos datos, podr\u00e1s realizar un an\u00e1lisis de las acciones que se deben implementar en cada plataforma para mejorar la experiencia general del cliente y garantizar una atenci\u00f3n \u00f3ptima.<\/p>\n<h3>Detectar oportunidades de negocio<\/h3>\n<p>La escucha en las redes sociales y el uso de S-CRM tambi\u00e9n puede ayudarte a identificar oportunidades comerciales o de desarrollo de productos de forma m\u00e1s evidente que en el sitio web. Por ejemplo, si percibes que ciertos clientes echan en falta una funcionalidad adicional del producto, un servicio diferente, una producto alternativo, etc.<\/p>\n<h3>Precisar el p\u00fablico objetivo de tu publicidad<\/h3>\n<p>Al conocer y comprender mejor a tus clientes (sus expectativas, sus intereses, sus formas de expresarse, sus redes sociales favoritas y sus interacciones), podr\u00e1s afinar tu estrategia de marketing. Por ejemplo, de las siguientes formas:<\/p>\n<ul>\n<li>Determinar con mayor precisi\u00f3n el p\u00fablico objetivo de tus campa\u00f1as publicitarias. Podr\u00e1s aumentar el rendimiento de tus acciones de marketing utilizando t\u00e9cnicas de <em>retargeting<\/em> en redes sociales.<\/li>\n<li>Configurar <strong>audiencias <em>lookalike<\/em><\/strong> o audiencias similares, que corresponden con un perfil de usuarios pr\u00f3ximos a los que ya han interactuado con tu empresa en las redes sociales. De esta forma, ser\u00e1 m\u00e1s probable que se interesen en tus productos o servicios.<\/li>\n<\/ul>\n<h2><a name=\"_Toc121325644\"><\/a>Los retos del CRM social o S-CRM<\/h2>\n<p>Aunque el uso del CRM social ofrece muchas ventajas, tambi\u00e9n puede presentar algunos desaf\u00edos, entre los que se incluyen:<\/p>\n<ul>\n<li>Formaci\u00f3n y capacitaci\u00f3n de las empresas para usar las nuevas herramientas, como plataformas de escucha de redes sociales y procesos de adquisici\u00f3n, comunicaci\u00f3n y seguimiento de nuevos clientes.<\/li>\n<li>Necesidad de adaptaci\u00f3n a la constante evoluci\u00f3n de las redes sociales, la aparici\u00f3n de nuevas funcionalidades o la llegada de nuevas plataformas sociales al mercado.<\/li>\n<li>Capacidad de procesar, analizar y administrar una gran cantidad de informaci\u00f3n, discerniendo los datos esenciales para la toma de decisiones y el seguimiento de tus principales KPI. Es importante \u00abseparar el grano de la paja\u00bb para que los equipos de datos no pierdan demasiado tiempo.<\/li>\n<li>Coste de configurar sus acciones, incluido el precio de sus herramientas de CRM y CRM social, que pueden suponer una inversi\u00f3n significativa.<\/li>\n<\/ul>\n<p>Por \u00faltimo, es importante tener en cuenta que la relaci\u00f3n de las empresas con los consumidores, incluso en las redes sociales, se construye con el tiempo. Los resultados no son visibles de inmediato al implementar las primeras acciones. Pero no es cuesti\u00f3n de desanimarse, ya que la relaci\u00f3n con el cliente se construye con el tiempo.<\/p>\n<p>Un CRM social potente permite a tu empresa humanizar su imagen y mejorar la relaci\u00f3n de los consumidores, prospectos y usuarios con tu negocio.<\/p>\n","protected":false},"excerpt":{"rendered":"<p>Con la popularizaci\u00f3n de las redes sociales, han surgido las plataformas de CRM social, o S-CRM para Customer Relationship Management. Emplean una metodolog\u00eda similar a la de un CRM gen\u00e9rico, pero aplicada al \u00e1mbito de las redes sociales. El CRM social tiene como objetivo mejorar la calidad de las relaciones con los clientes aprovechando las [&hellip;]<\/p>\n","protected":false},"author":5,"featured_media":2903,"parent":2760,"menu_order":0,"comment_status":"closed","ping_status":"closed","template":"","meta":{"_acf_changed":false,"om_disable_all_campaigns":false,"_genesis_hide_title":false,"_genesis_hide_breadcrumbs":false,"_genesis_hide_singular_image":false,"_genesis_hide_footer_widgets":false,"_genesis_custom_body_class":"","_genesis_custom_post_class":"","_genesis_layout":"","footnotes":""},"acf":[],"yoast_head":"<!-- This site is optimized with the Yoast SEO plugin v24.5 - https:\/\/yoast.com\/wordpress\/plugins\/seo\/ -->\n<title>\u00bfQu\u00e9 es una plataforma de CRM social? [Definici\u00f3n] - Webolto<\/title>\n<meta name=\"description\" content=\"Un CRM social es una plataforma que permite gestionar las relaciones de las empresas con los clientes en las redes sociales.\" \/>\n<meta name=\"robots\" content=\"index, follow, max-snippet:-1, max-image-preview:large, max-video-preview:-1\" \/>\n<link rel=\"canonical\" href=\"https:\/\/www.webolto.com\/es\/crm\/crm-social\/\" \/>\n<meta property=\"og:locale\" content=\"es_ES\" \/>\n<meta property=\"og:type\" content=\"article\" \/>\n<meta property=\"og:title\" content=\"\u00bfQu\u00e9 es una plataforma de CRM social? [Definici\u00f3n] - Webolto\" \/>\n<meta property=\"og:description\" content=\"Un CRM social es una plataforma que permite gestionar las relaciones de las empresas con los clientes en las redes sociales.\" \/>\n<meta property=\"og:url\" content=\"https:\/\/www.webolto.com\/es\/crm\/crm-social\/\" \/>\n<meta property=\"og:site_name\" content=\"Webolto\" \/>\n<meta property=\"og:image\" content=\"https:\/\/www.webolto.com\/es\/wp-content\/uploads\/sites\/2\/2022\/12\/crm-social.jpg\" \/>\n\t<meta property=\"og:image:width\" content=\"470\" \/>\n\t<meta property=\"og:image:height\" content=\"353\" \/>\n\t<meta property=\"og:image:type\" content=\"image\/jpeg\" \/>\n<meta name=\"twitter:card\" content=\"summary_large_image\" \/>\n<meta name=\"twitter:label1\" content=\"Tiempo de lectura\" \/>\n\t<meta name=\"twitter:data1\" content=\"7 minutos\" \/>\n<!-- \/ Yoast SEO plugin. -->","yoast_head_json":{"title":"\u00bfQu\u00e9 es una plataforma de CRM social? [Definici\u00f3n] - Webolto","description":"Un CRM social es una plataforma que permite gestionar las relaciones de las empresas con los clientes en las redes sociales.","robots":{"index":"index","follow":"follow","max-snippet":"max-snippet:-1","max-image-preview":"max-image-preview:large","max-video-preview":"max-video-preview:-1"},"canonical":"https:\/\/www.webolto.com\/es\/crm\/crm-social\/","og_locale":"es_ES","og_type":"article","og_title":"\u00bfQu\u00e9 es una plataforma de CRM social? [Definici\u00f3n] - Webolto","og_description":"Un CRM social es una plataforma que permite gestionar las relaciones de las empresas con los clientes en las redes sociales.","og_url":"https:\/\/www.webolto.com\/es\/crm\/crm-social\/","og_site_name":"Webolto","og_image":[{"width":470,"height":353,"url":"https:\/\/www.webolto.com\/es\/wp-content\/uploads\/sites\/2\/2022\/12\/crm-social.jpg","type":"image\/jpeg"}],"twitter_card":"summary_large_image","twitter_misc":{"Tiempo de lectura":"7 minutos"},"schema":{"@context":"https:\/\/schema.org","@graph":[{"@type":"WebPage","@id":"https:\/\/www.webolto.com\/es\/crm\/crm-social\/","url":"https:\/\/www.webolto.com\/es\/crm\/crm-social\/","name":"\u00bfQu\u00e9 es una plataforma de CRM social? [Definici\u00f3n] - Webolto","isPartOf":{"@id":"https:\/\/www.webolto.com\/es\/#website"},"primaryImageOfPage":{"@id":"https:\/\/www.webolto.com\/es\/crm\/crm-social\/#primaryimage"},"image":{"@id":"https:\/\/www.webolto.com\/es\/crm\/crm-social\/#primaryimage"},"thumbnailUrl":"https:\/\/www.webolto.com\/es\/wp-content\/uploads\/sites\/2\/2022\/12\/crm-social.jpg","datePublished":"2022-12-07T16:42:28+00:00","description":"Un CRM social es una plataforma que permite gestionar las relaciones de las empresas con los clientes en las redes sociales.","breadcrumb":{"@id":"https:\/\/www.webolto.com\/es\/crm\/crm-social\/#breadcrumb"},"inLanguage":"es","potentialAction":[{"@type":"ReadAction","target":["https:\/\/www.webolto.com\/es\/crm\/crm-social\/"]}]},{"@type":"ImageObject","inLanguage":"es","@id":"https:\/\/www.webolto.com\/es\/crm\/crm-social\/#primaryimage","url":"https:\/\/www.webolto.com\/es\/wp-content\/uploads\/sites\/2\/2022\/12\/crm-social.jpg","contentUrl":"https:\/\/www.webolto.com\/es\/wp-content\/uploads\/sites\/2\/2022\/12\/crm-social.jpg","width":470,"height":353},{"@type":"BreadcrumbList","@id":"https:\/\/www.webolto.com\/es\/crm\/crm-social\/#breadcrumb","itemListElement":[{"@type":"ListItem","position":1,"name":"Home","item":"https:\/\/www.webolto.com\/es\/"},{"@type":"ListItem","position":2,"name":"Gu\u00eda b\u00e1sica sobre los CRM: definici\u00f3n, software y precios","item":"https:\/\/www.webolto.com\/es\/crm\/"},{"@type":"ListItem","position":3,"name":"CRM social: c\u00f3mo gestionar las relaciones con los clientes en las redes sociales"}]},{"@type":"WebSite","@id":"https:\/\/www.webolto.com\/es\/#website","url":"https:\/\/www.webolto.com\/es\/","name":"Webolto","description":"Centro de recursos para creadores de sitios web","publisher":{"@id":"https:\/\/www.webolto.com\/es\/#organization"},"potentialAction":[{"@type":"SearchAction","target":{"@type":"EntryPoint","urlTemplate":"https:\/\/www.webolto.com\/es\/?s={search_term_string}"},"query-input":{"@type":"PropertyValueSpecification","valueRequired":true,"valueName":"search_term_string"}}],"inLanguage":"es"},{"@type":"Organization","@id":"https:\/\/www.webolto.com\/es\/#organization","name":"Webolto","url":"https:\/\/www.webolto.com\/es\/","logo":{"@type":"ImageObject","inLanguage":"es","@id":"https:\/\/www.webolto.com\/es\/#\/schema\/logo\/image\/","url":"https:\/\/www.webolto.com\/es\/wp-content\/uploads\/sites\/2\/2020\/05\/header-logo.png","contentUrl":"https:\/\/www.webolto.com\/es\/wp-content\/uploads\/sites\/2\/2020\/05\/header-logo.png","width":3237,"height":667,"caption":"Webolto"},"image":{"@id":"https:\/\/www.webolto.com\/es\/#\/schema\/logo\/image\/"}}]}},"featured_image_src":"https:\/\/www.webolto.com\/es\/wp-content\/uploads\/sites\/2\/2022\/12\/crm-social.jpg","featured_image_src_square":"https:\/\/www.webolto.com\/es\/wp-content\/uploads\/sites\/2\/2022\/12\/crm-social.jpg","_links":{"self":[{"href":"https:\/\/www.webolto.com\/es\/wp-json\/wp\/v2\/pages\/2902"}],"collection":[{"href":"https:\/\/www.webolto.com\/es\/wp-json\/wp\/v2\/pages"}],"about":[{"href":"https:\/\/www.webolto.com\/es\/wp-json\/wp\/v2\/types\/page"}],"author":[{"embeddable":true,"href":"https:\/\/www.webolto.com\/es\/wp-json\/wp\/v2\/users\/5"}],"replies":[{"embeddable":true,"href":"https:\/\/www.webolto.com\/es\/wp-json\/wp\/v2\/comments?post=2902"}],"version-history":[{"count":0,"href":"https:\/\/www.webolto.com\/es\/wp-json\/wp\/v2\/pages\/2902\/revisions"}],"up":[{"embeddable":true,"href":"https:\/\/www.webolto.com\/es\/wp-json\/wp\/v2\/pages\/2760"}],"wp:featuredmedia":[{"embeddable":true,"href":"https:\/\/www.webolto.com\/es\/wp-json\/wp\/v2\/media\/2903"}],"wp:attachment":[{"href":"https:\/\/www.webolto.com\/es\/wp-json\/wp\/v2\/media?parent=2902"}],"curies":[{"name":"wp","href":"https:\/\/api.w.org\/{rel}","templated":true}]}}