{"id":2869,"date":"2022-11-28T13:46:26","date_gmt":"2022-11-28T14:46:26","guid":{"rendered":"http:\/\/www.webolto.com\/es\/?page_id=2869"},"modified":"2022-11-28T13:46:26","modified_gmt":"2022-11-28T14:46:26","slug":"nuestra-opinion-de-monday-com-para-la-gestion-empresarial","status":"publish","type":"page","link":"https:\/\/www.webolto.com\/es\/gestion-de-proyectos\/nuestra-opinion-de-monday-com-para-la-gestion-empresarial\/","title":{"rendered":"Nuestra opini\u00f3n de monday.com para la gesti\u00f3n empresarial"},"content":{"rendered":"<p>Muchas empresas est\u00e1n descubriendo las ventajas de la digitalizaci\u00f3n para gestionar sus proyectos y procesos de forma colaborativa, optimizando tiempo y recursos y coordin\u00e1ndose entre todos los empleados y departamentos de forma eficaz. Los \u00absistemas operativos de trabajo\u00bb (Work OS) son herramientas que coordinan todo esto y vamos a dar nuestra opini\u00f3n de <a href=\"https:\/\/monday.com\/lang\/es\/\" target=\"_blank\" rel=\"noopener noreferrer\"><strong>monday.com<\/strong><\/a>, uno de los m\u00e1s destacados.<\/p>\n<p>En Webolto, hemos probado esta plataforma para ti y vamos a mostrarte sus caracter\u00edsticas principales. Al final del art\u00edculo, compartiremos nuestra valoraci\u00f3n.<\/p>\n<div class=\"bloc-tips\">\n<p><i class=\"fa fa-book\"><\/i><span class=\"title is-5\">\u00cdndice<\/span><\/p>\n<ul class=\"icon-chevron\" style=\"margin-bottom: 0px\">\n<li><a href=\"#_Toc108460645\">\u00bfQu\u00e9 servicios ofrece monday.com?<\/a><\/li>\n<li><a href=\"#_Toc108460646\">Caracter\u00edsticas principales de monday.com<\/a><\/li>\n<li><a href=\"#_Toc108460647\">Tarifas de monday.com<\/a><\/li>\n<li><a href=\"#_Toc108460648\">Conclusi\u00f3n: la opini\u00f3n de monday.com de Webolto<\/a><\/li>\n<\/ul>\n<\/div>\n<h2><a name=\"_Toc108460645\"><\/a>En pocas palabras: \u00bfqu\u00e9 servicios ofrece monday.com?<\/h2>\n<p><img loading=\"lazy\" decoding=\"async\" class=\"aligncenter wp-image-2462 size-large\" src=\"\/es\/wp-content\/uploads\/sites\/2\/2022\/07\/Monday_com_homepage-1024x474.jpg\" alt=\"Opini\u00f3n de monday.com p\u00e1gina principal\" width=\"1024\" height=\"474\" srcset=\"https:\/\/www.webolto.com\/es\/wp-content\/uploads\/sites\/2\/2022\/07\/Monday_com_homepage-1024x474.jpg 1024w, https:\/\/www.webolto.com\/es\/wp-content\/uploads\/sites\/2\/2022\/07\/Monday_com_homepage-300x139.jpg 300w, https:\/\/www.webolto.com\/es\/wp-content\/uploads\/sites\/2\/2022\/07\/Monday_com_homepage-768x356.jpg 768w, https:\/\/www.webolto.com\/es\/wp-content\/uploads\/sites\/2\/2022\/07\/Monday_com_homepage-1536x711.jpg 1536w, https:\/\/www.webolto.com\/es\/wp-content\/uploads\/sites\/2\/2022\/07\/Monday_com_homepage.jpg 1739w\" sizes=\"(max-width: 1024px) 100vw, 1024px\" \/><\/p>\n<p>Como acabamos de indicar, monday.com es una herramienta de gesti\u00f3n y organizaci\u00f3n empresarial. Te permite a ti y a tu equipo comunicarse y trabajar a trav\u00e9s de un espacio de trabajo unificado en l\u00ednea. Este espacio de trabajo se basa en un principio simple: las tablas.<\/p>\n<p>Todas tus tareas y trabajos se organizan en diferentes tableros, a partir de los cuales podr\u00e1s centralizar la gesti\u00f3n de tus proyectos a largo y corto plazo. De esta forma, cuando los consultes, podr\u00e1s saber c\u00f3mo avanza cada proyecto, si hay retrasos y a qu\u00e9 equipos se deben, qu\u00e9 elementos pueden estar causando bloqueos, etc.<\/p>\n<p>Todas estas tablas se pueden automatizar sin introducir ni una l\u00ednea de c\u00f3digo. Por tanto, la gran ventaja de Monday.com es el ahorro de tiempo en tareas peque\u00f1as pero necesarias y poder concentrarte en lo esencial de tu trabajo.<\/p>\n<p>Antes de compartir nuestra opini\u00f3n de monday.com, vamos a centrarnos en las funcionalidades y los precios de esta herramienta para tener una visi\u00f3n de lo que puede ofrecer a las distintas empresas.<\/p>\n<h2><a name=\"_Toc108460646\"><\/a>Caracter\u00edsticas principales de monday.com<\/h2>\n<p>En esta secci\u00f3n, tras la presentaci\u00f3n general de monday.com, intentaremos ver algunas caracter\u00edsticas clave de monday.com y entender el valor que pueden aportar a tu negocio.<\/p>\n<h3>#1 Las tablas, herramienta de gesti\u00f3n del tiempo por excelencia<\/h3>\n<p><img loading=\"lazy\" decoding=\"async\" class=\"aligncenter wp-image-2464 size-large\" src=\"\/es\/wp-content\/uploads\/sites\/2\/2022\/07\/Monday_com_tablas-1024x499.jpg\" alt=\"Tablas de monday.com para la gesti\u00f3n de proyectos\" width=\"1024\" height=\"499\" srcset=\"https:\/\/www.webolto.com\/es\/wp-content\/uploads\/sites\/2\/2022\/07\/Monday_com_tablas-1024x499.jpg 1024w, https:\/\/www.webolto.com\/es\/wp-content\/uploads\/sites\/2\/2022\/07\/Monday_com_tablas-300x146.jpg 300w, https:\/\/www.webolto.com\/es\/wp-content\/uploads\/sites\/2\/2022\/07\/Monday_com_tablas-768x375.jpg 768w, https:\/\/www.webolto.com\/es\/wp-content\/uploads\/sites\/2\/2022\/07\/Monday_com_tablas-1536x749.jpg 1536w, https:\/\/www.webolto.com\/es\/wp-content\/uploads\/sites\/2\/2022\/07\/Monday_com_tablas.jpg 1901w\" sizes=\"(max-width: 1024px) 100vw, 1024px\" \/><\/p>\n<p>Tal como indicamos al principio del art\u00edculo, pero una de las principales caracter\u00edsticas de monday.com es la creaci\u00f3n de tablas para organizar tus tareas. Cuando tienes una tarea determinada que debe finalizarse antes de una fecha l\u00edmite, puedes crear una tabla para ella. De esta forma, podr\u00e1s ver c\u00f3mo avanza tu proyecto, qui\u00e9n est\u00e1 trabajando en \u00e9l, qui\u00e9n est\u00e1 adelantado, qui\u00e9n est\u00e1 retrasado, cu\u00e1l es el plazo de cada persona\u2026<\/p>\n<p>Cada vez que uno de tus colaboradores haya completado su misi\u00f3n en una tarea, puede declarar su trabajo como \u00abcompletado\u00bb. De esta forma, podr\u00e1s ver en tiempo real si alguno de sus colaboradores (\u00a1o t\u00fa mismo\/a!) llega tarde a su tarea y tomar las medidas necesarias antes de que venza el plazo.<\/p>\n<h3>#2 Trabajar desde casa como si estuvieras en la oficina<\/h3>\n<p>Adem\u00e1s de estas tablas, monday.com es un servicio que facilita la comunicaci\u00f3n entre tus empleados y\/o colaboradores. Tambi\u00e9n forma parte de los objetivos principales de esta herramienta: que todos puedan estar conectados para <a href=\"\/es\/gestion-de-proyectos\/herramientas-mejorar-productividad\/\">optimizar la productividad<\/a> general.<\/p>\n<p>Para lograr este objetivo, monday.com pone a tu disposici\u00f3n un chat en el que todos los usuarios pueden interactuar entre s\u00ed. Como en cualquier otra red social, puedes por tanto crear conversaciones entre determinados colaboradores que trabajan en un mismo proyecto, y as\u00ed evitar las conversaciones que se prolongan in\u00fatilmente en la oficina.<\/p>\n<p>Gracias a esta funcionalidad, los equipos pueden trabajar de forma m\u00e1s eficiente, pero tambi\u00e9n \u2014y sobre todo\u2014, de manera m\u00e1s independiente.<\/p>\n<h3>#3 Organizar tu tiempo para optimizar tu trabajo<\/h3>\n<p><img loading=\"lazy\" decoding=\"async\" class=\"aligncenter wp-image-2465 size-large\" src=\"\/es\/wp-content\/uploads\/sites\/2\/2022\/07\/Monday_com_calendario-1024x500.jpg\" alt=\"Calendario personal de monday.com\" width=\"1024\" height=\"500\" srcset=\"https:\/\/www.webolto.com\/es\/wp-content\/uploads\/sites\/2\/2022\/07\/Monday_com_calendario-1024x500.jpg 1024w, https:\/\/www.webolto.com\/es\/wp-content\/uploads\/sites\/2\/2022\/07\/Monday_com_calendario-300x146.jpg 300w, https:\/\/www.webolto.com\/es\/wp-content\/uploads\/sites\/2\/2022\/07\/Monday_com_calendario-768x375.jpg 768w, https:\/\/www.webolto.com\/es\/wp-content\/uploads\/sites\/2\/2022\/07\/Monday_com_calendario-1536x749.jpg 1536w, https:\/\/www.webolto.com\/es\/wp-content\/uploads\/sites\/2\/2022\/07\/Monday_com_calendario.jpg 1898w\" sizes=\"(max-width: 1024px) 100vw, 1024px\" \/><\/p>\n<p>Como hemos resaltado desde el principio de este art\u00edculo, monday.com es una herramienta dedicada a la organizaci\u00f3n interna de una empresa. Es una misi\u00f3n que logra gracias a funcionalidades como las mencionadas anteriormente.<\/p>\n<p>Para que una empresa de verdad sea productiva, es fundamental que cada persona que trabaje en ella pueda organizar su propio d\u00eda, semana, mes&#8230; monday.com ofrece a sus usuarios la posibilidad de integrar la herramienta con sus calendarios personales de Google, Outlook o Apple. De esta forma, pueden registrar individualmente su horario y organizarse ellos mismos de la mejor manera posible.<\/p>\n<p>Este calendario permitir\u00e1 a cada persona apreciar con un solo golpe de vista en qu\u00e9 tareas est\u00e1n atrasada o adelantada, qu\u00e9 tiene planeado para los pr\u00f3ximos d\u00edas. El impacto positivo para la organizaci\u00f3n es indudable.<\/p>\n<h2><a name=\"_Toc108460647\"><\/a>Tarifas de monday.com<\/h2>\n<p><img loading=\"lazy\" decoding=\"async\" class=\"aligncenter wp-image-2463 size-large\" src=\"\/es\/wp-content\/uploads\/sites\/2\/2022\/07\/Monday_com_precios-1024x509.jpg\" alt=\"Precios de monday.com\" width=\"1024\" height=\"509\" srcset=\"https:\/\/www.webolto.com\/es\/wp-content\/uploads\/sites\/2\/2022\/07\/Monday_com_precios-1024x509.jpg 1024w, https:\/\/www.webolto.com\/es\/wp-content\/uploads\/sites\/2\/2022\/07\/Monday_com_precios-300x149.jpg 300w, https:\/\/www.webolto.com\/es\/wp-content\/uploads\/sites\/2\/2022\/07\/Monday_com_precios-768x382.jpg 768w, https:\/\/www.webolto.com\/es\/wp-content\/uploads\/sites\/2\/2022\/07\/Monday_com_precios-1536x763.jpg 1536w, https:\/\/www.webolto.com\/es\/wp-content\/uploads\/sites\/2\/2022\/07\/Monday_com_precios.jpg 1846w\" sizes=\"(max-width: 1024px) 100vw, 1024px\" \/><\/p>\n<p>La reputaci\u00f3n de monday.com hoy en d\u00eda est\u00e1 bien asentada, por lo que podr\u00edamos pensar que se trata de una herramienta reservada para grandes multinacionales. Sin embargo, una gran parte del \u00e9xito de monday.com se debe a que es una herramienta asequible para empresas de muy distintos tama\u00f1os. De hecho, forma parte de las <strong><a href=\"\/es\/gestion-de-proyectos\/herramientas-gestion-proyectos-gratis\/\">herramientas de gesti\u00f3n de proyectos con un plan gratuito<\/a><\/strong>.<\/p>\n<p>Como puedes ver en la imagen de arriba, monday.com \u00a0ofrece diferentes planes de pago, en funci\u00f3n de las necesidades de tu negocio:<\/p>\n<h3>Plan Basic<\/h3>\n<p>Este plan est\u00e1 dirigido a aut\u00f3nomos y pymes, que no tienen una necesidades de organizaci\u00f3n particularmente complejas. Se factura a 8\u20ac por usuario al mes. Con este plan, tendr\u00e1s la posibilidad de crear todas las tablas que quieras, trabajar con 20 tipos de columnas diferentes, utilizar la aplicaci\u00f3n de monday.com, almacenar hasta 5GB de archivos en tu espacio de trabajo y tener un historial de todos los cambios y acciones realizadas por tu equipo durante la \u00faltima semana.<\/p>\n<h3>Plan Standard<\/h3>\n<p>Orientado a empresas un poco m\u00e1s grandes, pero con un presupuesto ajustado, el plan Standard es una versi\u00f3n mejorada del plan Basic, ya que incorpora algunas funciones adicionales como la b\u00fasqueda en l\u00ednea, el acceso a MapView. Tambi\u00e9n es posible invitar a clientes o empleados externos a tu espacio de trabajo, acceder un espacio de almacenamiento limitado a 50GB o incluso automatizar determinadas tareas en tus tablas (hasta 250 acciones al mes).<\/p>\n<h3>Plan Pro<\/h3>\n<p>Como su nombre indica, este plan est\u00e1 pensado para las empresas que necesitan una herramienta de gesti\u00f3n a nivel profesional. Se factura a 16\u20ac por usuario al mes, y adem\u00e1s de ser una versi\u00f3n mejorada del plan Standard, te da acceso a muchas funcionalidades. Entre ellas se encuentran la posibilidad de saber cu\u00e1nto tiempo has dedicado a una actividad, acceder a un resumen de todos tus datos en forma de tabla\/gr\u00e1fico, el uso de la columna \u00abf\u00f3rmula\u00bb para realizar c\u00e1lculos simples y complejos, automatizaci\u00f3n de tareas que consumen mucho tiempo en tus tablas (\u00a125\u00a0000 acciones al mes), etc.<\/p>\n<h3>Plan Enterprise<\/h3>\n<p>Este plan est\u00e1 destinado a \u00abgrandes empresas\u00bb, ya que una pyme est\u00e1ndar probablemente no dar\u00eda uso a los servicios que aqu\u00ed se ofrecen. El precio de este plan no se especifica, por lo que tendr\u00e1s que ponerte en contacto con el equipo de ventas de monday.com para obtener m\u00e1s informaci\u00f3n&#8230; Ten presente que este plan te brinda acceso a una variedad de funcionalidades de seguridad avanzadas (SSO , gesti\u00f3n de derechos, registro de auditor\u00eda, etc.), cuadros de mando avanzados o una integraci\u00f3n nativa con en <a href=\"\/es\/blog\/software-crm-pymes\/\"><strong>CRM<\/strong><\/a> SalesForce.<\/p>\n<h2><a name=\"_Toc108460648\"><\/a>Conclusi\u00f3n: la opini\u00f3n de monday.com de Webolto<\/h2>\n<p>Despu\u00e9s de leer estas l\u00edneas puede que ya lo imagines: nuestra opini\u00f3n sobre esta herramienta de gesti\u00f3n es bastante positiva. Estas son las principales ventajas y alguna peque\u00f1a limitaci\u00f3n que encontramos.<\/p>\n<h3>Ventajas de monday.com<\/h3>\n<ul class=\"icon-circle-plus\">\n<li>Uno de los grandes puntos positivos de esta herramienta radica en su facilidad de uso, en dise\u00f1o y funcionalidades. Todo es intuitivo para que el usuario no tenga que preocuparse por el funcionamiento de monday.com y pueda centrarse en su trabajo.<\/li>\n<li>La prueba gratuita de 14 d\u00edas es otro de los aspectos positivos de nuestra opini\u00f3n de monday.com. Te permite tener una idea bastante completa de la herramienta y los beneficios potenciales para tu negocio. No corres el riesgo de perder dinero en el caso de que no te convenza.<\/li>\n<li>La autonom\u00eda que monday.com confiere a tu equipo es otro un muy positivo de esta herramienta. Si se aprovecha esta herramienta, puede facilitar el teletrabajo de forma considerable.<\/li>\n<li>La diversidad de precios tambi\u00e9n refuerza la opini\u00f3n de monday.com positiva. Sea cual sea el tama\u00f1o y las ambiciones de tu empresa, monday.com ofrece un precio bastante adaptado. \u00a1Este es un punto no desde\u00f1able que ten\u00edamos que resaltar!<\/li>\n<\/ul>\n<h3>Limitaciones de monday.com<\/h3>\n<ul class=\"icon-circle-minus\">\n<li>El hecho de facturar los precios por usuario (y no de forma general) puede ser una limitaci\u00f3n para los presupuestos. Esto pueden notarlo especialmente algunas empresas con plantilla de un tama\u00f1o mediano (por ejemplo, 15-20 personas) y recursos limitados.<\/li>\n<li>La funcionalidad de l\u00edneas temporales (muy \u00fatil) tiene limitaciones con la versi\u00f3n gratuita.<\/li>\n<\/ul>\n<p>Este art\u00edculo introductorio con nuestra opini\u00f3n de monday.com ya est\u00e1 completo. Esperamos que te haya ayudado a valorar esta herramienta de gesti\u00f3n empresarial. Tambi\u00e9n contamos con que te haya dado claves para determinar si ser\u00eda \u00fatil para tu negocio.<\/p>\n<p>Si piensas que s\u00ed, es el momento de pasar a la acci\u00f3n con la prueba gratuita.<\/p>\n<p style=\"text-align: center\"><a class=\"button\" href=\"https:\/\/monday.com\/lang\/es\/\" target=\"_blank\" rel=\"noopener noreferrer\">Acceder a monday.com<\/a><\/p>\n","protected":false},"excerpt":{"rendered":"<p>Muchas empresas est\u00e1n descubriendo las ventajas de la digitalizaci\u00f3n para gestionar sus proyectos y procesos de forma colaborativa, optimizando tiempo y recursos y coordin\u00e1ndose entre todos los empleados y departamentos de forma eficaz. Los \u00absistemas operativos de trabajo\u00bb (Work OS) son herramientas que coordinan todo esto y vamos a dar nuestra opini\u00f3n de monday.com, uno [&hellip;]<\/p>\n","protected":false},"author":2,"featured_media":2466,"parent":2598,"menu_order":0,"comment_status":"closed","ping_status":"closed","template":"","meta":{"_acf_changed":false,"om_disable_all_campaigns":false,"_genesis_hide_title":false,"_genesis_hide_breadcrumbs":false,"_genesis_hide_singular_image":false,"_genesis_hide_footer_widgets":false,"_genesis_custom_body_class":"","_genesis_custom_post_class":"","_genesis_layout":"","footnotes":""},"acf":[],"yoast_head":"<!-- This site is optimized with the Yoast SEO plugin v24.5 - https:\/\/yoast.com\/wordpress\/plugins\/seo\/ -->\n<title>Nuestra opini\u00f3n de monday.com para la gesti\u00f3n empresarial - Webolto<\/title>\n<meta name=\"robots\" content=\"index, follow, max-snippet:-1, max-image-preview:large, max-video-preview:-1\" \/>\n<link rel=\"canonical\" href=\"https:\/\/www.webolto.com\/es\/gestion-de-proyectos\/nuestra-opinion-de-monday-com-para-la-gestion-empresarial\/\" \/>\n<meta property=\"og:locale\" content=\"es_ES\" \/>\n<meta property=\"og:type\" content=\"article\" \/>\n<meta property=\"og:title\" content=\"Nuestra opini\u00f3n de monday.com para la gesti\u00f3n empresarial - Webolto\" \/>\n<meta property=\"og:description\" content=\"Muchas empresas est\u00e1n descubriendo las ventajas de la digitalizaci\u00f3n para gestionar sus proyectos y procesos de forma colaborativa, optimizando tiempo y recursos y coordin\u00e1ndose entre todos los empleados y departamentos de forma eficaz. Los \u00absistemas operativos de trabajo\u00bb (Work OS) son herramientas que coordinan todo esto y vamos a dar nuestra opini\u00f3n de monday.com, uno [&hellip;]\" \/>\n<meta property=\"og:url\" content=\"https:\/\/www.webolto.com\/es\/gestion-de-proyectos\/nuestra-opinion-de-monday-com-para-la-gestion-empresarial\/\" \/>\n<meta property=\"og:site_name\" content=\"Webolto\" \/>\n<meta property=\"og:image\" content=\"https:\/\/www.webolto.com\/es\/wp-content\/uploads\/sites\/2\/2022\/07\/Opinion_de_Monday_com.png\" \/>\n\t<meta property=\"og:image:width\" content=\"470\" \/>\n\t<meta property=\"og:image:height\" content=\"353\" \/>\n\t<meta property=\"og:image:type\" content=\"image\/png\" \/>\n<meta name=\"twitter:card\" content=\"summary_large_image\" \/>\n<meta name=\"twitter:label1\" content=\"Tiempo de lectura\" \/>\n\t<meta name=\"twitter:data1\" content=\"8 minutos\" \/>\n<!-- \/ Yoast SEO plugin. -->","yoast_head_json":{"title":"Nuestra opini\u00f3n de monday.com para la gesti\u00f3n empresarial - Webolto","robots":{"index":"index","follow":"follow","max-snippet":"max-snippet:-1","max-image-preview":"max-image-preview:large","max-video-preview":"max-video-preview:-1"},"canonical":"https:\/\/www.webolto.com\/es\/gestion-de-proyectos\/nuestra-opinion-de-monday-com-para-la-gestion-empresarial\/","og_locale":"es_ES","og_type":"article","og_title":"Nuestra opini\u00f3n de monday.com para la gesti\u00f3n empresarial - Webolto","og_description":"Muchas empresas est\u00e1n descubriendo las ventajas de la digitalizaci\u00f3n para gestionar sus proyectos y procesos de forma colaborativa, optimizando tiempo y recursos y coordin\u00e1ndose entre todos los empleados y departamentos de forma eficaz. Los \u00absistemas operativos de trabajo\u00bb (Work OS) son herramientas que coordinan todo esto y vamos a dar nuestra opini\u00f3n de monday.com, uno [&hellip;]","og_url":"https:\/\/www.webolto.com\/es\/gestion-de-proyectos\/nuestra-opinion-de-monday-com-para-la-gestion-empresarial\/","og_site_name":"Webolto","og_image":[{"width":470,"height":353,"url":"https:\/\/www.webolto.com\/es\/wp-content\/uploads\/sites\/2\/2022\/07\/Opinion_de_Monday_com.png","type":"image\/png"}],"twitter_card":"summary_large_image","twitter_misc":{"Tiempo de lectura":"8 minutos"},"schema":{"@context":"https:\/\/schema.org","@graph":[{"@type":"WebPage","@id":"https:\/\/www.webolto.com\/es\/gestion-de-proyectos\/nuestra-opinion-de-monday-com-para-la-gestion-empresarial\/","url":"https:\/\/www.webolto.com\/es\/gestion-de-proyectos\/nuestra-opinion-de-monday-com-para-la-gestion-empresarial\/","name":"Nuestra opini\u00f3n de monday.com para la gesti\u00f3n empresarial - Webolto","isPartOf":{"@id":"https:\/\/www.webolto.com\/es\/#website"},"primaryImageOfPage":{"@id":"https:\/\/www.webolto.com\/es\/gestion-de-proyectos\/nuestra-opinion-de-monday-com-para-la-gestion-empresarial\/#primaryimage"},"image":{"@id":"https:\/\/www.webolto.com\/es\/gestion-de-proyectos\/nuestra-opinion-de-monday-com-para-la-gestion-empresarial\/#primaryimage"},"thumbnailUrl":"https:\/\/www.webolto.com\/es\/wp-content\/uploads\/sites\/2\/2022\/07\/Opinion_de_Monday_com.png","datePublished":"2022-11-28T14:46:26+00:00","breadcrumb":{"@id":"https:\/\/www.webolto.com\/es\/gestion-de-proyectos\/nuestra-opinion-de-monday-com-para-la-gestion-empresarial\/#breadcrumb"},"inLanguage":"es","potentialAction":[{"@type":"ReadAction","target":["https:\/\/www.webolto.com\/es\/gestion-de-proyectos\/nuestra-opinion-de-monday-com-para-la-gestion-empresarial\/"]}]},{"@type":"ImageObject","inLanguage":"es","@id":"https:\/\/www.webolto.com\/es\/gestion-de-proyectos\/nuestra-opinion-de-monday-com-para-la-gestion-empresarial\/#primaryimage","url":"https:\/\/www.webolto.com\/es\/wp-content\/uploads\/sites\/2\/2022\/07\/Opinion_de_Monday_com.png","contentUrl":"https:\/\/www.webolto.com\/es\/wp-content\/uploads\/sites\/2\/2022\/07\/Opinion_de_Monday_com.png","width":470,"height":353},{"@type":"BreadcrumbList","@id":"https:\/\/www.webolto.com\/es\/gestion-de-proyectos\/nuestra-opinion-de-monday-com-para-la-gestion-empresarial\/#breadcrumb","itemListElement":[{"@type":"ListItem","position":1,"name":"Home","item":"https:\/\/www.webolto.com\/es\/"},{"@type":"ListItem","position":2,"name":"Gu\u00eda completa de gesti\u00f3n de proyectos: definici\u00f3n, m\u00e9todos, herramientas y etapas","item":"https:\/\/www.webolto.com\/es\/gestion-de-proyectos\/"},{"@type":"ListItem","position":3,"name":"Nuestra opini\u00f3n de monday.com para la gesti\u00f3n empresarial"}]},{"@type":"WebSite","@id":"https:\/\/www.webolto.com\/es\/#website","url":"https:\/\/www.webolto.com\/es\/","name":"Webolto","description":"Centro de recursos para creadores de sitios web","publisher":{"@id":"https:\/\/www.webolto.com\/es\/#organization"},"potentialAction":[{"@type":"SearchAction","target":{"@type":"EntryPoint","urlTemplate":"https:\/\/www.webolto.com\/es\/?s={search_term_string}"},"query-input":{"@type":"PropertyValueSpecification","valueRequired":true,"valueName":"search_term_string"}}],"inLanguage":"es"},{"@type":"Organization","@id":"https:\/\/www.webolto.com\/es\/#organization","name":"Webolto","url":"https:\/\/www.webolto.com\/es\/","logo":{"@type":"ImageObject","inLanguage":"es","@id":"https:\/\/www.webolto.com\/es\/#\/schema\/logo\/image\/","url":"https:\/\/www.webolto.com\/es\/wp-content\/uploads\/sites\/2\/2020\/05\/header-logo.png","contentUrl":"https:\/\/www.webolto.com\/es\/wp-content\/uploads\/sites\/2\/2020\/05\/header-logo.png","width":3237,"height":667,"caption":"Webolto"},"image":{"@id":"https:\/\/www.webolto.com\/es\/#\/schema\/logo\/image\/"}}]}},"featured_image_src":"https:\/\/www.webolto.com\/es\/wp-content\/uploads\/sites\/2\/2022\/07\/Opinion_de_Monday_com.png","featured_image_src_square":"https:\/\/www.webolto.com\/es\/wp-content\/uploads\/sites\/2\/2022\/07\/Opinion_de_Monday_com.png","_links":{"self":[{"href":"https:\/\/www.webolto.com\/es\/wp-json\/wp\/v2\/pages\/2869"}],"collection":[{"href":"https:\/\/www.webolto.com\/es\/wp-json\/wp\/v2\/pages"}],"about":[{"href":"https:\/\/www.webolto.com\/es\/wp-json\/wp\/v2\/types\/page"}],"author":[{"embeddable":true,"href":"https:\/\/www.webolto.com\/es\/wp-json\/wp\/v2\/users\/2"}],"replies":[{"embeddable":true,"href":"https:\/\/www.webolto.com\/es\/wp-json\/wp\/v2\/comments?post=2869"}],"version-history":[{"count":0,"href":"https:\/\/www.webolto.com\/es\/wp-json\/wp\/v2\/pages\/2869\/revisions"}],"up":[{"embeddable":true,"href":"https:\/\/www.webolto.com\/es\/wp-json\/wp\/v2\/pages\/2598"}],"wp:featuredmedia":[{"embeddable":true,"href":"https:\/\/www.webolto.com\/es\/wp-json\/wp\/v2\/media\/2466"}],"wp:attachment":[{"href":"https:\/\/www.webolto.com\/es\/wp-json\/wp\/v2\/media?parent=2869"}],"curies":[{"name":"wp","href":"https:\/\/api.w.org\/{rel}","templated":true}]}}