{"id":2735,"date":"2022-10-04T09:27:14","date_gmt":"2022-10-04T10:27:14","guid":{"rendered":"http:\/\/www.webolto.com\/es\/?page_id=2735"},"modified":"2023-10-26T13:01:22","modified_gmt":"2023-10-26T14:01:22","slug":"opinion-clickup","status":"publish","type":"page","link":"https:\/\/www.webolto.com\/es\/gestion-de-proyectos\/opinion-clickup\/","title":{"rendered":"Nuestra opini\u00f3n sobre ClickUp: software alternativo a Notion"},"content":{"rendered":"<p>Nunca como ahora ha habido m\u00e1s software de gesti\u00f3n de proyectos disponibles en el mercado. No es f\u00e1cil elegir. Aunque Notion es la aplicaci\u00f3n que est\u00e1 de moda, existen buenas alternativas como monday.com o ClickUp, que te vamos a presentar en este art\u00edculo.<\/p>\n<p>Si buscas una herramienta para gestionar tus proyectos de forma colaborativa, con una <a href=\"\/es\/gestion-de-proyectos\/herramientas-gestion-proyectos-gratis\/\">versi\u00f3n gratuita disponible<\/a>, ClickUp puede ser de tu inter\u00e9s.<\/p>\n<p>La proposici\u00f3n comercial de esta soluci\u00f3n tecnol\u00f3gica es que te va a ahorrar un d\u00eda a la semana. \u00bfCumple su promesa?, \u00bfc\u00f3mo funciona? Probamos ClickUp y revisamos sus funciones principales. Descubre nuestra opini\u00f3n sobre ClickUp con un an\u00e1lisis en detalle.<\/p>\n<div class=\"bloc-tips\">\n<p><i class=\"fa fa-book\"><\/i><span class=\"title is-5\">\u00cdndice<\/span><\/p>\n<ul class=\"icon-chevron\" style=\"margin-bottom: 0px\">\n<li><a href=\"#_Toc115705056\">Nuestra opini\u00f3n sobre ClickUp en pocas palabras<\/a><\/li>\n<li><a href=\"#_Toc115705057\">Presentaci\u00f3n de ClickUp, una alternativa a Notion<\/a><\/li>\n<li><a href=\"#_Toc115705058\">Ofertas y precios de ClickUp<\/a><\/li>\n<li><a href=\"#_Toc115705059\">5 funciones de ClickUp en detalle<\/a><\/li>\n<li><a href=\"#_Toc115705060\">La atenci\u00f3n al cliente de Clickup<\/a><\/li>\n<li><a href=\"#_Toc115705061\">Conclusi\u00f3n: opiniones de ClickUp<\/a><\/li>\n<\/ul>\n<\/div>\n<h2><a name=\"_Toc115705056\"><\/a>Nuestra opini\u00f3n sobre ClickUp en pocas palabras<\/h2>\n<p>ClickUp se presenta como un a herramienta completa de mejora de la productividad personalizable con una relaci\u00f3n calidad\/precio \u00f3ptima. La soluci\u00f3n se maneja desde navegador web y ofrece una versi\u00f3n gratuita bastante generosa que ser\u00e1 suficiente para aut\u00f3nomos, pymes y proyectos personales. Las funcionalidades de esta herramienta de gesti\u00f3n de tareas son numerosas y est\u00e1n en constante evoluci\u00f3n gracias a la atenci\u00f3n al cliente atenta a los comentarios de los usuarios.<\/p>\n<h3>Puntos fuertes<\/h3>\n<div class=\"columns\">\n<div class=\"column\">\n<ul class=\"icon-circle-plus\">\n<li>Soluci\u00f3n muy completa<\/li>\n<li>M\u00faltiples vistas posibles<\/li>\n<li>Amplias posibilidades de personalizaci\u00f3n<\/li>\n<li>Ideal para tareas colaborativas<\/li>\n<li>Atenci\u00f3n al cliente disponible y receptiva<\/li>\n<li>Inmejorable relaci\u00f3n calidad-precio<\/li>\n<\/ul>\n<\/div>\n<div class=\"column\">\n<h3>Puntos d\u00e9biles<\/h3>\n<ul class=\"icon-circle-minus\" style=\"vertical-align: top\">\n<li>El aprendizaje lleva tiempo<\/li>\n<li>A veces le falta flexibilidad<\/li>\n<li>Algo de lentitud y errores<\/li>\n<li>Interfaz poco intuitiva<\/li>\n<\/ul>\n<\/div>\n<\/div>\n<h2><a name=\"_Toc115705057\"><\/a>Presentaci\u00f3n de ClickUp, una alternativa a Notion<\/h2>\n<p>ClickUp a menudo se compara con <a href=\"\/es\/gestion-de-proyectos\/opinion-notion-software\/\">Notion<\/a>. De hecho, estas dos herramientas de productividad son similares en muchos aspectos y tienen el mismo objetivo final: simplificar tus tareas y organizar mejor el trabajo en equipo.<\/p>\n<p>Al igual que Notion, ClickUp es \u00fatil para la gesti\u00f3n de proyectos profesionales o personales.<\/p>\n<p>Este competidor de Notion permite centralizar una gran cantidad de aplicaciones en un solo lugar. Al igual que <a href=\"\/es\/blog\/opinion-monday-com\/\">Monday.com<\/a> \u2014otro competidor\u2014, tiene la clara intenci\u00f3n de reemplazar otros programas de administraci\u00f3n en una plataforma todo en uno. As\u00ed, ClickUp integra:<\/p>\n<ul>\n<li>Un sistema de gesti\u00f3n de proyectos para planificar y llevar un seguimiento del trabajo<\/li>\n<li>Un chat web integrado<\/li>\n<li>Un espacio para definir y controlar el progreso de los objetivos (estad\u00edsticas, sistema de finalizaci\u00f3n de tareas)<\/li>\n<li>Una tabla de seguimiento (creaci\u00f3n y modificaci\u00f3n de flujos de trabajo, fijar entregas en el calendario)<\/li>\n<li>Plantillas de trabajo. Al igual que las <a href=\"\/es\/gestion-de-proyectos\/plantillas-gratis-notion\/\">plantillas de Notion<\/a>, estas tambi\u00e9n son muy variadas: CRM, viaje de negocios, <a href=\"\/es\/blog\/desarrollo-pagina-web-agencia\/\">seguimiento de proyecto web<\/a>, <a href=\"\/es\/gestion-de-proyectos\/metodo-scrum-agile\/\">proyecto agile<\/a>, etc.<\/li>\n<\/ul>\n<p>En definitiva, ClickUp aspira a reemplazar esta selecci\u00f3n de <a href=\"\/es\/gestion-de-proyectos\/herramientas-mejorar-productividad\/\">15 herramientas digitales para aumentar la productividad<\/a>, entre las que se incluyen Asana, Monday, Trello, Zoho, Toggl y, por supuesto&#8230; \u00a1Notion!<\/p>\n<h2><a name=\"_Toc115705058\"><\/a>Ofertas y precios de ClickUp<\/h2>\n<p><img loading=\"lazy\" decoding=\"async\" class=\"aligncenter wp-image-2734 size-large\" src=\"\/es\/wp-content\/uploads\/sites\/2\/2022\/10\/ClickUp-precios-1024x620.jpg\" alt=\"Precios de ClickUp\" width=\"1024\" height=\"620\" srcset=\"https:\/\/www.webolto.com\/es\/wp-content\/uploads\/sites\/2\/2022\/10\/ClickUp-precios-1024x620.jpg 1024w, https:\/\/www.webolto.com\/es\/wp-content\/uploads\/sites\/2\/2022\/10\/ClickUp-precios-300x182.jpg 300w, https:\/\/www.webolto.com\/es\/wp-content\/uploads\/sites\/2\/2022\/10\/ClickUp-precios-768x465.jpg 768w, https:\/\/www.webolto.com\/es\/wp-content\/uploads\/sites\/2\/2022\/10\/ClickUp-precios.jpg 1444w\" sizes=\"(max-width: 1024px) 100vw, 1024px\" \/><\/p>\n<p>ClickUp ofrece cinco tarifas a sus usuarios:<\/p>\n<ul>\n<li>Free<\/li>\n<li>Unlimited, a 9$ por usuario al mes<\/li>\n<li>Business, a 19$ por usuario al mes<\/li>\n<li>Business Plus, a 29$ por usuario al mes<\/li>\n<li>Enterprise, con presupuesto a medida<\/li>\n<\/ul>\n<p>Las principales diferencias entre los planes se basan en:<\/p>\n<ul>\n<li>Capacidad de almacenamiento<\/li>\n<li>El n\u00famero de personas ajenas a la organizaci\u00f3n autorizadas a colaborar<\/li>\n<li>N\u00famero de vistas y espacios<\/li>\n<li>La posibilidad de integrar aplicaciones de terceros<\/li>\n<li>El n\u00famero de campos personalizados<\/li>\n<\/ul>\n<p>El plan gratuito no deja de ser bastante funcional y suficiente para un uso personal. No obstante, si trabajas en una peque\u00f1a empresa, es probable que pronto te encuentres limitaciones.<\/p>\n<h2><a name=\"_Toc115705059\"><\/a>5 funciones de ClickUp en detalle<\/h2>\n<h3>Gesti\u00f3n de proyectos<\/h3>\n<p>ClickUp ayuda a los equipos a planificar sus proyectos. Al igual que en Trello, es posible visualizar todas las tareas en un tablero que funciona con un sistema de arrastrar y soltar. A continuaci\u00f3n, puedes establecer la prioridad y la fecha de vencimiento de cada tarea, as\u00ed como asign\u00e1rsela a un miembro del equipo. Este responsable de tarea puede recibir una notificaci\u00f3n y compartir informaci\u00f3n gracias al sistema de comentarios.<\/p>\n<p><img loading=\"lazy\" decoding=\"async\" class=\"wp-image-2733 size-large aligncenter\" src=\"\/es\/wp-content\/uploads\/sites\/2\/2022\/10\/ClickUp-nueva-tarea-1024x475.jpg\" alt=\"A\u00f1adir tarea en ClickUp\" width=\"1024\" height=\"475\" srcset=\"https:\/\/www.webolto.com\/es\/wp-content\/uploads\/sites\/2\/2022\/10\/ClickUp-nueva-tarea-1024x475.jpg 1024w, https:\/\/www.webolto.com\/es\/wp-content\/uploads\/sites\/2\/2022\/10\/ClickUp-nueva-tarea-300x139.jpg 300w, https:\/\/www.webolto.com\/es\/wp-content\/uploads\/sites\/2\/2022\/10\/ClickUp-nueva-tarea-768x356.jpg 768w, https:\/\/www.webolto.com\/es\/wp-content\/uploads\/sites\/2\/2022\/10\/ClickUp-nueva-tarea-1536x713.jpg 1536w, https:\/\/www.webolto.com\/es\/wp-content\/uploads\/sites\/2\/2022\/10\/ClickUp-nueva-tarea.jpg 1911w\" sizes=\"(max-width: 1024px) 100vw, 1024px\" \/><\/p>\n<p>Por \u00faltimo, la funcionalidad de seguimiento temporal que ofrece ClickUp es uno de los valores a\u00f1adidos de esta aplicaci\u00f3n que no podemos pasar por alto.<\/p>\n<p>\u00bfNuestra opini\u00f3n sobre ClickUp espec\u00edficamente para la <a href=\"\/es\/gestion-de-proyectos\/\">gesti\u00f3n de proyectos<\/a>? Es completo, eficiente y ofrece todos los recursos necesarios para facilitar la vida a los equipos de trabajo.<\/p>\n<p><img loading=\"lazy\" decoding=\"async\" class=\"alignnone wp-image-2731 size-large\" src=\"\/es\/wp-content\/uploads\/sites\/2\/2022\/10\/ClickUp-gestion-proyectos-1024x458.jpg\" alt=\"Gesti\u00f3n de proyectos con ClickUp\" width=\"1024\" height=\"458\" srcset=\"https:\/\/www.webolto.com\/es\/wp-content\/uploads\/sites\/2\/2022\/10\/ClickUp-gestion-proyectos-1024x458.jpg 1024w, https:\/\/www.webolto.com\/es\/wp-content\/uploads\/sites\/2\/2022\/10\/ClickUp-gestion-proyectos-300x134.jpg 300w, https:\/\/www.webolto.com\/es\/wp-content\/uploads\/sites\/2\/2022\/10\/ClickUp-gestion-proyectos-768x344.jpg 768w, https:\/\/www.webolto.com\/es\/wp-content\/uploads\/sites\/2\/2022\/10\/ClickUp-gestion-proyectos-1536x687.jpg 1536w, https:\/\/www.webolto.com\/es\/wp-content\/uploads\/sites\/2\/2022\/10\/ClickUp-gestion-proyectos.jpg 1632w\" sizes=\"(max-width: 1024px) 100vw, 1024px\" \/><\/p>\n<h3>Control de objetivos<\/h3>\n<p>ClickUp facilita el establecimiento y seguimiento de objetivos, siempre en tiempo real gracias a la funci\u00f3n de seguimiento temporal que hemos mencionado m\u00e1s arriba. De este modo, la herramienta permite, entre otras cosas, definir objetivos que se deben alcanzar. Estas metas son visibles para todo el equipo y se pueden presentar en forma de paneles, lo que facilita la elaboraci\u00f3n de informes.<\/p>\n<p><img loading=\"lazy\" decoding=\"async\" class=\"aligncenter wp-image-2729 size-large\" src=\"\/es\/wp-content\/uploads\/sites\/2\/2022\/10\/ClickUp-crear-un-panel-1024x476.jpg\" alt=\"Crear un panel en ClickUp\" width=\"1024\" height=\"476\" srcset=\"https:\/\/www.webolto.com\/es\/wp-content\/uploads\/sites\/2\/2022\/10\/ClickUp-crear-un-panel-1024x476.jpg 1024w, https:\/\/www.webolto.com\/es\/wp-content\/uploads\/sites\/2\/2022\/10\/ClickUp-crear-un-panel-300x139.jpg 300w, https:\/\/www.webolto.com\/es\/wp-content\/uploads\/sites\/2\/2022\/10\/ClickUp-crear-un-panel-768x357.jpg 768w, https:\/\/www.webolto.com\/es\/wp-content\/uploads\/sites\/2\/2022\/10\/ClickUp-crear-un-panel-1536x714.jpg 1536w, https:\/\/www.webolto.com\/es\/wp-content\/uploads\/sites\/2\/2022\/10\/ClickUp-crear-un-panel.jpg 1918w\" sizes=\"(max-width: 1024px) 100vw, 1024px\" \/><\/p>\n<h3>Gesti\u00f3n de documentos<\/h3>\n<p>ClickUp permite crear wikis, es decir, centralizar y organizar documentos editables dentro de la plataforma. Es una funcionalidad colaborativa que te permite asignar los documentos a miembros, pero tambi\u00e9n compartirlos, definir etiquetas para ellos y clasificarlos jer\u00e1rquicamente. La consigna: \u00a1organizaci\u00f3n!<\/p>\n<p><img loading=\"lazy\" decoding=\"async\" class=\"aligncenter wp-image-2730 size-large\" src=\"\/es\/wp-content\/uploads\/sites\/2\/2022\/10\/ClickUp-documento-1024x644.jpg\" alt=\"Agregar nuevo documento en ClickUp\" width=\"1024\" height=\"644\" srcset=\"https:\/\/www.webolto.com\/es\/wp-content\/uploads\/sites\/2\/2022\/10\/ClickUp-documento-1024x644.jpg 1024w, https:\/\/www.webolto.com\/es\/wp-content\/uploads\/sites\/2\/2022\/10\/ClickUp-documento-300x189.jpg 300w, https:\/\/www.webolto.com\/es\/wp-content\/uploads\/sites\/2\/2022\/10\/ClickUp-documento-768x483.jpg 768w, https:\/\/www.webolto.com\/es\/wp-content\/uploads\/sites\/2\/2022\/10\/ClickUp-documento.jpg 1347w\" sizes=\"(max-width: 1024px) 100vw, 1024px\" \/><\/p>\n<h3>Colaboraci\u00f3n<\/h3>\n<p>El potencial colaborativo es la aut\u00e9ntica fortaleza de ClickUp y esto es posible sobre todo gracias al chat que facilita la comunicaci\u00f3n instant\u00e1nea con los dem\u00e1s miembros de tu equipo.<\/p>\n<p>Como herramienta adaptada al teletrabajo, ClickUp permite una colaboraci\u00f3n remota eficaz. Este software facilita la asignaci\u00f3n de colaboradores a cada tarea, el intercambio de documentos para definir procesos y la visualizaci\u00f3n del progreso de las tareas. Estas opciones posibilitan que se comparta informaci\u00f3n de manera eficiente, con documentos totalmente contextualizados. ClickUp puede servir como una intranet s\u00f3lida para tu empresa.<\/p>\n<p><img loading=\"lazy\" decoding=\"async\" class=\"alignnone size-large wp-image-2728\" src=\"\/es\/wp-content\/uploads\/sites\/2\/2022\/10\/ClickUp-compartir-lista-1024x481.jpg\" alt=\"\" width=\"1024\" height=\"481\" srcset=\"https:\/\/www.webolto.com\/es\/wp-content\/uploads\/sites\/2\/2022\/10\/ClickUp-compartir-lista-1024x481.jpg 1024w, https:\/\/www.webolto.com\/es\/wp-content\/uploads\/sites\/2\/2022\/10\/ClickUp-compartir-lista-300x141.jpg 300w, https:\/\/www.webolto.com\/es\/wp-content\/uploads\/sites\/2\/2022\/10\/ClickUp-compartir-lista-768x361.jpg 768w, https:\/\/www.webolto.com\/es\/wp-content\/uploads\/sites\/2\/2022\/10\/ClickUp-compartir-lista-1536x721.jpg 1536w, https:\/\/www.webolto.com\/es\/wp-content\/uploads\/sites\/2\/2022\/10\/ClickUp-compartir-lista.jpg 1913w\" sizes=\"(max-width: 1024px) 100vw, 1024px\" \/><\/p>\n<h3>Integraciones con otras plataformas<\/h3>\n<p>Este software de productividad se puede integrar con m\u00e1s de 1000 herramientas externas:<\/p>\n<ul>\n<li>De <strong>seguimiento del tiempo<\/strong> como Everhour, Timecamp<\/li>\n<li><strong>Herramientas de almacenamiento<\/strong> como Dropbox o Google Drive<\/li>\n<li>De <strong>desarrollo<\/strong> como GitHub, GitLab<\/li>\n<li>De <strong>ayuda a la comunicaci\u00f3n<\/strong> como Slack o Zoom<\/li>\n<li>De <strong>calendario<\/strong> como Google, Apple o Outlook<\/li>\n<\/ul>\n<p><img loading=\"lazy\" decoding=\"async\" class=\"aligncenter wp-image-2732 size-large\" src=\"\/es\/wp-content\/uploads\/sites\/2\/2022\/10\/ClickUp-integraciones-1024x476.jpg\" alt=\"Integraciones con otras herramientas\" width=\"1024\" height=\"476\" srcset=\"https:\/\/www.webolto.com\/es\/wp-content\/uploads\/sites\/2\/2022\/10\/ClickUp-integraciones-1024x476.jpg 1024w, https:\/\/www.webolto.com\/es\/wp-content\/uploads\/sites\/2\/2022\/10\/ClickUp-integraciones-300x139.jpg 300w, https:\/\/www.webolto.com\/es\/wp-content\/uploads\/sites\/2\/2022\/10\/ClickUp-integraciones-768x357.jpg 768w, https:\/\/www.webolto.com\/es\/wp-content\/uploads\/sites\/2\/2022\/10\/ClickUp-integraciones-1536x714.jpg 1536w, https:\/\/www.webolto.com\/es\/wp-content\/uploads\/sites\/2\/2022\/10\/ClickUp-integraciones.jpg 1627w\" sizes=\"(max-width: 1024px) 100vw, 1024px\" \/><\/p>\n<p>De esta forma, \u00a1ClickUp se adapta a tu entorno de trabajo con una gran facilidad!<\/p>\n<h2><a name=\"_Toc115705060\"><\/a>La atenci\u00f3n al cliente de Clickup<\/h2>\n<p>ClickUp dispone de un <a href=\"https:\/\/clickup.canny.io\/\" target=\"_blank\" rel=\"noopener noreferrer\">foro<\/a> para que los usuarios proporcionen comentarios. Por ejemplo, adem\u00e1s de compartir sus opiniones, pueden solicitar nuevas funciones, nuevos idiomas, informar de errores o solicitar la integraci\u00f3n con nuevas aplicaciones.<\/p>\n<ul>\n<li>\u2709 Asistencia por correo electr\u00f3nico 24\/7<\/li>\n<li>\ud83d\udcac Chat disponible en horario americano (en Espa\u00f1a de 14:00 a 04:00)<\/li>\n<li>\ud83d\udcde Soporte prioritario para el plan Business Plus<\/li>\n<li>\ud83d\udc68 Administrador de cuenta dedicado opcional<\/li>\n<\/ul>\n<p>El servicio de atenci\u00f3n al cliente de ClickUp tiene una reputaci\u00f3n particularmente buena: los usuarios lo perciben como atento y, sobre todo, competente.<\/p>\n<p>Informaci\u00f3n en ingl\u00e9s:<\/p>\n<ul>\n<li><a href=\"https:\/\/clickup.com\/help\" target=\"_blank\" rel=\"noopener noreferrer\">Centro de ayuda<\/a><\/li>\n<li><a href=\"https:\/\/docs.clickup.com\/en\/\" target=\"_blank\" rel=\"noopener noreferrer\">Documentaci\u00f3n<\/a><\/li>\n<li><a href=\"https:\/\/clickup.com\/blog\/\" target=\"_blank\" rel=\"noopener noreferrer\">Blog<\/a><\/li>\n<\/ul>\n<h2><a name=\"_Toc115705061\"><\/a>Conclusi\u00f3n: opiniones de ClickUp<\/h2>\n<h3>Opiniones de clientes<\/h3>\n<p>ClickUp tiene una valoraci\u00f3n de <a href=\"https:\/\/www.capterra.es\/reviews\/158833\/clickup\" target=\"_blank\" rel=\"noopener noreferrer\">4,7\/5 en Capterra<\/a>, formada a partir de 3175 valoraciones (en el momento de redacci\u00f3n de este art\u00edculo).<\/p>\n<ul class=\"icon-circle-plus\">\n<li><strong>Aspecto positivo: buena atenci\u00f3n al cliente<\/strong><\/li>\n<\/ul>\n<p><em>\u00abEl equipo de atenci\u00f3n al cliente est\u00e1 super pendiente de las cosas que los usuarios les recomendamos para mejorar el producto y no solo eso&#8230; lo implementan. \u00a1SON GENIALES!\u00bb<br \/>\n<\/em>Mois\u00e9s \u2013 CEO en M\u00e9xico<\/p>\n<ul class=\"icon-circle-plus\">\n<li><strong>Aspecto positivo: relaci\u00f3n calidad-precio<\/strong><\/li>\n<\/ul>\n<p><em>\u00abMe encantan las diferentes formas de presentar proyectos, las etiquetas (&#8230;) En general, me parece un software amigable a un precio justo\u00bb.<br \/>\n<\/em>Mariel \u2013 Director en M\u00e9xico<\/p>\n<ul class=\"icon-circle-minus\">\n<li><strong>Aspecto negativo: lentitud<\/strong><\/li>\n<\/ul>\n<p><em>\u00abMe parece un poco desgastante el que la interfaz del usuario sea un poco lenta y tenga errores y que por ello se pierda el avance logrado\u00bb.<br \/>\n<\/em>Yunuen \u2013 Director de IT en M\u00e9xico<\/p>\n<ul class=\"icon-circle-minus\">\n<li><strong>Aspecto negativo: curva de aprendizaje<\/strong><\/li>\n<\/ul>\n<p><em>\u00abRequiere de paciencia y de muchas horas de aprendizaje. Es un sistema complejo que no facilita una adaptaci\u00f3n r\u00e1pida al entorno de trabajo\u00bb.<br \/>\n<\/em>Oscar \u2013 CEO en Espa\u00f1a<\/p>\n<h3>Nuestra opini\u00f3n sobre ClickUp<\/h3>\n<p>Turno de Webolto: \u00bfnuestra opini\u00f3n sobre ClickUp? Es un software de productividad muy bueno que te permite gestionar tus proyectos de manera eficiente y conectar todas tus herramientas entre s\u00ed. La variedad de aplicaciones que puedes integrar es amplia, las funcionalidades son numerosas y est\u00e1n en constante evoluci\u00f3n y el equipo est\u00e1 particularmente involucrado con la herramienta.<\/p>\n<p>De hecho, el servicio de atenci\u00f3n al cliente de esta plataforma, disponible las 24 horas del d\u00eda y los 7 d\u00edas de la semana, tiene muy buena reputaci\u00f3n. Sin embargo, el software presenta cierta lentitud, errores y hay que reconocer que la interfaz no es la m\u00e1s intuitiva del mercado.<\/p>\n<p>Esta plataforma es una buena alternativa a Notion, pero deja un poco menos de espacio para la personalizaci\u00f3n. Por otro lado, cuando se trata de facilitar el trabajo colaborativo, \u00a1ClickUp sale ganando!<\/p>\n<p>Las dos herramientas son buenas opciones que puedes utilizar. De ti depende identificar las funciones que son m\u00e1s importantes para tu equipo y tu empresa.<\/p>\n","protected":false},"excerpt":{"rendered":"<p>Nunca como ahora ha habido m\u00e1s software de gesti\u00f3n de proyectos disponibles en el mercado. No es f\u00e1cil elegir. Aunque Notion es la aplicaci\u00f3n que est\u00e1 de moda, existen buenas alternativas como monday.com o ClickUp, que te vamos a presentar en este art\u00edculo. Si buscas una herramienta para gestionar tus proyectos de forma colaborativa, con [&hellip;]<\/p>\n","protected":false},"author":5,"featured_media":2737,"parent":2598,"menu_order":0,"comment_status":"closed","ping_status":"closed","template":"","meta":{"_acf_changed":false,"om_disable_all_campaigns":false,"_genesis_hide_title":false,"_genesis_hide_breadcrumbs":false,"_genesis_hide_singular_image":false,"_genesis_hide_footer_widgets":false,"_genesis_custom_body_class":"","_genesis_custom_post_class":"","_genesis_layout":"","footnotes":""},"acf":[],"yoast_head":"<!-- This site is optimized with the Yoast SEO plugin v24.5 - https:\/\/yoast.com\/wordpress\/plugins\/seo\/ -->\n<title>Nuestra opini\u00f3n sobre ClickUp: software alternativo a Notion - Webolto<\/title>\n<meta name=\"description\" content=\"Nuestra opini\u00f3n sobre ClickUp, herramienta que facilita el trabajo colaborativo y mejora la productividad en las empresas.\" \/>\n<meta name=\"robots\" content=\"index, follow, max-snippet:-1, max-image-preview:large, max-video-preview:-1\" \/>\n<link rel=\"canonical\" href=\"https:\/\/www.webolto.com\/es\/gestion-de-proyectos\/opinion-clickup\/\" \/>\n<meta property=\"og:locale\" content=\"es_ES\" \/>\n<meta property=\"og:type\" content=\"article\" \/>\n<meta property=\"og:title\" content=\"Nuestra opini\u00f3n sobre ClickUp: software alternativo a Notion - Webolto\" \/>\n<meta property=\"og:description\" content=\"Nuestra opini\u00f3n sobre ClickUp, herramienta que facilita el trabajo colaborativo y mejora la productividad en las empresas.\" \/>\n<meta property=\"og:url\" content=\"https:\/\/www.webolto.com\/es\/gestion-de-proyectos\/opinion-clickup\/\" \/>\n<meta property=\"og:site_name\" content=\"Webolto\" \/>\n<meta property=\"article:modified_time\" content=\"2023-10-26T14:01:22+00:00\" \/>\n<meta property=\"og:image\" content=\"https:\/\/www.webolto.com\/es\/wp-content\/uploads\/sites\/2\/2022\/10\/ClickUp-logo2.png\" \/>\n\t<meta property=\"og:image:width\" content=\"470\" \/>\n\t<meta property=\"og:image:height\" content=\"353\" \/>\n\t<meta property=\"og:image:type\" content=\"image\/png\" \/>\n<meta name=\"twitter:card\" content=\"summary_large_image\" \/>\n<meta name=\"twitter:label1\" content=\"Tiempo de lectura\" \/>\n\t<meta name=\"twitter:data1\" content=\"8 minutos\" \/>\n<!-- \/ Yoast SEO plugin. -->","yoast_head_json":{"title":"Nuestra opini\u00f3n sobre ClickUp: software alternativo a Notion - Webolto","description":"Nuestra opini\u00f3n sobre ClickUp, herramienta que facilita el trabajo colaborativo y mejora la productividad en las empresas.","robots":{"index":"index","follow":"follow","max-snippet":"max-snippet:-1","max-image-preview":"max-image-preview:large","max-video-preview":"max-video-preview:-1"},"canonical":"https:\/\/www.webolto.com\/es\/gestion-de-proyectos\/opinion-clickup\/","og_locale":"es_ES","og_type":"article","og_title":"Nuestra opini\u00f3n sobre ClickUp: software alternativo a Notion - Webolto","og_description":"Nuestra opini\u00f3n sobre ClickUp, herramienta que facilita el trabajo colaborativo y mejora la productividad en las empresas.","og_url":"https:\/\/www.webolto.com\/es\/gestion-de-proyectos\/opinion-clickup\/","og_site_name":"Webolto","article_modified_time":"2023-10-26T14:01:22+00:00","og_image":[{"width":470,"height":353,"url":"https:\/\/www.webolto.com\/es\/wp-content\/uploads\/sites\/2\/2022\/10\/ClickUp-logo2.png","type":"image\/png"}],"twitter_card":"summary_large_image","twitter_misc":{"Tiempo de lectura":"8 minutos"},"schema":{"@context":"https:\/\/schema.org","@graph":[{"@type":"WebPage","@id":"https:\/\/www.webolto.com\/es\/gestion-de-proyectos\/opinion-clickup\/","url":"https:\/\/www.webolto.com\/es\/gestion-de-proyectos\/opinion-clickup\/","name":"Nuestra opini\u00f3n sobre ClickUp: software alternativo a Notion - Webolto","isPartOf":{"@id":"https:\/\/www.webolto.com\/es\/#website"},"primaryImageOfPage":{"@id":"https:\/\/www.webolto.com\/es\/gestion-de-proyectos\/opinion-clickup\/#primaryimage"},"image":{"@id":"https:\/\/www.webolto.com\/es\/gestion-de-proyectos\/opinion-clickup\/#primaryimage"},"thumbnailUrl":"https:\/\/www.webolto.com\/es\/wp-content\/uploads\/sites\/2\/2022\/10\/ClickUp-logo2.png","datePublished":"2022-10-04T10:27:14+00:00","dateModified":"2023-10-26T14:01:22+00:00","description":"Nuestra opini\u00f3n sobre ClickUp, herramienta que facilita el trabajo colaborativo y mejora la productividad en las empresas.","breadcrumb":{"@id":"https:\/\/www.webolto.com\/es\/gestion-de-proyectos\/opinion-clickup\/#breadcrumb"},"inLanguage":"es","potentialAction":[{"@type":"ReadAction","target":["https:\/\/www.webolto.com\/es\/gestion-de-proyectos\/opinion-clickup\/"]}]},{"@type":"ImageObject","inLanguage":"es","@id":"https:\/\/www.webolto.com\/es\/gestion-de-proyectos\/opinion-clickup\/#primaryimage","url":"https:\/\/www.webolto.com\/es\/wp-content\/uploads\/sites\/2\/2022\/10\/ClickUp-logo2.png","contentUrl":"https:\/\/www.webolto.com\/es\/wp-content\/uploads\/sites\/2\/2022\/10\/ClickUp-logo2.png","width":470,"height":353},{"@type":"BreadcrumbList","@id":"https:\/\/www.webolto.com\/es\/gestion-de-proyectos\/opinion-clickup\/#breadcrumb","itemListElement":[{"@type":"ListItem","position":1,"name":"Home","item":"https:\/\/www.webolto.com\/es\/"},{"@type":"ListItem","position":2,"name":"Gu\u00eda completa de gesti\u00f3n de proyectos: definici\u00f3n, m\u00e9todos, herramientas y etapas","item":"https:\/\/www.webolto.com\/es\/gestion-de-proyectos\/"},{"@type":"ListItem","position":3,"name":"Nuestra opini\u00f3n sobre ClickUp: software alternativo a Notion"}]},{"@type":"WebSite","@id":"https:\/\/www.webolto.com\/es\/#website","url":"https:\/\/www.webolto.com\/es\/","name":"Webolto","description":"Centro de recursos para creadores de sitios web","publisher":{"@id":"https:\/\/www.webolto.com\/es\/#organization"},"potentialAction":[{"@type":"SearchAction","target":{"@type":"EntryPoint","urlTemplate":"https:\/\/www.webolto.com\/es\/?s={search_term_string}"},"query-input":{"@type":"PropertyValueSpecification","valueRequired":true,"valueName":"search_term_string"}}],"inLanguage":"es"},{"@type":"Organization","@id":"https:\/\/www.webolto.com\/es\/#organization","name":"Webolto","url":"https:\/\/www.webolto.com\/es\/","logo":{"@type":"ImageObject","inLanguage":"es","@id":"https:\/\/www.webolto.com\/es\/#\/schema\/logo\/image\/","url":"https:\/\/www.webolto.com\/es\/wp-content\/uploads\/sites\/2\/2020\/05\/header-logo.png","contentUrl":"https:\/\/www.webolto.com\/es\/wp-content\/uploads\/sites\/2\/2020\/05\/header-logo.png","width":3237,"height":667,"caption":"Webolto"},"image":{"@id":"https:\/\/www.webolto.com\/es\/#\/schema\/logo\/image\/"}}]}},"featured_image_src":"https:\/\/www.webolto.com\/es\/wp-content\/uploads\/sites\/2\/2022\/10\/ClickUp-logo2.png","featured_image_src_square":"https:\/\/www.webolto.com\/es\/wp-content\/uploads\/sites\/2\/2022\/10\/ClickUp-logo2.png","_links":{"self":[{"href":"https:\/\/www.webolto.com\/es\/wp-json\/wp\/v2\/pages\/2735"}],"collection":[{"href":"https:\/\/www.webolto.com\/es\/wp-json\/wp\/v2\/pages"}],"about":[{"href":"https:\/\/www.webolto.com\/es\/wp-json\/wp\/v2\/types\/page"}],"author":[{"embeddable":true,"href":"https:\/\/www.webolto.com\/es\/wp-json\/wp\/v2\/users\/5"}],"replies":[{"embeddable":true,"href":"https:\/\/www.webolto.com\/es\/wp-json\/wp\/v2\/comments?post=2735"}],"version-history":[{"count":0,"href":"https:\/\/www.webolto.com\/es\/wp-json\/wp\/v2\/pages\/2735\/revisions"}],"up":[{"embeddable":true,"href":"https:\/\/www.webolto.com\/es\/wp-json\/wp\/v2\/pages\/2598"}],"wp:featuredmedia":[{"embeddable":true,"href":"https:\/\/www.webolto.com\/es\/wp-json\/wp\/v2\/media\/2737"}],"wp:attachment":[{"href":"https:\/\/www.webolto.com\/es\/wp-json\/wp\/v2\/media?parent=2735"}],"curies":[{"name":"wp","href":"https:\/\/api.w.org\/{rel}","templated":true}]}}