{"id":2,"date":"2019-06-14T17:14:03","date_gmt":"2019-06-14T17:14:03","guid":{"rendered":"http:\/\/thefabrique.wpengine.com\/es\/?page_id=2"},"modified":"2020-04-20T07:21:06","modified_gmt":"2020-04-20T08:21:06","slug":"home","status":"publish","type":"page","link":"https:\/\/www.webolto.com\/es\/","title":{"rendered":"Home"},"content":{"rendered":"<section class=\"slide background-light\" style=\"position: relative\">\n<div class=\"wrap\">\n<h2 class=\"title is-2 center has-text-danger\" style=\"margin: 80px 0 60px\">Elige un creador de sitios web<\/h2>\n<section class=\"hero\" style=\"margin-bottom: 40px\">\n<div class=\"hero-foot\">\n<nav class=\"tabs is-fullwidth is-large\">\n<div class=\"container\">\n<ul class=\"front-none\">\n<li class=\"tab is-active\" onclick=\"openTab(event,'tab1')\"><a>Creadores de sitios<\/a><\/li>\n<li class=\"tab\" onclick=\"openTab(event,'tab2')\"><a>Creadores de tiendas online<\/a><\/li>\n<\/ul><\/div>\n<\/nav><\/div>\n<\/section>\n<div class=\"container\">\n<div id=\"tab1\" class=\"content-tab\">\n<p>\u00bfEst\u00e1s dispuesto a crear un sitio web para tu proyecto? Descubre los 5 mejores creadores de sitios web del mercado. Todo lo que necesita para elegir sabiamente sabiendo todos los hechos.<\/p>\n<div class=\"box\" style=\"margin-top: 40px\">\n<div>\n<h4 class=\"title is-5\" style=\"margin: 0;\">Los mejores creadores de sitios web para todo tipo de sitios web<\/h4>\n<\/div>\n<div class=\"table table-light\" style=\"margin-top: 2rem;\">\n<div class=\"columns is-vcentered\">\n<div class=\"column is-narrow\">1.<\/div>\n<div class=\"column is-1 center\">\n<div class=\"builder-logo\" itemprop=\"image\">\n\t\t\t\t\t\t<a href=\"\/go\/wix\" target=\"_blank\" rel=\"nofollow noopener noreferrer\" on-page-pcr=\"true\"><br \/>\n\t\t\t\t\t\t<img decoding=\"async\" src=\"\/wp-content\/uploads\/2019\/07\/wix-100x100.svg\" alt=\"wix logo\" data-src=\"\/wp-content\/uploads\/2019\/07\/wix.svg\"\/><\/a>\n\t\t\t\t\t\t<\/div>\n<\/div>\n<div class=\"column is-2\">Wix<\/div>\n<div class=\"column is-1\">\n<div class='c100 p95 small center font50'>\n\t\t\t\t\t\t\t<span>95%<\/span>\n<div class='slice'>\n<div class='bar'><\/div>\n<div class='fill'><\/div>\n<\/div>\n<\/div>\n<\/div>\n<div class=\"column is-5\">Probablemente el mejor creador de sitios web. M\u00e1s de 20 millones de sitios web.<\/div>\n<div class=\"column\">\n\t\t\t\t\t<a class=\"button is-danger is-outlined\" style=\"margin: 0 auto\" href=\"https:\/\/www.webolto.com\/es\/crear-paginas-web\/opiniones-wix\/\">Revision completa<\/a>\n\t\t\t\t\t<\/div>\n<\/div>\n<div class=\"columns is-vcentered\">\n<div class=\"column is-narrow\">2.<\/div>\n<div class=\"column is-1 center\">\n<div class=\"builder-logo\" itemprop=\"image\">\n\t\t\t\t\t\t<a href=\"\/go\/wordpress\" target=\"_blank\" rel=\"nofollow noopener noreferrer\" on-page-pcr=\"true\"><br \/>\n\t\t\t\t\t\t<img decoding=\"async\" src=\"\/wp-content\/uploads\/2020\/01\/wordpress-logo-thumb.png\" alt=\"wordpress logo\" data-src=\"\/wp-content\/uploads\/2020\/01\/wordpress-logo-thumb.png\"\/><\/a>\n\t\t\t\t\t\t<\/div>\n<\/div>\n<div class=\"column is-2\">WordPress<\/div>\n<div class=\"column is-1\">\n<div class='c100 p90 small center font50'>\n\t\t\t\t\t\t\t<span>90%<\/span>\n<div class='slice'>\n<div class='bar'><\/div>\n<div class='fill'><\/div>\n<\/div>\n<\/div>\n<\/div>\n<div class=\"column is-5\">El creador de sitios web m\u00e1s popular del mercado.<\/div>\n<div class=\"column\">\n\t\t\t\t\t<a class=\"button is-danger is-outlined\" style=\"margin: 0 auto\" href=\"https:\/\/www.webolto.com\/es\/crear-paginas-web\/opiniones-wordpress\/\">Revision completa<\/a>\n\t\t\t\t\t<\/div>\n<\/div>\n<div class=\"columns is-vcentered\">\n<div class=\"column is-narrow\">3.<\/div>\n<div class=\"column is-1 center\">\n<div class=\"builder-logo\" itemprop=\"image\">\n\t\t\t\t\t\t<a href=\"\/go\/weebly\" target=\"_blank\" rel=\"nofollow noopener noreferrer\" on-page-pcr=\"true\"><br \/>\n\t\t\t\t\t\t<img decoding=\"async\" src=\"\/wp-content\/uploads\/2019\/07\/weebly-100x100.png\" alt=\"squarespace logo\"\/><\/a>\n\t\t\t\t\t\t<\/div>\n<\/div>\n<div class=\"column is-2\">Weebly<\/div>\n<div class=\"column is-1\">\n<div class='c100 p85 small center font50'>\n\t\t\t\t\t\t\t<span>85%<\/span>\n<div class='slice'>\n<div class='bar'><\/div>\n<div class='fill'><\/div>\n<\/div>\n<\/div>\n<\/div>\n<div class=\"column is-5\">Uno de los principales creadores de sitios web con una plataforma muy f\u00e1cil y plantillas flexibles.<\/div>\n<div class=\"column\">\n\t\t\t\t\t<a class=\"button is-danger is-outlined\" style=\"margin: 0 auto\" href=\"\/es\/crear-paginas-web\/opiniones-weebly\/\">Revision completa<\/a>\n\t\t\t\t\t<\/div>\n<\/div>\n<div class=\"columns is-vcentered\">\n<div class=\"column is-narrow\">4.<\/div>\n<div class=\"column is-1 center\">\n<div class=\"builder-logo\" itemprop=\"image\">\n\t\t\t\t\t\t<a href=\"\/go\/strikingly\" target=\"_blank\" rel=\"nofollow noopener noreferrer\" on-page-pcr=\"true\"><br \/>\n\t\t\t\t\t\t<img decoding=\"async\" src=\"\/wp-content\/uploads\/2019\/07\/strikingly-100x100.png\" alt=\"squarespace logo\"\/><\/a>\n\t\t\t\t\t\t<\/div>\n<\/div>\n<div class=\"column is-2\">Strikingly<\/div>\n<div class=\"column is-1\">\n<div class='c100 p85 small center font50'>\n\t\t\t\t\t\t\t<span>85%<\/span>\n<div class='slice'>\n<div class='bar'><\/div>\n<div class='fill'><\/div>\n<\/div>\n<\/div>\n<\/div>\n<div class=\"column is-5\">Sorprendentemente es ideal para sitios m\u00f3viles y de una p\u00e1gina.<\/div>\n<div class=\"column\">\n\t\t\t\t\t<a class=\"button is-danger is-outlined\" style=\"margin: 0 auto\" href=\"\/es\/crear-paginas-web\/opiniones-strikingly\/\">Revision completa<\/a>\n\t\t\t\t\t<\/div>\n<\/div>\n<div class=\"columns is-vcentered\">\n<div class=\"column is-narrow\">5.<\/div>\n<div class=\"column is-1 center\">\n<div class=\"builder-logo\" itemprop=\"image\">\n\t\t\t\t\t\t\t<a href=\"\/go\/squarespace\" target=\"_blank\" rel=\"nofollow noopener noreferrer\" on-page-pcr=\"true\"><br \/>\n\t\t\t\t\t\t\t<img decoding=\"async\" src=\"\/wp-content\/uploads\/2019\/07\/squarespace-100x100.jpg\" alt=\"squarespace logo\"\/><\/a>\n\t\t\t\t\t\t<\/div>\n<\/div>\n<div class=\"column is-2\">Squarespace<\/div>\n<div class=\"column is-1\">\n<div class='c100 p80 small center font50'>\n\t\t\t\t\t\t\t<span>80%<\/span>\n<div class='slice'>\n<div class='bar'><\/div>\n<div class='fill'><\/div>\n<\/div>\n<\/div>\n<\/div>\n<div class=\"column is-5\">Un software premium que se adapta a las necesidades de empresas y artistas con una gran variedad de temas.<\/div>\n<div class=\"column\">\n\t\t\t\t\t\t\t<a class=\"button is-danger is-outlined\" style=\"margin: 0 auto\" href=\"https:\/\/www.webolto.com\/es\/crear-paginas-web\/opiniones-squarespace\/\">Revision completa<\/a>\n\t\t\t\t\t\t<\/div>\n<\/div>\n<\/div>\n<\/div>\n<\/div>\n<div id=\"tab2\" class=\"content-tab\" style=\"display:none\">\n<p>Aqu\u00ed encontrar\u00e1 una tabla comparativa de los principales constructores de comercio electr\u00f3nico disponibles en el mercado. Las mejores soluciones de comercio electr\u00f3nico est\u00e1n aqu\u00ed.<\/p>\n<div class=\"box\" style=\"margin-top: 40px\">\n<div>\n<h4 class=\"title is-5\" style=\"margin: 0;\">Los mejores creadores de sitios web para sitios web de comercio electr\u00f3nico<\/h4>\n<\/div>\n<div class=\"table table-light\" style=\"margin-top: 2rem;\">\n<div class=\"columns is-vcentered\">\n<div class=\"column is-narrow\">1.<\/div>\n<div class=\"column is-1 center\">\n<div class=\"builder-logo\" itemprop=\"image\">\n\t\t\t\t\t\t<a href=\"\/go\/shopify\" target=\"_blank\" rel=\"nofollow noopener noreferrer\" on-page-pcr=\"true\"><br \/>\n\t\t\t\t\t\t<img decoding=\"async\" src=\"\/wp-content\/uploads\/2019\/07\/shopify-100x100.png\" alt=\"shopify logo\"\/><\/a>\n\t\t\t\t\t\t<\/div>\n<\/div>\n<div class=\"column is-2\">Shopify<\/div>\n<div class=\"column is-1\">\n<div class='c100 p95 small center font50'>\n\t\t\t\t\t\t\t<span>95%<\/span>\n<div class='slice'>\n<div class='bar'><\/div>\n<div class='fill'><\/div>\n<\/div>\n<\/div>\n<\/div>\n<div class=\"column is-5\">El Creador de sitios web de comercio electr\u00f3nico m\u00e1s popular gracias a una plataforma completa muy confiable.<\/div>\n<div class=\"column\">\n\t\t\t\t\t<a class=\"button is-danger is-outlined\" style=\"margin: 0 auto\" href=\"https:\/\/www.webolto.com\/es\/crear-tienda-online\/opiniones-shopify\/\">Revision completa<\/a>\n\t\t\t\t\t<\/div>\n<\/div>\n<div class=\"columns is-vcentered\">\n<div class=\"column is-narrow\">3.<\/div>\n<div class=\"column is-1 center\">\n<div class=\"builder-logo\" itemprop=\"image\">\n\t\t\t\t\t\t<a href=\"\/go\/bigcommerce\" target=\"_blank\" rel=\"nofollow noopener noreferrer\" on-page-pcr=\"true\"><br \/>\n\t\t\t\t\t\t<img decoding=\"async\" src=\"\/wp-content\/uploads\/2019\/07\/bigcommerce-100x100.png\" alt=\"bigcommerce logo\"\/><\/a>\n\t\t\t\t\t\t<\/div>\n<\/div>\n<div class=\"column is-2\">BigCommerce<\/div>\n<div class=\"column is-1\">\n<div class='c100 p90 small center font50'>\n\t\t\t\t\t\t\t<span>90%<\/span>\n<div class='slice'>\n<div class='bar'><\/div>\n<div class='fill'><\/div>\n<\/div>\n<\/div>\n<\/div>\n<div class=\"column is-5\">Descubra una plataforma potente y flexible ideal para minoristas.<\/div>\n<div class=\"column\">\n\t\t\t\t\t<a class=\"button is-danger is-outlined\" style=\"margin: 0 auto\" href=\"\/go\/bigcommerce\">Visit website<\/a>\n\t\t\t\t\t<\/div>\n<\/div>\n<div class=\"columns is-vcentered\">\n<div class=\"column is-narrow\">2.<\/div>\n<div class=\"column is-1 center\">\n<div class=\"builder-logo\" itemprop=\"image\">\n\t\t\t\t\t\t<a href=\"\/go\/wix\" target=\"_blank\" rel=\"nofollow noopener noreferrer\" on-page-pcr=\"true\"><br \/>\n\t\t\t\t\t\t<img decoding=\"async\" src=\"\/wp-content\/uploads\/2019\/07\/wix-100x100.svg\" alt=\"wix logo\"\/><\/a>\n\t\t\t\t\t\t<\/div>\n<\/div>\n<div class=\"column is-2\">Wix<\/div>\n<div class=\"column is-1\">\n<div class='c100 p80 small center font50'>\n\t\t\t\t\t\t\t<span>80%<\/span>\n<div class='slice'>\n<div class='bar'><\/div>\n<div class='fill'><\/div>\n<\/div>\n<\/div>\n<\/div>\n<div class=\"column is-5\">El creador de sitios web m\u00e1s popular tiene caracter\u00edsticas de comercio electr\u00f3nico.<\/div>\n<div class=\"column\">\n\t\t\t\t\t<a class=\"button is-danger is-outlined\" style=\"margin: 0 auto\" href=\"\/go\/wix\">Visit website<\/a>\n\t\t\t\t\t<\/div>\n<\/div>\n<div class=\"columns is-vcentered\">\n<div class=\"column is-narrow\">5.<\/div>\n<div class=\"column is-1 center\">\n<div class=\"builder-logo\" itemprop=\"image\">\n\t\t\t\t\t\t<a href=\"https:\/\/woocommerce.com\/\" target=\"_blank\" rel=\"nofollow noopener noreferrer\" on-page-pcr=\"true\"><br \/>\n\t\t\t\t\t\t<img decoding=\"async\" src=\"wp-content\/uploads\/2020\/01\/woocommerce.png\" alt=\"woocommerce logo\"\/><\/a>\n\t\t\t\t\t\t<\/div>\n<\/div>\n<div class=\"column is-2\">Woocommerce<\/div>\n<div class=\"column is-1\">\n<div class='c100 p80 small center font50'>\n\t\t\t\t\t\t\t<span>80%<\/span>\n<div class='slice'>\n<div class='bar'><\/div>\n<div class='fill'><\/div>\n<\/div>\n<\/div>\n<\/div>\n<div class=\"column is-5\">Un poderoso complemento de comercio electr\u00f3nico para sitios web de WordPress.<\/div>\n<div class=\"column\">\n\t\t\t\t\t\t<a class=\"button is-danger is-outlined\" style=\"margin: 0 auto\" href=\"https:\/\/woocommerce.com\/\">Visit website<\/a>\n\t\t\t\t\t<\/div>\n<\/div>\n<div class=\"columns is-vcentered\">\n<div class=\"column is-narrow\">4.<\/div>\n<div class=\"column is-1 center\">\n<div class=\"builder-logo\" itemprop=\"image\">\n\t\t\t\t\t\t<a href=\"\/go\/weebly\" target=\"_blank\" rel=\"nofollow noopener noreferrer\" on-page-pcr=\"true\"><br \/>\n\t\t\t\t\t\t<img decoding=\"async\" src=\"\/wp-content\/uploads\/2019\/07\/weebly-100x100.png\" alt=\"weebly logo\"\/><\/a>\n\t\t\t\t\t\t<\/div>\n<\/div>\n<div class=\"column is-2\">Weebly<\/div>\n<div class=\"column is-1\">\n<div class='c100 p80 small center font50'>\n\t\t\t\t\t\t\t<span>80%<\/span>\n<div class='slice'>\n<div class='bar'><\/div>\n<div class='fill'><\/div>\n<\/div>\n<\/div>\n<\/div>\n<div class=\"column is-5\">Uno de los principales creadores de sitios web con una plataforma muy f\u00e1cil y plantillas flexibles.<\/div>\n<div class=\"column\">\n\t\t\t\t\t<a class=\"button is-danger is-outlined\" style=\"margin: 0 auto\" href=\"\/es\/crear-paginas-web\/opiniones-weebly\/\">Revision completa<\/a>\n\t\t\t\t\t<\/div>\n<\/div>\n<\/div>\n<\/div>\n<\/div>\n<\/div>\n<\/div>\n<\/section>\n","protected":false},"excerpt":{"rendered":"<p>Elige un creador de sitios web Creadores de sitios Creadores de tiendas online \u00bfEst\u00e1s dispuesto a crear un sitio web para tu proyecto? Descubre los 5 mejores creadores de sitios web del mercado. Todo lo que necesita para elegir sabiamente sabiendo todos los hechos. Los mejores creadores de sitios web para todo tipo de sitios [&hellip;]<\/p>\n","protected":false},"author":2,"featured_media":0,"parent":0,"menu_order":0,"comment_status":"closed","ping_status":"open","template":"page-templates\/fullwidth.php","meta":{"_acf_changed":false,"om_disable_all_campaigns":false,"_genesis_hide_title":false,"_genesis_hide_breadcrumbs":false,"_genesis_hide_singular_image":false,"_genesis_hide_footer_widgets":false,"_genesis_custom_body_class":"","_genesis_custom_post_class":"","_genesis_layout":"full-width-content","footnotes":""},"acf":[],"yoast_head":"<!-- This site is optimized with the Yoast SEO plugin v24.5 - https:\/\/yoast.com\/wordpress\/plugins\/seo\/ -->\n<title>Home - Webolto<\/title>\n<meta name=\"robots\" content=\"index, follow, max-snippet:-1, max-image-preview:large, max-video-preview:-1\" \/>\n<link rel=\"canonical\" href=\"https:\/\/www.webolto.com\/es\/\" \/>\n<meta property=\"og:locale\" content=\"es_ES\" \/>\n<meta property=\"og:type\" content=\"article\" \/>\n<meta property=\"og:title\" content=\"Home - Webolto\" \/>\n<meta property=\"og:description\" content=\"Elige un creador de sitios web Creadores de sitios Creadores de tiendas online \u00bfEst\u00e1s dispuesto a crear un sitio web para tu proyecto? Descubre los 5 mejores creadores de sitios web del mercado. Todo lo que necesita para elegir sabiamente sabiendo todos los hechos. Los mejores creadores de sitios web para todo tipo de sitios [&hellip;]\" \/>\n<meta property=\"og:url\" content=\"https:\/\/www.webolto.com\/es\/\" \/>\n<meta property=\"og:site_name\" content=\"Webolto\" \/>\n<meta property=\"article:modified_time\" content=\"2020-04-20T08:21:06+00:00\" \/>\n<meta name=\"twitter:card\" content=\"summary_large_image\" \/>\n<meta name=\"twitter:label1\" content=\"Tiempo de lectura\" \/>\n\t<meta name=\"twitter:data1\" content=\"1 minuto\" \/>\n<!-- \/ Yoast SEO plugin. -->","yoast_head_json":{"title":"Home - Webolto","robots":{"index":"index","follow":"follow","max-snippet":"max-snippet:-1","max-image-preview":"max-image-preview:large","max-video-preview":"max-video-preview:-1"},"canonical":"https:\/\/www.webolto.com\/es\/","og_locale":"es_ES","og_type":"article","og_title":"Home - Webolto","og_description":"Elige un creador de sitios web Creadores de sitios Creadores de tiendas online \u00bfEst\u00e1s dispuesto a crear un sitio web para tu proyecto? Descubre los 5 mejores creadores de sitios web del mercado. Todo lo que necesita para elegir sabiamente sabiendo todos los hechos. Los mejores creadores de sitios web para todo tipo de sitios [&hellip;]","og_url":"https:\/\/www.webolto.com\/es\/","og_site_name":"Webolto","article_modified_time":"2020-04-20T08:21:06+00:00","twitter_card":"summary_large_image","twitter_misc":{"Tiempo de lectura":"1 minuto"},"schema":{"@context":"https:\/\/schema.org","@graph":[{"@type":"WebPage","@id":"https:\/\/www.webolto.com\/es\/","url":"https:\/\/www.webolto.com\/es\/","name":"Home - Webolto","isPartOf":{"@id":"https:\/\/www.webolto.com\/es\/#website"},"datePublished":"2019-06-14T17:14:03+00:00","dateModified":"2020-04-20T08:21:06+00:00","breadcrumb":{"@id":"https:\/\/www.webolto.com\/es\/#breadcrumb"},"inLanguage":"es","potentialAction":[{"@type":"ReadAction","target":["https:\/\/www.webolto.com\/es\/"]}]},{"@type":"BreadcrumbList","@id":"https:\/\/www.webolto.com\/es\/#breadcrumb","itemListElement":[{"@type":"ListItem","position":1,"name":"Home","item":"https:\/\/www.webolto.com\/es\/"},{"@type":"ListItem","position":2,"name":"Home"}]},{"@type":"WebSite","@id":"https:\/\/www.webolto.com\/es\/#website","url":"https:\/\/www.webolto.com\/es\/","name":"Webolto","description":"Centro de recursos para creadores de sitios web","publisher":{"@id":"https:\/\/www.webolto.com\/es\/#organization"},"potentialAction":[{"@type":"SearchAction","target":{"@type":"EntryPoint","urlTemplate":"https:\/\/www.webolto.com\/es\/?s={search_term_string}"},"query-input":{"@type":"PropertyValueSpecification","valueRequired":true,"valueName":"search_term_string"}}],"inLanguage":"es"},{"@type":"Organization","@id":"https:\/\/www.webolto.com\/es\/#organization","name":"Webolto","url":"https:\/\/www.webolto.com\/es\/","logo":{"@type":"ImageObject","inLanguage":"es","@id":"https:\/\/www.webolto.com\/es\/#\/schema\/logo\/image\/","url":"https:\/\/www.webolto.com\/es\/wp-content\/uploads\/sites\/2\/2020\/05\/header-logo.png","contentUrl":"https:\/\/www.webolto.com\/es\/wp-content\/uploads\/sites\/2\/2020\/05\/header-logo.png","width":3237,"height":667,"caption":"Webolto"},"image":{"@id":"https:\/\/www.webolto.com\/es\/#\/schema\/logo\/image\/"}}]}},"featured_image_src":null,"featured_image_src_square":null,"_links":{"self":[{"href":"https:\/\/www.webolto.com\/es\/wp-json\/wp\/v2\/pages\/2"}],"collection":[{"href":"https:\/\/www.webolto.com\/es\/wp-json\/wp\/v2\/pages"}],"about":[{"href":"https:\/\/www.webolto.com\/es\/wp-json\/wp\/v2\/types\/page"}],"author":[{"embeddable":true,"href":"https:\/\/www.webolto.com\/es\/wp-json\/wp\/v2\/users\/2"}],"replies":[{"embeddable":true,"href":"https:\/\/www.webolto.com\/es\/wp-json\/wp\/v2\/comments?post=2"}],"version-history":[{"count":0,"href":"https:\/\/www.webolto.com\/es\/wp-json\/wp\/v2\/pages\/2\/revisions"}],"wp:attachment":[{"href":"https:\/\/www.webolto.com\/es\/wp-json\/wp\/v2\/media?parent=2"}],"curies":[{"name":"wp","href":"https:\/\/api.w.org\/{rel}","templated":true}]}}