{"id":169,"date":"2023-09-02T01:00:29","date_gmt":"2023-09-02T02:00:29","guid":{"rendered":"http:\/\/www.webolto.com\/es\/?page_id=169"},"modified":"2023-09-16T09:13:49","modified_gmt":"2023-09-16T10:13:49","slug":"opiniones-simplesite","status":"publish","type":"page","link":"https:\/\/www.webolto.com\/es\/crear-paginas-web\/opiniones-simplesite\/","title":{"rendered":"Crear un sitio web \u2013 Nuestra opini\u00f3n sobre One.com"},"content":{"rendered":"<p>One.com es una plataforma integral para crear sitios web que destaca por su simplicidad de uso y sus precios econ\u00f3micos. En este art\u00edculo, desgranaremos nuestra opini\u00f3n sobre One.com, un software adecuado para tener una presencia en la web de manera efectiva y sin complicaciones.<\/p>\n<p style=\"text-align: center\"><a class=\"button\" href=\"https:\/\/www.one.com\/es\/\" target=\"_blank\" rel=\"noopener\">Descubrir One.com<\/a><\/p>\n<div class=\"bloc-tips\">\n<p><i class=\"fa fa-book\"><\/i><span class=\"title is-5\">\u00cdndice<\/span><\/p>\n<ul class=\"icon-chevron\" style=\"margin-bottom: 0px\">\n<li><a href=\"#ancla1\" rel=\"noopener noreferrer\">Lo esencial sobre One.com<\/a><\/li>\n<li><a href=\"#ancla2\" rel=\"noopener noreferrer\">Ventajas e inconvenientes de One.com<\/a><\/li>\n<li><a href=\"#ancla3\" rel=\"noopener noreferrer\">El proceso de creaci\u00f3n web con One.com<\/a><\/li>\n<li><a href=\"#ancla4\" rel=\"noopener noreferrer\">Funcionalidades de One.com en detalle<\/a><\/li>\n<li><a href=\"#ancla5\" rel=\"noopener noreferrer\">Atenci\u00f3n al cliente de One.com<\/a><\/li>\n<li><a href=\"#ancla6\" rel=\"noopener noreferrer\">Planes de precios de One.com<\/a><\/li>\n<li><a href=\"#ancla7\" rel=\"noopener noreferrer\">Conclusi\u00f3n<\/a><\/li>\n<\/ul>\n<\/div>\n<h2><a name=\"ancla1\"><\/a>Lo esencial sobre One.com<\/h2>\n<p><img loading=\"lazy\" decoding=\"async\" class=\"aligncenter wp-image-3631 size-large\" src=\"\/es\/wp-content\/uploads\/sites\/2\/2023\/09\/Opinion-One-com-pagina-principal-1024x489.jpg\" alt=\"P\u00e1gina principal de One.com\" width=\"1024\" height=\"489\" srcset=\"https:\/\/www.webolto.com\/es\/wp-content\/uploads\/sites\/2\/2023\/09\/Opinion-One-com-pagina-principal-1024x489.jpg 1024w, https:\/\/www.webolto.com\/es\/wp-content\/uploads\/sites\/2\/2023\/09\/Opinion-One-com-pagina-principal-300x143.jpg 300w, https:\/\/www.webolto.com\/es\/wp-content\/uploads\/sites\/2\/2023\/09\/Opinion-One-com-pagina-principal-768x367.jpg 768w, https:\/\/www.webolto.com\/es\/wp-content\/uploads\/sites\/2\/2023\/09\/Opinion-One-com-pagina-principal-1536x733.jpg 1536w, https:\/\/www.webolto.com\/es\/wp-content\/uploads\/sites\/2\/2023\/09\/Opinion-One-com-pagina-principal.jpg 1835w\" sizes=\"(max-width: 1024px) 100vw, 1024px\" \/><\/p>\n<p>One.com \u2014que ha adquirido la antigua Simplesite\u2014 es una plataforma de creaci\u00f3n de sitios web que ofrece una soluci\u00f3n completa para personas y empresas que desean <strong>establecer su presencia en l\u00ednea con una <a href=\"\/es\/creadores-de-sitios\/12-ejemplos-paginas-web-sencillas\/\">p\u00e1gina web sencilla<\/a><\/strong>. Esta plataforma destaca por su <strong>facilidad de uso<\/strong>, lo que la vuelve accesible incluso para quienes no tienen experiencia previa en dise\u00f1o web. Ofrece una variedad de plantillas profesionales y herramientas de personalizaci\u00f3n para que los usuarios puedan crear sitios web atractivos y funcionales.<\/p>\n<p>Adem\u00e1s, One.com proporciona <strong>servicios de <a href=\"\/es\/blog\/precio-hosting-web\/\">alojamiento web<\/a> fiables<\/strong>, asegurando que los sitios sean r\u00e1pidos y seguros. Ofrece una <strong>amplia gama de herramientas<\/strong>, desde tiendas online hasta blogs y galer\u00edas de im\u00e1genes, para adaptarse a las necesidades concretas de cada usuario. Su variedad de plantillas, aunque se queda lejos frente a la de otras plataformas como Wix, sirve para cubrir necesidades variadas como <strong><a href=\"\/es\/crear-paginas-web\/ejemplos-portfolios\/\">portfolios<\/a><\/strong> profesionales, tiendas online, etc. En resumen, One.com es una soluci\u00f3n integral para la creaci\u00f3n de sitios web que combina la simplicidad y la eficacia con precios competitivos.<\/p>\n<h2><a name=\"ancla2\"><\/a>Ventajas e inconvenientes de One.com<\/h2>\n<div class=\"bloc-exec\">\n<p><span class=\"title is-6 pink uppercase\">One.com: Ventajas e inconvenientes<\/span><\/p>\n<div class=\"columns\">\n<div class=\"column\">\n<ul class=\"icon-circle-plus\">\n<li>Facilidad de uso<\/li>\n<li>Posibilidades de personalizaci\u00f3n<\/li>\n<li>Precios bastante competitivos<\/li>\n<li>Atenci\u00f3n al cliente eficaz<\/li>\n<\/ul>\n<\/div>\n<div class=\"column\">\n<ul class=\"icon-circle-minus\">\n<li>No ofrece versi\u00f3n gratuita permanente<\/li>\n<li>Puede quedarse corto para sitios web grandes<\/li>\n<\/ul>\n<\/div>\n<\/div>\n<\/div>\n<h2><a name=\"ancla3\"><\/a>El proceso de creaci\u00f3n web con One.com<\/h2>\n<h3>La variedad de plantillas de One.com<\/h3>\n<p>One.com ofrece m\u00e1s de 150 plantillas profesionales que se usan como base para los dise\u00f1os, lo que facilita la creaci\u00f3n de un sitio web visualmente atractivo. Puedes elegir entre diferentes categor\u00edas: Portafolio y CV, Alimentos y hospitalidad, Eventos, Tienda online, etc. Todas las plantillas tienen un dise\u00f1o <em>responsive<\/em>, es decir, se adaptan a m\u00f3viles.<\/p>\n<p><img loading=\"lazy\" decoding=\"async\" class=\"aligncenter wp-image-3632 size-large\" src=\"\/es\/wp-content\/uploads\/sites\/2\/2023\/09\/Opinion-One-com-plantillas-1024x481.jpg\" alt=\"Plantillas de One.com\" width=\"1024\" height=\"481\" srcset=\"https:\/\/www.webolto.com\/es\/wp-content\/uploads\/sites\/2\/2023\/09\/Opinion-One-com-plantillas-1024x481.jpg 1024w, https:\/\/www.webolto.com\/es\/wp-content\/uploads\/sites\/2\/2023\/09\/Opinion-One-com-plantillas-300x141.jpg 300w, https:\/\/www.webolto.com\/es\/wp-content\/uploads\/sites\/2\/2023\/09\/Opinion-One-com-plantillas-768x361.jpg 768w, https:\/\/www.webolto.com\/es\/wp-content\/uploads\/sites\/2\/2023\/09\/Opinion-One-com-plantillas-1536x722.jpg 1536w, https:\/\/www.webolto.com\/es\/wp-content\/uploads\/sites\/2\/2023\/09\/Opinion-One-com-plantillas.jpg 1900w\" sizes=\"(max-width: 1024px) 100vw, 1024px\" \/><\/p>\n<p>One.com ofrece una cantidad de plantillas similar a la de otros programas como <strong><a href=\"\/es\/crear-paginas-web\/opiniones-jimdo\/\">Jimdo<\/a><\/strong> y <strong><a href=\"\/es\/crear-paginas-web\/opiniones-weebly\/\">Weebly<\/a><\/strong>, aunque se queda por detr\u00e1s de las 800 plantillas de <strong><a href=\"\/es\/crear-paginas-web\/opiniones-wix\/\">Wix<\/a><\/strong>. Sin embargo, si quieres cambiar de plantilla en un sitio web ya empezado, es m\u00e1s f\u00e1cil hacerlo en One.com que en Wix.<\/p>\n<h3>El editor web de One.com<\/h3>\n<p>Una vez elegida la plantilla, One.com permite una personalizaci\u00f3n completa, lo que significa que puedes ajustar f\u00e1cilmente el dise\u00f1o, los colores y los elementos de tu sitio para que se adapten a tus necesidades y reflejen tu identidad o la de tu marca.<\/p>\n<p><img loading=\"lazy\" decoding=\"async\" class=\"aligncenter wp-image-3627 size-large\" src=\"\/es\/wp-content\/uploads\/sites\/2\/2023\/09\/Opinion-One-com-editor-web-2-1024x457.jpg\" alt=\"Editor de sitios web de One.com\" width=\"1024\" height=\"457\" srcset=\"https:\/\/www.webolto.com\/es\/wp-content\/uploads\/sites\/2\/2023\/09\/Opinion-One-com-editor-web-2-1024x457.jpg 1024w, https:\/\/www.webolto.com\/es\/wp-content\/uploads\/sites\/2\/2023\/09\/Opinion-One-com-editor-web-2-300x134.jpg 300w, https:\/\/www.webolto.com\/es\/wp-content\/uploads\/sites\/2\/2023\/09\/Opinion-One-com-editor-web-2-768x343.jpg 768w, https:\/\/www.webolto.com\/es\/wp-content\/uploads\/sites\/2\/2023\/09\/Opinion-One-com-editor-web-2-1536x686.jpg 1536w, https:\/\/www.webolto.com\/es\/wp-content\/uploads\/sites\/2\/2023\/09\/Opinion-One-com-editor-web-2.jpg 1894w\" sizes=\"(max-width: 1024px) 100vw, 1024px\" \/><\/p>\n<p>El editor de arrastrar y soltar de One.com te permite colocar los elementos de tus p\u00e1ginas web donde desees con una facilidad considerable. A diferencia de otros creadores de sitios web, que limitan la colocaci\u00f3n de algunos elementos en \u00e1reas espec\u00edficas, One.com brinda una gran libertad creativa a sus usuarios. Las opciones de estilo son muy variadas para personalizar cada elemento seg\u00fan tus preferencias.<\/p>\n<p><img loading=\"lazy\" decoding=\"async\" class=\"aligncenter wp-image-3628 size-large\" src=\"\/es\/wp-content\/uploads\/sites\/2\/2023\/09\/Opinion-One-com-editor-web-3-1024x461.jpg\" alt=\"Editar elemento del sitio web\" width=\"1024\" height=\"461\" srcset=\"https:\/\/www.webolto.com\/es\/wp-content\/uploads\/sites\/2\/2023\/09\/Opinion-One-com-editor-web-3-1024x461.jpg 1024w, https:\/\/www.webolto.com\/es\/wp-content\/uploads\/sites\/2\/2023\/09\/Opinion-One-com-editor-web-3-300x135.jpg 300w, https:\/\/www.webolto.com\/es\/wp-content\/uploads\/sites\/2\/2023\/09\/Opinion-One-com-editor-web-3-768x346.jpg 768w, https:\/\/www.webolto.com\/es\/wp-content\/uploads\/sites\/2\/2023\/09\/Opinion-One-com-editor-web-3-1536x692.jpg 1536w, https:\/\/www.webolto.com\/es\/wp-content\/uploads\/sites\/2\/2023\/09\/Opinion-One-com-editor-web-3.jpg 1900w\" sizes=\"(max-width: 1024px) 100vw, 1024px\" \/><\/p>\n<p>Como elemento novedoso, el editor de One.com incorpora un generador textual con inteligencia artificial para ayudarte a redactar los textos de tu sitio web.<\/p>\n<p class=\"bloc-tips\"><i class=\"fa fa-book\"><\/i>\u00bfNo tienes clara <a href=\"\/es\/blog\/diferencia-entre-pagina-web-y-sitio-web><\/a>la diferencia entre p\u00e1gina web y sitio web? Te la explicamos en detalle.<\/p>\n<h2><a name=\"ancla4\"><\/a>Funcionalidades de One.com en detalle<\/h2>\n<p>Aunque One.com es apto para principiantes, tambi\u00e9n ofrece una serie de funcionalidades avanzadas para usuarios con experiencia. Estas herramientas permiten una mayor personalizaci\u00f3n y funcionalidad. Algunas de las caracter\u00edsticas avanzadas incluyen:<\/p>\n<ul>\n<li><strong><a href=\"\/es\/crear-tienda-online\/\">Tienda online<\/a><\/strong>: En el plan tarifarios Webhost, One.com ofrece una soluci\u00f3n de comercio electr\u00f3nico completa que te permite vender productos en l\u00ednea. Puedes administrar inventarios, procesar pagos y gestionar pedidos de manera eficiente. No hay l\u00edmites en la cantidad de productos ni de categor\u00edas que puedes a\u00f1adir. Asimismo, es procesar pagos a trav\u00e9s de PayPal o Stripe.<\/li>\n<li><strong>Blog integrado<\/strong>: Si deseas crear un blog, One.com incluye una plataforma de blogs integrada que facilita la publicaci\u00f3n de contenido y la interacci\u00f3n con tu audiencia.<\/li>\n<li><strong>Galer\u00edas de im\u00e1genes<\/strong>: Puedes crear galer\u00edas de im\u00e1genes muy visuales para mostrar tus fotograf\u00edas o trabajos visuales de manera efectiva. Puedes acceder a bancos de im\u00e1genes libres de derechos como el de Shutterstock para usar en tu web.<\/li>\n<\/ul>\n<p><img loading=\"lazy\" decoding=\"async\" class=\"aligncenter wp-image-3630 size-large\" src=\"\/es\/wp-content\/uploads\/sites\/2\/2023\/09\/Opinion-One-com-Gaeria-de-imagenes-1024x478.jpg\" alt=\"Galer\u00eda de im\u00e1genes\" width=\"1024\" height=\"478\" srcset=\"https:\/\/www.webolto.com\/es\/wp-content\/uploads\/sites\/2\/2023\/09\/Opinion-One-com-Gaeria-de-imagenes-1024x478.jpg 1024w, https:\/\/www.webolto.com\/es\/wp-content\/uploads\/sites\/2\/2023\/09\/Opinion-One-com-Gaeria-de-imagenes-300x140.jpg 300w, https:\/\/www.webolto.com\/es\/wp-content\/uploads\/sites\/2\/2023\/09\/Opinion-One-com-Gaeria-de-imagenes-768x359.jpg 768w, https:\/\/www.webolto.com\/es\/wp-content\/uploads\/sites\/2\/2023\/09\/Opinion-One-com-Gaeria-de-imagenes-1536x717.jpg 1536w, https:\/\/www.webolto.com\/es\/wp-content\/uploads\/sites\/2\/2023\/09\/Opinion-One-com-Gaeria-de-imagenes.jpg 1902w\" sizes=\"(max-width: 1024px) 100vw, 1024px\" \/><\/p>\n<ul>\n<li><strong>Integraci\u00f3n de redes sociales<\/strong>: One.com permite la integraci\u00f3n de tus perfiles de redes sociales en tu sitio web, lo que facilita la promoci\u00f3n y la interacci\u00f3n en l\u00ednea.<\/li>\n<\/ul>\n<h2><a name=\"ancla5\"><\/a>Nuestra opini\u00f3n sobre la atenci\u00f3n al cliente de One.com<\/h2>\n<p>Sin duda, uno de los puntos fuertes de nuestra opini\u00f3n sobre One.com es su atenci\u00f3n al cliente de primera clase. Antes de llegar a la ayuda personal, One.com ofrece una base de conocimientos muy completa que te orienta con distintas dudas que puedan surgir en tu proceso de creaci\u00f3n web.<\/p>\n<p>Si lo anterior no basta, One.com brinda atenci\u00f3n con chat en vivo funcional y un n\u00famero de tel\u00e9fono para soporte inmediato, disponibles de lunes a viernes de 9:00 a 16:00. Adem\u00e1s, ofrece la opci\u00f3n de enviar por correo electr\u00f3nico consultas de ventas, marketing y otras cuestiones para dar una respuesta r\u00e1pida a los problemas.<\/p>\n<h2><a name=\"ancla6\"><\/a>Planes de precios de One.com<\/h2>\n<p style=\"text-align: center\"><img loading=\"lazy\" decoding=\"async\" class=\"aligncenter wp-image-3633 size-large\" src=\"\/es\/wp-content\/uploads\/sites\/2\/2023\/09\/Opinion-One-com-precios-1024x616.jpg\" alt=\"Planes de precios de One.com\" width=\"1024\" height=\"616\" srcset=\"https:\/\/www.webolto.com\/es\/wp-content\/uploads\/sites\/2\/2023\/09\/Opinion-One-com-precios-1024x616.jpg 1024w, https:\/\/www.webolto.com\/es\/wp-content\/uploads\/sites\/2\/2023\/09\/Opinion-One-com-precios-300x181.jpg 300w, https:\/\/www.webolto.com\/es\/wp-content\/uploads\/sites\/2\/2023\/09\/Opinion-One-com-precios-768x462.jpg 768w, https:\/\/www.webolto.com\/es\/wp-content\/uploads\/sites\/2\/2023\/09\/Opinion-One-com-precios.jpg 1324w\" sizes=\"(max-width: 1024px) 100vw, 1024px\" \/><\/p>\n<p>Atenci\u00f3n al visitar la <a href=\"https:\/\/www.one.com\/es\/planes-precios\" target=\"_blank\" rel=\"noopener\">p\u00e1gina de precios de One.com<\/a>: este software <strong>no ofrece ninguna versi\u00f3n gratuita<\/strong>, sino una oferta para probarlo gratis durante los primeros tres meses, siempre que se contrate una suscripci\u00f3n de dominio de 12 meses. Estas son las tarifas de One.com a partir del cuarto mes:<\/p>\n<ul>\n<li>Plan <strong>Principiante<\/strong>, 5,99 \u20ac\/mes. 1 sitio web y 50 GB de almacenamiento<\/li>\n<li>Plan <strong>Explorador<\/strong>, 9,99 \u20ac\/mes. 1 sitio web y 100 GB de almacenamiento. Incluye lo anterior + herramienta de migraci\u00f3n, etc.<\/li>\n<li>Plan <strong>Entusiasta<\/strong>, 14,99 \u20ac\/mes. 5 sitios web y 200 GB de almacenamiento. Incluye lo anterior + entorno de pruebas, etc.<\/li>\n<li>Plan <strong>Gur\u00fa<\/strong>, 22,99 \u20ac\/mes. 5 sitios web y 750 GB de almacenamiento. Incluye par\u00e1metros de rendimiento m\u00e1s avanzados.<\/li>\n<\/ul>\n<p>La <strong>tienda online<\/strong> se factura en todos los casos como un m\u00f3dulo independiente que se a\u00f1ade al precio de la suscripci\u00f3n, con un coste de 20,99 \u20ac al mes.<\/p>\n<h2><a name=\"ancla7\"><\/a>Conclusi\u00f3n: nuestra opini\u00f3n sobre One.com<\/h2>\n<p>En definitiva, podemos decir que One.com es una soluci\u00f3n integral y accesible para la creaci\u00f3n de sitios web. Con su interfaz f\u00e1cil de usar, su alojamiento web fiable y su amplia gama de herramientas avanzadas, esta plataforma se adapta tanto a principiantes como a usuarios con cierta experiencia en dise\u00f1o web. Los planes de precios, en general econ\u00f3micos, ofrecen opciones para satisfacer necesidades muy diferentes (blogs, portfolios, presentaciones, etc.). Aun pagando el comercio electr\u00f3nico como complemento, la factura de una tienda online creada con One.com ser\u00e1 bastante asequible.<\/p>\n<p>Para concluir nuestra opini\u00f3n sobre One.com, debemos se\u00f1alar que su servicio de atenci\u00f3n al cliente se suele traducir en tranquilidad para los usuarios. En definitiva, One.com es una elecci\u00f3n que puedes considerar si quieres tener una presencia en l\u00ednea eficaz, pero sin demasiadas complicaciones.<\/p>\n<p style=\"text-align: center\"><a class=\"button is-light\" href=\"\/es\/crear-paginas-web\/\">Otros programas para crear sitios web<\/a><\/p>\n","protected":false},"excerpt":{"rendered":"<p>One.com es una plataforma integral para crear sitios web que destaca por su simplicidad de uso y sus precios econ\u00f3micos. En este art\u00edculo, desgranaremos nuestra opini\u00f3n sobre One.com, un software adecuado para tener una presencia en la web de manera efectiva y sin complicaciones. Descubrir One.com \u00cdndice Lo esencial sobre One.com Ventajas e inconvenientes de [&hellip;]<\/p>\n","protected":false},"author":2,"featured_media":3634,"parent":18,"menu_order":0,"comment_status":"closed","ping_status":"closed","template":"page-templates\/website-builders.php","meta":{"_acf_changed":false,"om_disable_all_campaigns":false,"_genesis_hide_title":false,"_genesis_hide_breadcrumbs":false,"_genesis_hide_singular_image":false,"_genesis_hide_footer_widgets":false,"_genesis_custom_body_class":"","_genesis_custom_post_class":"","_genesis_layout":"","footnotes":""},"acf":[],"yoast_head":"<!-- This site is optimized with the Yoast SEO plugin v24.5 - https:\/\/yoast.com\/wordpress\/plugins\/seo\/ -->\n<title>Crear un sitio web \u2013 Nuestra opini\u00f3n sobre One.com - Webolto<\/title>\n<meta name=\"description\" content=\"Descubre nuestra opini\u00f3n sobre One.com, un programa para crear p\u00e1ginas web sencillas f\u00e1cil de usar y con precios asequibles.\" \/>\n<meta name=\"robots\" content=\"index, follow, max-snippet:-1, max-image-preview:large, max-video-preview:-1\" \/>\n<link rel=\"canonical\" href=\"https:\/\/www.webolto.com\/es\/crear-paginas-web\/opiniones-simplesite\/\" \/>\n<meta property=\"og:locale\" content=\"es_ES\" \/>\n<meta property=\"og:type\" content=\"article\" \/>\n<meta property=\"og:title\" content=\"Crear un sitio web \u2013 Nuestra opini\u00f3n sobre One.com - Webolto\" \/>\n<meta property=\"og:description\" content=\"Descubre nuestra opini\u00f3n sobre One.com, un programa para crear p\u00e1ginas web sencillas f\u00e1cil de usar y con precios asequibles.\" \/>\n<meta property=\"og:url\" content=\"https:\/\/www.webolto.com\/es\/crear-paginas-web\/opiniones-simplesite\/\" \/>\n<meta property=\"og:site_name\" content=\"Webolto\" \/>\n<meta property=\"article:modified_time\" content=\"2023-09-16T10:13:49+00:00\" \/>\n<meta property=\"og:image\" content=\"https:\/\/www.webolto.com\/es\/wp-content\/uploads\/sites\/2\/2023\/09\/one-com-affiche.jpg\" \/>\n\t<meta property=\"og:image:width\" content=\"470\" \/>\n\t<meta property=\"og:image:height\" content=\"353\" \/>\n\t<meta property=\"og:image:type\" content=\"image\/jpeg\" \/>\n<meta name=\"twitter:card\" content=\"summary_large_image\" \/>\n<meta name=\"twitter:label1\" content=\"Tiempo de lectura\" \/>\n\t<meta name=\"twitter:data1\" content=\"7 minutos\" \/>\n<!-- \/ Yoast SEO plugin. -->","yoast_head_json":{"title":"Crear un sitio web \u2013 Nuestra opini\u00f3n sobre One.com - Webolto","description":"Descubre nuestra opini\u00f3n sobre One.com, un programa para crear p\u00e1ginas web sencillas f\u00e1cil de usar y con precios asequibles.","robots":{"index":"index","follow":"follow","max-snippet":"max-snippet:-1","max-image-preview":"max-image-preview:large","max-video-preview":"max-video-preview:-1"},"canonical":"https:\/\/www.webolto.com\/es\/crear-paginas-web\/opiniones-simplesite\/","og_locale":"es_ES","og_type":"article","og_title":"Crear un sitio web \u2013 Nuestra opini\u00f3n sobre One.com - Webolto","og_description":"Descubre nuestra opini\u00f3n sobre One.com, un programa para crear p\u00e1ginas web sencillas f\u00e1cil de usar y con precios asequibles.","og_url":"https:\/\/www.webolto.com\/es\/crear-paginas-web\/opiniones-simplesite\/","og_site_name":"Webolto","article_modified_time":"2023-09-16T10:13:49+00:00","og_image":[{"width":470,"height":353,"url":"https:\/\/www.webolto.com\/es\/wp-content\/uploads\/sites\/2\/2023\/09\/one-com-affiche.jpg","type":"image\/jpeg"}],"twitter_card":"summary_large_image","twitter_misc":{"Tiempo de lectura":"7 minutos"},"schema":{"@context":"https:\/\/schema.org","@graph":[{"@type":"WebPage","@id":"https:\/\/www.webolto.com\/es\/crear-paginas-web\/opiniones-simplesite\/","url":"https:\/\/www.webolto.com\/es\/crear-paginas-web\/opiniones-simplesite\/","name":"Crear un sitio web \u2013 Nuestra opini\u00f3n sobre One.com - Webolto","isPartOf":{"@id":"https:\/\/www.webolto.com\/es\/#website"},"primaryImageOfPage":{"@id":"https:\/\/www.webolto.com\/es\/crear-paginas-web\/opiniones-simplesite\/#primaryimage"},"image":{"@id":"https:\/\/www.webolto.com\/es\/crear-paginas-web\/opiniones-simplesite\/#primaryimage"},"thumbnailUrl":"https:\/\/www.webolto.com\/es\/wp-content\/uploads\/sites\/2\/2023\/09\/one-com-affiche.jpg","datePublished":"2023-09-02T02:00:29+00:00","dateModified":"2023-09-16T10:13:49+00:00","description":"Descubre nuestra opini\u00f3n sobre One.com, un programa para crear p\u00e1ginas web sencillas f\u00e1cil de usar y con precios asequibles.","breadcrumb":{"@id":"https:\/\/www.webolto.com\/es\/crear-paginas-web\/opiniones-simplesite\/#breadcrumb"},"inLanguage":"es","potentialAction":[{"@type":"ReadAction","target":["https:\/\/www.webolto.com\/es\/crear-paginas-web\/opiniones-simplesite\/"]}]},{"@type":"ImageObject","inLanguage":"es","@id":"https:\/\/www.webolto.com\/es\/crear-paginas-web\/opiniones-simplesite\/#primaryimage","url":"https:\/\/www.webolto.com\/es\/wp-content\/uploads\/sites\/2\/2023\/09\/one-com-affiche.jpg","contentUrl":"https:\/\/www.webolto.com\/es\/wp-content\/uploads\/sites\/2\/2023\/09\/one-com-affiche.jpg","width":470,"height":353},{"@type":"BreadcrumbList","@id":"https:\/\/www.webolto.com\/es\/crear-paginas-web\/opiniones-simplesite\/#breadcrumb","itemListElement":[{"@type":"ListItem","position":1,"name":"Home","item":"https:\/\/www.webolto.com\/es\/"},{"@type":"ListItem","position":2,"name":"Comparaci\u00f3n de los mejores programas para crear paginas web","item":"https:\/\/www.webolto.com\/es\/crear-paginas-web\/"},{"@type":"ListItem","position":3,"name":"Crear un sitio web \u2013 Nuestra opini\u00f3n sobre One.com"}]},{"@type":"WebSite","@id":"https:\/\/www.webolto.com\/es\/#website","url":"https:\/\/www.webolto.com\/es\/","name":"Webolto","description":"Centro de recursos para creadores de sitios web","publisher":{"@id":"https:\/\/www.webolto.com\/es\/#organization"},"potentialAction":[{"@type":"SearchAction","target":{"@type":"EntryPoint","urlTemplate":"https:\/\/www.webolto.com\/es\/?s={search_term_string}"},"query-input":{"@type":"PropertyValueSpecification","valueRequired":true,"valueName":"search_term_string"}}],"inLanguage":"es"},{"@type":"Organization","@id":"https:\/\/www.webolto.com\/es\/#organization","name":"Webolto","url":"https:\/\/www.webolto.com\/es\/","logo":{"@type":"ImageObject","inLanguage":"es","@id":"https:\/\/www.webolto.com\/es\/#\/schema\/logo\/image\/","url":"https:\/\/www.webolto.com\/es\/wp-content\/uploads\/sites\/2\/2020\/05\/header-logo.png","contentUrl":"https:\/\/www.webolto.com\/es\/wp-content\/uploads\/sites\/2\/2020\/05\/header-logo.png","width":3237,"height":667,"caption":"Webolto"},"image":{"@id":"https:\/\/www.webolto.com\/es\/#\/schema\/logo\/image\/"}}]}},"featured_image_src":"https:\/\/www.webolto.com\/es\/wp-content\/uploads\/sites\/2\/2023\/09\/one-com-affiche.jpg","featured_image_src_square":"https:\/\/www.webolto.com\/es\/wp-content\/uploads\/sites\/2\/2023\/09\/one-com-affiche.jpg","_links":{"self":[{"href":"https:\/\/www.webolto.com\/es\/wp-json\/wp\/v2\/pages\/169"}],"collection":[{"href":"https:\/\/www.webolto.com\/es\/wp-json\/wp\/v2\/pages"}],"about":[{"href":"https:\/\/www.webolto.com\/es\/wp-json\/wp\/v2\/types\/page"}],"author":[{"embeddable":true,"href":"https:\/\/www.webolto.com\/es\/wp-json\/wp\/v2\/users\/2"}],"replies":[{"embeddable":true,"href":"https:\/\/www.webolto.com\/es\/wp-json\/wp\/v2\/comments?post=169"}],"version-history":[{"count":0,"href":"https:\/\/www.webolto.com\/es\/wp-json\/wp\/v2\/pages\/169\/revisions"}],"up":[{"embeddable":true,"href":"https:\/\/www.webolto.com\/es\/wp-json\/wp\/v2\/pages\/18"}],"wp:featuredmedia":[{"embeddable":true,"href":"https:\/\/www.webolto.com\/es\/wp-json\/wp\/v2\/media\/3634"}],"wp:attachment":[{"href":"https:\/\/www.webolto.com\/es\/wp-json\/wp\/v2\/media?parent=169"}],"curies":[{"name":"wp","href":"https:\/\/api.w.org\/{rel}","templated":true}]}}