{"id":1680,"date":"2021-07-23T12:17:55","date_gmt":"2021-07-23T13:17:55","guid":{"rendered":"http:\/\/www.webolto.com\/es\/?page_id=1680"},"modified":"2021-08-20T09:01:59","modified_gmt":"2021-08-20T10:01:59","slug":"menciones-legales","status":"publish","type":"page","link":"https:\/\/www.webolto.com\/es\/menciones-legales\/","title":{"rendered":"Menciones legales"},"content":{"rendered":"<h2>Editor del sitio<\/h2>\n<p><strong>Empresa:<\/strong> HM Digital<br \/>\n<strong>Capital:<\/strong> 1.000 euros<br \/>\n<strong>N\u00famero de registro:<\/strong> Paris B 801 813 841<br \/>\n<strong>Direcci\u00f3n:<\/strong> 42 RUE DE MAUBEUGE 75009 PARIS<br \/>\n<strong>Tel\u00e9fono:<\/strong> 01 85 08 37 48<br \/>\n<strong>Direcci\u00f3n de correo electr\u00f3nico:<\/strong> contact@webolto.com<br \/>\n<strong>Director de la publicaci\u00f3n:<\/strong> Jordane Feuillet<\/p>\n<h2>Sitio web del anfitri\u00f3n<\/h2>\n<p><strong>Servidor de alojamiento:<\/strong> WP Engine<br \/>\n<strong>Direcci\u00f3n del servidor anfitri\u00f3n:<\/strong> 504 Lavaca Street, Suite 1000 Austin, Texas 78701, Estados Unidos<br \/>\n<strong>Tel\u00e9fono:<\/strong> 1-877-973-6446<br \/>\n<strong>Correo: <\/strong> sales@wpengine.com<\/p>\n<h2>Propiedad intelectual<\/h2>\n<p>La presentaci\u00f3n y cada uno de los elementos del sitio web de Webolto, incluidas las marcas, los logotipos, las fotograf\u00edas, los nombres de dominio y cualquier elemento gr\u00e1fico, pertenecen exclusivamente a Webolto o a sus licenciantes y est\u00e1n protegidos por las leyes de propiedad intelectual.<\/p>\n<h2>Datos recogidos en el sitio web<\/h2>\n<p>Cuando se registra en nuestros servicios, los siguientes datos son potencialmente recogidos y procesados: correo electr\u00f3nico, nombre, apellidos, direcci\u00f3n(es) IP y nombre de dominio. Al utilizar nuestros servicios, se recogen y tratan los siguientes datos: datos de conexi\u00f3n y de navegaci\u00f3n cuando usted lo autoriza, historial de pedidos, reclamaciones, incidencias, informaci\u00f3n de suscripci\u00f3n y correspondencia en nuestro sitio. Algunos datos se recogen autom\u00e1ticamente como resultado de sus acciones en el sitio (v\u00e9ase el p\u00e1rrafo sobre las cookies m\u00e1s abajo).<\/p>\n<p>Los datos enviados no deben incluir datos personales sensibles, como identificadores gubernamentales (como n\u00fameros de la seguridad social, n\u00fameros de permisos de conducir o n\u00fameros de identificaci\u00f3n fiscal), n\u00fameros completos de tarjetas de cr\u00e9dito o de cuentas bancarias personales, historiales m\u00e9dicos o informaci\u00f3n de solicitudes de asistencia sanitaria asociadas a personas.<\/p>\n<h2>Destinatarios de sus datos<\/h2>\n<p>Los datos personales que se recogen de usted en el sitio web est\u00e1n destinados al uso propio de Webolto y pueden ser cedidos a subcontratistas que Webolto puede utilizar en el curso de la prestaci\u00f3n de sus servicios. Webolto garantiza el cumplimiento de los requisitos de protecci\u00f3n de datos para todos sus subcontratistas.<\/p>\n<p>Webolto no vende ni alquila sus datos personales a terceros con fines de marketing bajo ninguna circunstancia.<\/p>\n<p>Adem\u00e1s, Webolto no divulga sus datos personales a terceros a menos que (1) usted (o el administrador de su cuenta que act\u00fae en su nombre) solicite o autorice la divulgaci\u00f3n; (2) la divulgaci\u00f3n sea necesaria para procesar transacciones o prestar servicios que usted haya solicitado (es decir, (3) Webolto no divulga sus datos personales a terceros. e, (3) Webolto se vea obligado a hacerlo por una autoridad gubernamental o agencia reguladora, en respuesta a una orden judicial, citaci\u00f3n, u otro requerimiento gubernamental o judicial similar, o para establecer o defender una reclamaci\u00f3n legal ; o (4) el tercero est\u00e9 actuando como agente o subcontratista de Webolto en la prestaci\u00f3n de los Servicios (por ejemplo, Webolto utiliza los servicios de una empresa de telecomunicaciones).<\/p>\n<h2>Declaraci\u00f3n de la CNIL<\/h2>\n<p>El tratamiento autom\u00e1tico de la informaci\u00f3n es actualmente objeto de una declaraci\u00f3n en curso.<br \/>\nUsted conserva el derecho de presentar una reclamaci\u00f3n por violaci\u00f3n de la protecci\u00f3n de sus datos, ante esta autoridad de control.<\/p>\n<h2>Cookies\/tracking<\/h2>\n<p>Webolto utiliza generalmente cookies para mejorar y personalizar el sitio y\/o para medir la audiencia. Las cookies son archivos que se almacenan en el disco duro de su ordenador mientras navega por Internet, incluido el sitio. Una cookie no se utiliza para recoger datos personales sin su conocimiento, sino para registrar informaci\u00f3n sobre su navegaci\u00f3n en el sitio que puede ser le\u00edda directamente por Webolto durante sus siguientes visitas y solicitudes en el sitio.<\/p>\n<p>Si decide rechazar todas las cookies, su navegaci\u00f3n puede verse reducida para acceder a determinadas p\u00e1ginas del sitio. Las cookies utilizadas por Webolto tienen por objeto permitir o facilitar la comunicaci\u00f3n, posibilitar la prestaci\u00f3n de los servicios solicitados por los usuarios, reconocer a los usuarios en visitas posteriores, asegurar los pagos que los usuarios puedan realizar, registrar el idioma hablado por los usuarios u otras preferencias necesarias para prestar el servicio solicitado, y permitir a Webolto, internamente, analizar el tr\u00e1fico o la experiencia de navegaci\u00f3n de nuestros clientes en las p\u00e1ginas de informaci\u00f3n del sitio con el fin de mejorar el contenido, hacer un seguimiento de las tasas de apertura, las tasas de clics y las tasas de rebote a nivel individual.<\/p>\n<p>Cuando usted accede a sitios de terceros que se anuncian en el sitio web de Webolto, o posiblemente cuando usted ve esos anuncios, las empresas que sirven los anuncios pueden establecer cookies. Estos terceros que pueden utilizar cookies como parte de los servicios de Webolto (socios u otros terceros que proporcionan contenido o servicios disponibles en el sitio de Webolto) son responsables de las cookies que establecen y se aplican sus pol\u00edticas de cookies. Webolto no asume ninguna responsabilidad por el uso de cookies por parte de estos terceros. Para m\u00e1s informaci\u00f3n, le recomendamos que consulte directamente la pol\u00edtica de cookies del anunciante o del tercero.<\/p>\n<h2>Seguridad<\/h2>\n<p>Webolto toma todas las medidas necesarias para garantizar la seguridad y la confidencialidad de los datos personales que recopilamos y, en particular, para evitar que se da\u00f1en los datos personales que recopilamos e impedir el acceso no autorizado de terceros.<\/p>\n<p>Para ello, Webolto aplica medidas de seguridad est\u00e1ndar del sector para proteger los datos personales contra la divulgaci\u00f3n no autorizada. Utilizando m\u00e9todos de encriptaci\u00f3n recomendados por la industria, Webolto toma las medidas necesarias para proteger la informaci\u00f3n de pago y de las tarjetas de cr\u00e9dito.<\/p>\n<p>El acceso f\u00edsico a nuestras instalaciones, donde se encuentran nuestros equipos inform\u00e1ticos, est\u00e1 protegido.<\/p>\n<p>Adem\u00e1s, para evitar el acceso no autorizado, garantizar la exactitud y el uso adecuado de los datos, Webolto ha puesto en marcha procedimientos electr\u00f3nicos, f\u00edsicos y de gesti\u00f3n adecuados para salvaguardar y preservar los datos recogidos a trav\u00e9s de sus servicios.<\/p>\n<h2>Divulgaci\u00f3n<\/h2>\n<p>De acuerdo con el Reglamento General de Protecci\u00f3n de Datos de la UE, usted tiene derecho a recibir informaci\u00f3n gratuita sobre sus datos almacenados, as\u00ed como derecho a la correcci\u00f3n, bloqueo o eliminaci\u00f3n de los mismos. Las consultas pueden dirigirse a la siguiente direcci\u00f3n de correo electr\u00f3nico (contact@webolto.com). Sus solicitudes se tramitar\u00e1n en un plazo de 30 d\u00edas.<\/p>\n","protected":false},"excerpt":{"rendered":"<p>Editor del sitio Empresa: HM Digital Capital: 1.000 euros N\u00famero de registro: Paris B 801 813 841 Direcci\u00f3n: 42 RUE DE MAUBEUGE 75009 PARIS Tel\u00e9fono: 01 85 08 37 48 Direcci\u00f3n de correo electr\u00f3nico: contact@webolto.com Director de la publicaci\u00f3n: Jordane Feuillet Sitio web del anfitri\u00f3n Servidor de alojamiento: WP Engine Direcci\u00f3n del servidor anfitri\u00f3n: 504 [&hellip;]<\/p>\n","protected":false},"author":18,"featured_media":0,"parent":0,"menu_order":0,"comment_status":"closed","ping_status":"closed","template":"","meta":{"_acf_changed":false,"om_disable_all_campaigns":false,"_genesis_hide_title":false,"_genesis_hide_breadcrumbs":false,"_genesis_hide_singular_image":false,"_genesis_hide_footer_widgets":false,"_genesis_custom_body_class":"","_genesis_custom_post_class":"","_genesis_layout":"full-width-content","footnotes":""},"acf":[],"yoast_head":"<!-- This site is optimized with the Yoast SEO plugin v24.5 - https:\/\/yoast.com\/wordpress\/plugins\/seo\/ -->\n<title>Menciones legales - Webolto<\/title>\n<meta name=\"robots\" content=\"index, follow, max-snippet:-1, max-image-preview:large, max-video-preview:-1\" \/>\n<link rel=\"canonical\" href=\"https:\/\/www.webolto.com\/es\/menciones-legales\/\" \/>\n<meta property=\"og:locale\" content=\"es_ES\" \/>\n<meta property=\"og:type\" content=\"article\" \/>\n<meta property=\"og:title\" content=\"Menciones legales - Webolto\" \/>\n<meta property=\"og:description\" content=\"Editor del sitio Empresa: HM Digital Capital: 1.000 euros N\u00famero de registro: Paris B 801 813 841 Direcci\u00f3n: 42 RUE DE MAUBEUGE 75009 PARIS Tel\u00e9fono: 01 85 08 37 48 Direcci\u00f3n de correo electr\u00f3nico: contact@webolto.com Director de la publicaci\u00f3n: Jordane Feuillet Sitio web del anfitri\u00f3n Servidor de alojamiento: WP Engine Direcci\u00f3n del servidor anfitri\u00f3n: 504 [&hellip;]\" \/>\n<meta property=\"og:url\" content=\"https:\/\/www.webolto.com\/es\/menciones-legales\/\" \/>\n<meta property=\"og:site_name\" content=\"Webolto\" \/>\n<meta property=\"article:modified_time\" content=\"2021-08-20T10:01:59+00:00\" \/>\n<meta name=\"twitter:card\" content=\"summary_large_image\" \/>\n<meta name=\"twitter:label1\" content=\"Tiempo de lectura\" \/>\n\t<meta name=\"twitter:data1\" content=\"5 minutos\" \/>\n<!-- \/ Yoast SEO plugin. -->","yoast_head_json":{"title":"Menciones legales - Webolto","robots":{"index":"index","follow":"follow","max-snippet":"max-snippet:-1","max-image-preview":"max-image-preview:large","max-video-preview":"max-video-preview:-1"},"canonical":"https:\/\/www.webolto.com\/es\/menciones-legales\/","og_locale":"es_ES","og_type":"article","og_title":"Menciones legales - Webolto","og_description":"Editor del sitio Empresa: HM Digital Capital: 1.000 euros N\u00famero de registro: Paris B 801 813 841 Direcci\u00f3n: 42 RUE DE MAUBEUGE 75009 PARIS Tel\u00e9fono: 01 85 08 37 48 Direcci\u00f3n de correo electr\u00f3nico: contact@webolto.com Director de la publicaci\u00f3n: Jordane Feuillet Sitio web del anfitri\u00f3n Servidor de alojamiento: WP Engine Direcci\u00f3n del servidor anfitri\u00f3n: 504 [&hellip;]","og_url":"https:\/\/www.webolto.com\/es\/menciones-legales\/","og_site_name":"Webolto","article_modified_time":"2021-08-20T10:01:59+00:00","twitter_card":"summary_large_image","twitter_misc":{"Tiempo de lectura":"5 minutos"},"schema":{"@context":"https:\/\/schema.org","@graph":[{"@type":"WebPage","@id":"https:\/\/www.webolto.com\/es\/menciones-legales\/","url":"https:\/\/www.webolto.com\/es\/menciones-legales\/","name":"Menciones legales - Webolto","isPartOf":{"@id":"https:\/\/www.webolto.com\/es\/#website"},"datePublished":"2021-07-23T13:17:55+00:00","dateModified":"2021-08-20T10:01:59+00:00","breadcrumb":{"@id":"https:\/\/www.webolto.com\/es\/menciones-legales\/#breadcrumb"},"inLanguage":"es","potentialAction":[{"@type":"ReadAction","target":["https:\/\/www.webolto.com\/es\/menciones-legales\/"]}]},{"@type":"BreadcrumbList","@id":"https:\/\/www.webolto.com\/es\/menciones-legales\/#breadcrumb","itemListElement":[{"@type":"ListItem","position":1,"name":"Home","item":"https:\/\/www.webolto.com\/es\/"},{"@type":"ListItem","position":2,"name":"Menciones legales"}]},{"@type":"WebSite","@id":"https:\/\/www.webolto.com\/es\/#website","url":"https:\/\/www.webolto.com\/es\/","name":"Webolto","description":"Centro de recursos para creadores de sitios web","publisher":{"@id":"https:\/\/www.webolto.com\/es\/#organization"},"potentialAction":[{"@type":"SearchAction","target":{"@type":"EntryPoint","urlTemplate":"https:\/\/www.webolto.com\/es\/?s={search_term_string}"},"query-input":{"@type":"PropertyValueSpecification","valueRequired":true,"valueName":"search_term_string"}}],"inLanguage":"es"},{"@type":"Organization","@id":"https:\/\/www.webolto.com\/es\/#organization","name":"Webolto","url":"https:\/\/www.webolto.com\/es\/","logo":{"@type":"ImageObject","inLanguage":"es","@id":"https:\/\/www.webolto.com\/es\/#\/schema\/logo\/image\/","url":"https:\/\/www.webolto.com\/es\/wp-content\/uploads\/sites\/2\/2020\/05\/header-logo.png","contentUrl":"https:\/\/www.webolto.com\/es\/wp-content\/uploads\/sites\/2\/2020\/05\/header-logo.png","width":3237,"height":667,"caption":"Webolto"},"image":{"@id":"https:\/\/www.webolto.com\/es\/#\/schema\/logo\/image\/"}}]}},"featured_image_src":null,"featured_image_src_square":null,"_links":{"self":[{"href":"https:\/\/www.webolto.com\/es\/wp-json\/wp\/v2\/pages\/1680"}],"collection":[{"href":"https:\/\/www.webolto.com\/es\/wp-json\/wp\/v2\/pages"}],"about":[{"href":"https:\/\/www.webolto.com\/es\/wp-json\/wp\/v2\/types\/page"}],"author":[{"embeddable":true,"href":"https:\/\/www.webolto.com\/es\/wp-json\/wp\/v2\/users\/18"}],"replies":[{"embeddable":true,"href":"https:\/\/www.webolto.com\/es\/wp-json\/wp\/v2\/comments?post=1680"}],"version-history":[{"count":0,"href":"https:\/\/www.webolto.com\/es\/wp-json\/wp\/v2\/pages\/1680\/revisions"}],"wp:attachment":[{"href":"https:\/\/www.webolto.com\/es\/wp-json\/wp\/v2\/media?parent=1680"}],"curies":[{"name":"wp","href":"https:\/\/api.w.org\/{rel}","templated":true}]}}